{"id":489498,"date":"2025-07-06T14:26:19","date_gmt":"2025-07-06T12:26:19","guid":{"rendered":"https:\/\/selleetools.com\/?post_type=product&#038;p=489498"},"modified":"2025-08-08T14:04:20","modified_gmt":"2025-08-08T12:04:20","slug":"3-w-1-drewniane-tacki-na-przekaski-i-taca-na-shoty","status":"publish","type":"product","link":"https:\/\/selleetools.com\/pl\/product\/3-w-1-drewniane-tacki-na-przekaski-i-taca-na-shoty\/","title":{"rendered":"3 w 1 drewniane tacki na przek\u0105ski i taca na shoty"},"content":{"rendered":"<p>Oferujemy innowacyjn\u0105, 3 w 1 drewnian\u0105 tack\u0119 na przek\u0105ski oraz tac\u0119 na shoty, kt\u00f3ra doskonale sprawdzi si\u0119 podczas przyj\u0119\u0107, imprez czy codziennych spotka\u0144 ze znajomymi. Wykonana z wysokiej jako\u015bci drewna, nasza tacka \u0142\u0105czy elegancj\u0119 z funkcjonalno\u015bci\u0105, oferuj\u0105c wyj\u0105tkowy spos\u00f3b na serwowanie ulubionych smako\u0142yk\u00f3w oraz napoj\u00f3w.<\/p>\n<p>Design tacki nie tylko przyci\u0105ga wzrok, ale r\u00f3wnie\u017c zapewnia wygod\u0119 u\u017cytkowania. Dzi\u0119ki trzem wyprofilowanym komorom mo\u017cesz serwowa\u0107 r\u00f3\u017cnorodne przek\u0105ski \u2013 owoce, orzechy, chipsy czy mini kanapki \u2013 oraz jednocze\u015bnie oferowa\u0107 kieliszki z napojami, co sprawi, \u017ce ka\u017cda okazja stanie si\u0119 niezapomniana. <\/p>\n<p>Nasza 3 w 1 drewniana tacka jest r\u00f3wnie\u017c \u0142atwa do czyszczenia i utrzymania, co czyni j\u0105 idealnym rozwi\u0105zaniem dla ka\u017cdego, kto ceni sobie estetyk\u0119 oraz praktyczno\u015b\u0107 w organizacji swojego sto\u0142u. Zainwestuj w produkt, kt\u00f3ry podniesie jako\u015b\u0107 Twoich spotka\u0144 i zachwyci Twoich go\u015bci.<\/p>\n<p>TO JEST WYR\u00d3B WYRABIANY W WI\u0118KSZO\u015aCI R\u0118CZNIE Z MA\u0141\u0104 ILO\u015aCI\u0104 U\u017bYCIA MASZYNY.<\/p>\n","protected":false},"excerpt":{"rendered":"<p>Oferujemy innowacyjn\u0105, 3 w 1 drewnian\u0105 tack\u0119 na przek\u0105ski oraz tac\u0119 na shoty, kt\u00f3ra doskonale sprawdzi si\u0119 podczas przyj\u0119\u0107, imprez czy codziennych spotka\u0144 ze znajomymi. Wykonana z wysokiej jako\u015bci drewna, nasza tacka \u0142\u0105czy elegancj\u0119 z funkcjonalno\u015bci\u0105, oferuj\u0105c wyj\u0105tkowy spos\u00f3b na serwowanie ulubionych smako\u0142yk\u00f3w oraz napoj\u00f3w. Design tacki nie tylko przyci\u0105ga wzrok, ale r\u00f3wnie\u017c zapewnia wygod\u0119 &#8230; <a title=\"3 w 1 drewniane tacki na przek\u0105ski i taca na shoty\" class=\"read-more\" href=\"https:\/\/selleetools.com\/pl\/product\/3-w-1-drewniane-tacki-na-przekaski-i-taca-na-shoty\/\">Read more<span class=\"screen-reader-text\">3 w 1 drewniane tacki na przek\u0105ski i taca na shoty<\/span><\/a><\/p>\n","protected":false},"featured_media":489484,"comment_status":"open","ping_status":"closed","template":"","meta":{"_links_to":"","_links_to_target":""},"yoast_head":"<!-- This site is optimized with the Yoast SEO plugin v19.4 - https:\/\/yoast.com\/wordpress\/plugins\/seo\/ -->\n<title>3 w 1 drewniane tacki na przek\u0105ski i taca na shoty - Selleetools.com<\/title>\n<meta name=\"robots\" content=\"index, follow, max-snippet:-1, max-image-preview:large, max-video-preview:-1\" \/>\n<link rel=\"canonical\" href=\"https:\/\/selleetools.com\/pl\/product\/3-w-1-drewniane-tacki-na-przekaski-i-taca-na-shoty\/\" \/>\n<meta property=\"og:locale\" content=\"pl_PL\" \/>\n<meta property=\"og:type\" content=\"article\" \/>\n<meta property=\"og:title\" content=\"3 w 1 drewniane tacki na przek\u0105ski i taca na shoty - Selleetools.com\" \/>\n<meta property=\"og:description\" content=\"Oferujemy innowacyjn\u0105, 3 w 1 drewnian\u0105 tack\u0119 na przek\u0105ski oraz tac\u0119 na shoty, kt\u00f3ra doskonale sprawdzi si\u0119 podczas przyj\u0119\u0107, imprez czy codziennych spotka\u0144 ze znajomymi. Wykonana z wysokiej jako\u015bci drewna, nasza tacka \u0142\u0105czy elegancj\u0119 z funkcjonalno\u015bci\u0105, oferuj\u0105c wyj\u0105tkowy spos\u00f3b na serwowanie ulubionych smako\u0142yk\u00f3w oraz napoj\u00f3w. Design tacki nie tylko przyci\u0105ga wzrok, ale r\u00f3wnie\u017c zapewnia wygod\u0119 ... Read more3 w 1 drewniane tacki na przek\u0105ski i taca na shoty\" \/>\n<meta property=\"og:url\" content=\"https:\/\/selleetools.com\/pl\/product\/3-w-1-drewniane-tacki-na-przekaski-i-taca-na-shoty\/\" \/>\n<meta property=\"og:site_name\" content=\"Selleetools.com\" \/>\n<meta property=\"article:modified_time\" content=\"2025-08-08T12:04:20+00:00\" \/>\n<meta property=\"og:image\" content=\"https:\/\/selleetools.com\/wp-content\/uploads\/2025\/07\/a67e2eab3c5a1906efc1351ade7b3f45.jpg\" \/>\n\t<meta property=\"og:image:width\" content=\"1500\" \/>\n\t<meta property=\"og:image:height\" content=\"1500\" \/>\n\t<meta property=\"og:image:type\" content=\"image\/jpeg\" \/>\n<meta name=\"twitter:card\" content=\"summary_large_image\" \/>\n<meta name=\"twitter:label1\" content=\"Est. reading time\" \/>\n\t<meta name=\"twitter:data1\" content=\"1 minuta\" \/>\n<!-- \/ Yoast SEO plugin. -->","yoast_head_json":{"title":"3 w 1 drewniane tacki na przek\u0105ski i taca na shoty - Selleetools.com","robots":{"index":"index","follow":"follow","max-snippet":"max-snippet:-1","max-image-preview":"max-image-preview:large","max-video-preview":"max-video-preview:-1"},"canonical":"https:\/\/selleetools.com\/pl\/product\/3-w-1-drewniane-tacki-na-przekaski-i-taca-na-shoty\/","og_locale":"pl_PL","og_type":"article","og_title":"3 w 1 drewniane tacki na przek\u0105ski i taca na shoty - Selleetools.com","og_description":"Oferujemy innowacyjn\u0105, 3 w 1 drewnian\u0105 tack\u0119 na przek\u0105ski oraz tac\u0119 na shoty, kt\u00f3ra doskonale sprawdzi si\u0119 podczas przyj\u0119\u0107, imprez czy codziennych spotka\u0144 ze znajomymi. Wykonana z wysokiej jako\u015bci drewna, nasza tacka \u0142\u0105czy elegancj\u0119 z funkcjonalno\u015bci\u0105, oferuj\u0105c wyj\u0105tkowy spos\u00f3b na serwowanie ulubionych smako\u0142yk\u00f3w oraz napoj\u00f3w. Design tacki nie tylko przyci\u0105ga wzrok, ale r\u00f3wnie\u017c zapewnia wygod\u0119 ... Read more3 w 1 drewniane tacki na przek\u0105ski i taca na shoty","og_url":"https:\/\/selleetools.com\/pl\/product\/3-w-1-drewniane-tacki-na-przekaski-i-taca-na-shoty\/","og_site_name":"Selleetools.com","article_modified_time":"2025-08-08T12:04:20+00:00","og_image":[{"width":1500,"height":1500,"url":"https:\/\/selleetools.com\/wp-content\/uploads\/2025\/07\/a67e2eab3c5a1906efc1351ade7b3f45.jpg","type":"image\/jpeg"}],"twitter_card":"summary_large_image","twitter_misc":{"Est. reading time":"1 minuta"},"schema":{"@context":"https:\/\/schema.org","@graph":[{"@type":"Organization","@id":"https:\/\/selleetools.com\/#organization","name":"Selleetools","url":"https:\/\/selleetools.com\/","sameAs":[],"logo":{"@type":"ImageObject","inLanguage":"pl-PL","@id":"https:\/\/selleetools.com\/#\/schema\/logo\/image\/","url":"https:\/\/selleetools.com\/wp-content\/uploads\/2021\/10\/logo-dark.png","contentUrl":"https:\/\/selleetools.com\/wp-content\/uploads\/2021\/10\/logo-dark.png","width":320,"height":76,"caption":"Selleetools"},"image":{"@id":"https:\/\/selleetools.com\/#\/schema\/logo\/image\/"}},{"@type":"WebSite","@id":"https:\/\/selleetools.com\/#website","url":"https:\/\/selleetools.com\/","name":"Selleetools.com","description":"","publisher":{"@id":"https:\/\/selleetools.com\/#organization"},"potentialAction":[{"@type":"SearchAction","target":{"@type":"EntryPoint","urlTemplate":"https:\/\/selleetools.com\/?s={search_term_string}"},"query-input":"required name=search_term_string"}],"inLanguage":"pl-PL"},{"@type":"WebPage","@id":"https:\/\/selleetools.com\/pl\/product\/3-w-1-drewniane-tacki-na-przekaski-i-taca-na-shoty\/","url":"https:\/\/selleetools.com\/pl\/product\/3-w-1-drewniane-tacki-na-przekaski-i-taca-na-shoty\/","name":"3 w 1 drewniane tacki na przek\u0105ski i taca na shoty - Selleetools.com","isPartOf":{"@id":"https:\/\/selleetools.com\/#website"},"datePublished":"2025-07-06T12:26:19+00:00","dateModified":"2025-08-08T12:04:20+00:00","breadcrumb":{"@id":"https:\/\/selleetools.com\/pl\/product\/3-w-1-drewniane-tacki-na-przekaski-i-taca-na-shoty\/#breadcrumb"},"inLanguage":"pl-PL","potentialAction":[{"@type":"ReadAction","target":["https:\/\/selleetools.com\/pl\/product\/3-w-1-drewniane-tacki-na-przekaski-i-taca-na-shoty\/"]}]},{"@type":"BreadcrumbList","@id":"https:\/\/selleetools.com\/pl\/product\/3-w-1-drewniane-tacki-na-przekaski-i-taca-na-shoty\/#breadcrumb","itemListElement":[{"@type":"ListItem","position":1,"name":"Home","item":"https:\/\/selleetools.com\/pl\/"},{"@type":"ListItem","position":2,"name":"Katalog","item":"https:\/\/selleetools.com\/pl\/katalog\/"},{"@type":"ListItem","position":3,"name":"3 w 1 drewniane tacki na przek\u0105ski i taca na shoty"}]}]}},"_links":{"self":[{"href":"https:\/\/selleetools.com\/pl\/wp-json\/wp\/v2\/product\/489498"}],"collection":[{"href":"https:\/\/selleetools.com\/pl\/wp-json\/wp\/v2\/product"}],"about":[{"href":"https:\/\/selleetools.com\/pl\/wp-json\/wp\/v2\/types\/product"}],"replies":[{"embeddable":true,"href":"https:\/\/selleetools.com\/pl\/wp-json\/wp\/v2\/comments?post=489498"}],"wp:featuredmedia":[{"embeddable":true,"href":"https:\/\/selleetools.com\/pl\/wp-json\/wp\/v2\/media\/489484"}],"wp:attachment":[{"href":"https:\/\/selleetools.com\/pl\/wp-json\/wp\/v2\/media?parent=489498"}],"curies":[{"name":"wp","href":"https:\/\/api.w.org\/{rel}","templated":true}]}}