{"id":489470,"date":"2025-07-06T14:26:02","date_gmt":"2025-07-06T12:26:02","guid":{"rendered":"https:\/\/selleetools.com\/?post_type=product&#038;p=489470"},"modified":"2025-08-08T14:04:20","modified_gmt":"2025-08-08T12:04:20","slug":"cygara-cygaro-kubanskie-25-sztuk-cohiba-robustos","status":"publish","type":"product","link":"https:\/\/selleetools.com\/pl\/product\/cygara-cygaro-kubanskie-25-sztuk-cohiba-robustos\/","title":{"rendered":"Cygara Cygaro Kuba\u0144skie 25 Sztuk Cohiba Robustos"},"content":{"rendered":"<p>Cygara Cygaro Kuba\u0144skie 25 Sztuk Cohiba Robustos to wyj\u0105tkowy wyb\u00f3r dla koneser\u00f3w cygar, kt\u00f3rzy ceni\u0105 sobie najwy\u017csz\u0105 jako\u015b\u0107 i autentyczno\u015b\u0107. Te luksusowe cygara pochodz\u0105 z renomowanej marki Cohiba, znanej z dba\u0142o\u015bci o szczeg\u00f3\u0142y i doskona\u0142ego rzemios\u0142a. Ka\u017cde cygaro jest starannie wyprodukowane na Kubie, co zapewnia im unikalny smak i aromat, kt\u00f3ry zadowoli nawet najbardziej wymagaj\u0105cych smakoszy.<\/p>\n<p>Opakowanie zawiera 25 sztuk cygar, ka\u017cde w oryginalnym stanie, co gwarantuje ich \u015bwie\u017co\u015b\u0107 i wyj\u0105tkowe w\u0142a\u015bciwo\u015bci. Wyprodukowane z najlepszej jako\u015bci drewna, cygara te wa\u017c\u0105 \u0142\u0105cznie 3 kg, co \u015bwiadczy o ich solidnej konstrukcji i trwa\u0142o\u015bci. Dzi\u0119ki starannemu doborowi materia\u0142\u00f3w, ka\u017cde cygaro oferuje niepowtarzalne doznania podczas palenia.<\/p>\n<p>Cygara Cygaro Kuba\u0144skie Cohiba Robustos to idealny wyb\u00f3r zar\u00f3wno na wyj\u0105tkowe okazje, jak i na spokojne wieczory w gronie przyjaci\u00f3\u0142. Wybierz jako\u015b\u0107 i tradycj\u0119, kt\u00f3re \u0142\u0105cz\u0105 w sobie pasj\u0119 do cygar i mi\u0142o\u015b\u0107 do wy\u015bmienitych smak\u00f3w.<\/p>\n<p>STAN KOLEKCJONERSKI<\/p>\n","protected":false},"excerpt":{"rendered":"<p>Cygara Cygaro Kuba\u0144skie 25 Sztuk Cohiba Robustos to wyj\u0105tkowy wyb\u00f3r dla koneser\u00f3w cygar, kt\u00f3rzy ceni\u0105 sobie najwy\u017csz\u0105 jako\u015b\u0107 i autentyczno\u015b\u0107. Te luksusowe cygara pochodz\u0105 z renomowanej marki Cohiba, znanej z dba\u0142o\u015bci o szczeg\u00f3\u0142y i doskona\u0142ego rzemios\u0142a. Ka\u017cde cygaro jest starannie wyprodukowane na Kubie, co zapewnia im unikalny smak i aromat, kt\u00f3ry zadowoli nawet najbardziej wymagaj\u0105cych &#8230; <a title=\"Cygara Cygaro Kuba\u0144skie 25 Sztuk Cohiba Robustos\" class=\"read-more\" href=\"https:\/\/selleetools.com\/pl\/product\/cygara-cygaro-kubanskie-25-sztuk-cohiba-robustos\/\">Read more<span class=\"screen-reader-text\">Cygara Cygaro Kuba\u0144skie 25 Sztuk Cohiba Robustos<\/span><\/a><\/p>\n","protected":false},"featured_media":489460,"comment_status":"closed","ping_status":"closed","template":"","meta":{"_links_to":"","_links_to_target":""},"yoast_head":"<!-- This site is optimized with the Yoast SEO plugin v19.4 - https:\/\/yoast.com\/wordpress\/plugins\/seo\/ -->\n<title>Cygara Cygaro Kuba\u0144skie 25 Sztuk Cohiba Robustos - Selleetools.com<\/title>\n<meta name=\"robots\" content=\"index, follow, max-snippet:-1, max-image-preview:large, max-video-preview:-1\" \/>\n<link rel=\"canonical\" href=\"https:\/\/selleetools.com\/pl\/product\/cygara-cygaro-kubanskie-25-sztuk-cohiba-robustos\/\" \/>\n<meta property=\"og:locale\" content=\"pl_PL\" \/>\n<meta property=\"og:type\" content=\"article\" \/>\n<meta property=\"og:title\" content=\"Cygara Cygaro Kuba\u0144skie 25 Sztuk Cohiba Robustos - Selleetools.com\" \/>\n<meta property=\"og:description\" content=\"Cygara Cygaro Kuba\u0144skie 25 Sztuk Cohiba Robustos to wyj\u0105tkowy wyb\u00f3r dla koneser\u00f3w cygar, kt\u00f3rzy ceni\u0105 sobie najwy\u017csz\u0105 jako\u015b\u0107 i autentyczno\u015b\u0107. Te luksusowe cygara pochodz\u0105 z renomowanej marki Cohiba, znanej z dba\u0142o\u015bci o szczeg\u00f3\u0142y i doskona\u0142ego rzemios\u0142a. Ka\u017cde cygaro jest starannie wyprodukowane na Kubie, co zapewnia im unikalny smak i aromat, kt\u00f3ry zadowoli nawet najbardziej wymagaj\u0105cych ... Read moreCygara Cygaro Kuba\u0144skie 25 Sztuk Cohiba Robustos\" \/>\n<meta property=\"og:url\" content=\"https:\/\/selleetools.com\/pl\/product\/cygara-cygaro-kubanskie-25-sztuk-cohiba-robustos\/\" \/>\n<meta property=\"og:site_name\" content=\"Selleetools.com\" \/>\n<meta property=\"article:modified_time\" content=\"2025-08-08T12:04:20+00:00\" \/>\n<meta property=\"og:image\" content=\"https:\/\/selleetools.com\/wp-content\/uploads\/2025\/07\/116d77eb6bd8c1f120cbadf4ccba3695.jpg\" \/>\n\t<meta property=\"og:image:width\" content=\"2560\" \/>\n\t<meta property=\"og:image:height\" content=\"2559\" \/>\n\t<meta property=\"og:image:type\" content=\"image\/jpeg\" \/>\n<meta name=\"twitter:card\" content=\"summary_large_image\" \/>\n<meta name=\"twitter:label1\" content=\"Est. reading time\" \/>\n\t<meta name=\"twitter:data1\" content=\"1 minuta\" \/>\n<!-- \/ Yoast SEO plugin. -->","yoast_head_json":{"title":"Cygara Cygaro Kuba\u0144skie 25 Sztuk Cohiba Robustos - Selleetools.com","robots":{"index":"index","follow":"follow","max-snippet":"max-snippet:-1","max-image-preview":"max-image-preview:large","max-video-preview":"max-video-preview:-1"},"canonical":"https:\/\/selleetools.com\/pl\/product\/cygara-cygaro-kubanskie-25-sztuk-cohiba-robustos\/","og_locale":"pl_PL","og_type":"article","og_title":"Cygara Cygaro Kuba\u0144skie 25 Sztuk Cohiba Robustos - Selleetools.com","og_description":"Cygara Cygaro Kuba\u0144skie 25 Sztuk Cohiba Robustos to wyj\u0105tkowy wyb\u00f3r dla koneser\u00f3w cygar, kt\u00f3rzy ceni\u0105 sobie najwy\u017csz\u0105 jako\u015b\u0107 i autentyczno\u015b\u0107. Te luksusowe cygara pochodz\u0105 z renomowanej marki Cohiba, znanej z dba\u0142o\u015bci o szczeg\u00f3\u0142y i doskona\u0142ego rzemios\u0142a. Ka\u017cde cygaro jest starannie wyprodukowane na Kubie, co zapewnia im unikalny smak i aromat, kt\u00f3ry zadowoli nawet najbardziej wymagaj\u0105cych ... Read moreCygara Cygaro Kuba\u0144skie 25 Sztuk Cohiba Robustos","og_url":"https:\/\/selleetools.com\/pl\/product\/cygara-cygaro-kubanskie-25-sztuk-cohiba-robustos\/","og_site_name":"Selleetools.com","article_modified_time":"2025-08-08T12:04:20+00:00","og_image":[{"width":2560,"height":2559,"url":"https:\/\/selleetools.com\/wp-content\/uploads\/2025\/07\/116d77eb6bd8c1f120cbadf4ccba3695.jpg","type":"image\/jpeg"}],"twitter_card":"summary_large_image","twitter_misc":{"Est. reading time":"1 minuta"},"schema":{"@context":"https:\/\/schema.org","@graph":[{"@type":"Organization","@id":"https:\/\/selleetools.com\/#organization","name":"Selleetools","url":"https:\/\/selleetools.com\/","sameAs":[],"logo":{"@type":"ImageObject","inLanguage":"pl-PL","@id":"https:\/\/selleetools.com\/#\/schema\/logo\/image\/","url":"https:\/\/selleetools.com\/wp-content\/uploads\/2021\/10\/logo-dark.png","contentUrl":"https:\/\/selleetools.com\/wp-content\/uploads\/2021\/10\/logo-dark.png","width":320,"height":76,"caption":"Selleetools"},"image":{"@id":"https:\/\/selleetools.com\/#\/schema\/logo\/image\/"}},{"@type":"WebSite","@id":"https:\/\/selleetools.com\/#website","url":"https:\/\/selleetools.com\/","name":"Selleetools.com","description":"","publisher":{"@id":"https:\/\/selleetools.com\/#organization"},"potentialAction":[{"@type":"SearchAction","target":{"@type":"EntryPoint","urlTemplate":"https:\/\/selleetools.com\/?s={search_term_string}"},"query-input":"required name=search_term_string"}],"inLanguage":"pl-PL"},{"@type":"WebPage","@id":"https:\/\/selleetools.com\/pl\/product\/cygara-cygaro-kubanskie-25-sztuk-cohiba-robustos\/","url":"https:\/\/selleetools.com\/pl\/product\/cygara-cygaro-kubanskie-25-sztuk-cohiba-robustos\/","name":"Cygara Cygaro Kuba\u0144skie 25 Sztuk Cohiba Robustos - Selleetools.com","isPartOf":{"@id":"https:\/\/selleetools.com\/#website"},"datePublished":"2025-07-06T12:26:02+00:00","dateModified":"2025-08-08T12:04:20+00:00","breadcrumb":{"@id":"https:\/\/selleetools.com\/pl\/product\/cygara-cygaro-kubanskie-25-sztuk-cohiba-robustos\/#breadcrumb"},"inLanguage":"pl-PL","potentialAction":[{"@type":"ReadAction","target":["https:\/\/selleetools.com\/pl\/product\/cygara-cygaro-kubanskie-25-sztuk-cohiba-robustos\/"]}]},{"@type":"BreadcrumbList","@id":"https:\/\/selleetools.com\/pl\/product\/cygara-cygaro-kubanskie-25-sztuk-cohiba-robustos\/#breadcrumb","itemListElement":[{"@type":"ListItem","position":1,"name":"Home","item":"https:\/\/selleetools.com\/pl\/"},{"@type":"ListItem","position":2,"name":"Katalog","item":"https:\/\/selleetools.com\/pl\/katalog\/"},{"@type":"ListItem","position":3,"name":"Cygara Cygaro Kuba\u0144skie 25 Sztuk Cohiba Robustos"}]}]}},"_links":{"self":[{"href":"https:\/\/selleetools.com\/pl\/wp-json\/wp\/v2\/product\/489470"}],"collection":[{"href":"https:\/\/selleetools.com\/pl\/wp-json\/wp\/v2\/product"}],"about":[{"href":"https:\/\/selleetools.com\/pl\/wp-json\/wp\/v2\/types\/product"}],"replies":[{"embeddable":true,"href":"https:\/\/selleetools.com\/pl\/wp-json\/wp\/v2\/comments?post=489470"}],"wp:featuredmedia":[{"embeddable":true,"href":"https:\/\/selleetools.com\/pl\/wp-json\/wp\/v2\/media\/489460"}],"wp:attachment":[{"href":"https:\/\/selleetools.com\/pl\/wp-json\/wp\/v2\/media?parent=489470"}],"curies":[{"name":"wp","href":"https:\/\/api.w.org\/{rel}","templated":true}]}}