{"id":489459,"date":"2025-07-06T14:25:49","date_gmt":"2025-07-06T12:25:49","guid":{"rendered":"https:\/\/selleetools.com\/?post_type=product&#038;p=489459"},"modified":"2025-12-02T20:19:18","modified_gmt":"2025-12-02T19:19:18","slug":"filtr-do-oczyszczacza-powietrza-revento-puro","status":"publish","type":"product","link":"https:\/\/selleetools.com\/pl\/product\/filtr-do-oczyszczacza-powietrza-revento-puro\/","title":{"rendered":"FILTR DO OCZYSZCZACZA POWIETRZA REVENTO PURO"},"content":{"rendered":"<p>Filtr do Oczyszczacza Powietrza Revento Puro to niezast\u0105piony element w walce o czyste i zdrowe powietrze w Twoim otoczeniu. Zapewnia skuteczn\u0105 eliminacj\u0119 zanieczyszcze\u0144, alergen\u00f3w oraz nieprzyjemnych zapach\u00f3w, co znacz\u0105co poprawia jako\u015b\u0107 powietrza w pomieszczeniach. Dzi\u0119ki zastosowaniu nowoczesnych technologii filtracji, filtr Revento Puro skutecznie wychwytuje drobne cz\u0105steczki, takie jak kurz, py\u0142ki ro\u015blin, a tak\u017ce bakterie i wirusy. Jego regularna wymiana pozwala na utrzymanie optymalnej wydajno\u015bci oczyszczacza, co przek\u0142ada si\u0119 na lepsze samopoczucie i zdrowie domownik\u00f3w. Wybieraj\u0105c filtr Revento Puro, inwestujesz w komfort i bezpiecze\u0144stwo swojego otoczenia, dbaj\u0105c o zdrowie swoje i swoich bliskich.<\/p>\n","protected":false},"excerpt":{"rendered":"<p>Filtr do Oczyszczacza Powietrza Revento Puro to niezast\u0105piony element w walce o czyste i zdrowe powietrze w Twoim otoczeniu. Zapewnia skuteczn\u0105 eliminacj\u0119 zanieczyszcze\u0144, alergen\u00f3w oraz nieprzyjemnych zapach\u00f3w, co znacz\u0105co poprawia jako\u015b\u0107 powietrza w pomieszczeniach. Dzi\u0119ki zastosowaniu nowoczesnych technologii filtracji, filtr Revento Puro skutecznie wychwytuje drobne cz\u0105steczki, takie jak kurz, py\u0142ki ro\u015blin, a tak\u017ce bakterie i &#8230; <a title=\"FILTR DO OCZYSZCZACZA POWIETRZA REVENTO PURO\" class=\"read-more\" href=\"https:\/\/selleetools.com\/pl\/product\/filtr-do-oczyszczacza-powietrza-revento-puro\/\">Read more<span class=\"screen-reader-text\">FILTR DO OCZYSZCZACZA POWIETRZA REVENTO PURO<\/span><\/a><\/p>\n","protected":false},"featured_media":489441,"comment_status":"closed","ping_status":"closed","template":"","meta":{"_links_to":"","_links_to_target":""},"yoast_head":"<!-- This site is optimized with the Yoast SEO plugin v19.4 - https:\/\/yoast.com\/wordpress\/plugins\/seo\/ -->\n<title>FILTR DO OCZYSZCZACZA POWIETRZA REVENTO PURO - Selleetools.com<\/title>\n<meta name=\"robots\" content=\"index, follow, max-snippet:-1, max-image-preview:large, max-video-preview:-1\" \/>\n<link rel=\"canonical\" href=\"https:\/\/admincentral.selleetools.com\/pl\/product\/filtr-do-oczyszczacza-powietrza-revento-puro\/\" \/>\n<meta property=\"og:locale\" content=\"pl_PL\" \/>\n<meta property=\"og:type\" content=\"article\" \/>\n<meta property=\"og:title\" content=\"FILTR DO OCZYSZCZACZA POWIETRZA REVENTO PURO - Selleetools.com\" \/>\n<meta property=\"og:description\" content=\"Filtr do Oczyszczacza Powietrza Revento Puro to niezast\u0105piony element w walce o czyste i zdrowe powietrze w Twoim otoczeniu. Zapewnia skuteczn\u0105 eliminacj\u0119 zanieczyszcze\u0144, alergen\u00f3w oraz nieprzyjemnych zapach\u00f3w, co znacz\u0105co poprawia jako\u015b\u0107 powietrza w pomieszczeniach. Dzi\u0119ki zastosowaniu nowoczesnych technologii filtracji, filtr Revento Puro skutecznie wychwytuje drobne cz\u0105steczki, takie jak kurz, py\u0142ki ro\u015blin, a tak\u017ce bakterie i ... Read moreFILTR DO OCZYSZCZACZA POWIETRZA REVENTO PURO\" \/>\n<meta property=\"og:url\" content=\"https:\/\/admincentral.selleetools.com\/pl\/product\/filtr-do-oczyszczacza-powietrza-revento-puro\/\" \/>\n<meta property=\"og:site_name\" content=\"Selleetools.com\" \/>\n<meta property=\"article:modified_time\" content=\"2025-12-02T19:19:18+00:00\" \/>\n<meta property=\"og:image\" content=\"https:\/\/selleetools.com\/wp-content\/uploads\/2025\/07\/a5e622f7e29ffbb05ba1a179e4e78536.webp\" \/>\n\t<meta property=\"og:image:width\" content=\"128\" \/>\n\t<meta property=\"og:image:height\" content=\"128\" \/>\n\t<meta property=\"og:image:type\" content=\"image\/webp\" \/>\n<meta name=\"twitter:card\" content=\"summary_large_image\" \/>\n<meta name=\"twitter:label1\" content=\"Est. reading time\" \/>\n\t<meta name=\"twitter:data1\" content=\"1 minuta\" \/>\n<!-- \/ Yoast SEO plugin. -->","yoast_head_json":{"title":"FILTR DO OCZYSZCZACZA POWIETRZA REVENTO PURO - Selleetools.com","robots":{"index":"index","follow":"follow","max-snippet":"max-snippet:-1","max-image-preview":"max-image-preview:large","max-video-preview":"max-video-preview:-1"},"canonical":"https:\/\/admincentral.selleetools.com\/pl\/product\/filtr-do-oczyszczacza-powietrza-revento-puro\/","og_locale":"pl_PL","og_type":"article","og_title":"FILTR DO OCZYSZCZACZA POWIETRZA REVENTO PURO - Selleetools.com","og_description":"Filtr do Oczyszczacza Powietrza Revento Puro to niezast\u0105piony element w walce o czyste i zdrowe powietrze w Twoim otoczeniu. Zapewnia skuteczn\u0105 eliminacj\u0119 zanieczyszcze\u0144, alergen\u00f3w oraz nieprzyjemnych zapach\u00f3w, co znacz\u0105co poprawia jako\u015b\u0107 powietrza w pomieszczeniach. Dzi\u0119ki zastosowaniu nowoczesnych technologii filtracji, filtr Revento Puro skutecznie wychwytuje drobne cz\u0105steczki, takie jak kurz, py\u0142ki ro\u015blin, a tak\u017ce bakterie i ... Read moreFILTR DO OCZYSZCZACZA POWIETRZA REVENTO PURO","og_url":"https:\/\/admincentral.selleetools.com\/pl\/product\/filtr-do-oczyszczacza-powietrza-revento-puro\/","og_site_name":"Selleetools.com","article_modified_time":"2025-12-02T19:19:18+00:00","og_image":[{"width":128,"height":128,"url":"https:\/\/selleetools.com\/wp-content\/uploads\/2025\/07\/a5e622f7e29ffbb05ba1a179e4e78536.webp","type":"image\/webp"}],"twitter_card":"summary_large_image","twitter_misc":{"Est. reading time":"1 minuta"},"schema":{"@context":"https:\/\/schema.org","@graph":[{"@type":"Organization","@id":"https:\/\/selleetools.com\/#organization","name":"Selleetools","url":"https:\/\/selleetools.com\/","sameAs":[],"logo":{"@type":"ImageObject","inLanguage":"pl-PL","@id":"https:\/\/selleetools.com\/#\/schema\/logo\/image\/","url":"https:\/\/selleetools.com\/wp-content\/uploads\/2021\/10\/logo-dark.png","contentUrl":"https:\/\/selleetools.com\/wp-content\/uploads\/2021\/10\/logo-dark.png","width":320,"height":76,"caption":"Selleetools"},"image":{"@id":"https:\/\/selleetools.com\/#\/schema\/logo\/image\/"}},{"@type":"WebSite","@id":"https:\/\/selleetools.com\/#website","url":"https:\/\/selleetools.com\/","name":"Selleetools.com","description":"","publisher":{"@id":"https:\/\/selleetools.com\/#organization"},"potentialAction":[{"@type":"SearchAction","target":{"@type":"EntryPoint","urlTemplate":"https:\/\/selleetools.com\/?s={search_term_string}"},"query-input":"required name=search_term_string"}],"inLanguage":"pl-PL"},{"@type":"WebPage","@id":"https:\/\/admincentral.selleetools.com\/pl\/product\/filtr-do-oczyszczacza-powietrza-revento-puro\/","url":"https:\/\/admincentral.selleetools.com\/pl\/product\/filtr-do-oczyszczacza-powietrza-revento-puro\/","name":"FILTR DO OCZYSZCZACZA POWIETRZA REVENTO PURO - Selleetools.com","isPartOf":{"@id":"https:\/\/selleetools.com\/#website"},"datePublished":"2025-07-06T12:25:49+00:00","dateModified":"2025-12-02T19:19:18+00:00","breadcrumb":{"@id":"https:\/\/admincentral.selleetools.com\/pl\/product\/filtr-do-oczyszczacza-powietrza-revento-puro\/#breadcrumb"},"inLanguage":"pl-PL","potentialAction":[{"@type":"ReadAction","target":["https:\/\/admincentral.selleetools.com\/pl\/product\/filtr-do-oczyszczacza-powietrza-revento-puro\/"]}]},{"@type":"BreadcrumbList","@id":"https:\/\/admincentral.selleetools.com\/pl\/product\/filtr-do-oczyszczacza-powietrza-revento-puro\/#breadcrumb","itemListElement":[{"@type":"ListItem","position":1,"name":"Home","item":"https:\/\/selleetools.com\/pl\/"},{"@type":"ListItem","position":2,"name":"Katalog","item":"https:\/\/selleetools.com\/pl\/katalog\/"},{"@type":"ListItem","position":3,"name":"FILTR DO OCZYSZCZACZA POWIETRZA REVENTO PURO"}]}]}},"_links":{"self":[{"href":"https:\/\/selleetools.com\/pl\/wp-json\/wp\/v2\/product\/489459"}],"collection":[{"href":"https:\/\/selleetools.com\/pl\/wp-json\/wp\/v2\/product"}],"about":[{"href":"https:\/\/selleetools.com\/pl\/wp-json\/wp\/v2\/types\/product"}],"replies":[{"embeddable":true,"href":"https:\/\/selleetools.com\/pl\/wp-json\/wp\/v2\/comments?post=489459"}],"wp:featuredmedia":[{"embeddable":true,"href":"https:\/\/selleetools.com\/pl\/wp-json\/wp\/v2\/media\/489441"}],"wp:attachment":[{"href":"https:\/\/selleetools.com\/pl\/wp-json\/wp\/v2\/media?parent=489459"}],"curies":[{"name":"wp","href":"https:\/\/api.w.org\/{rel}","templated":true}]}}