{"id":489428,"date":"2025-07-06T14:25:36","date_gmt":"2025-07-06T12:25:36","guid":{"rendered":"https:\/\/selleetools.com\/?post_type=product&#038;p=489428"},"modified":"2025-12-02T20:19:19","modified_gmt":"2025-12-02T19:19:19","slug":"zestaw-bitow-bit-kluczy-nintendo-3-8-mm-oraz-4-5-mm","status":"publish","type":"product","link":"https:\/\/selleetools.com\/pl\/product\/zestaw-bitow-bit-kluczy-nintendo-3-8-mm-oraz-4-5-mm\/","title":{"rendered":"Zestaw bit\u00f3w bit Kluczy Nintendo 3.8 mm oraz 4.5 mm"},"content":{"rendered":"<p>Zestaw bit\u00f3w kluczy Nintendo o wymiarach 3.8 mm oraz 4.5 mm to niezb\u0119dne akcesoria dla ka\u017cdego entuzjasty gier, kt\u00f3ry pragnie konserwowa\u0107 lub naprawia\u0107 swoje urz\u0105dzenia. Wykonane z wysokiej jako\u015bci materia\u0142\u00f3w, te precyzyjne bity zapewniaj\u0105 doskona\u0142\u0105 trwa\u0142o\u015b\u0107 oraz odporno\u015b\u0107 na uszkodzenia, co gwarantuje ich d\u0142ugotrwa\u0142e u\u017cytkowanie.<\/p>\n<p>Zestaw zosta\u0142 zaprojektowany specjalnie z my\u015bl\u0105 o Nintendo, co sprawia, \u017ce idealnie nadaje si\u0119 do otwierania i serwisowania konsol oraz kontroler\u00f3w. Dzi\u0119ki ergonomicznemu kszta\u0142towi, bity doskonale le\u017c\u0105 w d\u0142oni, a ich precyzyjne wykonanie umo\u017cliwia \u0142atwe i szybkie dokonywanie wymiany.<\/p>\n<p>W sk\u0142ad zestawu wchodz\u0105 dwa rodzaje bit\u00f3w, co czyni go wszechstronnym narz\u0119dziem do r\u00f3\u017cnorodnych zastosowa\u0144. Niezale\u017cnie od tego, czy jeste\u015b profesjonalnym serwisantem, czy pasjonatem gier, ten zestaw bit\u00f3w b\u0119dzie idealnym doplnieniem Twojego warsztatu. Zainwestuj w jako\u015b\u0107 i komfort pracy \u2013 wybierz zestaw bit\u00f3w kluczy Nintendo 3.8 mm oraz 4.5 mm i ciesz si\u0119 pe\u0142n\u0105 kontrole nad swoimi urz\u0105dzeniami.<\/p>\n","protected":false},"excerpt":{"rendered":"<p>Zestaw bit\u00f3w kluczy Nintendo o wymiarach 3.8 mm oraz 4.5 mm to niezb\u0119dne akcesoria dla ka\u017cdego entuzjasty gier, kt\u00f3ry pragnie konserwowa\u0107 lub naprawia\u0107 swoje urz\u0105dzenia. Wykonane z wysokiej jako\u015bci materia\u0142\u00f3w, te precyzyjne bity zapewniaj\u0105 doskona\u0142\u0105 trwa\u0142o\u015b\u0107 oraz odporno\u015b\u0107 na uszkodzenia, co gwarantuje ich d\u0142ugotrwa\u0142e u\u017cytkowanie. Zestaw zosta\u0142 zaprojektowany specjalnie z my\u015bl\u0105 o Nintendo, co sprawia, &#8230; <a title=\"Zestaw bit\u00f3w bit Kluczy Nintendo 3.8 mm oraz 4.5 mm\" class=\"read-more\" href=\"https:\/\/selleetools.com\/pl\/product\/zestaw-bitow-bit-kluczy-nintendo-3-8-mm-oraz-4-5-mm\/\">Read more<span class=\"screen-reader-text\">Zestaw bit\u00f3w bit Kluczy Nintendo 3.8 mm oraz 4.5 mm<\/span><\/a><\/p>\n","protected":false},"featured_media":489420,"comment_status":"closed","ping_status":"closed","template":"","meta":{"_links_to":"","_links_to_target":""},"yoast_head":"<!-- This site is optimized with the Yoast SEO plugin v19.4 - https:\/\/yoast.com\/wordpress\/plugins\/seo\/ -->\n<title>Zestaw bit\u00f3w bit Kluczy Nintendo 3.8 mm oraz 4.5 mm - Selleetools.com<\/title>\n<meta name=\"robots\" content=\"index, follow, max-snippet:-1, max-image-preview:large, max-video-preview:-1\" \/>\n<link rel=\"canonical\" href=\"https:\/\/selleetools.com\/pl\/product\/zestaw-bitow-bit-kluczy-nintendo-3-8-mm-oraz-4-5-mm\/\" \/>\n<meta property=\"og:locale\" content=\"pl_PL\" \/>\n<meta property=\"og:type\" content=\"article\" \/>\n<meta property=\"og:title\" content=\"Zestaw bit\u00f3w bit Kluczy Nintendo 3.8 mm oraz 4.5 mm - Selleetools.com\" \/>\n<meta property=\"og:description\" content=\"Zestaw bit\u00f3w kluczy Nintendo o wymiarach 3.8 mm oraz 4.5 mm to niezb\u0119dne akcesoria dla ka\u017cdego entuzjasty gier, kt\u00f3ry pragnie konserwowa\u0107 lub naprawia\u0107 swoje urz\u0105dzenia. Wykonane z wysokiej jako\u015bci materia\u0142\u00f3w, te precyzyjne bity zapewniaj\u0105 doskona\u0142\u0105 trwa\u0142o\u015b\u0107 oraz odporno\u015b\u0107 na uszkodzenia, co gwarantuje ich d\u0142ugotrwa\u0142e u\u017cytkowanie. Zestaw zosta\u0142 zaprojektowany specjalnie z my\u015bl\u0105 o Nintendo, co sprawia, ... Read moreZestaw bit\u00f3w bit Kluczy Nintendo 3.8 mm oraz 4.5 mm\" \/>\n<meta property=\"og:url\" content=\"https:\/\/selleetools.com\/pl\/product\/zestaw-bitow-bit-kluczy-nintendo-3-8-mm-oraz-4-5-mm\/\" \/>\n<meta property=\"og:site_name\" content=\"Selleetools.com\" \/>\n<meta property=\"article:modified_time\" content=\"2025-12-02T19:19:19+00:00\" \/>\n<meta property=\"og:image\" content=\"https:\/\/selleetools.com\/wp-content\/uploads\/2025\/07\/355c42ea1fb48a003ed4af2c695ad1aa.jpg\" \/>\n\t<meta property=\"og:image:width\" content=\"1371\" \/>\n\t<meta property=\"og:image:height\" content=\"1569\" \/>\n\t<meta property=\"og:image:type\" content=\"image\/jpeg\" \/>\n<meta name=\"twitter:card\" content=\"summary_large_image\" \/>\n<meta name=\"twitter:label1\" content=\"Est. reading time\" \/>\n\t<meta name=\"twitter:data1\" content=\"1 minuta\" \/>\n<!-- \/ Yoast SEO plugin. -->","yoast_head_json":{"title":"Zestaw bit\u00f3w bit Kluczy Nintendo 3.8 mm oraz 4.5 mm - Selleetools.com","robots":{"index":"index","follow":"follow","max-snippet":"max-snippet:-1","max-image-preview":"max-image-preview:large","max-video-preview":"max-video-preview:-1"},"canonical":"https:\/\/selleetools.com\/pl\/product\/zestaw-bitow-bit-kluczy-nintendo-3-8-mm-oraz-4-5-mm\/","og_locale":"pl_PL","og_type":"article","og_title":"Zestaw bit\u00f3w bit Kluczy Nintendo 3.8 mm oraz 4.5 mm - Selleetools.com","og_description":"Zestaw bit\u00f3w kluczy Nintendo o wymiarach 3.8 mm oraz 4.5 mm to niezb\u0119dne akcesoria dla ka\u017cdego entuzjasty gier, kt\u00f3ry pragnie konserwowa\u0107 lub naprawia\u0107 swoje urz\u0105dzenia. Wykonane z wysokiej jako\u015bci materia\u0142\u00f3w, te precyzyjne bity zapewniaj\u0105 doskona\u0142\u0105 trwa\u0142o\u015b\u0107 oraz odporno\u015b\u0107 na uszkodzenia, co gwarantuje ich d\u0142ugotrwa\u0142e u\u017cytkowanie. Zestaw zosta\u0142 zaprojektowany specjalnie z my\u015bl\u0105 o Nintendo, co sprawia, ... Read moreZestaw bit\u00f3w bit Kluczy Nintendo 3.8 mm oraz 4.5 mm","og_url":"https:\/\/selleetools.com\/pl\/product\/zestaw-bitow-bit-kluczy-nintendo-3-8-mm-oraz-4-5-mm\/","og_site_name":"Selleetools.com","article_modified_time":"2025-12-02T19:19:19+00:00","og_image":[{"width":1371,"height":1569,"url":"https:\/\/selleetools.com\/wp-content\/uploads\/2025\/07\/355c42ea1fb48a003ed4af2c695ad1aa.jpg","type":"image\/jpeg"}],"twitter_card":"summary_large_image","twitter_misc":{"Est. reading time":"1 minuta"},"schema":{"@context":"https:\/\/schema.org","@graph":[{"@type":"Organization","@id":"https:\/\/selleetools.com\/#organization","name":"Selleetools","url":"https:\/\/selleetools.com\/","sameAs":[],"logo":{"@type":"ImageObject","inLanguage":"pl-PL","@id":"https:\/\/selleetools.com\/#\/schema\/logo\/image\/","url":"https:\/\/selleetools.com\/wp-content\/uploads\/2021\/10\/logo-dark.png","contentUrl":"https:\/\/selleetools.com\/wp-content\/uploads\/2021\/10\/logo-dark.png","width":320,"height":76,"caption":"Selleetools"},"image":{"@id":"https:\/\/selleetools.com\/#\/schema\/logo\/image\/"}},{"@type":"WebSite","@id":"https:\/\/selleetools.com\/#website","url":"https:\/\/selleetools.com\/","name":"Selleetools.com","description":"","publisher":{"@id":"https:\/\/selleetools.com\/#organization"},"potentialAction":[{"@type":"SearchAction","target":{"@type":"EntryPoint","urlTemplate":"https:\/\/selleetools.com\/?s={search_term_string}"},"query-input":"required name=search_term_string"}],"inLanguage":"pl-PL"},{"@type":"WebPage","@id":"https:\/\/selleetools.com\/pl\/product\/zestaw-bitow-bit-kluczy-nintendo-3-8-mm-oraz-4-5-mm\/","url":"https:\/\/selleetools.com\/pl\/product\/zestaw-bitow-bit-kluczy-nintendo-3-8-mm-oraz-4-5-mm\/","name":"Zestaw bit\u00f3w bit Kluczy Nintendo 3.8 mm oraz 4.5 mm - Selleetools.com","isPartOf":{"@id":"https:\/\/selleetools.com\/#website"},"datePublished":"2025-07-06T12:25:36+00:00","dateModified":"2025-12-02T19:19:19+00:00","breadcrumb":{"@id":"https:\/\/selleetools.com\/pl\/product\/zestaw-bitow-bit-kluczy-nintendo-3-8-mm-oraz-4-5-mm\/#breadcrumb"},"inLanguage":"pl-PL","potentialAction":[{"@type":"ReadAction","target":["https:\/\/selleetools.com\/pl\/product\/zestaw-bitow-bit-kluczy-nintendo-3-8-mm-oraz-4-5-mm\/"]}]},{"@type":"BreadcrumbList","@id":"https:\/\/selleetools.com\/pl\/product\/zestaw-bitow-bit-kluczy-nintendo-3-8-mm-oraz-4-5-mm\/#breadcrumb","itemListElement":[{"@type":"ListItem","position":1,"name":"Home","item":"https:\/\/selleetools.com\/pl\/"},{"@type":"ListItem","position":2,"name":"Katalog","item":"https:\/\/selleetools.com\/pl\/katalog\/"},{"@type":"ListItem","position":3,"name":"Zestaw bit\u00f3w bit Kluczy Nintendo 3.8 mm oraz 4.5 mm"}]}]}},"_links":{"self":[{"href":"https:\/\/selleetools.com\/pl\/wp-json\/wp\/v2\/product\/489428"}],"collection":[{"href":"https:\/\/selleetools.com\/pl\/wp-json\/wp\/v2\/product"}],"about":[{"href":"https:\/\/selleetools.com\/pl\/wp-json\/wp\/v2\/types\/product"}],"replies":[{"embeddable":true,"href":"https:\/\/selleetools.com\/pl\/wp-json\/wp\/v2\/comments?post=489428"}],"wp:featuredmedia":[{"embeddable":true,"href":"https:\/\/selleetools.com\/pl\/wp-json\/wp\/v2\/media\/489420"}],"wp:attachment":[{"href":"https:\/\/selleetools.com\/pl\/wp-json\/wp\/v2\/media?parent=489428"}],"curies":[{"name":"wp","href":"https:\/\/api.w.org\/{rel}","templated":true}]}}