{"id":489419,"date":"2025-07-06T14:25:29","date_gmt":"2025-07-06T12:25:29","guid":{"rendered":"https:\/\/selleetools.com\/?post_type=product&#038;p=489419"},"modified":"2025-12-02T20:19:19","modified_gmt":"2025-12-02T19:19:19","slug":"pamiec-ram-8gb-1600mhz-ddr3-dimm-do-kazdej-plyty","status":"publish","type":"product","link":"https:\/\/selleetools.com\/pl\/product\/pamiec-ram-8gb-1600mhz-ddr3-dimm-do-kazdej-plyty\/","title":{"rendered":"PAMI\u0118\u0106 RAM 8GB 1600MHZ DDR3 DIMM DO KA\u017bDEJ P\u0141YTY"},"content":{"rendered":"<p>PAMI\u0118\u0106 RAM 8GB 1600MHZ DDR3 PC3-12800<br \/>\nPOJEMNO\u015a\u0106: 8GB (1X8GB)<br \/>\nCZ\u0118STOTLIWO\u015a\u0106: 1600MHZ<br \/>\nRODZAJ Z\u0141\u0104CZA: DDR3 DIMM<br \/>\nOP\u00d3\u0179NIENIE: CL11<br \/>\nPAMI\u0118\u0106 PRZEZNACZONA DO KOMPUTERA STACJONARNEGO<br \/>\nPAMI\u0118\u0106 RAM 8GB 1600MHZ DDR3 DIMM DO KA\u017bDEJ P\u0141YTY<br \/>\nPami\u0119ci pasuj\u0105 do ka\u017cdej p\u0142yty ze z\u0142\u0105czem DDR3<br \/>\nWszystkie pami\u0119ci s\u0105 jednakowe z jednej serii co oznacza, \u017ce bez problemu pracuj\u0105 w dualu.<br \/>\nW zale\u017cno\u015bci od dostawy zbudowane s\u0105 na uk\u0142adach Samsung.<br \/>\nPami\u0119ci dost\u0119pne s\u0105 od r\u0119ki<\/p>\n","protected":false},"excerpt":{"rendered":"<p>PAMI\u0118\u0106 RAM 8GB 1600MHZ DDR3 PC3-12800 POJEMNO\u015a\u0106: 8GB (1X8GB) CZ\u0118STOTLIWO\u015a\u0106: 1600MHZ RODZAJ Z\u0141\u0104CZA: DDR3 DIMM OP\u00d3\u0179NIENIE: CL11 PAMI\u0118\u0106 PRZEZNACZONA DO KOMPUTERA STACJONARNEGO PAMI\u0118\u0106 RAM 8GB 1600MHZ DDR3 DIMM DO KA\u017bDEJ P\u0141YTY Pami\u0119ci pasuj\u0105 do ka\u017cdej p\u0142yty ze z\u0142\u0105czem DDR3 Wszystkie pami\u0119ci s\u0105 jednakowe z jednej serii co oznacza, \u017ce bez problemu pracuj\u0105 w dualu. W &#8230; <a title=\"PAMI\u0118\u0106 RAM 8GB 1600MHZ DDR3 DIMM DO KA\u017bDEJ P\u0141YTY\" class=\"read-more\" href=\"https:\/\/selleetools.com\/pl\/product\/pamiec-ram-8gb-1600mhz-ddr3-dimm-do-kazdej-plyty\/\">Read more<span class=\"screen-reader-text\">PAMI\u0118\u0106 RAM 8GB 1600MHZ DDR3 DIMM DO KA\u017bDEJ P\u0141YTY<\/span><\/a><\/p>\n","protected":false},"featured_media":489417,"comment_status":"closed","ping_status":"closed","template":"","meta":{"_links_to":"","_links_to_target":""},"yoast_head":"<!-- This site is optimized with the Yoast SEO plugin v19.4 - https:\/\/yoast.com\/wordpress\/plugins\/seo\/ -->\n<title>PAMI\u0118\u0106 RAM 8GB 1600MHZ DDR3 DIMM DO KA\u017bDEJ P\u0141YTY - Selleetools.com<\/title>\n<meta name=\"robots\" content=\"index, follow, max-snippet:-1, max-image-preview:large, max-video-preview:-1\" \/>\n<link rel=\"canonical\" href=\"https:\/\/selleetools.com\/product\/pamiec-ram-8gb-1600mhz-ddr3-dimm-do-kazdej-plyty\/\" \/>\n<meta property=\"og:locale\" content=\"pl_PL\" \/>\n<meta property=\"og:type\" content=\"article\" \/>\n<meta property=\"og:title\" content=\"PAMI\u0118\u0106 RAM 8GB 1600MHZ DDR3 DIMM DO KA\u017bDEJ P\u0141YTY - Selleetools.com\" \/>\n<meta property=\"og:description\" content=\"PAMI\u0118\u0106 RAM 8GB 1600MHZ DDR3 PC3-12800 POJEMNO\u015a\u0106: 8GB (1X8GB) CZ\u0118STOTLIWO\u015a\u0106: 1600MHZ RODZAJ Z\u0141\u0104CZA: DDR3 DIMM OP\u00d3\u0179NIENIE: CL11 PAMI\u0118\u0106 PRZEZNACZONA DO KOMPUTERA STACJONARNEGO PAMI\u0118\u0106 RAM 8GB 1600MHZ DDR3 DIMM DO KA\u017bDEJ P\u0141YTY Pami\u0119ci pasuj\u0105 do ka\u017cdej p\u0142yty ze z\u0142\u0105czem DDR3 Wszystkie pami\u0119ci s\u0105 jednakowe z jednej serii co oznacza, \u017ce bez problemu pracuj\u0105 w dualu. W ... Read morePAMI\u0118\u0106 RAM 8GB 1600MHZ DDR3 DIMM DO KA\u017bDEJ P\u0141YTY\" \/>\n<meta property=\"og:url\" content=\"https:\/\/selleetools.com\/product\/pamiec-ram-8gb-1600mhz-ddr3-dimm-do-kazdej-plyty\/\" \/>\n<meta property=\"og:site_name\" content=\"Selleetools.com\" \/>\n<meta property=\"article:modified_time\" content=\"2025-12-02T19:19:19+00:00\" \/>\n<meta property=\"og:image\" content=\"https:\/\/selleetools.com\/wp-content\/uploads\/2025\/07\/0826853a8d65de650040b531c638b21a.webp\" \/>\n\t<meta property=\"og:image:width\" content=\"128\" \/>\n\t<meta property=\"og:image:height\" content=\"40\" \/>\n\t<meta property=\"og:image:type\" content=\"image\/webp\" \/>\n<meta name=\"twitter:card\" content=\"summary_large_image\" \/>\n<!-- \/ Yoast SEO plugin. -->","yoast_head_json":{"title":"PAMI\u0118\u0106 RAM 8GB 1600MHZ DDR3 DIMM DO KA\u017bDEJ P\u0141YTY - Selleetools.com","robots":{"index":"index","follow":"follow","max-snippet":"max-snippet:-1","max-image-preview":"max-image-preview:large","max-video-preview":"max-video-preview:-1"},"canonical":"https:\/\/selleetools.com\/product\/pamiec-ram-8gb-1600mhz-ddr3-dimm-do-kazdej-plyty\/","og_locale":"pl_PL","og_type":"article","og_title":"PAMI\u0118\u0106 RAM 8GB 1600MHZ DDR3 DIMM DO KA\u017bDEJ P\u0141YTY - Selleetools.com","og_description":"PAMI\u0118\u0106 RAM 8GB 1600MHZ DDR3 PC3-12800 POJEMNO\u015a\u0106: 8GB (1X8GB) CZ\u0118STOTLIWO\u015a\u0106: 1600MHZ RODZAJ Z\u0141\u0104CZA: DDR3 DIMM OP\u00d3\u0179NIENIE: CL11 PAMI\u0118\u0106 PRZEZNACZONA DO KOMPUTERA STACJONARNEGO PAMI\u0118\u0106 RAM 8GB 1600MHZ DDR3 DIMM DO KA\u017bDEJ P\u0141YTY Pami\u0119ci pasuj\u0105 do ka\u017cdej p\u0142yty ze z\u0142\u0105czem DDR3 Wszystkie pami\u0119ci s\u0105 jednakowe z jednej serii co oznacza, \u017ce bez problemu pracuj\u0105 w dualu. W ... Read morePAMI\u0118\u0106 RAM 8GB 1600MHZ DDR3 DIMM DO KA\u017bDEJ P\u0141YTY","og_url":"https:\/\/selleetools.com\/product\/pamiec-ram-8gb-1600mhz-ddr3-dimm-do-kazdej-plyty\/","og_site_name":"Selleetools.com","article_modified_time":"2025-12-02T19:19:19+00:00","og_image":[{"width":128,"height":40,"url":"https:\/\/selleetools.com\/wp-content\/uploads\/2025\/07\/0826853a8d65de650040b531c638b21a.webp","type":"image\/webp"}],"twitter_card":"summary_large_image","schema":{"@context":"https:\/\/schema.org","@graph":[{"@type":"Organization","@id":"https:\/\/selleetools.com\/#organization","name":"Selleetools","url":"https:\/\/selleetools.com\/","sameAs":[],"logo":{"@type":"ImageObject","inLanguage":"pl-PL","@id":"https:\/\/selleetools.com\/#\/schema\/logo\/image\/","url":"https:\/\/selleetools.com\/wp-content\/uploads\/2021\/10\/logo-dark.png","contentUrl":"https:\/\/selleetools.com\/wp-content\/uploads\/2021\/10\/logo-dark.png","width":320,"height":76,"caption":"Selleetools"},"image":{"@id":"https:\/\/selleetools.com\/#\/schema\/logo\/image\/"}},{"@type":"WebSite","@id":"https:\/\/selleetools.com\/#website","url":"https:\/\/selleetools.com\/","name":"Selleetools.com","description":"","publisher":{"@id":"https:\/\/selleetools.com\/#organization"},"potentialAction":[{"@type":"SearchAction","target":{"@type":"EntryPoint","urlTemplate":"https:\/\/selleetools.com\/?s={search_term_string}"},"query-input":"required name=search_term_string"}],"inLanguage":"pl-PL"},{"@type":"WebPage","@id":"https:\/\/selleetools.com\/product\/pamiec-ram-8gb-1600mhz-ddr3-dimm-do-kazdej-plyty\/","url":"https:\/\/selleetools.com\/product\/pamiec-ram-8gb-1600mhz-ddr3-dimm-do-kazdej-plyty\/","name":"PAMI\u0118\u0106 RAM 8GB 1600MHZ DDR3 DIMM DO KA\u017bDEJ P\u0141YTY - Selleetools.com","isPartOf":{"@id":"https:\/\/selleetools.com\/#website"},"datePublished":"2025-07-06T12:25:29+00:00","dateModified":"2025-12-02T19:19:19+00:00","breadcrumb":{"@id":"https:\/\/selleetools.com\/product\/pamiec-ram-8gb-1600mhz-ddr3-dimm-do-kazdej-plyty\/#breadcrumb"},"inLanguage":"pl-PL","potentialAction":[{"@type":"ReadAction","target":["https:\/\/selleetools.com\/product\/pamiec-ram-8gb-1600mhz-ddr3-dimm-do-kazdej-plyty\/"]}]},{"@type":"BreadcrumbList","@id":"https:\/\/selleetools.com\/product\/pamiec-ram-8gb-1600mhz-ddr3-dimm-do-kazdej-plyty\/#breadcrumb","itemListElement":[{"@type":"ListItem","position":1,"name":"Home","item":"https:\/\/selleetools.com\/pl\/"},{"@type":"ListItem","position":2,"name":"Katalog","item":"https:\/\/selleetools.com\/pl\/katalog\/"},{"@type":"ListItem","position":3,"name":"PAMI\u0118\u0106 RAM 8GB 1600MHZ DDR3 DIMM DO KA\u017bDEJ P\u0141YTY"}]}]}},"_links":{"self":[{"href":"https:\/\/selleetools.com\/pl\/wp-json\/wp\/v2\/product\/489419"}],"collection":[{"href":"https:\/\/selleetools.com\/pl\/wp-json\/wp\/v2\/product"}],"about":[{"href":"https:\/\/selleetools.com\/pl\/wp-json\/wp\/v2\/types\/product"}],"replies":[{"embeddable":true,"href":"https:\/\/selleetools.com\/pl\/wp-json\/wp\/v2\/comments?post=489419"}],"wp:featuredmedia":[{"embeddable":true,"href":"https:\/\/selleetools.com\/pl\/wp-json\/wp\/v2\/media\/489417"}],"wp:attachment":[{"href":"https:\/\/selleetools.com\/pl\/wp-json\/wp\/v2\/media?parent=489419"}],"curies":[{"name":"wp","href":"https:\/\/api.w.org\/{rel}","templated":true}]}}