{"id":489416,"date":"2025-07-06T14:25:25","date_gmt":"2025-07-06T12:25:25","guid":{"rendered":"https:\/\/selleetools.com\/?post_type=product&#038;p=489416"},"modified":"2025-12-02T20:19:19","modified_gmt":"2025-12-02T19:19:19","slug":"ramka-koszyk-gniazdo-socket-am3-am2-am2-940","status":"publish","type":"product","link":"https:\/\/selleetools.com\/pl\/product\/ramka-koszyk-gniazdo-socket-am3-am2-am2-940\/","title":{"rendered":"RAMKA KOSZYK gniazdo socket AM3 + AM2 + AM2 940"},"content":{"rendered":"<p>Ramka Koszyk gniazdo socket AM3 + AM2 + AM2 940 to niezwykle funkcjonalny produkt, zaprojektowany z my\u015bl\u0105 o u\u017cytkownikach poszukuj\u0105cych wysokiej jako\u015bci rozwi\u0105za\u0144 dla swojej konfiguracji komputerowej. Ten element wyposa\u017cenia komputera umo\u017cliwia bezproblemowe pod\u0142\u0105czenie procesor\u00f3w z gniazdami AM3 oraz AM2, co czyni go wszechstronnym wyborem dla r\u00f3\u017cnych zastosowa\u0144.<\/p>\n<p>Dzi\u0119ki precyzyjnemu wykonaniu oraz solidnej konstrukcji, ramka zapewnia stabilno\u015b\u0107 oraz niezawodno\u015b\u0107 dzia\u0142ania. Jest kompatybilna z szerok\u0105 gam\u0105 p\u0142yt g\u0142\u00f3wnych, co pozwala na wszechstronne wykorzystanie w r\u00f3\u017cnych zestawach komputerowych. Idealna zar\u00f3wno dla entuzjast\u00f3w komputerowych, jak i dla profesjonalnych u\u017cytkownik\u00f3w, kt\u00f3rzy ceni\u0105 sobie najwy\u017csz\u0105 jako\u015b\u0107 produkt\u00f3w.<\/p>\n<p>Zainwestuj w Ramk\u0119 Koszyk gniazdo socket AM3 + AM2 + AM2 940 i ciesz si\u0119 maksymaln\u0105 efektywno\u015bci\u0105 swojej maszyny. To pewny krok w kierunku ulepszania wydajno\u015bci komputerowych rozwi\u0105za\u0144.<\/p>\n","protected":false},"excerpt":{"rendered":"<p>Ramka Koszyk gniazdo socket AM3 + AM2 + AM2 940 to niezwykle funkcjonalny produkt, zaprojektowany z my\u015bl\u0105 o u\u017cytkownikach poszukuj\u0105cych wysokiej jako\u015bci rozwi\u0105za\u0144 dla swojej konfiguracji komputerowej. Ten element wyposa\u017cenia komputera umo\u017cliwia bezproblemowe pod\u0142\u0105czenie procesor\u00f3w z gniazdami AM3 oraz AM2, co czyni go wszechstronnym wyborem dla r\u00f3\u017cnych zastosowa\u0144. Dzi\u0119ki precyzyjnemu wykonaniu oraz solidnej konstrukcji, ramka &#8230; <a title=\"RAMKA KOSZYK gniazdo socket AM3 + AM2 + AM2 940\" class=\"read-more\" href=\"https:\/\/selleetools.com\/pl\/product\/ramka-koszyk-gniazdo-socket-am3-am2-am2-940\/\">Read more<span class=\"screen-reader-text\">RAMKA KOSZYK gniazdo socket AM3 + AM2 + AM2 940<\/span><\/a><\/p>\n","protected":false},"featured_media":489408,"comment_status":"closed","ping_status":"closed","template":"","meta":{"_links_to":"","_links_to_target":""},"yoast_head":"<!-- This site is optimized with the Yoast SEO plugin v19.4 - https:\/\/yoast.com\/wordpress\/plugins\/seo\/ -->\n<title>RAMKA KOSZYK gniazdo socket AM3 + AM2 + AM2 940 - Selleetools.com<\/title>\n<meta name=\"robots\" content=\"index, follow, max-snippet:-1, max-image-preview:large, max-video-preview:-1\" \/>\n<link rel=\"canonical\" href=\"https:\/\/admincentral.selleetools.com\/product\/ramka-koszyk-gniazdo-socket-am3-am2-am2-940\/\" \/>\n<meta property=\"og:locale\" content=\"pl_PL\" \/>\n<meta property=\"og:type\" content=\"article\" \/>\n<meta property=\"og:title\" content=\"RAMKA KOSZYK gniazdo socket AM3 + AM2 + AM2 940 - Selleetools.com\" \/>\n<meta property=\"og:description\" content=\"Ramka Koszyk gniazdo socket AM3 + AM2 + AM2 940 to niezwykle funkcjonalny produkt, zaprojektowany z my\u015bl\u0105 o u\u017cytkownikach poszukuj\u0105cych wysokiej jako\u015bci rozwi\u0105za\u0144 dla swojej konfiguracji komputerowej. Ten element wyposa\u017cenia komputera umo\u017cliwia bezproblemowe pod\u0142\u0105czenie procesor\u00f3w z gniazdami AM3 oraz AM2, co czyni go wszechstronnym wyborem dla r\u00f3\u017cnych zastosowa\u0144. Dzi\u0119ki precyzyjnemu wykonaniu oraz solidnej konstrukcji, ramka ... Read moreRAMKA KOSZYK gniazdo socket AM3 + AM2 + AM2 940\" \/>\n<meta property=\"og:url\" content=\"https:\/\/admincentral.selleetools.com\/product\/ramka-koszyk-gniazdo-socket-am3-am2-am2-940\/\" \/>\n<meta property=\"og:site_name\" content=\"Selleetools.com\" \/>\n<meta property=\"article:modified_time\" content=\"2025-12-02T19:19:19+00:00\" \/>\n<meta property=\"og:image\" content=\"https:\/\/selleetools.com\/wp-content\/uploads\/2025\/07\/77cfc7432064b846dd8d0fb24d738d93.webp\" \/>\n\t<meta property=\"og:image:width\" content=\"128\" \/>\n\t<meta property=\"og:image:height\" content=\"116\" \/>\n\t<meta property=\"og:image:type\" content=\"image\/webp\" \/>\n<meta name=\"twitter:card\" content=\"summary_large_image\" \/>\n<meta name=\"twitter:label1\" content=\"Est. reading time\" \/>\n\t<meta name=\"twitter:data1\" content=\"1 minuta\" \/>\n<!-- \/ Yoast SEO plugin. -->","yoast_head_json":{"title":"RAMKA KOSZYK gniazdo socket AM3 + AM2 + AM2 940 - Selleetools.com","robots":{"index":"index","follow":"follow","max-snippet":"max-snippet:-1","max-image-preview":"max-image-preview:large","max-video-preview":"max-video-preview:-1"},"canonical":"https:\/\/admincentral.selleetools.com\/product\/ramka-koszyk-gniazdo-socket-am3-am2-am2-940\/","og_locale":"pl_PL","og_type":"article","og_title":"RAMKA KOSZYK gniazdo socket AM3 + AM2 + AM2 940 - Selleetools.com","og_description":"Ramka Koszyk gniazdo socket AM3 + AM2 + AM2 940 to niezwykle funkcjonalny produkt, zaprojektowany z my\u015bl\u0105 o u\u017cytkownikach poszukuj\u0105cych wysokiej jako\u015bci rozwi\u0105za\u0144 dla swojej konfiguracji komputerowej. Ten element wyposa\u017cenia komputera umo\u017cliwia bezproblemowe pod\u0142\u0105czenie procesor\u00f3w z gniazdami AM3 oraz AM2, co czyni go wszechstronnym wyborem dla r\u00f3\u017cnych zastosowa\u0144. Dzi\u0119ki precyzyjnemu wykonaniu oraz solidnej konstrukcji, ramka ... Read moreRAMKA KOSZYK gniazdo socket AM3 + AM2 + AM2 940","og_url":"https:\/\/admincentral.selleetools.com\/product\/ramka-koszyk-gniazdo-socket-am3-am2-am2-940\/","og_site_name":"Selleetools.com","article_modified_time":"2025-12-02T19:19:19+00:00","og_image":[{"width":128,"height":116,"url":"https:\/\/selleetools.com\/wp-content\/uploads\/2025\/07\/77cfc7432064b846dd8d0fb24d738d93.webp","type":"image\/webp"}],"twitter_card":"summary_large_image","twitter_misc":{"Est. reading time":"1 minuta"},"schema":{"@context":"https:\/\/schema.org","@graph":[{"@type":"Organization","@id":"https:\/\/selleetools.com\/#organization","name":"Selleetools","url":"https:\/\/selleetools.com\/","sameAs":[],"logo":{"@type":"ImageObject","inLanguage":"pl-PL","@id":"https:\/\/selleetools.com\/#\/schema\/logo\/image\/","url":"https:\/\/selleetools.com\/wp-content\/uploads\/2021\/10\/logo-dark.png","contentUrl":"https:\/\/selleetools.com\/wp-content\/uploads\/2021\/10\/logo-dark.png","width":320,"height":76,"caption":"Selleetools"},"image":{"@id":"https:\/\/selleetools.com\/#\/schema\/logo\/image\/"}},{"@type":"WebSite","@id":"https:\/\/selleetools.com\/#website","url":"https:\/\/selleetools.com\/","name":"Selleetools.com","description":"","publisher":{"@id":"https:\/\/selleetools.com\/#organization"},"potentialAction":[{"@type":"SearchAction","target":{"@type":"EntryPoint","urlTemplate":"https:\/\/selleetools.com\/?s={search_term_string}"},"query-input":"required name=search_term_string"}],"inLanguage":"pl-PL"},{"@type":"WebPage","@id":"https:\/\/admincentral.selleetools.com\/product\/ramka-koszyk-gniazdo-socket-am3-am2-am2-940\/","url":"https:\/\/admincentral.selleetools.com\/product\/ramka-koszyk-gniazdo-socket-am3-am2-am2-940\/","name":"RAMKA KOSZYK gniazdo socket AM3 + AM2 + AM2 940 - Selleetools.com","isPartOf":{"@id":"https:\/\/selleetools.com\/#website"},"datePublished":"2025-07-06T12:25:25+00:00","dateModified":"2025-12-02T19:19:19+00:00","breadcrumb":{"@id":"https:\/\/admincentral.selleetools.com\/product\/ramka-koszyk-gniazdo-socket-am3-am2-am2-940\/#breadcrumb"},"inLanguage":"pl-PL","potentialAction":[{"@type":"ReadAction","target":["https:\/\/admincentral.selleetools.com\/product\/ramka-koszyk-gniazdo-socket-am3-am2-am2-940\/"]}]},{"@type":"BreadcrumbList","@id":"https:\/\/admincentral.selleetools.com\/product\/ramka-koszyk-gniazdo-socket-am3-am2-am2-940\/#breadcrumb","itemListElement":[{"@type":"ListItem","position":1,"name":"Home","item":"https:\/\/selleetools.com\/pl\/"},{"@type":"ListItem","position":2,"name":"Katalog","item":"https:\/\/selleetools.com\/pl\/katalog\/"},{"@type":"ListItem","position":3,"name":"RAMKA KOSZYK gniazdo socket AM3 + AM2 + AM2 940"}]}]}},"_links":{"self":[{"href":"https:\/\/selleetools.com\/pl\/wp-json\/wp\/v2\/product\/489416"}],"collection":[{"href":"https:\/\/selleetools.com\/pl\/wp-json\/wp\/v2\/product"}],"about":[{"href":"https:\/\/selleetools.com\/pl\/wp-json\/wp\/v2\/types\/product"}],"replies":[{"embeddable":true,"href":"https:\/\/selleetools.com\/pl\/wp-json\/wp\/v2\/comments?post=489416"}],"wp:featuredmedia":[{"embeddable":true,"href":"https:\/\/selleetools.com\/pl\/wp-json\/wp\/v2\/media\/489408"}],"wp:attachment":[{"href":"https:\/\/selleetools.com\/pl\/wp-json\/wp\/v2\/media?parent=489416"}],"curies":[{"name":"wp","href":"https:\/\/api.w.org\/{rel}","templated":true}]}}