{"id":489392,"date":"2025-07-06T14:25:17","date_gmt":"2025-07-06T12:25:17","guid":{"rendered":"https:\/\/selleetools.com\/?post_type=product&#038;p=489392"},"modified":"2025-08-08T14:04:20","modified_gmt":"2025-08-08T12:04:20","slug":"digital-kitchen-timer-wielofunkcyjny-cube-timer","status":"publish","type":"product","link":"https:\/\/selleetools.com\/pl\/product\/digital-kitchen-timer-wielofunkcyjny-cube-timer\/","title":{"rendered":"Digital Kitchen Timer, Wielofunkcyjny Cube Timer"},"content":{"rendered":"<p>Przedstawiamy Wielofunkcyjny Cube Timer &#8211; innowacyjny cyfrowy timer kuchenny, kt\u00f3ry \u0142\u0105czy w sobie funkcjonalno\u015b\u0107 i nowoczesny design. Dzi\u0119ki swojemu kompaktowemu kszta\u0142towi w postaci kostki, idealnie wpisuje si\u0119 w przestrze\u0144 ka\u017cdej kuchni, oferuj\u0105c wszechstronne zastosowanie podczas gotowania, pieczenia czy przygotowywania da\u0144.<\/p>\n<p>Timer umo\u017cliwia ustawienie r\u00f3\u017cnych czas\u00f3w dla niezale\u017cnych zada\u0144, co jest niezwykle pomocne, gdy r\u00f3wnocze\u015bnie przygotowujesz kilka potraw. Jego czytelny wy\u015bwietlacz LCD zapewnia \u0142atwy odczyt i intuicyjne sterowanie, a praktyczne przyciski pozwalaj\u0105 na szybkie i precyzyjne ustawienie czasu.<\/p>\n<p>Wielofunkcyjny Cube Timer jest wyposa\u017cony w d\u017awi\u0119kowy sygna\u0142 alarmu, kt\u00f3ry zapewni, \u017ce nie zapomnisz o gotuj\u0105cych si\u0119 potrawach. Dzi\u0119ki swojej eleganckiej formie oraz r\u00f3\u017cnorodno\u015bci zastosowa\u0144, stanowi idealne akcesorium zar\u00f3wno dla amator\u00f3w gotowania, jak i profesjonalnych kucharzy.<\/p>\n<p>Dzi\u0119ki wszechstronno\u015bci, timer sprawdzi si\u0119 tak\u017ce w innych kontekstach, takich jak nauka czy sport, gdzie precyzyjne odmierzanie czasu jest kluczowe. Wybierz Wielofunkcyjny Cube Timer i ciesz si\u0119 efektywno\u015bci\u0105 w swojej kuchni oraz pewno\u015bci\u0105, \u017ce ka\u017cdy posi\u0142ek b\u0119dzie idealnie dopracowany.<\/p>\n","protected":false},"excerpt":{"rendered":"<p>Przedstawiamy Wielofunkcyjny Cube Timer &#8211; innowacyjny cyfrowy timer kuchenny, kt\u00f3ry \u0142\u0105czy w sobie funkcjonalno\u015b\u0107 i nowoczesny design. Dzi\u0119ki swojemu kompaktowemu kszta\u0142towi w postaci kostki, idealnie wpisuje si\u0119 w przestrze\u0144 ka\u017cdej kuchni, oferuj\u0105c wszechstronne zastosowanie podczas gotowania, pieczenia czy przygotowywania da\u0144. Timer umo\u017cliwia ustawienie r\u00f3\u017cnych czas\u00f3w dla niezale\u017cnych zada\u0144, co jest niezwykle pomocne, gdy r\u00f3wnocze\u015bnie przygotowujesz &#8230; <a title=\"Digital Kitchen Timer, Wielofunkcyjny Cube Timer\" class=\"read-more\" href=\"https:\/\/selleetools.com\/pl\/product\/digital-kitchen-timer-wielofunkcyjny-cube-timer\/\">Read more<span class=\"screen-reader-text\">Digital Kitchen Timer, Wielofunkcyjny Cube Timer<\/span><\/a><\/p>\n","protected":false},"featured_media":489376,"comment_status":"closed","ping_status":"closed","template":"","meta":{"_links_to":"","_links_to_target":""},"yoast_head":"<!-- This site is optimized with the Yoast SEO plugin v19.4 - https:\/\/yoast.com\/wordpress\/plugins\/seo\/ -->\n<title>Digital Kitchen Timer, Wielofunkcyjny Cube Timer - Selleetools.com<\/title>\n<meta name=\"robots\" content=\"index, follow, max-snippet:-1, max-image-preview:large, max-video-preview:-1\" \/>\n<link rel=\"canonical\" href=\"https:\/\/admincentral.selleetools.com\/pl\/product\/digital-kitchen-timer-wielofunkcyjny-cube-timer\/\" \/>\n<meta property=\"og:locale\" content=\"pl_PL\" \/>\n<meta property=\"og:type\" content=\"article\" \/>\n<meta property=\"og:title\" content=\"Digital Kitchen Timer, Wielofunkcyjny Cube Timer - Selleetools.com\" \/>\n<meta property=\"og:description\" content=\"Przedstawiamy Wielofunkcyjny Cube Timer &#8211; innowacyjny cyfrowy timer kuchenny, kt\u00f3ry \u0142\u0105czy w sobie funkcjonalno\u015b\u0107 i nowoczesny design. Dzi\u0119ki swojemu kompaktowemu kszta\u0142towi w postaci kostki, idealnie wpisuje si\u0119 w przestrze\u0144 ka\u017cdej kuchni, oferuj\u0105c wszechstronne zastosowanie podczas gotowania, pieczenia czy przygotowywania da\u0144. Timer umo\u017cliwia ustawienie r\u00f3\u017cnych czas\u00f3w dla niezale\u017cnych zada\u0144, co jest niezwykle pomocne, gdy r\u00f3wnocze\u015bnie przygotowujesz ... Read moreDigital Kitchen Timer, Wielofunkcyjny Cube Timer\" \/>\n<meta property=\"og:url\" content=\"https:\/\/admincentral.selleetools.com\/pl\/product\/digital-kitchen-timer-wielofunkcyjny-cube-timer\/\" \/>\n<meta property=\"og:site_name\" content=\"Selleetools.com\" \/>\n<meta property=\"article:modified_time\" content=\"2025-08-08T12:04:20+00:00\" \/>\n<meta property=\"og:image\" content=\"https:\/\/selleetools.com\/wp-content\/uploads\/2025\/07\/cd641e6295749e6ff6c17e1477baeda2.webp\" \/>\n\t<meta property=\"og:image:width\" content=\"128\" \/>\n\t<meta property=\"og:image:height\" content=\"128\" \/>\n\t<meta property=\"og:image:type\" content=\"image\/webp\" \/>\n<meta name=\"twitter:card\" content=\"summary_large_image\" \/>\n<meta name=\"twitter:label1\" content=\"Est. reading time\" \/>\n\t<meta name=\"twitter:data1\" content=\"1 minuta\" \/>\n<!-- \/ Yoast SEO plugin. -->","yoast_head_json":{"title":"Digital Kitchen Timer, Wielofunkcyjny Cube Timer - Selleetools.com","robots":{"index":"index","follow":"follow","max-snippet":"max-snippet:-1","max-image-preview":"max-image-preview:large","max-video-preview":"max-video-preview:-1"},"canonical":"https:\/\/admincentral.selleetools.com\/pl\/product\/digital-kitchen-timer-wielofunkcyjny-cube-timer\/","og_locale":"pl_PL","og_type":"article","og_title":"Digital Kitchen Timer, Wielofunkcyjny Cube Timer - Selleetools.com","og_description":"Przedstawiamy Wielofunkcyjny Cube Timer &#8211; innowacyjny cyfrowy timer kuchenny, kt\u00f3ry \u0142\u0105czy w sobie funkcjonalno\u015b\u0107 i nowoczesny design. Dzi\u0119ki swojemu kompaktowemu kszta\u0142towi w postaci kostki, idealnie wpisuje si\u0119 w przestrze\u0144 ka\u017cdej kuchni, oferuj\u0105c wszechstronne zastosowanie podczas gotowania, pieczenia czy przygotowywania da\u0144. Timer umo\u017cliwia ustawienie r\u00f3\u017cnych czas\u00f3w dla niezale\u017cnych zada\u0144, co jest niezwykle pomocne, gdy r\u00f3wnocze\u015bnie przygotowujesz ... Read moreDigital Kitchen Timer, Wielofunkcyjny Cube Timer","og_url":"https:\/\/admincentral.selleetools.com\/pl\/product\/digital-kitchen-timer-wielofunkcyjny-cube-timer\/","og_site_name":"Selleetools.com","article_modified_time":"2025-08-08T12:04:20+00:00","og_image":[{"width":128,"height":128,"url":"https:\/\/selleetools.com\/wp-content\/uploads\/2025\/07\/cd641e6295749e6ff6c17e1477baeda2.webp","type":"image\/webp"}],"twitter_card":"summary_large_image","twitter_misc":{"Est. reading time":"1 minuta"},"schema":{"@context":"https:\/\/schema.org","@graph":[{"@type":"Organization","@id":"https:\/\/selleetools.com\/#organization","name":"Selleetools","url":"https:\/\/selleetools.com\/","sameAs":[],"logo":{"@type":"ImageObject","inLanguage":"pl-PL","@id":"https:\/\/selleetools.com\/#\/schema\/logo\/image\/","url":"https:\/\/selleetools.com\/wp-content\/uploads\/2021\/10\/logo-dark.png","contentUrl":"https:\/\/selleetools.com\/wp-content\/uploads\/2021\/10\/logo-dark.png","width":320,"height":76,"caption":"Selleetools"},"image":{"@id":"https:\/\/selleetools.com\/#\/schema\/logo\/image\/"}},{"@type":"WebSite","@id":"https:\/\/selleetools.com\/#website","url":"https:\/\/selleetools.com\/","name":"Selleetools.com","description":"","publisher":{"@id":"https:\/\/selleetools.com\/#organization"},"potentialAction":[{"@type":"SearchAction","target":{"@type":"EntryPoint","urlTemplate":"https:\/\/selleetools.com\/?s={search_term_string}"},"query-input":"required name=search_term_string"}],"inLanguage":"pl-PL"},{"@type":"WebPage","@id":"https:\/\/admincentral.selleetools.com\/pl\/product\/digital-kitchen-timer-wielofunkcyjny-cube-timer\/","url":"https:\/\/admincentral.selleetools.com\/pl\/product\/digital-kitchen-timer-wielofunkcyjny-cube-timer\/","name":"Digital Kitchen Timer, Wielofunkcyjny Cube Timer - Selleetools.com","isPartOf":{"@id":"https:\/\/selleetools.com\/#website"},"datePublished":"2025-07-06T12:25:17+00:00","dateModified":"2025-08-08T12:04:20+00:00","breadcrumb":{"@id":"https:\/\/admincentral.selleetools.com\/pl\/product\/digital-kitchen-timer-wielofunkcyjny-cube-timer\/#breadcrumb"},"inLanguage":"pl-PL","potentialAction":[{"@type":"ReadAction","target":["https:\/\/admincentral.selleetools.com\/pl\/product\/digital-kitchen-timer-wielofunkcyjny-cube-timer\/"]}]},{"@type":"BreadcrumbList","@id":"https:\/\/admincentral.selleetools.com\/pl\/product\/digital-kitchen-timer-wielofunkcyjny-cube-timer\/#breadcrumb","itemListElement":[{"@type":"ListItem","position":1,"name":"Home","item":"https:\/\/selleetools.com\/pl\/"},{"@type":"ListItem","position":2,"name":"Katalog","item":"https:\/\/selleetools.com\/pl\/katalog\/"},{"@type":"ListItem","position":3,"name":"Digital Kitchen Timer, Wielofunkcyjny Cube Timer"}]}]}},"_links":{"self":[{"href":"https:\/\/selleetools.com\/pl\/wp-json\/wp\/v2\/product\/489392"}],"collection":[{"href":"https:\/\/selleetools.com\/pl\/wp-json\/wp\/v2\/product"}],"about":[{"href":"https:\/\/selleetools.com\/pl\/wp-json\/wp\/v2\/types\/product"}],"replies":[{"embeddable":true,"href":"https:\/\/selleetools.com\/pl\/wp-json\/wp\/v2\/comments?post=489392"}],"wp:featuredmedia":[{"embeddable":true,"href":"https:\/\/selleetools.com\/pl\/wp-json\/wp\/v2\/media\/489376"}],"wp:attachment":[{"href":"https:\/\/selleetools.com\/pl\/wp-json\/wp\/v2\/media?parent=489392"}],"curies":[{"name":"wp","href":"https:\/\/api.w.org\/{rel}","templated":true}]}}