{"id":489375,"date":"2025-07-06T14:25:12","date_gmt":"2025-07-06T12:25:12","guid":{"rendered":"https:\/\/selleetools.com\/?post_type=product&#038;p=489375"},"modified":"2025-12-02T20:19:20","modified_gmt":"2025-12-02T19:19:20","slug":"kotwy-o-duzej-wytrzymalosci-markiza-namiot-przyssawka-hak-samochod","status":"publish","type":"product","link":"https:\/\/selleetools.com\/pl\/product\/kotwy-o-duzej-wytrzymalosci-markiza-namiot-przyssawka-hak-samochod\/","title":{"rendered":"KOTWY O DU\u017bEJ WYTRZYMA\u0141O\u015aCI MARKIZA NAMIOT PRZYSSAWKA HAK SAMOCH\u00d3D"},"content":{"rendered":"<p>Markiza przyssawka KOTWY to niezawodne rozwi\u0105zanie dla os\u00f3b ceni\u0105cych sobie wszechstronno\u015b\u0107 i \u0142atwo\u015b\u0107 u\u017cytkowania w ka\u017cdych warunkach. Wyposa\u017cona w mocne haki i przyssawki, idealnie sprawdzi si\u0119 w zastosowaniach outdoorowych, takich jak biwaki, pla\u017cowanie czy pikniki. Wysoka jako\u015b\u0107 materia\u0142\u00f3w zapewnia du\u017c\u0105 wytrzyma\u0142o\u015b\u0107 oraz odporno\u015b\u0107 na r\u00f3\u017cne warunki atmosferyczne, co przek\u0142ada si\u0119 na d\u0142ugotrwa\u0142e u\u017cytkowanie.<\/p>\n<p>Produkt zosta\u0142 zaprojektowany z my\u015bl\u0105 o prostocie monta\u017cu, co sprawia, \u017ce mo\u017cna go zainstalowa\u0107 na aucie lub innej powierzchni w zaledwie kilka chwil. Dzi\u0119ki kompaktowym wymiarom, jest lekki i \u0142atwy do transportu, co czyni go doskona\u0142ym towarzyszem ka\u017cdej przygody. Dodatkowo, estetyczny design sprawia, \u017ce markiza prezentuje si\u0119 elegancko w ka\u017cdych warunkach.<\/p>\n<p>Wybieraj\u0105c markiz\u0119 KOTWY, inwestujesz w jako\u015b\u0107 i funkcjonalno\u015b\u0107, kt\u00f3re umil\u0105 Twoje chwile sp\u0119dzone na \u015bwie\u017cym powietrzu.<\/p>\n","protected":false},"excerpt":{"rendered":"<p>Markiza przyssawka KOTWY to niezawodne rozwi\u0105zanie dla os\u00f3b ceni\u0105cych sobie wszechstronno\u015b\u0107 i \u0142atwo\u015b\u0107 u\u017cytkowania w ka\u017cdych warunkach. Wyposa\u017cona w mocne haki i przyssawki, idealnie sprawdzi si\u0119 w zastosowaniach outdoorowych, takich jak biwaki, pla\u017cowanie czy pikniki. Wysoka jako\u015b\u0107 materia\u0142\u00f3w zapewnia du\u017c\u0105 wytrzyma\u0142o\u015b\u0107 oraz odporno\u015b\u0107 na r\u00f3\u017cne warunki atmosferyczne, co przek\u0142ada si\u0119 na d\u0142ugotrwa\u0142e u\u017cytkowanie. Produkt zosta\u0142 &#8230; <a title=\"KOTWY O DU\u017bEJ WYTRZYMA\u0141O\u015aCI MARKIZA NAMIOT PRZYSSAWKA HAK SAMOCH\u00d3D\" class=\"read-more\" href=\"https:\/\/selleetools.com\/pl\/product\/kotwy-o-duzej-wytrzymalosci-markiza-namiot-przyssawka-hak-samochod\/\">Read more<span class=\"screen-reader-text\">KOTWY O DU\u017bEJ WYTRZYMA\u0141O\u015aCI MARKIZA NAMIOT PRZYSSAWKA HAK SAMOCH\u00d3D<\/span><\/a><\/p>\n","protected":false},"featured_media":489355,"comment_status":"closed","ping_status":"closed","template":"","meta":{"_links_to":"","_links_to_target":""},"yoast_head":"<!-- This site is optimized with the Yoast SEO plugin v19.4 - https:\/\/yoast.com\/wordpress\/plugins\/seo\/ -->\n<title>KOTWY O DU\u017bEJ WYTRZYMA\u0141O\u015aCI MARKIZA NAMIOT PRZYSSAWKA HAK SAMOCH\u00d3D - Selleetools.com<\/title>\n<meta name=\"robots\" content=\"index, follow, max-snippet:-1, max-image-preview:large, max-video-preview:-1\" \/>\n<link rel=\"canonical\" href=\"https:\/\/selleetools.com\/pl\/product\/kotwy-o-duzej-wytrzymalosci-markiza-namiot-przyssawka-hak-samochod\/\" \/>\n<meta property=\"og:locale\" content=\"pl_PL\" \/>\n<meta property=\"og:type\" content=\"article\" \/>\n<meta property=\"og:title\" content=\"KOTWY O DU\u017bEJ WYTRZYMA\u0141O\u015aCI MARKIZA NAMIOT PRZYSSAWKA HAK SAMOCH\u00d3D - Selleetools.com\" \/>\n<meta property=\"og:description\" content=\"Markiza przyssawka KOTWY to niezawodne rozwi\u0105zanie dla os\u00f3b ceni\u0105cych sobie wszechstronno\u015b\u0107 i \u0142atwo\u015b\u0107 u\u017cytkowania w ka\u017cdych warunkach. Wyposa\u017cona w mocne haki i przyssawki, idealnie sprawdzi si\u0119 w zastosowaniach outdoorowych, takich jak biwaki, pla\u017cowanie czy pikniki. Wysoka jako\u015b\u0107 materia\u0142\u00f3w zapewnia du\u017c\u0105 wytrzyma\u0142o\u015b\u0107 oraz odporno\u015b\u0107 na r\u00f3\u017cne warunki atmosferyczne, co przek\u0142ada si\u0119 na d\u0142ugotrwa\u0142e u\u017cytkowanie. Produkt zosta\u0142 ... Read moreKOTWY O DU\u017bEJ WYTRZYMA\u0141O\u015aCI MARKIZA NAMIOT PRZYSSAWKA HAK SAMOCH\u00d3D\" \/>\n<meta property=\"og:url\" content=\"https:\/\/selleetools.com\/pl\/product\/kotwy-o-duzej-wytrzymalosci-markiza-namiot-przyssawka-hak-samochod\/\" \/>\n<meta property=\"og:site_name\" content=\"Selleetools.com\" \/>\n<meta property=\"article:modified_time\" content=\"2025-12-02T19:19:20+00:00\" \/>\n<meta property=\"og:image\" content=\"https:\/\/selleetools.com\/wp-content\/uploads\/2025\/07\/379f8881aae926283e22b1f51eef0b48.webp\" \/>\n\t<meta property=\"og:image:width\" content=\"128\" \/>\n\t<meta property=\"og:image:height\" content=\"128\" \/>\n\t<meta property=\"og:image:type\" content=\"image\/webp\" \/>\n<meta name=\"twitter:card\" content=\"summary_large_image\" \/>\n<meta name=\"twitter:label1\" content=\"Est. reading time\" \/>\n\t<meta name=\"twitter:data1\" content=\"1 minuta\" \/>\n<!-- \/ Yoast SEO plugin. -->","yoast_head_json":{"title":"KOTWY O DU\u017bEJ WYTRZYMA\u0141O\u015aCI MARKIZA NAMIOT PRZYSSAWKA HAK SAMOCH\u00d3D - Selleetools.com","robots":{"index":"index","follow":"follow","max-snippet":"max-snippet:-1","max-image-preview":"max-image-preview:large","max-video-preview":"max-video-preview:-1"},"canonical":"https:\/\/selleetools.com\/pl\/product\/kotwy-o-duzej-wytrzymalosci-markiza-namiot-przyssawka-hak-samochod\/","og_locale":"pl_PL","og_type":"article","og_title":"KOTWY O DU\u017bEJ WYTRZYMA\u0141O\u015aCI MARKIZA NAMIOT PRZYSSAWKA HAK SAMOCH\u00d3D - Selleetools.com","og_description":"Markiza przyssawka KOTWY to niezawodne rozwi\u0105zanie dla os\u00f3b ceni\u0105cych sobie wszechstronno\u015b\u0107 i \u0142atwo\u015b\u0107 u\u017cytkowania w ka\u017cdych warunkach. Wyposa\u017cona w mocne haki i przyssawki, idealnie sprawdzi si\u0119 w zastosowaniach outdoorowych, takich jak biwaki, pla\u017cowanie czy pikniki. Wysoka jako\u015b\u0107 materia\u0142\u00f3w zapewnia du\u017c\u0105 wytrzyma\u0142o\u015b\u0107 oraz odporno\u015b\u0107 na r\u00f3\u017cne warunki atmosferyczne, co przek\u0142ada si\u0119 na d\u0142ugotrwa\u0142e u\u017cytkowanie. Produkt zosta\u0142 ... Read moreKOTWY O DU\u017bEJ WYTRZYMA\u0141O\u015aCI MARKIZA NAMIOT PRZYSSAWKA HAK SAMOCH\u00d3D","og_url":"https:\/\/selleetools.com\/pl\/product\/kotwy-o-duzej-wytrzymalosci-markiza-namiot-przyssawka-hak-samochod\/","og_site_name":"Selleetools.com","article_modified_time":"2025-12-02T19:19:20+00:00","og_image":[{"width":128,"height":128,"url":"https:\/\/selleetools.com\/wp-content\/uploads\/2025\/07\/379f8881aae926283e22b1f51eef0b48.webp","type":"image\/webp"}],"twitter_card":"summary_large_image","twitter_misc":{"Est. reading time":"1 minuta"},"schema":{"@context":"https:\/\/schema.org","@graph":[{"@type":"Organization","@id":"https:\/\/selleetools.com\/#organization","name":"Selleetools","url":"https:\/\/selleetools.com\/","sameAs":[],"logo":{"@type":"ImageObject","inLanguage":"pl-PL","@id":"https:\/\/selleetools.com\/#\/schema\/logo\/image\/","url":"https:\/\/selleetools.com\/wp-content\/uploads\/2021\/10\/logo-dark.png","contentUrl":"https:\/\/selleetools.com\/wp-content\/uploads\/2021\/10\/logo-dark.png","width":320,"height":76,"caption":"Selleetools"},"image":{"@id":"https:\/\/selleetools.com\/#\/schema\/logo\/image\/"}},{"@type":"WebSite","@id":"https:\/\/selleetools.com\/#website","url":"https:\/\/selleetools.com\/","name":"Selleetools.com","description":"","publisher":{"@id":"https:\/\/selleetools.com\/#organization"},"potentialAction":[{"@type":"SearchAction","target":{"@type":"EntryPoint","urlTemplate":"https:\/\/selleetools.com\/?s={search_term_string}"},"query-input":"required name=search_term_string"}],"inLanguage":"pl-PL"},{"@type":"WebPage","@id":"https:\/\/selleetools.com\/pl\/product\/kotwy-o-duzej-wytrzymalosci-markiza-namiot-przyssawka-hak-samochod\/","url":"https:\/\/selleetools.com\/pl\/product\/kotwy-o-duzej-wytrzymalosci-markiza-namiot-przyssawka-hak-samochod\/","name":"KOTWY O DU\u017bEJ WYTRZYMA\u0141O\u015aCI MARKIZA NAMIOT PRZYSSAWKA HAK SAMOCH\u00d3D - Selleetools.com","isPartOf":{"@id":"https:\/\/selleetools.com\/#website"},"datePublished":"2025-07-06T12:25:12+00:00","dateModified":"2025-12-02T19:19:20+00:00","breadcrumb":{"@id":"https:\/\/selleetools.com\/pl\/product\/kotwy-o-duzej-wytrzymalosci-markiza-namiot-przyssawka-hak-samochod\/#breadcrumb"},"inLanguage":"pl-PL","potentialAction":[{"@type":"ReadAction","target":["https:\/\/selleetools.com\/pl\/product\/kotwy-o-duzej-wytrzymalosci-markiza-namiot-przyssawka-hak-samochod\/"]}]},{"@type":"BreadcrumbList","@id":"https:\/\/selleetools.com\/pl\/product\/kotwy-o-duzej-wytrzymalosci-markiza-namiot-przyssawka-hak-samochod\/#breadcrumb","itemListElement":[{"@type":"ListItem","position":1,"name":"Home","item":"https:\/\/selleetools.com\/pl\/"},{"@type":"ListItem","position":2,"name":"Katalog","item":"https:\/\/selleetools.com\/pl\/katalog\/"},{"@type":"ListItem","position":3,"name":"KOTWY O DU\u017bEJ WYTRZYMA\u0141O\u015aCI MARKIZA NAMIOT PRZYSSAWKA HAK SAMOCH\u00d3D"}]}]}},"_links":{"self":[{"href":"https:\/\/selleetools.com\/pl\/wp-json\/wp\/v2\/product\/489375"}],"collection":[{"href":"https:\/\/selleetools.com\/pl\/wp-json\/wp\/v2\/product"}],"about":[{"href":"https:\/\/selleetools.com\/pl\/wp-json\/wp\/v2\/types\/product"}],"replies":[{"embeddable":true,"href":"https:\/\/selleetools.com\/pl\/wp-json\/wp\/v2\/comments?post=489375"}],"wp:featuredmedia":[{"embeddable":true,"href":"https:\/\/selleetools.com\/pl\/wp-json\/wp\/v2\/media\/489355"}],"wp:attachment":[{"href":"https:\/\/selleetools.com\/pl\/wp-json\/wp\/v2\/media?parent=489375"}],"curies":[{"name":"wp","href":"https:\/\/api.w.org\/{rel}","templated":true}]}}