{"id":489354,"date":"2025-07-06T14:25:07","date_gmt":"2025-07-06T12:25:07","guid":{"rendered":"https:\/\/selleetools.com\/?post_type=product&#038;p=489354"},"modified":"2025-12-02T20:19:20","modified_gmt":"2025-12-02T19:19:20","slug":"cisnieniomierz-nadgarstkowy-sanitas-sbc-22-w-pelni-automatyczny-pomiar-cisnienia-krwi-i-tetna","status":"publish","type":"product","link":"https:\/\/selleetools.com\/pl\/product\/cisnieniomierz-nadgarstkowy-sanitas-sbc-22-w-pelni-automatyczny-pomiar-cisnienia-krwi-i-tetna\/","title":{"rendered":"Ci\u015bnieniomierz nadgarstkowy Sanitas SBC 22 w pe\u0142ni automatyczny pomiar ci\u015bnienia krwi i t\u0119tna"},"content":{"rendered":"<p>Ci\u015bnieniomierz nadgarstkowy Sanitas SBC 22 to innowacyjne urz\u0105dzenie, kt\u00f3re umo\u017cliwia w pe\u0142ni automatyczny pomiar ci\u015bnienia krwi oraz t\u0119tna. Dzi\u0119ki swojej kompaktowej konstrukcji, idealnie sprawdzi si\u0119 zar\u00f3wno w domu, jak i w podr\u00f3\u017cy. Wystarczy umie\u015bci\u0107 go na nadgarstku i nacisn\u0105\u0107 przycisk, a urz\u0105dzenie samo przeprowadzi pomiar, dostarczaj\u0105c dok\u0142adne i wiarygodne wyniki na wy\u015bwietlaczu LCD.<\/p>\n<p>Sanitas SBC 22 oferuje mo\u017cliwo\u015b\u0107 zapisywania wynik\u00f3w pomiar\u00f3w, co pozwala na monitorowanie zmian ci\u015bnienia krwi w czasie. Jego intuicyjna obs\u0142uga oraz czytelny interfejs sprawiaj\u0105, \u017ce jest idealnym rozwi\u0105zaniem dla os\u00f3b, kt\u00f3re dbaj\u0105 o swoje zdrowie i pragn\u0105 mie\u0107 kontrol\u0119 nad swoimi parametrami \u017cyciowymi.<\/p>\n<p>Dodatkowo, urz\u0105dzenie wyposa\u017cone jest w funkcje wykrywania arytmii, co zwi\u0119ksza bezpiecze\u0144stwo u\u017cytkowania. Dzi\u0119ki swojemu eleganckiemu designowi, Ci\u015bnieniomierz Sanitas SBC 22 doskonale komponuje si\u0119 z nowoczesnym wn\u0119trzem. Zainwestuj w swoje zdrowie i komfort ju\u017c dzi\u015b, wybieraj\u0105c ten niezawodny ci\u015bnieniomierz.<\/p>\n","protected":false},"excerpt":{"rendered":"<p>Ci\u015bnieniomierz nadgarstkowy Sanitas SBC 22 to innowacyjne urz\u0105dzenie, kt\u00f3re umo\u017cliwia w pe\u0142ni automatyczny pomiar ci\u015bnienia krwi oraz t\u0119tna. Dzi\u0119ki swojej kompaktowej konstrukcji, idealnie sprawdzi si\u0119 zar\u00f3wno w domu, jak i w podr\u00f3\u017cy. Wystarczy umie\u015bci\u0107 go na nadgarstku i nacisn\u0105\u0107 przycisk, a urz\u0105dzenie samo przeprowadzi pomiar, dostarczaj\u0105c dok\u0142adne i wiarygodne wyniki na wy\u015bwietlaczu LCD. Sanitas SBC &#8230; <a title=\"Ci\u015bnieniomierz nadgarstkowy Sanitas SBC 22 w pe\u0142ni automatyczny pomiar ci\u015bnienia krwi i t\u0119tna\" class=\"read-more\" href=\"https:\/\/selleetools.com\/pl\/product\/cisnieniomierz-nadgarstkowy-sanitas-sbc-22-w-pelni-automatyczny-pomiar-cisnienia-krwi-i-tetna\/\">Read more<span class=\"screen-reader-text\">Ci\u015bnieniomierz nadgarstkowy Sanitas SBC 22 w pe\u0142ni automatyczny pomiar ci\u015bnienia krwi i t\u0119tna<\/span><\/a><\/p>\n","protected":false},"featured_media":489346,"comment_status":"closed","ping_status":"closed","template":"","meta":{"_links_to":"","_links_to_target":""},"yoast_head":"<!-- This site is optimized with the Yoast SEO plugin v19.4 - https:\/\/yoast.com\/wordpress\/plugins\/seo\/ -->\n<title>Ci\u015bnieniomierz nadgarstkowy Sanitas SBC 22 w pe\u0142ni automatyczny pomiar ci\u015bnienia krwi i t\u0119tna - Selleetools.com<\/title>\n<meta name=\"robots\" content=\"index, follow, max-snippet:-1, max-image-preview:large, max-video-preview:-1\" \/>\n<link rel=\"canonical\" href=\"https:\/\/selleetools.com\/pl\/product\/cisnieniomierz-nadgarstkowy-sanitas-sbc-22-w-pelni-automatyczny-pomiar-cisnienia-krwi-i-tetna\/\" \/>\n<meta property=\"og:locale\" content=\"pl_PL\" \/>\n<meta property=\"og:type\" content=\"article\" \/>\n<meta property=\"og:title\" content=\"Ci\u015bnieniomierz nadgarstkowy Sanitas SBC 22 w pe\u0142ni automatyczny pomiar ci\u015bnienia krwi i t\u0119tna - Selleetools.com\" \/>\n<meta property=\"og:description\" content=\"Ci\u015bnieniomierz nadgarstkowy Sanitas SBC 22 to innowacyjne urz\u0105dzenie, kt\u00f3re umo\u017cliwia w pe\u0142ni automatyczny pomiar ci\u015bnienia krwi oraz t\u0119tna. Dzi\u0119ki swojej kompaktowej konstrukcji, idealnie sprawdzi si\u0119 zar\u00f3wno w domu, jak i w podr\u00f3\u017cy. Wystarczy umie\u015bci\u0107 go na nadgarstku i nacisn\u0105\u0107 przycisk, a urz\u0105dzenie samo przeprowadzi pomiar, dostarczaj\u0105c dok\u0142adne i wiarygodne wyniki na wy\u015bwietlaczu LCD. Sanitas SBC ... Read moreCi\u015bnieniomierz nadgarstkowy Sanitas SBC 22 w pe\u0142ni automatyczny pomiar ci\u015bnienia krwi i t\u0119tna\" \/>\n<meta property=\"og:url\" content=\"https:\/\/selleetools.com\/pl\/product\/cisnieniomierz-nadgarstkowy-sanitas-sbc-22-w-pelni-automatyczny-pomiar-cisnienia-krwi-i-tetna\/\" \/>\n<meta property=\"og:site_name\" content=\"Selleetools.com\" \/>\n<meta property=\"article:modified_time\" content=\"2025-12-02T19:19:20+00:00\" \/>\n<meta property=\"og:image\" content=\"https:\/\/selleetools.com\/wp-content\/uploads\/2025\/07\/8e4bb86a6859370b40d29711983b9ff3.webp\" \/>\n\t<meta property=\"og:image:width\" content=\"1335\" \/>\n\t<meta property=\"og:image:height\" content=\"1500\" \/>\n\t<meta property=\"og:image:type\" content=\"image\/webp\" \/>\n<meta name=\"twitter:card\" content=\"summary_large_image\" \/>\n<meta name=\"twitter:label1\" content=\"Est. reading time\" \/>\n\t<meta name=\"twitter:data1\" content=\"1 minuta\" \/>\n<!-- \/ Yoast SEO plugin. -->","yoast_head_json":{"title":"Ci\u015bnieniomierz nadgarstkowy Sanitas SBC 22 w pe\u0142ni automatyczny pomiar ci\u015bnienia krwi i t\u0119tna - Selleetools.com","robots":{"index":"index","follow":"follow","max-snippet":"max-snippet:-1","max-image-preview":"max-image-preview:large","max-video-preview":"max-video-preview:-1"},"canonical":"https:\/\/selleetools.com\/pl\/product\/cisnieniomierz-nadgarstkowy-sanitas-sbc-22-w-pelni-automatyczny-pomiar-cisnienia-krwi-i-tetna\/","og_locale":"pl_PL","og_type":"article","og_title":"Ci\u015bnieniomierz nadgarstkowy Sanitas SBC 22 w pe\u0142ni automatyczny pomiar ci\u015bnienia krwi i t\u0119tna - Selleetools.com","og_description":"Ci\u015bnieniomierz nadgarstkowy Sanitas SBC 22 to innowacyjne urz\u0105dzenie, kt\u00f3re umo\u017cliwia w pe\u0142ni automatyczny pomiar ci\u015bnienia krwi oraz t\u0119tna. Dzi\u0119ki swojej kompaktowej konstrukcji, idealnie sprawdzi si\u0119 zar\u00f3wno w domu, jak i w podr\u00f3\u017cy. Wystarczy umie\u015bci\u0107 go na nadgarstku i nacisn\u0105\u0107 przycisk, a urz\u0105dzenie samo przeprowadzi pomiar, dostarczaj\u0105c dok\u0142adne i wiarygodne wyniki na wy\u015bwietlaczu LCD. Sanitas SBC ... Read moreCi\u015bnieniomierz nadgarstkowy Sanitas SBC 22 w pe\u0142ni automatyczny pomiar ci\u015bnienia krwi i t\u0119tna","og_url":"https:\/\/selleetools.com\/pl\/product\/cisnieniomierz-nadgarstkowy-sanitas-sbc-22-w-pelni-automatyczny-pomiar-cisnienia-krwi-i-tetna\/","og_site_name":"Selleetools.com","article_modified_time":"2025-12-02T19:19:20+00:00","og_image":[{"width":1335,"height":1500,"url":"https:\/\/selleetools.com\/wp-content\/uploads\/2025\/07\/8e4bb86a6859370b40d29711983b9ff3.webp","type":"image\/webp"}],"twitter_card":"summary_large_image","twitter_misc":{"Est. reading time":"1 minuta"},"schema":{"@context":"https:\/\/schema.org","@graph":[{"@type":"Organization","@id":"https:\/\/selleetools.com\/#organization","name":"Selleetools","url":"https:\/\/selleetools.com\/","sameAs":[],"logo":{"@type":"ImageObject","inLanguage":"pl-PL","@id":"https:\/\/selleetools.com\/#\/schema\/logo\/image\/","url":"https:\/\/selleetools.com\/wp-content\/uploads\/2021\/10\/logo-dark.png","contentUrl":"https:\/\/selleetools.com\/wp-content\/uploads\/2021\/10\/logo-dark.png","width":320,"height":76,"caption":"Selleetools"},"image":{"@id":"https:\/\/selleetools.com\/#\/schema\/logo\/image\/"}},{"@type":"WebSite","@id":"https:\/\/selleetools.com\/#website","url":"https:\/\/selleetools.com\/","name":"Selleetools.com","description":"","publisher":{"@id":"https:\/\/selleetools.com\/#organization"},"potentialAction":[{"@type":"SearchAction","target":{"@type":"EntryPoint","urlTemplate":"https:\/\/selleetools.com\/?s={search_term_string}"},"query-input":"required name=search_term_string"}],"inLanguage":"pl-PL"},{"@type":"WebPage","@id":"https:\/\/selleetools.com\/pl\/product\/cisnieniomierz-nadgarstkowy-sanitas-sbc-22-w-pelni-automatyczny-pomiar-cisnienia-krwi-i-tetna\/","url":"https:\/\/selleetools.com\/pl\/product\/cisnieniomierz-nadgarstkowy-sanitas-sbc-22-w-pelni-automatyczny-pomiar-cisnienia-krwi-i-tetna\/","name":"Ci\u015bnieniomierz nadgarstkowy Sanitas SBC 22 w pe\u0142ni automatyczny pomiar ci\u015bnienia krwi i t\u0119tna - Selleetools.com","isPartOf":{"@id":"https:\/\/selleetools.com\/#website"},"datePublished":"2025-07-06T12:25:07+00:00","dateModified":"2025-12-02T19:19:20+00:00","breadcrumb":{"@id":"https:\/\/selleetools.com\/pl\/product\/cisnieniomierz-nadgarstkowy-sanitas-sbc-22-w-pelni-automatyczny-pomiar-cisnienia-krwi-i-tetna\/#breadcrumb"},"inLanguage":"pl-PL","potentialAction":[{"@type":"ReadAction","target":["https:\/\/selleetools.com\/pl\/product\/cisnieniomierz-nadgarstkowy-sanitas-sbc-22-w-pelni-automatyczny-pomiar-cisnienia-krwi-i-tetna\/"]}]},{"@type":"BreadcrumbList","@id":"https:\/\/selleetools.com\/pl\/product\/cisnieniomierz-nadgarstkowy-sanitas-sbc-22-w-pelni-automatyczny-pomiar-cisnienia-krwi-i-tetna\/#breadcrumb","itemListElement":[{"@type":"ListItem","position":1,"name":"Home","item":"https:\/\/selleetools.com\/pl\/"},{"@type":"ListItem","position":2,"name":"Katalog","item":"https:\/\/selleetools.com\/pl\/katalog\/"},{"@type":"ListItem","position":3,"name":"Ci\u015bnieniomierz nadgarstkowy Sanitas SBC 22 w pe\u0142ni automatyczny pomiar ci\u015bnienia krwi i t\u0119tna"}]}]}},"_links":{"self":[{"href":"https:\/\/selleetools.com\/pl\/wp-json\/wp\/v2\/product\/489354"}],"collection":[{"href":"https:\/\/selleetools.com\/pl\/wp-json\/wp\/v2\/product"}],"about":[{"href":"https:\/\/selleetools.com\/pl\/wp-json\/wp\/v2\/types\/product"}],"replies":[{"embeddable":true,"href":"https:\/\/selleetools.com\/pl\/wp-json\/wp\/v2\/comments?post=489354"}],"wp:featuredmedia":[{"embeddable":true,"href":"https:\/\/selleetools.com\/pl\/wp-json\/wp\/v2\/media\/489346"}],"wp:attachment":[{"href":"https:\/\/selleetools.com\/pl\/wp-json\/wp\/v2\/media?parent=489354"}],"curies":[{"name":"wp","href":"https:\/\/api.w.org\/{rel}","templated":true}]}}