{"id":489345,"date":"2025-07-06T14:24:59","date_gmt":"2025-07-06T12:24:59","guid":{"rendered":"https:\/\/selleetools.com\/?post_type=product&#038;p=489345"},"modified":"2025-08-08T14:04:20","modified_gmt":"2025-08-08T12:04:20","slug":"szczoteczka-do-czyszczenia-twarzy-sanitas-z-2-poziomami-obrotu-wysylka-tego-samego-dnia","status":"publish","type":"product","link":"https:\/\/selleetools.com\/pl\/product\/szczoteczka-do-czyszczenia-twarzy-sanitas-z-2-poziomami-obrotu-wysylka-tego-samego-dnia\/","title":{"rendered":"SZCZOTECZKA DO CZYSZCZENIA TWARZY SANITAS Z 2 POZIOMAMI OBROTU \/ WYSY\u0141KA TEGO SAMEGO DNIA"},"content":{"rendered":"<p>Szczoteczka do czyszczenia twarzy Sanitas to innowacyjne urz\u0105dzenie, kt\u00f3re oferuje dwa poziomy obrotu, umo\u017cliwiaj\u0105ce dostosowanie intensywno\u015bci czyszczenia do indywidualnych potrzeb. Dzi\u0119ki zastosowanej technologii, skutecznie usuwa zanieczyszczenia, makija\u017c oraz martwy nask\u00f3rek, zapewniaj\u0105c g\u0142adk\u0105 i promienn\u0105 cer\u0119. Ergonomiczna budowa szczoteczki sprawia, \u017ce jest \u0142atwa w u\u017cyciu, a jej kompaktowe wymiary umo\u017cliwiaj\u0105 zabranie jej wsz\u0119dzie. Produkt dost\u0119pny do wysy\u0142ki w dniu zakupu, co gwarantuje szybk\u0105 realizacj\u0119 zam\u00f3wienia. Idealny wyb\u00f3r dla os\u00f3b pragn\u0105cych zadba\u0107 o swoj\u0105 sk\u00f3r\u0119 i wprowadzi\u0107 skuteczn\u0105 rutyn\u0119 piel\u0119gnacyjn\u0105.<\/p>\n","protected":false},"excerpt":{"rendered":"<p>Szczoteczka do czyszczenia twarzy Sanitas to innowacyjne urz\u0105dzenie, kt\u00f3re oferuje dwa poziomy obrotu, umo\u017cliwiaj\u0105ce dostosowanie intensywno\u015bci czyszczenia do indywidualnych potrzeb. Dzi\u0119ki zastosowanej technologii, skutecznie usuwa zanieczyszczenia, makija\u017c oraz martwy nask\u00f3rek, zapewniaj\u0105c g\u0142adk\u0105 i promienn\u0105 cer\u0119. Ergonomiczna budowa szczoteczki sprawia, \u017ce jest \u0142atwa w u\u017cyciu, a jej kompaktowe wymiary umo\u017cliwiaj\u0105 zabranie jej wsz\u0119dzie. Produkt dost\u0119pny do &#8230; <a title=\"SZCZOTECZKA DO CZYSZCZENIA TWARZY SANITAS Z 2 POZIOMAMI OBROTU \/ WYSY\u0141KA TEGO SAMEGO DNIA\" class=\"read-more\" href=\"https:\/\/selleetools.com\/pl\/product\/szczoteczka-do-czyszczenia-twarzy-sanitas-z-2-poziomami-obrotu-wysylka-tego-samego-dnia\/\">Read more<span class=\"screen-reader-text\">SZCZOTECZKA DO CZYSZCZENIA TWARZY SANITAS Z 2 POZIOMAMI OBROTU \/ WYSY\u0141KA TEGO SAMEGO DNIA<\/span><\/a><\/p>\n","protected":false},"featured_media":489331,"comment_status":"closed","ping_status":"closed","template":"","meta":{"_links_to":"","_links_to_target":""},"yoast_head":"<!-- This site is optimized with the Yoast SEO plugin v19.4 - https:\/\/yoast.com\/wordpress\/plugins\/seo\/ -->\n<title>SZCZOTECZKA DO CZYSZCZENIA TWARZY SANITAS Z 2 POZIOMAMI OBROTU \/ WYSY\u0141KA TEGO SAMEGO DNIA - Selleetools.com<\/title>\n<meta name=\"robots\" content=\"index, follow, max-snippet:-1, max-image-preview:large, max-video-preview:-1\" \/>\n<link rel=\"canonical\" href=\"https:\/\/selleetools.com\/pl\/product\/szczoteczka-do-czyszczenia-twarzy-sanitas-z-2-poziomami-obrotu-wysylka-tego-samego-dnia\/\" \/>\n<meta property=\"og:locale\" content=\"pl_PL\" \/>\n<meta property=\"og:type\" content=\"article\" \/>\n<meta property=\"og:title\" content=\"SZCZOTECZKA DO CZYSZCZENIA TWARZY SANITAS Z 2 POZIOMAMI OBROTU \/ WYSY\u0141KA TEGO SAMEGO DNIA - Selleetools.com\" \/>\n<meta property=\"og:description\" content=\"Szczoteczka do czyszczenia twarzy Sanitas to innowacyjne urz\u0105dzenie, kt\u00f3re oferuje dwa poziomy obrotu, umo\u017cliwiaj\u0105ce dostosowanie intensywno\u015bci czyszczenia do indywidualnych potrzeb. Dzi\u0119ki zastosowanej technologii, skutecznie usuwa zanieczyszczenia, makija\u017c oraz martwy nask\u00f3rek, zapewniaj\u0105c g\u0142adk\u0105 i promienn\u0105 cer\u0119. Ergonomiczna budowa szczoteczki sprawia, \u017ce jest \u0142atwa w u\u017cyciu, a jej kompaktowe wymiary umo\u017cliwiaj\u0105 zabranie jej wsz\u0119dzie. Produkt dost\u0119pny do ... Read moreSZCZOTECZKA DO CZYSZCZENIA TWARZY SANITAS Z 2 POZIOMAMI OBROTU \/ WYSY\u0141KA TEGO SAMEGO DNIA\" \/>\n<meta property=\"og:url\" content=\"https:\/\/selleetools.com\/pl\/product\/szczoteczka-do-czyszczenia-twarzy-sanitas-z-2-poziomami-obrotu-wysylka-tego-samego-dnia\/\" \/>\n<meta property=\"og:site_name\" content=\"Selleetools.com\" \/>\n<meta property=\"article:modified_time\" content=\"2025-08-08T12:04:20+00:00\" \/>\n<meta property=\"og:image\" content=\"https:\/\/selleetools.com\/wp-content\/uploads\/2025\/07\/285640698ac90366a63c01846953873a.webp\" \/>\n\t<meta property=\"og:image:width\" content=\"772\" \/>\n\t<meta property=\"og:image:height\" content=\"579\" \/>\n\t<meta property=\"og:image:type\" content=\"image\/webp\" \/>\n<meta name=\"twitter:card\" content=\"summary_large_image\" \/>\n<!-- \/ Yoast SEO plugin. -->","yoast_head_json":{"title":"SZCZOTECZKA DO CZYSZCZENIA TWARZY SANITAS Z 2 POZIOMAMI OBROTU \/ WYSY\u0141KA TEGO SAMEGO DNIA - Selleetools.com","robots":{"index":"index","follow":"follow","max-snippet":"max-snippet:-1","max-image-preview":"max-image-preview:large","max-video-preview":"max-video-preview:-1"},"canonical":"https:\/\/selleetools.com\/pl\/product\/szczoteczka-do-czyszczenia-twarzy-sanitas-z-2-poziomami-obrotu-wysylka-tego-samego-dnia\/","og_locale":"pl_PL","og_type":"article","og_title":"SZCZOTECZKA DO CZYSZCZENIA TWARZY SANITAS Z 2 POZIOMAMI OBROTU \/ WYSY\u0141KA TEGO SAMEGO DNIA - Selleetools.com","og_description":"Szczoteczka do czyszczenia twarzy Sanitas to innowacyjne urz\u0105dzenie, kt\u00f3re oferuje dwa poziomy obrotu, umo\u017cliwiaj\u0105ce dostosowanie intensywno\u015bci czyszczenia do indywidualnych potrzeb. Dzi\u0119ki zastosowanej technologii, skutecznie usuwa zanieczyszczenia, makija\u017c oraz martwy nask\u00f3rek, zapewniaj\u0105c g\u0142adk\u0105 i promienn\u0105 cer\u0119. Ergonomiczna budowa szczoteczki sprawia, \u017ce jest \u0142atwa w u\u017cyciu, a jej kompaktowe wymiary umo\u017cliwiaj\u0105 zabranie jej wsz\u0119dzie. Produkt dost\u0119pny do ... Read moreSZCZOTECZKA DO CZYSZCZENIA TWARZY SANITAS Z 2 POZIOMAMI OBROTU \/ WYSY\u0141KA TEGO SAMEGO DNIA","og_url":"https:\/\/selleetools.com\/pl\/product\/szczoteczka-do-czyszczenia-twarzy-sanitas-z-2-poziomami-obrotu-wysylka-tego-samego-dnia\/","og_site_name":"Selleetools.com","article_modified_time":"2025-08-08T12:04:20+00:00","og_image":[{"width":772,"height":579,"url":"https:\/\/selleetools.com\/wp-content\/uploads\/2025\/07\/285640698ac90366a63c01846953873a.webp","type":"image\/webp"}],"twitter_card":"summary_large_image","schema":{"@context":"https:\/\/schema.org","@graph":[{"@type":"Organization","@id":"https:\/\/selleetools.com\/#organization","name":"Selleetools","url":"https:\/\/selleetools.com\/","sameAs":[],"logo":{"@type":"ImageObject","inLanguage":"pl-PL","@id":"https:\/\/selleetools.com\/#\/schema\/logo\/image\/","url":"https:\/\/selleetools.com\/wp-content\/uploads\/2021\/10\/logo-dark.png","contentUrl":"https:\/\/selleetools.com\/wp-content\/uploads\/2021\/10\/logo-dark.png","width":320,"height":76,"caption":"Selleetools"},"image":{"@id":"https:\/\/selleetools.com\/#\/schema\/logo\/image\/"}},{"@type":"WebSite","@id":"https:\/\/selleetools.com\/#website","url":"https:\/\/selleetools.com\/","name":"Selleetools.com","description":"","publisher":{"@id":"https:\/\/selleetools.com\/#organization"},"potentialAction":[{"@type":"SearchAction","target":{"@type":"EntryPoint","urlTemplate":"https:\/\/selleetools.com\/?s={search_term_string}"},"query-input":"required name=search_term_string"}],"inLanguage":"pl-PL"},{"@type":"WebPage","@id":"https:\/\/selleetools.com\/pl\/product\/szczoteczka-do-czyszczenia-twarzy-sanitas-z-2-poziomami-obrotu-wysylka-tego-samego-dnia\/","url":"https:\/\/selleetools.com\/pl\/product\/szczoteczka-do-czyszczenia-twarzy-sanitas-z-2-poziomami-obrotu-wysylka-tego-samego-dnia\/","name":"SZCZOTECZKA DO CZYSZCZENIA TWARZY SANITAS Z 2 POZIOMAMI OBROTU \/ WYSY\u0141KA TEGO SAMEGO DNIA - Selleetools.com","isPartOf":{"@id":"https:\/\/selleetools.com\/#website"},"datePublished":"2025-07-06T12:24:59+00:00","dateModified":"2025-08-08T12:04:20+00:00","breadcrumb":{"@id":"https:\/\/selleetools.com\/pl\/product\/szczoteczka-do-czyszczenia-twarzy-sanitas-z-2-poziomami-obrotu-wysylka-tego-samego-dnia\/#breadcrumb"},"inLanguage":"pl-PL","potentialAction":[{"@type":"ReadAction","target":["https:\/\/selleetools.com\/pl\/product\/szczoteczka-do-czyszczenia-twarzy-sanitas-z-2-poziomami-obrotu-wysylka-tego-samego-dnia\/"]}]},{"@type":"BreadcrumbList","@id":"https:\/\/selleetools.com\/pl\/product\/szczoteczka-do-czyszczenia-twarzy-sanitas-z-2-poziomami-obrotu-wysylka-tego-samego-dnia\/#breadcrumb","itemListElement":[{"@type":"ListItem","position":1,"name":"Home","item":"https:\/\/selleetools.com\/pl\/"},{"@type":"ListItem","position":2,"name":"Katalog","item":"https:\/\/selleetools.com\/pl\/katalog\/"},{"@type":"ListItem","position":3,"name":"SZCZOTECZKA DO CZYSZCZENIA TWARZY SANITAS Z 2 POZIOMAMI OBROTU \/ WYSY\u0141KA TEGO SAMEGO DNIA"}]}]}},"_links":{"self":[{"href":"https:\/\/selleetools.com\/pl\/wp-json\/wp\/v2\/product\/489345"}],"collection":[{"href":"https:\/\/selleetools.com\/pl\/wp-json\/wp\/v2\/product"}],"about":[{"href":"https:\/\/selleetools.com\/pl\/wp-json\/wp\/v2\/types\/product"}],"replies":[{"embeddable":true,"href":"https:\/\/selleetools.com\/pl\/wp-json\/wp\/v2\/comments?post=489345"}],"wp:featuredmedia":[{"embeddable":true,"href":"https:\/\/selleetools.com\/pl\/wp-json\/wp\/v2\/media\/489331"}],"wp:attachment":[{"href":"https:\/\/selleetools.com\/pl\/wp-json\/wp\/v2\/media?parent=489345"}],"curies":[{"name":"wp","href":"https:\/\/api.w.org\/{rel}","templated":true}]}}