{"id":489330,"date":"2025-07-06T14:24:53","date_gmt":"2025-07-06T12:24:53","guid":{"rendered":"https:\/\/selleetools.com\/?post_type=product&#038;p=489330"},"modified":"2025-12-02T20:19:20","modified_gmt":"2025-12-02T19:19:20","slug":"sanitas-mobilne-urzadzenie-ekg-sme-85-rytm-serca-technologia-bluetooth-smart-usb","status":"publish","type":"product","link":"https:\/\/selleetools.com\/pl\/product\/sanitas-mobilne-urzadzenie-ekg-sme-85-rytm-serca-technologia-bluetooth-smart-usb\/","title":{"rendered":"SANITAS Mobilne urz\u0105dzenie EKG SME 85 Rytm serca Technologia Bluetooth Smart USB"},"content":{"rendered":"<p>Przedstawiamy mobilne urz\u0105dzenie EKG SANITAS SME 85, kt\u00f3re pozwala na monitorowanie rytmu serca w komfortowy spos\u00f3b, gdziekolwiek jeste\u015b. Dzi\u0119ki zaawansowanej technologii Bluetooth Smart, urz\u0105dzenie umo\u017cliwia \u0142atwe i szybkie przesy\u0142anie danych do aplikacji mobilnej, co zapewnia wygodny dost\u0119p do wynik\u00f3w na smartfonie.<\/p>\n<p>SANITAS SME 85 charakteryzuje wyj\u0105tkow\u0105 precyzj\u0119, a jego intuicyjna obs\u0142uga sprawia, \u017ce jest idealnym rozwi\u0105zaniem zar\u00f3wno dla os\u00f3b aktywnych, jak i tych, kt\u00f3rzy chc\u0105 dok\u0142adnie \u015bledzi\u0107 stan swojego serca. Dzi\u0119ki funkcji USB, mo\u017cesz \u0142atwo \u0142adowa\u0107 urz\u0105dzenie oraz przechowywa\u0107 i analizowa\u0107 swoje dane na komputerze.<\/p>\n<p>To urz\u0105dzenie to nie tylko narz\u0119dzie do monitorowania, ale tak\u017ce partner w dbaniu o zdrowie, pozwalaj\u0105cy na bie\u017c\u0105co kontrolowa\u0107 rytm serca i identyfikowa\u0107 ewentualne nieprawid\u0142owo\u015bci. Inwestuj\u0105c w SANITAS SME 85, zyskujesz profesjonalne wsparcie w trosce o swoje zdrowie.<\/p>\n","protected":false},"excerpt":{"rendered":"<p>Przedstawiamy mobilne urz\u0105dzenie EKG SANITAS SME 85, kt\u00f3re pozwala na monitorowanie rytmu serca w komfortowy spos\u00f3b, gdziekolwiek jeste\u015b. Dzi\u0119ki zaawansowanej technologii Bluetooth Smart, urz\u0105dzenie umo\u017cliwia \u0142atwe i szybkie przesy\u0142anie danych do aplikacji mobilnej, co zapewnia wygodny dost\u0119p do wynik\u00f3w na smartfonie. SANITAS SME 85 charakteryzuje wyj\u0105tkow\u0105 precyzj\u0119, a jego intuicyjna obs\u0142uga sprawia, \u017ce jest idealnym &#8230; <a title=\"SANITAS Mobilne urz\u0105dzenie EKG SME 85 Rytm serca Technologia Bluetooth Smart USB\" class=\"read-more\" href=\"https:\/\/selleetools.com\/pl\/product\/sanitas-mobilne-urzadzenie-ekg-sme-85-rytm-serca-technologia-bluetooth-smart-usb\/\">Read more<span class=\"screen-reader-text\">SANITAS Mobilne urz\u0105dzenie EKG SME 85 Rytm serca Technologia Bluetooth Smart USB<\/span><\/a><\/p>\n","protected":false},"featured_media":489326,"comment_status":"closed","ping_status":"closed","template":"","meta":{"_links_to":"","_links_to_target":""},"yoast_head":"<!-- This site is optimized with the Yoast SEO plugin v19.4 - https:\/\/yoast.com\/wordpress\/plugins\/seo\/ -->\n<title>SANITAS Mobilne urz\u0105dzenie EKG SME 85 Rytm serca Technologia Bluetooth Smart USB - Selleetools.com<\/title>\n<meta name=\"robots\" content=\"index, follow, max-snippet:-1, max-image-preview:large, max-video-preview:-1\" \/>\n<link rel=\"canonical\" href=\"https:\/\/selleetools.com\/pl\/product\/sanitas-mobilne-urzadzenie-ekg-sme-85-rytm-serca-technologia-bluetooth-smart-usb\/\" \/>\n<meta property=\"og:locale\" content=\"pl_PL\" \/>\n<meta property=\"og:type\" content=\"article\" \/>\n<meta property=\"og:title\" content=\"SANITAS Mobilne urz\u0105dzenie EKG SME 85 Rytm serca Technologia Bluetooth Smart USB - Selleetools.com\" \/>\n<meta property=\"og:description\" content=\"Przedstawiamy mobilne urz\u0105dzenie EKG SANITAS SME 85, kt\u00f3re pozwala na monitorowanie rytmu serca w komfortowy spos\u00f3b, gdziekolwiek jeste\u015b. Dzi\u0119ki zaawansowanej technologii Bluetooth Smart, urz\u0105dzenie umo\u017cliwia \u0142atwe i szybkie przesy\u0142anie danych do aplikacji mobilnej, co zapewnia wygodny dost\u0119p do wynik\u00f3w na smartfonie. SANITAS SME 85 charakteryzuje wyj\u0105tkow\u0105 precyzj\u0119, a jego intuicyjna obs\u0142uga sprawia, \u017ce jest idealnym ... Read moreSANITAS Mobilne urz\u0105dzenie EKG SME 85 Rytm serca Technologia Bluetooth Smart USB\" \/>\n<meta property=\"og:url\" content=\"https:\/\/selleetools.com\/pl\/product\/sanitas-mobilne-urzadzenie-ekg-sme-85-rytm-serca-technologia-bluetooth-smart-usb\/\" \/>\n<meta property=\"og:site_name\" content=\"Selleetools.com\" \/>\n<meta property=\"article:modified_time\" content=\"2025-12-02T19:19:20+00:00\" \/>\n<meta property=\"og:image\" content=\"https:\/\/selleetools.com\/wp-content\/uploads\/2025\/07\/d3a961b2e07e303e0d81c89c956cfeb8.webp\" \/>\n\t<meta property=\"og:image:width\" content=\"1000\" \/>\n\t<meta property=\"og:image:height\" content=\"1000\" \/>\n\t<meta property=\"og:image:type\" content=\"image\/webp\" \/>\n<meta name=\"twitter:card\" content=\"summary_large_image\" \/>\n<meta name=\"twitter:label1\" content=\"Est. reading time\" \/>\n\t<meta name=\"twitter:data1\" content=\"1 minuta\" \/>\n<!-- \/ Yoast SEO plugin. -->","yoast_head_json":{"title":"SANITAS Mobilne urz\u0105dzenie EKG SME 85 Rytm serca Technologia Bluetooth Smart USB - Selleetools.com","robots":{"index":"index","follow":"follow","max-snippet":"max-snippet:-1","max-image-preview":"max-image-preview:large","max-video-preview":"max-video-preview:-1"},"canonical":"https:\/\/selleetools.com\/pl\/product\/sanitas-mobilne-urzadzenie-ekg-sme-85-rytm-serca-technologia-bluetooth-smart-usb\/","og_locale":"pl_PL","og_type":"article","og_title":"SANITAS Mobilne urz\u0105dzenie EKG SME 85 Rytm serca Technologia Bluetooth Smart USB - Selleetools.com","og_description":"Przedstawiamy mobilne urz\u0105dzenie EKG SANITAS SME 85, kt\u00f3re pozwala na monitorowanie rytmu serca w komfortowy spos\u00f3b, gdziekolwiek jeste\u015b. Dzi\u0119ki zaawansowanej technologii Bluetooth Smart, urz\u0105dzenie umo\u017cliwia \u0142atwe i szybkie przesy\u0142anie danych do aplikacji mobilnej, co zapewnia wygodny dost\u0119p do wynik\u00f3w na smartfonie. SANITAS SME 85 charakteryzuje wyj\u0105tkow\u0105 precyzj\u0119, a jego intuicyjna obs\u0142uga sprawia, \u017ce jest idealnym ... Read moreSANITAS Mobilne urz\u0105dzenie EKG SME 85 Rytm serca Technologia Bluetooth Smart USB","og_url":"https:\/\/selleetools.com\/pl\/product\/sanitas-mobilne-urzadzenie-ekg-sme-85-rytm-serca-technologia-bluetooth-smart-usb\/","og_site_name":"Selleetools.com","article_modified_time":"2025-12-02T19:19:20+00:00","og_image":[{"width":1000,"height":1000,"url":"https:\/\/selleetools.com\/wp-content\/uploads\/2025\/07\/d3a961b2e07e303e0d81c89c956cfeb8.webp","type":"image\/webp"}],"twitter_card":"summary_large_image","twitter_misc":{"Est. reading time":"1 minuta"},"schema":{"@context":"https:\/\/schema.org","@graph":[{"@type":"Organization","@id":"https:\/\/selleetools.com\/#organization","name":"Selleetools","url":"https:\/\/selleetools.com\/","sameAs":[],"logo":{"@type":"ImageObject","inLanguage":"pl-PL","@id":"https:\/\/selleetools.com\/#\/schema\/logo\/image\/","url":"https:\/\/selleetools.com\/wp-content\/uploads\/2021\/10\/logo-dark.png","contentUrl":"https:\/\/selleetools.com\/wp-content\/uploads\/2021\/10\/logo-dark.png","width":320,"height":76,"caption":"Selleetools"},"image":{"@id":"https:\/\/selleetools.com\/#\/schema\/logo\/image\/"}},{"@type":"WebSite","@id":"https:\/\/selleetools.com\/#website","url":"https:\/\/selleetools.com\/","name":"Selleetools.com","description":"","publisher":{"@id":"https:\/\/selleetools.com\/#organization"},"potentialAction":[{"@type":"SearchAction","target":{"@type":"EntryPoint","urlTemplate":"https:\/\/selleetools.com\/?s={search_term_string}"},"query-input":"required name=search_term_string"}],"inLanguage":"pl-PL"},{"@type":"WebPage","@id":"https:\/\/selleetools.com\/pl\/product\/sanitas-mobilne-urzadzenie-ekg-sme-85-rytm-serca-technologia-bluetooth-smart-usb\/","url":"https:\/\/selleetools.com\/pl\/product\/sanitas-mobilne-urzadzenie-ekg-sme-85-rytm-serca-technologia-bluetooth-smart-usb\/","name":"SANITAS Mobilne urz\u0105dzenie EKG SME 85 Rytm serca Technologia Bluetooth Smart USB - Selleetools.com","isPartOf":{"@id":"https:\/\/selleetools.com\/#website"},"datePublished":"2025-07-06T12:24:53+00:00","dateModified":"2025-12-02T19:19:20+00:00","breadcrumb":{"@id":"https:\/\/selleetools.com\/pl\/product\/sanitas-mobilne-urzadzenie-ekg-sme-85-rytm-serca-technologia-bluetooth-smart-usb\/#breadcrumb"},"inLanguage":"pl-PL","potentialAction":[{"@type":"ReadAction","target":["https:\/\/selleetools.com\/pl\/product\/sanitas-mobilne-urzadzenie-ekg-sme-85-rytm-serca-technologia-bluetooth-smart-usb\/"]}]},{"@type":"BreadcrumbList","@id":"https:\/\/selleetools.com\/pl\/product\/sanitas-mobilne-urzadzenie-ekg-sme-85-rytm-serca-technologia-bluetooth-smart-usb\/#breadcrumb","itemListElement":[{"@type":"ListItem","position":1,"name":"Home","item":"https:\/\/selleetools.com\/pl\/"},{"@type":"ListItem","position":2,"name":"Katalog","item":"https:\/\/selleetools.com\/pl\/katalog\/"},{"@type":"ListItem","position":3,"name":"SANITAS Mobilne urz\u0105dzenie EKG SME 85 Rytm serca Technologia Bluetooth Smart USB"}]}]}},"_links":{"self":[{"href":"https:\/\/selleetools.com\/pl\/wp-json\/wp\/v2\/product\/489330"}],"collection":[{"href":"https:\/\/selleetools.com\/pl\/wp-json\/wp\/v2\/product"}],"about":[{"href":"https:\/\/selleetools.com\/pl\/wp-json\/wp\/v2\/types\/product"}],"replies":[{"embeddable":true,"href":"https:\/\/selleetools.com\/pl\/wp-json\/wp\/v2\/comments?post=489330"}],"wp:featuredmedia":[{"embeddable":true,"href":"https:\/\/selleetools.com\/pl\/wp-json\/wp\/v2\/media\/489326"}],"wp:attachment":[{"href":"https:\/\/selleetools.com\/pl\/wp-json\/wp\/v2\/media?parent=489330"}],"curies":[{"name":"wp","href":"https:\/\/api.w.org\/{rel}","templated":true}]}}