{"id":489325,"date":"2025-07-06T14:24:48","date_gmt":"2025-07-06T12:24:48","guid":{"rendered":"https:\/\/selleetools.com\/?post_type=product&#038;p=489325"},"modified":"2025-08-08T14:04:20","modified_gmt":"2025-08-08T12:04:20","slug":"cisnieniomierz-silvercrest-338573","status":"publish","type":"product","link":"https:\/\/selleetools.com\/pl\/product\/cisnieniomierz-silvercrest-338573\/","title":{"rendered":"Ci\u015bnieniomierz Silvercrest 338573"},"content":{"rendered":"<p>Cechy urz\u0105dzenia<\/p>\n<p>Z Bluetooth do przesy\u0142ania zmierzonych warto\u015bci i oceny graficznej,<br \/>\nW pe\u0142ni automatyczny, oscylometryczny pomiar ci\u015bnienia krwi i pulsu na ramieniu,<br \/>\nUniwersalny mankiet, odpowiedni r\u00f3wnie\u017c do wi\u0119kszych obwod\u00f3w ramienia 22\u201342 cm,<br \/>\nKontrola dopasowania mankietu,<br \/>\nWy\u015bwietlacz XL,<br \/>\nWska\u017anik ryzyka: Klasyfikacja wynik\u00f3w pomiar\u00f3w za pomoc\u0105 kolorowej skali,<br \/>\nWykrywanie arytmii: ostrzega przed mo\u017cliwymi zaburzeniami rytmu serca,<br \/>\n\u015arednia wszystkich zapisanych zmierzonych warto\u015bci oraz porannego i wieczornego ci\u015bnienia krwi z ostatnich 7 dni.<\/p>\n","protected":false},"excerpt":{"rendered":"<p>Cechy urz\u0105dzenia Z Bluetooth do przesy\u0142ania zmierzonych warto\u015bci i oceny graficznej, W pe\u0142ni automatyczny, oscylometryczny pomiar ci\u015bnienia krwi i pulsu na ramieniu, Uniwersalny mankiet, odpowiedni r\u00f3wnie\u017c do wi\u0119kszych obwod\u00f3w ramienia 22\u201342 cm, Kontrola dopasowania mankietu, Wy\u015bwietlacz XL, Wska\u017anik ryzyka: Klasyfikacja wynik\u00f3w pomiar\u00f3w za pomoc\u0105 kolorowej skali, Wykrywanie arytmii: ostrzega przed mo\u017cliwymi zaburzeniami rytmu serca, \u015arednia &#8230; <a title=\"Ci\u015bnieniomierz Silvercrest 338573\" class=\"read-more\" href=\"https:\/\/selleetools.com\/pl\/product\/cisnieniomierz-silvercrest-338573\/\">Read more<span class=\"screen-reader-text\">Ci\u015bnieniomierz Silvercrest 338573<\/span><\/a><\/p>\n","protected":false},"featured_media":489315,"comment_status":"closed","ping_status":"closed","template":"","meta":{"_links_to":"","_links_to_target":""},"yoast_head":"<!-- This site is optimized with the Yoast SEO plugin v19.4 - https:\/\/yoast.com\/wordpress\/plugins\/seo\/ -->\n<title>Ci\u015bnieniomierz Silvercrest 338573 - Selleetools.com<\/title>\n<meta name=\"robots\" content=\"index, follow, max-snippet:-1, max-image-preview:large, max-video-preview:-1\" \/>\n<link rel=\"canonical\" href=\"https:\/\/admincentral.selleetools.com\/product\/cisnieniomierz-silvercrest-338573\/\" \/>\n<meta property=\"og:locale\" content=\"pl_PL\" \/>\n<meta property=\"og:type\" content=\"article\" \/>\n<meta property=\"og:title\" content=\"Ci\u015bnieniomierz Silvercrest 338573 - Selleetools.com\" \/>\n<meta property=\"og:description\" content=\"Cechy urz\u0105dzenia Z Bluetooth do przesy\u0142ania zmierzonych warto\u015bci i oceny graficznej, W pe\u0142ni automatyczny, oscylometryczny pomiar ci\u015bnienia krwi i pulsu na ramieniu, Uniwersalny mankiet, odpowiedni r\u00f3wnie\u017c do wi\u0119kszych obwod\u00f3w ramienia 22\u201342 cm, Kontrola dopasowania mankietu, Wy\u015bwietlacz XL, Wska\u017anik ryzyka: Klasyfikacja wynik\u00f3w pomiar\u00f3w za pomoc\u0105 kolorowej skali, Wykrywanie arytmii: ostrzega przed mo\u017cliwymi zaburzeniami rytmu serca, \u015arednia ... Read moreCi\u015bnieniomierz Silvercrest 338573\" \/>\n<meta property=\"og:url\" content=\"https:\/\/admincentral.selleetools.com\/product\/cisnieniomierz-silvercrest-338573\/\" \/>\n<meta property=\"og:site_name\" content=\"Selleetools.com\" \/>\n<meta property=\"article:modified_time\" content=\"2025-08-08T12:04:20+00:00\" \/>\n<meta property=\"og:image\" content=\"https:\/\/selleetools.com\/wp-content\/uploads\/2025\/07\/b1718c077992ae696b6322129a925557.jpg\" \/>\n\t<meta property=\"og:image:width\" content=\"700\" \/>\n\t<meta property=\"og:image:height\" content=\"552\" \/>\n\t<meta property=\"og:image:type\" content=\"image\/jpeg\" \/>\n<meta name=\"twitter:card\" content=\"summary_large_image\" \/>\n<!-- \/ Yoast SEO plugin. -->","yoast_head_json":{"title":"Ci\u015bnieniomierz Silvercrest 338573 - Selleetools.com","robots":{"index":"index","follow":"follow","max-snippet":"max-snippet:-1","max-image-preview":"max-image-preview:large","max-video-preview":"max-video-preview:-1"},"canonical":"https:\/\/admincentral.selleetools.com\/product\/cisnieniomierz-silvercrest-338573\/","og_locale":"pl_PL","og_type":"article","og_title":"Ci\u015bnieniomierz Silvercrest 338573 - Selleetools.com","og_description":"Cechy urz\u0105dzenia Z Bluetooth do przesy\u0142ania zmierzonych warto\u015bci i oceny graficznej, W pe\u0142ni automatyczny, oscylometryczny pomiar ci\u015bnienia krwi i pulsu na ramieniu, Uniwersalny mankiet, odpowiedni r\u00f3wnie\u017c do wi\u0119kszych obwod\u00f3w ramienia 22\u201342 cm, Kontrola dopasowania mankietu, Wy\u015bwietlacz XL, Wska\u017anik ryzyka: Klasyfikacja wynik\u00f3w pomiar\u00f3w za pomoc\u0105 kolorowej skali, Wykrywanie arytmii: ostrzega przed mo\u017cliwymi zaburzeniami rytmu serca, \u015arednia ... Read moreCi\u015bnieniomierz Silvercrest 338573","og_url":"https:\/\/admincentral.selleetools.com\/product\/cisnieniomierz-silvercrest-338573\/","og_site_name":"Selleetools.com","article_modified_time":"2025-08-08T12:04:20+00:00","og_image":[{"width":700,"height":552,"url":"https:\/\/selleetools.com\/wp-content\/uploads\/2025\/07\/b1718c077992ae696b6322129a925557.jpg","type":"image\/jpeg"}],"twitter_card":"summary_large_image","schema":{"@context":"https:\/\/schema.org","@graph":[{"@type":"Organization","@id":"https:\/\/selleetools.com\/#organization","name":"Selleetools","url":"https:\/\/selleetools.com\/","sameAs":[],"logo":{"@type":"ImageObject","inLanguage":"pl-PL","@id":"https:\/\/selleetools.com\/#\/schema\/logo\/image\/","url":"https:\/\/selleetools.com\/wp-content\/uploads\/2021\/10\/logo-dark.png","contentUrl":"https:\/\/selleetools.com\/wp-content\/uploads\/2021\/10\/logo-dark.png","width":320,"height":76,"caption":"Selleetools"},"image":{"@id":"https:\/\/selleetools.com\/#\/schema\/logo\/image\/"}},{"@type":"WebSite","@id":"https:\/\/selleetools.com\/#website","url":"https:\/\/selleetools.com\/","name":"Selleetools.com","description":"","publisher":{"@id":"https:\/\/selleetools.com\/#organization"},"potentialAction":[{"@type":"SearchAction","target":{"@type":"EntryPoint","urlTemplate":"https:\/\/selleetools.com\/?s={search_term_string}"},"query-input":"required name=search_term_string"}],"inLanguage":"pl-PL"},{"@type":"WebPage","@id":"https:\/\/admincentral.selleetools.com\/product\/cisnieniomierz-silvercrest-338573\/","url":"https:\/\/admincentral.selleetools.com\/product\/cisnieniomierz-silvercrest-338573\/","name":"Ci\u015bnieniomierz Silvercrest 338573 - Selleetools.com","isPartOf":{"@id":"https:\/\/selleetools.com\/#website"},"datePublished":"2025-07-06T12:24:48+00:00","dateModified":"2025-08-08T12:04:20+00:00","breadcrumb":{"@id":"https:\/\/admincentral.selleetools.com\/product\/cisnieniomierz-silvercrest-338573\/#breadcrumb"},"inLanguage":"pl-PL","potentialAction":[{"@type":"ReadAction","target":["https:\/\/admincentral.selleetools.com\/product\/cisnieniomierz-silvercrest-338573\/"]}]},{"@type":"BreadcrumbList","@id":"https:\/\/admincentral.selleetools.com\/product\/cisnieniomierz-silvercrest-338573\/#breadcrumb","itemListElement":[{"@type":"ListItem","position":1,"name":"Home","item":"https:\/\/selleetools.com\/pl\/"},{"@type":"ListItem","position":2,"name":"Katalog","item":"https:\/\/selleetools.com\/pl\/katalog\/"},{"@type":"ListItem","position":3,"name":"Ci\u015bnieniomierz Silvercrest 338573"}]}]}},"_links":{"self":[{"href":"https:\/\/selleetools.com\/pl\/wp-json\/wp\/v2\/product\/489325"}],"collection":[{"href":"https:\/\/selleetools.com\/pl\/wp-json\/wp\/v2\/product"}],"about":[{"href":"https:\/\/selleetools.com\/pl\/wp-json\/wp\/v2\/types\/product"}],"replies":[{"embeddable":true,"href":"https:\/\/selleetools.com\/pl\/wp-json\/wp\/v2\/comments?post=489325"}],"wp:featuredmedia":[{"embeddable":true,"href":"https:\/\/selleetools.com\/pl\/wp-json\/wp\/v2\/media\/489315"}],"wp:attachment":[{"href":"https:\/\/selleetools.com\/pl\/wp-json\/wp\/v2\/media?parent=489325"}],"curies":[{"name":"wp","href":"https:\/\/api.w.org\/{rel}","templated":true}]}}