{"id":489289,"date":"2025-07-06T14:24:32","date_gmt":"2025-07-06T12:24:32","guid":{"rendered":"https:\/\/selleetools.com\/?post_type=product&#038;p=489289"},"modified":"2025-12-02T20:19:21","modified_gmt":"2025-12-02T19:19:21","slug":"teczowy-tusz-do-rzes","status":"publish","type":"product","link":"https:\/\/selleetools.com\/pl\/product\/teczowy-tusz-do-rzes\/","title":{"rendered":"T\u0119czowy tusz do rz\u0119s"},"content":{"rendered":"<p>Odkryj moc koloru dzi\u0119ki T\u0119czowemu tuszowi do rz\u0119s, kt\u00f3ry nadaje wyj\u0105tkowy efekt na Twoich rz\u0119sach. Nasz innowacyjny produkt \u0142\u0105czy w sobie intensywne odcienie i wyj\u0105tkow\u0105 formu\u0142\u0119, kt\u00f3ra podkre\u015bla naturalne pi\u0119kno Twoich rz\u0119s, zapewniaj\u0105c im jednocze\u015bnie doskona\u0142e podkre\u015blenie. Dzi\u0119ki unikalnemu p\u0119dzelkowi, tusz r\u00f3wnomiernie pokrywa ka\u017cd\u0105 rz\u0119s\u0119, sprawiaj\u0105c, \u017ce staj\u0105 si\u0119 one d\u0142u\u017csze, g\u0119stsze i bardziej wyraziste.<\/p>\n<p>T\u0119czowy tusz do rz\u0119s jest idealny do codziennego u\u017cytku, jak i na specjalne okazje. Jego niezwyk\u0142a trwa\u0142o\u015b\u0107 zapewnia, \u017ce makija\u017c pozostaje nienaruszony przez ca\u0142y dzie\u0144, niezale\u017cnie od warunk\u00f3w. Wybierz nasz tusz, aby doda\u0107 odrobin\u0119 szale\u0144stwa i kreatywno\u015bci do swojego makija\u017cu. Daj si\u0119 ponie\u015b\u0107 kolorom i wyra\u017a swoj\u0105 osobowo\u015b\u0107 z T\u0119czowym tuszem do rz\u0119s.<\/p>\n","protected":false},"excerpt":{"rendered":"<p>Odkryj moc koloru dzi\u0119ki T\u0119czowemu tuszowi do rz\u0119s, kt\u00f3ry nadaje wyj\u0105tkowy efekt na Twoich rz\u0119sach. Nasz innowacyjny produkt \u0142\u0105czy w sobie intensywne odcienie i wyj\u0105tkow\u0105 formu\u0142\u0119, kt\u00f3ra podkre\u015bla naturalne pi\u0119kno Twoich rz\u0119s, zapewniaj\u0105c im jednocze\u015bnie doskona\u0142e podkre\u015blenie. Dzi\u0119ki unikalnemu p\u0119dzelkowi, tusz r\u00f3wnomiernie pokrywa ka\u017cd\u0105 rz\u0119s\u0119, sprawiaj\u0105c, \u017ce staj\u0105 si\u0119 one d\u0142u\u017csze, g\u0119stsze i bardziej wyraziste. &#8230; <a title=\"T\u0119czowy tusz do rz\u0119s\" class=\"read-more\" href=\"https:\/\/selleetools.com\/pl\/product\/teczowy-tusz-do-rzes\/\">Read more<span class=\"screen-reader-text\">T\u0119czowy tusz do rz\u0119s<\/span><\/a><\/p>\n","protected":false},"featured_media":489285,"comment_status":"closed","ping_status":"closed","template":"","meta":{"_links_to":"","_links_to_target":""},"yoast_head":"<!-- This site is optimized with the Yoast SEO plugin v19.4 - https:\/\/yoast.com\/wordpress\/plugins\/seo\/ -->\n<title>T\u0119czowy tusz do rz\u0119s - Selleetools.com<\/title>\n<meta name=\"robots\" content=\"index, follow, max-snippet:-1, max-image-preview:large, max-video-preview:-1\" \/>\n<link rel=\"canonical\" href=\"https:\/\/admincentral.selleetools.com\/product\/teczowy-tusz-do-rzes\/\" \/>\n<meta property=\"og:locale\" content=\"pl_PL\" \/>\n<meta property=\"og:type\" content=\"article\" \/>\n<meta property=\"og:title\" content=\"T\u0119czowy tusz do rz\u0119s - Selleetools.com\" \/>\n<meta property=\"og:description\" content=\"Odkryj moc koloru dzi\u0119ki T\u0119czowemu tuszowi do rz\u0119s, kt\u00f3ry nadaje wyj\u0105tkowy efekt na Twoich rz\u0119sach. Nasz innowacyjny produkt \u0142\u0105czy w sobie intensywne odcienie i wyj\u0105tkow\u0105 formu\u0142\u0119, kt\u00f3ra podkre\u015bla naturalne pi\u0119kno Twoich rz\u0119s, zapewniaj\u0105c im jednocze\u015bnie doskona\u0142e podkre\u015blenie. Dzi\u0119ki unikalnemu p\u0119dzelkowi, tusz r\u00f3wnomiernie pokrywa ka\u017cd\u0105 rz\u0119s\u0119, sprawiaj\u0105c, \u017ce staj\u0105 si\u0119 one d\u0142u\u017csze, g\u0119stsze i bardziej wyraziste. ... Read moreT\u0119czowy tusz do rz\u0119s\" \/>\n<meta property=\"og:url\" content=\"https:\/\/admincentral.selleetools.com\/product\/teczowy-tusz-do-rzes\/\" \/>\n<meta property=\"og:site_name\" content=\"Selleetools.com\" \/>\n<meta property=\"article:modified_time\" content=\"2025-12-02T19:19:21+00:00\" \/>\n<meta property=\"og:image\" content=\"https:\/\/selleetools.com\/wp-content\/uploads\/2025\/07\/f5b481939321e6e0e1986874445ab205.webp\" \/>\n\t<meta property=\"og:image:width\" content=\"128\" \/>\n\t<meta property=\"og:image:height\" content=\"103\" \/>\n\t<meta property=\"og:image:type\" content=\"image\/webp\" \/>\n<meta name=\"twitter:card\" content=\"summary_large_image\" \/>\n<meta name=\"twitter:label1\" content=\"Est. reading time\" \/>\n\t<meta name=\"twitter:data1\" content=\"1 minuta\" \/>\n<!-- \/ Yoast SEO plugin. -->","yoast_head_json":{"title":"T\u0119czowy tusz do rz\u0119s - Selleetools.com","robots":{"index":"index","follow":"follow","max-snippet":"max-snippet:-1","max-image-preview":"max-image-preview:large","max-video-preview":"max-video-preview:-1"},"canonical":"https:\/\/admincentral.selleetools.com\/product\/teczowy-tusz-do-rzes\/","og_locale":"pl_PL","og_type":"article","og_title":"T\u0119czowy tusz do rz\u0119s - Selleetools.com","og_description":"Odkryj moc koloru dzi\u0119ki T\u0119czowemu tuszowi do rz\u0119s, kt\u00f3ry nadaje wyj\u0105tkowy efekt na Twoich rz\u0119sach. Nasz innowacyjny produkt \u0142\u0105czy w sobie intensywne odcienie i wyj\u0105tkow\u0105 formu\u0142\u0119, kt\u00f3ra podkre\u015bla naturalne pi\u0119kno Twoich rz\u0119s, zapewniaj\u0105c im jednocze\u015bnie doskona\u0142e podkre\u015blenie. Dzi\u0119ki unikalnemu p\u0119dzelkowi, tusz r\u00f3wnomiernie pokrywa ka\u017cd\u0105 rz\u0119s\u0119, sprawiaj\u0105c, \u017ce staj\u0105 si\u0119 one d\u0142u\u017csze, g\u0119stsze i bardziej wyraziste. ... Read moreT\u0119czowy tusz do rz\u0119s","og_url":"https:\/\/admincentral.selleetools.com\/product\/teczowy-tusz-do-rzes\/","og_site_name":"Selleetools.com","article_modified_time":"2025-12-02T19:19:21+00:00","og_image":[{"width":128,"height":103,"url":"https:\/\/selleetools.com\/wp-content\/uploads\/2025\/07\/f5b481939321e6e0e1986874445ab205.webp","type":"image\/webp"}],"twitter_card":"summary_large_image","twitter_misc":{"Est. reading time":"1 minuta"},"schema":{"@context":"https:\/\/schema.org","@graph":[{"@type":"Organization","@id":"https:\/\/selleetools.com\/#organization","name":"Selleetools","url":"https:\/\/selleetools.com\/","sameAs":[],"logo":{"@type":"ImageObject","inLanguage":"pl-PL","@id":"https:\/\/selleetools.com\/#\/schema\/logo\/image\/","url":"https:\/\/selleetools.com\/wp-content\/uploads\/2021\/10\/logo-dark.png","contentUrl":"https:\/\/selleetools.com\/wp-content\/uploads\/2021\/10\/logo-dark.png","width":320,"height":76,"caption":"Selleetools"},"image":{"@id":"https:\/\/selleetools.com\/#\/schema\/logo\/image\/"}},{"@type":"WebSite","@id":"https:\/\/selleetools.com\/#website","url":"https:\/\/selleetools.com\/","name":"Selleetools.com","description":"","publisher":{"@id":"https:\/\/selleetools.com\/#organization"},"potentialAction":[{"@type":"SearchAction","target":{"@type":"EntryPoint","urlTemplate":"https:\/\/selleetools.com\/?s={search_term_string}"},"query-input":"required name=search_term_string"}],"inLanguage":"pl-PL"},{"@type":"WebPage","@id":"https:\/\/admincentral.selleetools.com\/product\/teczowy-tusz-do-rzes\/","url":"https:\/\/admincentral.selleetools.com\/product\/teczowy-tusz-do-rzes\/","name":"T\u0119czowy tusz do rz\u0119s - Selleetools.com","isPartOf":{"@id":"https:\/\/selleetools.com\/#website"},"datePublished":"2025-07-06T12:24:32+00:00","dateModified":"2025-12-02T19:19:21+00:00","breadcrumb":{"@id":"https:\/\/admincentral.selleetools.com\/product\/teczowy-tusz-do-rzes\/#breadcrumb"},"inLanguage":"pl-PL","potentialAction":[{"@type":"ReadAction","target":["https:\/\/admincentral.selleetools.com\/product\/teczowy-tusz-do-rzes\/"]}]},{"@type":"BreadcrumbList","@id":"https:\/\/admincentral.selleetools.com\/product\/teczowy-tusz-do-rzes\/#breadcrumb","itemListElement":[{"@type":"ListItem","position":1,"name":"Home","item":"https:\/\/selleetools.com\/pl\/"},{"@type":"ListItem","position":2,"name":"Katalog","item":"https:\/\/selleetools.com\/pl\/katalog\/"},{"@type":"ListItem","position":3,"name":"T\u0119czowy tusz do rz\u0119s"}]}]}},"_links":{"self":[{"href":"https:\/\/selleetools.com\/pl\/wp-json\/wp\/v2\/product\/489289"}],"collection":[{"href":"https:\/\/selleetools.com\/pl\/wp-json\/wp\/v2\/product"}],"about":[{"href":"https:\/\/selleetools.com\/pl\/wp-json\/wp\/v2\/types\/product"}],"replies":[{"embeddable":true,"href":"https:\/\/selleetools.com\/pl\/wp-json\/wp\/v2\/comments?post=489289"}],"wp:featuredmedia":[{"embeddable":true,"href":"https:\/\/selleetools.com\/pl\/wp-json\/wp\/v2\/media\/489285"}],"wp:attachment":[{"href":"https:\/\/selleetools.com\/pl\/wp-json\/wp\/v2\/media?parent=489289"}],"curies":[{"name":"wp","href":"https:\/\/api.w.org\/{rel}","templated":true}]}}