{"id":489284,"date":"2025-07-06T14:24:29","date_gmt":"2025-07-06T12:24:29","guid":{"rendered":"https:\/\/selleetools.com\/?post_type=product&#038;p=489284"},"modified":"2025-12-02T20:19:21","modified_gmt":"2025-12-02T19:19:21","slug":"nasadka-do-smarownicy-zagieta-90-gwint-1-8-pt-9403-bgs","status":"publish","type":"product","link":"https:\/\/selleetools.com\/pl\/product\/nasadka-do-smarownicy-zagieta-90-gwint-1-8-pt-9403-bgs\/","title":{"rendered":"Nasadka do smarownicy zagi\u0119ta 90\u00b0, gwint 1\/8&#8243; PT (9403) BGS"},"content":{"rendered":"<p>Nasadka do smarownicy zagi\u0119ta 90\u00b0 o gwincie 1\/8&#8243; PT (9403) marki BGS to niezast\u0105pione narz\u0119dzie dla ka\u017cdego, kto ceni sobie precyzj\u0119 i wygod\u0119 w smarowaniu. Dzi\u0119ki unikalnemu, zagi\u0119temu kszta\u0142towi umo\u017cliwia dotarcie do trudno dost\u0119pnych miejsc, co czyni j\u0105 idealnym rozwi\u0105zaniem w przypadku konserwacji maszyn i pojazd\u00f3w.<\/p>\n<p>Wykonana z wysokiej jako\u015bci materia\u0142\u00f3w, nasadka gwarantuje trwa\u0142o\u015b\u0107 oraz niezawodno\u015b\u0107 w trakcie u\u017cytkowania. Jej kompatybilno\u015b\u0107 z szerok\u0105 gam\u0105 smarownic sprawia, \u017ce jest to uniwersalny element, kt\u00f3ry znajdzie zastosowanie w wielu sytuacjach. Dodatkowo, gwint 1\/8&#8243; PT zapewnia \u0142atwe i szybkie mocowanie, co pozwala zaoszcz\u0119dzi\u0107 czas podczas pracy.<\/p>\n<p>Nasadka BGS to doskona\u0142y wyb\u00f3r dla profesjonalist\u00f3w oraz amator\u00f3w, kt\u00f3rzy ceni\u0105 sobie efektywno\u015b\u0107 i jako\u015b\u0107. Stawiaj\u0105c na ten produkt, inwestujesz w wygod\u0119 i efektywno\u015b\u0107 smarowania, co przek\u0142ada si\u0119 na d\u0142u\u017csz\u0105 \u017cywotno\u015b\u0107 Twojego sprz\u0119tu. Zainwestuj w narz\u0119dzie, kt\u00f3re pomo\u017ce Ci utrzyma\u0107 Twoje maszyny w doskona\u0142ej kondycji.<\/p>\n","protected":false},"excerpt":{"rendered":"<p>Nasadka do smarownicy zagi\u0119ta 90\u00b0 o gwincie 1\/8&#8243; PT (9403) marki BGS to niezast\u0105pione narz\u0119dzie dla ka\u017cdego, kto ceni sobie precyzj\u0119 i wygod\u0119 w smarowaniu. Dzi\u0119ki unikalnemu, zagi\u0119temu kszta\u0142towi umo\u017cliwia dotarcie do trudno dost\u0119pnych miejsc, co czyni j\u0105 idealnym rozwi\u0105zaniem w przypadku konserwacji maszyn i pojazd\u00f3w. Wykonana z wysokiej jako\u015bci materia\u0142\u00f3w, nasadka gwarantuje trwa\u0142o\u015b\u0107 oraz &#8230; <a title=\"Nasadka do smarownicy zagi\u0119ta 90\u00b0, gwint 1\/8&#8243; PT (9403) BGS\" class=\"read-more\" href=\"https:\/\/selleetools.com\/pl\/product\/nasadka-do-smarownicy-zagieta-90-gwint-1-8-pt-9403-bgs\/\">Read more<span class=\"screen-reader-text\">Nasadka do smarownicy zagi\u0119ta 90\u00b0, gwint 1\/8&#8243; PT (9403) BGS<\/span><\/a><\/p>\n","protected":false},"featured_media":489276,"comment_status":"closed","ping_status":"closed","template":"","meta":{"_links_to":"","_links_to_target":""},"yoast_head":"<!-- This site is optimized with the Yoast SEO plugin v19.4 - https:\/\/yoast.com\/wordpress\/plugins\/seo\/ -->\n<title>Nasadka do smarownicy zagi\u0119ta 90\u00b0, gwint 1\/8&quot; PT (9403) BGS - Selleetools.com<\/title>\n<meta name=\"robots\" content=\"index, follow, max-snippet:-1, max-image-preview:large, max-video-preview:-1\" \/>\n<link rel=\"canonical\" href=\"https:\/\/selleetools.com\/pl\/product\/nasadka-do-smarownicy-zagieta-90-gwint-1-8-pt-9403-bgs\/\" \/>\n<meta property=\"og:locale\" content=\"pl_PL\" \/>\n<meta property=\"og:type\" content=\"article\" \/>\n<meta property=\"og:title\" content=\"Nasadka do smarownicy zagi\u0119ta 90\u00b0, gwint 1\/8&quot; PT (9403) BGS - Selleetools.com\" \/>\n<meta property=\"og:description\" content=\"Nasadka do smarownicy zagi\u0119ta 90\u00b0 o gwincie 1\/8&#8243; PT (9403) marki BGS to niezast\u0105pione narz\u0119dzie dla ka\u017cdego, kto ceni sobie precyzj\u0119 i wygod\u0119 w smarowaniu. Dzi\u0119ki unikalnemu, zagi\u0119temu kszta\u0142towi umo\u017cliwia dotarcie do trudno dost\u0119pnych miejsc, co czyni j\u0105 idealnym rozwi\u0105zaniem w przypadku konserwacji maszyn i pojazd\u00f3w. Wykonana z wysokiej jako\u015bci materia\u0142\u00f3w, nasadka gwarantuje trwa\u0142o\u015b\u0107 oraz ... Read moreNasadka do smarownicy zagi\u0119ta 90\u00b0, gwint 1\/8&#8243; PT (9403) BGS\" \/>\n<meta property=\"og:url\" content=\"https:\/\/selleetools.com\/pl\/product\/nasadka-do-smarownicy-zagieta-90-gwint-1-8-pt-9403-bgs\/\" \/>\n<meta property=\"og:site_name\" content=\"Selleetools.com\" \/>\n<meta property=\"article:modified_time\" content=\"2025-12-02T19:19:21+00:00\" \/>\n<meta property=\"og:image\" content=\"https:\/\/selleetools.com\/wp-content\/uploads\/2025\/07\/c0d29897cb7ef35399c568adaf843734.webp\" \/>\n\t<meta property=\"og:image:width\" content=\"128\" \/>\n\t<meta property=\"og:image:height\" content=\"98\" \/>\n\t<meta property=\"og:image:type\" content=\"image\/webp\" \/>\n<meta name=\"twitter:card\" content=\"summary_large_image\" \/>\n<meta name=\"twitter:label1\" content=\"Est. reading time\" \/>\n\t<meta name=\"twitter:data1\" content=\"1 minuta\" \/>\n<!-- \/ Yoast SEO plugin. -->","yoast_head_json":{"title":"Nasadka do smarownicy zagi\u0119ta 90\u00b0, gwint 1\/8\" PT (9403) BGS - Selleetools.com","robots":{"index":"index","follow":"follow","max-snippet":"max-snippet:-1","max-image-preview":"max-image-preview:large","max-video-preview":"max-video-preview:-1"},"canonical":"https:\/\/selleetools.com\/pl\/product\/nasadka-do-smarownicy-zagieta-90-gwint-1-8-pt-9403-bgs\/","og_locale":"pl_PL","og_type":"article","og_title":"Nasadka do smarownicy zagi\u0119ta 90\u00b0, gwint 1\/8\" PT (9403) BGS - Selleetools.com","og_description":"Nasadka do smarownicy zagi\u0119ta 90\u00b0 o gwincie 1\/8&#8243; PT (9403) marki BGS to niezast\u0105pione narz\u0119dzie dla ka\u017cdego, kto ceni sobie precyzj\u0119 i wygod\u0119 w smarowaniu. Dzi\u0119ki unikalnemu, zagi\u0119temu kszta\u0142towi umo\u017cliwia dotarcie do trudno dost\u0119pnych miejsc, co czyni j\u0105 idealnym rozwi\u0105zaniem w przypadku konserwacji maszyn i pojazd\u00f3w. Wykonana z wysokiej jako\u015bci materia\u0142\u00f3w, nasadka gwarantuje trwa\u0142o\u015b\u0107 oraz ... Read moreNasadka do smarownicy zagi\u0119ta 90\u00b0, gwint 1\/8&#8243; PT (9403) BGS","og_url":"https:\/\/selleetools.com\/pl\/product\/nasadka-do-smarownicy-zagieta-90-gwint-1-8-pt-9403-bgs\/","og_site_name":"Selleetools.com","article_modified_time":"2025-12-02T19:19:21+00:00","og_image":[{"width":128,"height":98,"url":"https:\/\/selleetools.com\/wp-content\/uploads\/2025\/07\/c0d29897cb7ef35399c568adaf843734.webp","type":"image\/webp"}],"twitter_card":"summary_large_image","twitter_misc":{"Est. reading time":"1 minuta"},"schema":{"@context":"https:\/\/schema.org","@graph":[{"@type":"Organization","@id":"https:\/\/selleetools.com\/#organization","name":"Selleetools","url":"https:\/\/selleetools.com\/","sameAs":[],"logo":{"@type":"ImageObject","inLanguage":"pl-PL","@id":"https:\/\/selleetools.com\/#\/schema\/logo\/image\/","url":"https:\/\/selleetools.com\/wp-content\/uploads\/2021\/10\/logo-dark.png","contentUrl":"https:\/\/selleetools.com\/wp-content\/uploads\/2021\/10\/logo-dark.png","width":320,"height":76,"caption":"Selleetools"},"image":{"@id":"https:\/\/selleetools.com\/#\/schema\/logo\/image\/"}},{"@type":"WebSite","@id":"https:\/\/selleetools.com\/#website","url":"https:\/\/selleetools.com\/","name":"Selleetools.com","description":"","publisher":{"@id":"https:\/\/selleetools.com\/#organization"},"potentialAction":[{"@type":"SearchAction","target":{"@type":"EntryPoint","urlTemplate":"https:\/\/selleetools.com\/?s={search_term_string}"},"query-input":"required name=search_term_string"}],"inLanguage":"pl-PL"},{"@type":"WebPage","@id":"https:\/\/selleetools.com\/pl\/product\/nasadka-do-smarownicy-zagieta-90-gwint-1-8-pt-9403-bgs\/","url":"https:\/\/selleetools.com\/pl\/product\/nasadka-do-smarownicy-zagieta-90-gwint-1-8-pt-9403-bgs\/","name":"Nasadka do smarownicy zagi\u0119ta 90\u00b0, gwint 1\/8\" PT (9403) BGS - Selleetools.com","isPartOf":{"@id":"https:\/\/selleetools.com\/#website"},"datePublished":"2025-07-06T12:24:29+00:00","dateModified":"2025-12-02T19:19:21+00:00","breadcrumb":{"@id":"https:\/\/selleetools.com\/pl\/product\/nasadka-do-smarownicy-zagieta-90-gwint-1-8-pt-9403-bgs\/#breadcrumb"},"inLanguage":"pl-PL","potentialAction":[{"@type":"ReadAction","target":["https:\/\/selleetools.com\/pl\/product\/nasadka-do-smarownicy-zagieta-90-gwint-1-8-pt-9403-bgs\/"]}]},{"@type":"BreadcrumbList","@id":"https:\/\/selleetools.com\/pl\/product\/nasadka-do-smarownicy-zagieta-90-gwint-1-8-pt-9403-bgs\/#breadcrumb","itemListElement":[{"@type":"ListItem","position":1,"name":"Home","item":"https:\/\/selleetools.com\/pl\/"},{"@type":"ListItem","position":2,"name":"Katalog","item":"https:\/\/selleetools.com\/pl\/katalog\/"},{"@type":"ListItem","position":3,"name":"Nasadka do smarownicy zagi\u0119ta 90\u00b0, gwint 1\/8&#8243; PT (9403) BGS"}]}]}},"_links":{"self":[{"href":"https:\/\/selleetools.com\/pl\/wp-json\/wp\/v2\/product\/489284"}],"collection":[{"href":"https:\/\/selleetools.com\/pl\/wp-json\/wp\/v2\/product"}],"about":[{"href":"https:\/\/selleetools.com\/pl\/wp-json\/wp\/v2\/types\/product"}],"replies":[{"embeddable":true,"href":"https:\/\/selleetools.com\/pl\/wp-json\/wp\/v2\/comments?post=489284"}],"wp:featuredmedia":[{"embeddable":true,"href":"https:\/\/selleetools.com\/pl\/wp-json\/wp\/v2\/media\/489276"}],"wp:attachment":[{"href":"https:\/\/selleetools.com\/pl\/wp-json\/wp\/v2\/media?parent=489284"}],"curies":[{"name":"wp","href":"https:\/\/api.w.org\/{rel}","templated":true}]}}