{"id":489275,"date":"2025-07-06T14:24:25","date_gmt":"2025-07-06T12:24:25","guid":{"rendered":"https:\/\/selleetools.com\/?post_type=product&#038;p=489275"},"modified":"2025-08-08T14:04:20","modified_gmt":"2025-08-08T12:04:20","slug":"zarowka-halogenowa-paulmann-z-prasowanego-szkla-par30-75w-e27-do-roslin-rozowa-bardzo-ciepla-biel-1800k-rozproszona-30","status":"publish","type":"product","link":"https:\/\/selleetools.com\/pl\/product\/zarowka-halogenowa-paulmann-z-prasowanego-szkla-par30-75w-e27-do-roslin-rozowa-bardzo-ciepla-biel-1800k-rozproszona-30\/","title":{"rendered":"\u017bar\u00f3wka halogenowa Paulmann z prasowanego szk\u0142a PAR30 75W E27 do ro\u015blin, r\u00f3\u017cowa, bardzo ciep\u0142a biel, 1800K, rozproszona, 30\u00b0"},"content":{"rendered":"<p>\u017bar\u00f3wka halogenowa Paulmann z prasowanego szk\u0142a PAR30 75W E27 do ro\u015blin, r\u00f3\u017cowa, bardzo ciep\u0142a biel, 1800K, rozproszona, 30\u00b0<\/p>\n<p>Producent: Paulmann<br \/>\nNumer artyku\u0142u: 229.55<br \/>\nEAN: 4000870229552<\/p>\n<p>Ta \u017car\u00f3wka halogenowa ma uniwersalne zastosowanie.<br \/>\nLampy r\u00f3\u017cowe charakteryzuj\u0105 si\u0119 wysok\u0105 intensywno\u015bci\u0105 odwzorowania kolor\u00f3w czerwonego i zielonego. Dzi\u0119ki temu ro\u015bliny, owoce i warzywa wydaj\u0105 si\u0119 wyj\u0105tkowo \u017cywe i \u015bwie\u017ce. Aby uzyska\u0107 idealny efekt florystyczny, kwitn\u0105c\u0105 orchide\u0119 o\u015bwietla si\u0119 np. reflektorem lub wahad\u0142em oraz r\u00f3\u017cowym \u017ar\u00f3d\u0142em \u015bwiat\u0142a. Dzi\u0119ki temu kolory kwiat\u00f3w i li\u015bci wydaj\u0105 si\u0119 jeszcze bardziej intensywne.<br \/>\nSamo \u015bwiat\u0142o jest wyj\u0105tkowo ciep\u0142e, ma temperatur\u0119 1800K. Dla por\u00f3wnania, \u017car\u00f3wka ma temperatur\u0119 2700K, je\u015bli nie zosta\u0142a przyciemniona. Z powodu \u015bciemniania, \u017car\u00f3wka nie mo\u017ce osi\u0105gn\u0105\u0107 temperatury 2200K. Barwa \u015bwiat\u0142a tego reflektora odpowiada barwie \u015bwiecy.<br \/>\nObszary zastosowa\u0144 tej lampy s\u0105 nast\u0119puj\u0105ce:<br \/>\nog\u00f3lne o\u015bwietlenie gospodarstw domowych, gdy po\u017c\u0105dane jest bardzo ciep\u0142e \u015bwiat\u0142o.<br \/>\nDo o\u015bwietlenia ro\u015blin, aby nada\u0107 im \u015bwie\u017cy wygl\u0105d i wspom\u00f3c ich wzrost.<br \/>\nDla zwierz\u0105t i gad\u00f3w. Dzi\u0119ki reflektorowi pokrytemu pow\u0142ok\u0105 aluminiow\u0105 ciep\u0142o emitowane jest wy\u0142\u0105cznie do przodu.<\/p>\n<p>Dane techniczne:<br \/>\nTechnologia: Halogen<br \/>\nKonstrukcja: Reflektor PAR30<br \/>\n\u017bywotno\u015b\u0107: 1500h<br \/>\nJasno\u015b\u0107: 900cd<br \/>\nBarwa \u015bwiat\u0142a: 1800K, ekstra ciep\u0142a biel<br \/>\nNapi\u0119cie: 230V<br \/>\nMo\u017cliwo\u015b\u0107 \u015bciemniania: TAK<br \/>\nGniazdo: E27<br \/>\nK\u0105t wi\u0105zki: 30\u00b0 rozproszony<\/p>\n<p>Wymiary:<br \/>\n\u015arednica 95mm<br \/>\nCa\u0142kowita d\u0142ugo\u015b\u0107 95mm<\/p>\n","protected":false},"excerpt":{"rendered":"<p>\u017bar\u00f3wka halogenowa Paulmann z prasowanego szk\u0142a PAR30 75W E27 do ro\u015blin, r\u00f3\u017cowa, bardzo ciep\u0142a biel, 1800K, rozproszona, 30\u00b0 Producent: Paulmann Numer artyku\u0142u: 229.55 EAN: 4000870229552 Ta \u017car\u00f3wka halogenowa ma uniwersalne zastosowanie. Lampy r\u00f3\u017cowe charakteryzuj\u0105 si\u0119 wysok\u0105 intensywno\u015bci\u0105 odwzorowania kolor\u00f3w czerwonego i zielonego. Dzi\u0119ki temu ro\u015bliny, owoce i warzywa wydaj\u0105 si\u0119 wyj\u0105tkowo \u017cywe i \u015bwie\u017ce. Aby &#8230; <a title=\"\u017bar\u00f3wka halogenowa Paulmann z prasowanego szk\u0142a PAR30 75W E27 do ro\u015blin, r\u00f3\u017cowa, bardzo ciep\u0142a biel, 1800K, rozproszona, 30\u00b0\" class=\"read-more\" href=\"https:\/\/selleetools.com\/pl\/product\/zarowka-halogenowa-paulmann-z-prasowanego-szkla-par30-75w-e27-do-roslin-rozowa-bardzo-ciepla-biel-1800k-rozproszona-30\/\">Read more<span class=\"screen-reader-text\">\u017bar\u00f3wka halogenowa Paulmann z prasowanego szk\u0142a PAR30 75W E27 do ro\u015blin, r\u00f3\u017cowa, bardzo ciep\u0142a biel, 1800K, rozproszona, 30\u00b0<\/span><\/a><\/p>\n","protected":false},"featured_media":489273,"comment_status":"closed","ping_status":"closed","template":"","meta":{"_links_to":"","_links_to_target":""},"yoast_head":"<!-- This site is optimized with the Yoast SEO plugin v19.4 - https:\/\/yoast.com\/wordpress\/plugins\/seo\/ -->\n<title>\u017bar\u00f3wka halogenowa Paulmann z prasowanego szk\u0142a PAR30 75W E27 do ro\u015blin, r\u00f3\u017cowa, bardzo ciep\u0142a biel, 1800K, rozproszona, 30\u00b0 - Selleetools.com<\/title>\n<meta name=\"robots\" content=\"index, follow, max-snippet:-1, max-image-preview:large, max-video-preview:-1\" \/>\n<link rel=\"canonical\" href=\"https:\/\/selleetools.com\/product\/zarowka-halogenowa-paulmann-z-prasowanego-szkla-par30-75w-e27-do-roslin-rozowa-bardzo-ciepla-biel-1800k-rozproszona-30\/\" \/>\n<meta property=\"og:locale\" content=\"pl_PL\" \/>\n<meta property=\"og:type\" content=\"article\" \/>\n<meta property=\"og:title\" content=\"\u017bar\u00f3wka halogenowa Paulmann z prasowanego szk\u0142a PAR30 75W E27 do ro\u015blin, r\u00f3\u017cowa, bardzo ciep\u0142a biel, 1800K, rozproszona, 30\u00b0 - Selleetools.com\" \/>\n<meta property=\"og:description\" content=\"\u017bar\u00f3wka halogenowa Paulmann z prasowanego szk\u0142a PAR30 75W E27 do ro\u015blin, r\u00f3\u017cowa, bardzo ciep\u0142a biel, 1800K, rozproszona, 30\u00b0 Producent: Paulmann Numer artyku\u0142u: 229.55 EAN: 4000870229552 Ta \u017car\u00f3wka halogenowa ma uniwersalne zastosowanie. Lampy r\u00f3\u017cowe charakteryzuj\u0105 si\u0119 wysok\u0105 intensywno\u015bci\u0105 odwzorowania kolor\u00f3w czerwonego i zielonego. Dzi\u0119ki temu ro\u015bliny, owoce i warzywa wydaj\u0105 si\u0119 wyj\u0105tkowo \u017cywe i \u015bwie\u017ce. Aby ... Read more\u017bar\u00f3wka halogenowa Paulmann z prasowanego szk\u0142a PAR30 75W E27 do ro\u015blin, r\u00f3\u017cowa, bardzo ciep\u0142a biel, 1800K, rozproszona, 30\u00b0\" \/>\n<meta property=\"og:url\" content=\"https:\/\/selleetools.com\/product\/zarowka-halogenowa-paulmann-z-prasowanego-szkla-par30-75w-e27-do-roslin-rozowa-bardzo-ciepla-biel-1800k-rozproszona-30\/\" \/>\n<meta property=\"og:site_name\" content=\"Selleetools.com\" \/>\n<meta property=\"article:modified_time\" content=\"2025-08-08T12:04:20+00:00\" \/>\n<meta property=\"og:image\" content=\"https:\/\/selleetools.com\/wp-content\/uploads\/2025\/07\/8451fce77cef3a8e0f7ab86957b3c5a5.jpg\" \/>\n\t<meta property=\"og:image:width\" content=\"800\" \/>\n\t<meta property=\"og:image:height\" content=\"800\" \/>\n\t<meta property=\"og:image:type\" content=\"image\/jpeg\" \/>\n<meta name=\"twitter:card\" content=\"summary_large_image\" \/>\n<meta name=\"twitter:label1\" content=\"Est. reading time\" \/>\n\t<meta name=\"twitter:data1\" content=\"1 minuta\" \/>\n<!-- \/ Yoast SEO plugin. -->","yoast_head_json":{"title":"\u017bar\u00f3wka halogenowa Paulmann z prasowanego szk\u0142a PAR30 75W E27 do ro\u015blin, r\u00f3\u017cowa, bardzo ciep\u0142a biel, 1800K, rozproszona, 30\u00b0 - Selleetools.com","robots":{"index":"index","follow":"follow","max-snippet":"max-snippet:-1","max-image-preview":"max-image-preview:large","max-video-preview":"max-video-preview:-1"},"canonical":"https:\/\/selleetools.com\/product\/zarowka-halogenowa-paulmann-z-prasowanego-szkla-par30-75w-e27-do-roslin-rozowa-bardzo-ciepla-biel-1800k-rozproszona-30\/","og_locale":"pl_PL","og_type":"article","og_title":"\u017bar\u00f3wka halogenowa Paulmann z prasowanego szk\u0142a PAR30 75W E27 do ro\u015blin, r\u00f3\u017cowa, bardzo ciep\u0142a biel, 1800K, rozproszona, 30\u00b0 - Selleetools.com","og_description":"\u017bar\u00f3wka halogenowa Paulmann z prasowanego szk\u0142a PAR30 75W E27 do ro\u015blin, r\u00f3\u017cowa, bardzo ciep\u0142a biel, 1800K, rozproszona, 30\u00b0 Producent: Paulmann Numer artyku\u0142u: 229.55 EAN: 4000870229552 Ta \u017car\u00f3wka halogenowa ma uniwersalne zastosowanie. Lampy r\u00f3\u017cowe charakteryzuj\u0105 si\u0119 wysok\u0105 intensywno\u015bci\u0105 odwzorowania kolor\u00f3w czerwonego i zielonego. Dzi\u0119ki temu ro\u015bliny, owoce i warzywa wydaj\u0105 si\u0119 wyj\u0105tkowo \u017cywe i \u015bwie\u017ce. Aby ... Read more\u017bar\u00f3wka halogenowa Paulmann z prasowanego szk\u0142a PAR30 75W E27 do ro\u015blin, r\u00f3\u017cowa, bardzo ciep\u0142a biel, 1800K, rozproszona, 30\u00b0","og_url":"https:\/\/selleetools.com\/product\/zarowka-halogenowa-paulmann-z-prasowanego-szkla-par30-75w-e27-do-roslin-rozowa-bardzo-ciepla-biel-1800k-rozproszona-30\/","og_site_name":"Selleetools.com","article_modified_time":"2025-08-08T12:04:20+00:00","og_image":[{"width":800,"height":800,"url":"https:\/\/selleetools.com\/wp-content\/uploads\/2025\/07\/8451fce77cef3a8e0f7ab86957b3c5a5.jpg","type":"image\/jpeg"}],"twitter_card":"summary_large_image","twitter_misc":{"Est. reading time":"1 minuta"},"schema":{"@context":"https:\/\/schema.org","@graph":[{"@type":"Organization","@id":"https:\/\/selleetools.com\/#organization","name":"Selleetools","url":"https:\/\/selleetools.com\/","sameAs":[],"logo":{"@type":"ImageObject","inLanguage":"pl-PL","@id":"https:\/\/selleetools.com\/#\/schema\/logo\/image\/","url":"https:\/\/selleetools.com\/wp-content\/uploads\/2021\/10\/logo-dark.png","contentUrl":"https:\/\/selleetools.com\/wp-content\/uploads\/2021\/10\/logo-dark.png","width":320,"height":76,"caption":"Selleetools"},"image":{"@id":"https:\/\/selleetools.com\/#\/schema\/logo\/image\/"}},{"@type":"WebSite","@id":"https:\/\/selleetools.com\/#website","url":"https:\/\/selleetools.com\/","name":"Selleetools.com","description":"","publisher":{"@id":"https:\/\/selleetools.com\/#organization"},"potentialAction":[{"@type":"SearchAction","target":{"@type":"EntryPoint","urlTemplate":"https:\/\/selleetools.com\/?s={search_term_string}"},"query-input":"required name=search_term_string"}],"inLanguage":"pl-PL"},{"@type":"WebPage","@id":"https:\/\/selleetools.com\/product\/zarowka-halogenowa-paulmann-z-prasowanego-szkla-par30-75w-e27-do-roslin-rozowa-bardzo-ciepla-biel-1800k-rozproszona-30\/","url":"https:\/\/selleetools.com\/product\/zarowka-halogenowa-paulmann-z-prasowanego-szkla-par30-75w-e27-do-roslin-rozowa-bardzo-ciepla-biel-1800k-rozproszona-30\/","name":"\u017bar\u00f3wka halogenowa Paulmann z prasowanego szk\u0142a PAR30 75W E27 do ro\u015blin, r\u00f3\u017cowa, bardzo ciep\u0142a biel, 1800K, rozproszona, 30\u00b0 - Selleetools.com","isPartOf":{"@id":"https:\/\/selleetools.com\/#website"},"datePublished":"2025-07-06T12:24:25+00:00","dateModified":"2025-08-08T12:04:20+00:00","breadcrumb":{"@id":"https:\/\/selleetools.com\/product\/zarowka-halogenowa-paulmann-z-prasowanego-szkla-par30-75w-e27-do-roslin-rozowa-bardzo-ciepla-biel-1800k-rozproszona-30\/#breadcrumb"},"inLanguage":"pl-PL","potentialAction":[{"@type":"ReadAction","target":["https:\/\/selleetools.com\/product\/zarowka-halogenowa-paulmann-z-prasowanego-szkla-par30-75w-e27-do-roslin-rozowa-bardzo-ciepla-biel-1800k-rozproszona-30\/"]}]},{"@type":"BreadcrumbList","@id":"https:\/\/selleetools.com\/product\/zarowka-halogenowa-paulmann-z-prasowanego-szkla-par30-75w-e27-do-roslin-rozowa-bardzo-ciepla-biel-1800k-rozproszona-30\/#breadcrumb","itemListElement":[{"@type":"ListItem","position":1,"name":"Home","item":"https:\/\/selleetools.com\/pl\/"},{"@type":"ListItem","position":2,"name":"Katalog","item":"https:\/\/selleetools.com\/pl\/katalog\/"},{"@type":"ListItem","position":3,"name":"\u017bar\u00f3wka halogenowa Paulmann z prasowanego szk\u0142a PAR30 75W E27 do ro\u015blin, r\u00f3\u017cowa, bardzo ciep\u0142a biel, 1800K, rozproszona, 30\u00b0"}]}]}},"_links":{"self":[{"href":"https:\/\/selleetools.com\/pl\/wp-json\/wp\/v2\/product\/489275"}],"collection":[{"href":"https:\/\/selleetools.com\/pl\/wp-json\/wp\/v2\/product"}],"about":[{"href":"https:\/\/selleetools.com\/pl\/wp-json\/wp\/v2\/types\/product"}],"replies":[{"embeddable":true,"href":"https:\/\/selleetools.com\/pl\/wp-json\/wp\/v2\/comments?post=489275"}],"wp:featuredmedia":[{"embeddable":true,"href":"https:\/\/selleetools.com\/pl\/wp-json\/wp\/v2\/media\/489273"}],"wp:attachment":[{"href":"https:\/\/selleetools.com\/pl\/wp-json\/wp\/v2\/media?parent=489275"}],"curies":[{"name":"wp","href":"https:\/\/api.w.org\/{rel}","templated":true}]}}