{"id":489272,"date":"2025-07-06T14:24:21","date_gmt":"2025-07-06T12:24:21","guid":{"rendered":"https:\/\/selleetools.com\/?post_type=product&#038;p=489272"},"modified":"2025-12-02T20:19:22","modified_gmt":"2025-12-02T19:19:22","slug":"komplet-8-sztuk-wymienne-krazki-do-cymbergaja-czerwone-krazki-do-cymbergaja","status":"publish","type":"product","link":"https:\/\/selleetools.com\/pl\/product\/komplet-8-sztuk-wymienne-krazki-do-cymbergaja-czerwone-krazki-do-cymbergaja\/","title":{"rendered":"KOMPLET 8 SZTUK Wymienne kr\u0105\u017cki do cymbergaja Czerwone kr\u0105\u017cki do cymbergaja"},"content":{"rendered":"<p>Wymienne czerwone kr\u0105\u017cki do cymbergaja to idealne akcesorium, kt\u00f3re zapewni Ci wiele godzin emocjonuj\u0105cej zabawy przy ulubionej grze. Wykonane z wysokiej jako\u015bci materia\u0142\u00f3w, gwarantuj\u0105 trwa\u0142o\u015b\u0107 i odporno\u015b\u0107 na uszkodzenia. Doskonale dopasowane do standardowych sto\u0142\u00f3w do cymbergaja, nasze kr\u0105\u017cki charakteryzuj\u0105 si\u0119 odpowiedni\u0105 wag\u0105 i aerodynamicznym kszta\u0142tem, co przek\u0142ada si\u0119 na ich doskona\u0142e w\u0142a\u015bciwo\u015bci lotne i kontrol\u0119 podczas gry. Nie pozw\u00f3l, aby zu\u017cyte kr\u0105\u017cki zepsu\u0142y Twoj\u0105 rozgrywk\u0119 \u2013 zainwestuj w wymienne kr\u0105\u017cki, aby utrzyma\u0107 najwy\u017cszy poziom zabawy i rywalizacji. Idealne zar\u00f3wno dla pocz\u0105tkuj\u0105cych, jak i zaawansowanych graczy. Spraw, aby ka\u017cda gra by\u0142a jeszcze bardziej ekscytuj\u0105ca!<\/p>\n","protected":false},"excerpt":{"rendered":"<p>Wymienne czerwone kr\u0105\u017cki do cymbergaja to idealne akcesorium, kt\u00f3re zapewni Ci wiele godzin emocjonuj\u0105cej zabawy przy ulubionej grze. Wykonane z wysokiej jako\u015bci materia\u0142\u00f3w, gwarantuj\u0105 trwa\u0142o\u015b\u0107 i odporno\u015b\u0107 na uszkodzenia. Doskonale dopasowane do standardowych sto\u0142\u00f3w do cymbergaja, nasze kr\u0105\u017cki charakteryzuj\u0105 si\u0119 odpowiedni\u0105 wag\u0105 i aerodynamicznym kszta\u0142tem, co przek\u0142ada si\u0119 na ich doskona\u0142e w\u0142a\u015bciwo\u015bci lotne i kontrol\u0119 &#8230; <a title=\"KOMPLET 8 SZTUK Wymienne kr\u0105\u017cki do cymbergaja Czerwone kr\u0105\u017cki do cymbergaja\" class=\"read-more\" href=\"https:\/\/selleetools.com\/pl\/product\/komplet-8-sztuk-wymienne-krazki-do-cymbergaja-czerwone-krazki-do-cymbergaja\/\">Read more<span class=\"screen-reader-text\">KOMPLET 8 SZTUK Wymienne kr\u0105\u017cki do cymbergaja Czerwone kr\u0105\u017cki do cymbergaja<\/span><\/a><\/p>\n","protected":false},"featured_media":489260,"comment_status":"closed","ping_status":"closed","template":"","meta":{"_links_to":"","_links_to_target":""},"yoast_head":"<!-- This site is optimized with the Yoast SEO plugin v19.4 - https:\/\/yoast.com\/wordpress\/plugins\/seo\/ -->\n<title>KOMPLET 8 SZTUK Wymienne kr\u0105\u017cki do cymbergaja Czerwone kr\u0105\u017cki do cymbergaja - Selleetools.com<\/title>\n<meta name=\"robots\" content=\"index, follow, max-snippet:-1, max-image-preview:large, max-video-preview:-1\" \/>\n<link rel=\"canonical\" href=\"https:\/\/selleetools.com\/pl\/product\/komplet-8-sztuk-wymienne-krazki-do-cymbergaja-czerwone-krazki-do-cymbergaja\/\" \/>\n<meta property=\"og:locale\" content=\"pl_PL\" \/>\n<meta property=\"og:type\" content=\"article\" \/>\n<meta property=\"og:title\" content=\"KOMPLET 8 SZTUK Wymienne kr\u0105\u017cki do cymbergaja Czerwone kr\u0105\u017cki do cymbergaja - Selleetools.com\" \/>\n<meta property=\"og:description\" content=\"Wymienne czerwone kr\u0105\u017cki do cymbergaja to idealne akcesorium, kt\u00f3re zapewni Ci wiele godzin emocjonuj\u0105cej zabawy przy ulubionej grze. Wykonane z wysokiej jako\u015bci materia\u0142\u00f3w, gwarantuj\u0105 trwa\u0142o\u015b\u0107 i odporno\u015b\u0107 na uszkodzenia. Doskonale dopasowane do standardowych sto\u0142\u00f3w do cymbergaja, nasze kr\u0105\u017cki charakteryzuj\u0105 si\u0119 odpowiedni\u0105 wag\u0105 i aerodynamicznym kszta\u0142tem, co przek\u0142ada si\u0119 na ich doskona\u0142e w\u0142a\u015bciwo\u015bci lotne i kontrol\u0119 ... Read moreKOMPLET 8 SZTUK Wymienne kr\u0105\u017cki do cymbergaja Czerwone kr\u0105\u017cki do cymbergaja\" \/>\n<meta property=\"og:url\" content=\"https:\/\/selleetools.com\/pl\/product\/komplet-8-sztuk-wymienne-krazki-do-cymbergaja-czerwone-krazki-do-cymbergaja\/\" \/>\n<meta property=\"og:site_name\" content=\"Selleetools.com\" \/>\n<meta property=\"article:modified_time\" content=\"2025-12-02T19:19:22+00:00\" \/>\n<meta property=\"og:image\" content=\"https:\/\/selleetools.com\/wp-content\/uploads\/2025\/07\/0abfa04726a19b28aaad1dbf3a504622.webp\" \/>\n\t<meta property=\"og:image:width\" content=\"128\" \/>\n\t<meta property=\"og:image:height\" content=\"128\" \/>\n\t<meta property=\"og:image:type\" content=\"image\/webp\" \/>\n<meta name=\"twitter:card\" content=\"summary_large_image\" \/>\n<meta name=\"twitter:label1\" content=\"Est. reading time\" \/>\n\t<meta name=\"twitter:data1\" content=\"1 minuta\" \/>\n<!-- \/ Yoast SEO plugin. -->","yoast_head_json":{"title":"KOMPLET 8 SZTUK Wymienne kr\u0105\u017cki do cymbergaja Czerwone kr\u0105\u017cki do cymbergaja - Selleetools.com","robots":{"index":"index","follow":"follow","max-snippet":"max-snippet:-1","max-image-preview":"max-image-preview:large","max-video-preview":"max-video-preview:-1"},"canonical":"https:\/\/selleetools.com\/pl\/product\/komplet-8-sztuk-wymienne-krazki-do-cymbergaja-czerwone-krazki-do-cymbergaja\/","og_locale":"pl_PL","og_type":"article","og_title":"KOMPLET 8 SZTUK Wymienne kr\u0105\u017cki do cymbergaja Czerwone kr\u0105\u017cki do cymbergaja - Selleetools.com","og_description":"Wymienne czerwone kr\u0105\u017cki do cymbergaja to idealne akcesorium, kt\u00f3re zapewni Ci wiele godzin emocjonuj\u0105cej zabawy przy ulubionej grze. Wykonane z wysokiej jako\u015bci materia\u0142\u00f3w, gwarantuj\u0105 trwa\u0142o\u015b\u0107 i odporno\u015b\u0107 na uszkodzenia. Doskonale dopasowane do standardowych sto\u0142\u00f3w do cymbergaja, nasze kr\u0105\u017cki charakteryzuj\u0105 si\u0119 odpowiedni\u0105 wag\u0105 i aerodynamicznym kszta\u0142tem, co przek\u0142ada si\u0119 na ich doskona\u0142e w\u0142a\u015bciwo\u015bci lotne i kontrol\u0119 ... Read moreKOMPLET 8 SZTUK Wymienne kr\u0105\u017cki do cymbergaja Czerwone kr\u0105\u017cki do cymbergaja","og_url":"https:\/\/selleetools.com\/pl\/product\/komplet-8-sztuk-wymienne-krazki-do-cymbergaja-czerwone-krazki-do-cymbergaja\/","og_site_name":"Selleetools.com","article_modified_time":"2025-12-02T19:19:22+00:00","og_image":[{"width":128,"height":128,"url":"https:\/\/selleetools.com\/wp-content\/uploads\/2025\/07\/0abfa04726a19b28aaad1dbf3a504622.webp","type":"image\/webp"}],"twitter_card":"summary_large_image","twitter_misc":{"Est. reading time":"1 minuta"},"schema":{"@context":"https:\/\/schema.org","@graph":[{"@type":"Organization","@id":"https:\/\/selleetools.com\/#organization","name":"Selleetools","url":"https:\/\/selleetools.com\/","sameAs":[],"logo":{"@type":"ImageObject","inLanguage":"pl-PL","@id":"https:\/\/selleetools.com\/#\/schema\/logo\/image\/","url":"https:\/\/selleetools.com\/wp-content\/uploads\/2021\/10\/logo-dark.png","contentUrl":"https:\/\/selleetools.com\/wp-content\/uploads\/2021\/10\/logo-dark.png","width":320,"height":76,"caption":"Selleetools"},"image":{"@id":"https:\/\/selleetools.com\/#\/schema\/logo\/image\/"}},{"@type":"WebSite","@id":"https:\/\/selleetools.com\/#website","url":"https:\/\/selleetools.com\/","name":"Selleetools.com","description":"","publisher":{"@id":"https:\/\/selleetools.com\/#organization"},"potentialAction":[{"@type":"SearchAction","target":{"@type":"EntryPoint","urlTemplate":"https:\/\/selleetools.com\/?s={search_term_string}"},"query-input":"required name=search_term_string"}],"inLanguage":"pl-PL"},{"@type":"WebPage","@id":"https:\/\/selleetools.com\/pl\/product\/komplet-8-sztuk-wymienne-krazki-do-cymbergaja-czerwone-krazki-do-cymbergaja\/","url":"https:\/\/selleetools.com\/pl\/product\/komplet-8-sztuk-wymienne-krazki-do-cymbergaja-czerwone-krazki-do-cymbergaja\/","name":"KOMPLET 8 SZTUK Wymienne kr\u0105\u017cki do cymbergaja Czerwone kr\u0105\u017cki do cymbergaja - Selleetools.com","isPartOf":{"@id":"https:\/\/selleetools.com\/#website"},"datePublished":"2025-07-06T12:24:21+00:00","dateModified":"2025-12-02T19:19:22+00:00","breadcrumb":{"@id":"https:\/\/selleetools.com\/pl\/product\/komplet-8-sztuk-wymienne-krazki-do-cymbergaja-czerwone-krazki-do-cymbergaja\/#breadcrumb"},"inLanguage":"pl-PL","potentialAction":[{"@type":"ReadAction","target":["https:\/\/selleetools.com\/pl\/product\/komplet-8-sztuk-wymienne-krazki-do-cymbergaja-czerwone-krazki-do-cymbergaja\/"]}]},{"@type":"BreadcrumbList","@id":"https:\/\/selleetools.com\/pl\/product\/komplet-8-sztuk-wymienne-krazki-do-cymbergaja-czerwone-krazki-do-cymbergaja\/#breadcrumb","itemListElement":[{"@type":"ListItem","position":1,"name":"Home","item":"https:\/\/selleetools.com\/pl\/"},{"@type":"ListItem","position":2,"name":"Katalog","item":"https:\/\/selleetools.com\/pl\/katalog\/"},{"@type":"ListItem","position":3,"name":"KOMPLET 8 SZTUK Wymienne kr\u0105\u017cki do cymbergaja Czerwone kr\u0105\u017cki do cymbergaja"}]}]}},"_links":{"self":[{"href":"https:\/\/selleetools.com\/pl\/wp-json\/wp\/v2\/product\/489272"}],"collection":[{"href":"https:\/\/selleetools.com\/pl\/wp-json\/wp\/v2\/product"}],"about":[{"href":"https:\/\/selleetools.com\/pl\/wp-json\/wp\/v2\/types\/product"}],"replies":[{"embeddable":true,"href":"https:\/\/selleetools.com\/pl\/wp-json\/wp\/v2\/comments?post=489272"}],"wp:featuredmedia":[{"embeddable":true,"href":"https:\/\/selleetools.com\/pl\/wp-json\/wp\/v2\/media\/489260"}],"wp:attachment":[{"href":"https:\/\/selleetools.com\/pl\/wp-json\/wp\/v2\/media?parent=489272"}],"curies":[{"name":"wp","href":"https:\/\/api.w.org\/{rel}","templated":true}]}}