{"id":489259,"date":"2025-07-06T14:24:17","date_gmt":"2025-07-06T12:24:17","guid":{"rendered":"https:\/\/selleetools.com\/?post_type=product&#038;p=489259"},"modified":"2025-12-02T20:19:22","modified_gmt":"2025-12-02T19:19:22","slug":"plyta-glowna-zestaw-btc-b250c-g3900-cpu-ddr4-4g-2133mhz-ram-kabel-sata","status":"publish","type":"product","link":"https:\/\/selleetools.com\/pl\/product\/plyta-glowna-zestaw-btc-b250c-g3900-cpu-ddr4-4g-2133mhz-ram-kabel-sata\/","title":{"rendered":"P\u0141YTA G\u0141\u00d3WNA ZESTAW BTC-B250C G3900 CPU + DDR4 4G 2133Mhz RAM + KABEL SATA"},"content":{"rendered":"<p>P\u0142yta g\u0142\u00f3wna BTC-B250C to idealne rozwi\u0105zanie dla os\u00f3b poszukuj\u0105cych niezawodnej podstawy do budowy komputer\u00f3w o wysokiej wydajno\u015bci. W zestawie znajduje si\u0119 procesor G3900, zapewniaj\u0105cy p\u0142ynne dzia\u0142anie aplikacji oraz wydajne wykonywanie zada\u0144. Do\u0142\u0105czona pami\u0119\u0107 RAM DDR4 o pojemno\u015bci 4GB oraz cz\u0119stotliwo\u015bci 2133MHz pozwala na szybk\u0105 obs\u0142ug\u0119 wielozadaniowo\u015bci, co jest istotne w ka\u017cdej zastosowanej chmurze lub serwerze. Dodatkowo, zestaw zawiera kabel SATA, co u\u0142atwia pod\u0142\u0105czenie dysk\u00f3w twardych i SSD.<\/p>\n<p>Dzi\u0119ki nowoczesnej architekturze oraz wsparciu dla r\u00f3\u017cnych konfiguracji, p\u0142yta g\u0142\u00f3wna BTC-B250C spe\u0142nia potrzeby zar\u00f3wno u\u017cytkownik\u00f3w domowych, jak i profesjonalnych. Zainwestuj w ten kompletny zestaw i ciesz si\u0119 stabiln\u0105 wydajno\u015bci\u0105 oraz wszechstronno\u015bci\u0105, jak\u0105 oferuje.<\/p>\n<p>Produkt jest idealny dla entuzjast\u00f3w technologii oraz os\u00f3b chcia\u0142ycych zbudowa\u0107 wydajny komputer bez zb\u0119dnych komplikacji. Szybki monta\u017c oraz \u0142atwa konfiguracja sprawiaj\u0105, \u017ce zestaw jest dost\u0119pny dla ka\u017cdego, niezale\u017cnie od poziomu zaawansowania.<\/p>\n","protected":false},"excerpt":{"rendered":"<p>P\u0142yta g\u0142\u00f3wna BTC-B250C to idealne rozwi\u0105zanie dla os\u00f3b poszukuj\u0105cych niezawodnej podstawy do budowy komputer\u00f3w o wysokiej wydajno\u015bci. W zestawie znajduje si\u0119 procesor G3900, zapewniaj\u0105cy p\u0142ynne dzia\u0142anie aplikacji oraz wydajne wykonywanie zada\u0144. Do\u0142\u0105czona pami\u0119\u0107 RAM DDR4 o pojemno\u015bci 4GB oraz cz\u0119stotliwo\u015bci 2133MHz pozwala na szybk\u0105 obs\u0142ug\u0119 wielozadaniowo\u015bci, co jest istotne w ka\u017cdej zastosowanej chmurze lub serwerze. &#8230; <a title=\"P\u0141YTA G\u0141\u00d3WNA ZESTAW BTC-B250C G3900 CPU + DDR4 4G 2133Mhz RAM + KABEL SATA\" class=\"read-more\" href=\"https:\/\/selleetools.com\/pl\/product\/plyta-glowna-zestaw-btc-b250c-g3900-cpu-ddr4-4g-2133mhz-ram-kabel-sata\/\">Read more<span class=\"screen-reader-text\">P\u0141YTA G\u0141\u00d3WNA ZESTAW BTC-B250C G3900 CPU + DDR4 4G 2133Mhz RAM + KABEL SATA<\/span><\/a><\/p>\n","protected":false},"featured_media":489253,"comment_status":"closed","ping_status":"closed","template":"","meta":{"_links_to":"","_links_to_target":""},"yoast_head":"<!-- This site is optimized with the Yoast SEO plugin v19.4 - https:\/\/yoast.com\/wordpress\/plugins\/seo\/ -->\n<title>P\u0141YTA G\u0141\u00d3WNA ZESTAW BTC-B250C G3900 CPU + DDR4 4G 2133Mhz RAM + KABEL SATA - Selleetools.com<\/title>\n<meta name=\"robots\" content=\"index, follow, max-snippet:-1, max-image-preview:large, max-video-preview:-1\" \/>\n<link rel=\"canonical\" href=\"https:\/\/selleetools.com\/pl\/product\/plyta-glowna-zestaw-btc-b250c-g3900-cpu-ddr4-4g-2133mhz-ram-kabel-sata\/\" \/>\n<meta property=\"og:locale\" content=\"pl_PL\" \/>\n<meta property=\"og:type\" content=\"article\" \/>\n<meta property=\"og:title\" content=\"P\u0141YTA G\u0141\u00d3WNA ZESTAW BTC-B250C G3900 CPU + DDR4 4G 2133Mhz RAM + KABEL SATA - Selleetools.com\" \/>\n<meta property=\"og:description\" content=\"P\u0142yta g\u0142\u00f3wna BTC-B250C to idealne rozwi\u0105zanie dla os\u00f3b poszukuj\u0105cych niezawodnej podstawy do budowy komputer\u00f3w o wysokiej wydajno\u015bci. W zestawie znajduje si\u0119 procesor G3900, zapewniaj\u0105cy p\u0142ynne dzia\u0142anie aplikacji oraz wydajne wykonywanie zada\u0144. Do\u0142\u0105czona pami\u0119\u0107 RAM DDR4 o pojemno\u015bci 4GB oraz cz\u0119stotliwo\u015bci 2133MHz pozwala na szybk\u0105 obs\u0142ug\u0119 wielozadaniowo\u015bci, co jest istotne w ka\u017cdej zastosowanej chmurze lub serwerze. ... Read moreP\u0141YTA G\u0141\u00d3WNA ZESTAW BTC-B250C G3900 CPU + DDR4 4G 2133Mhz RAM + KABEL SATA\" \/>\n<meta property=\"og:url\" content=\"https:\/\/selleetools.com\/pl\/product\/plyta-glowna-zestaw-btc-b250c-g3900-cpu-ddr4-4g-2133mhz-ram-kabel-sata\/\" \/>\n<meta property=\"og:site_name\" content=\"Selleetools.com\" \/>\n<meta property=\"article:modified_time\" content=\"2025-12-02T19:19:22+00:00\" \/>\n<meta property=\"og:image\" content=\"https:\/\/selleetools.com\/wp-content\/uploads\/2025\/07\/3b70324574077fc18d7468887713f645.webp\" \/>\n\t<meta property=\"og:image:width\" content=\"128\" \/>\n\t<meta property=\"og:image:height\" content=\"128\" \/>\n\t<meta property=\"og:image:type\" content=\"image\/webp\" \/>\n<meta name=\"twitter:card\" content=\"summary_large_image\" \/>\n<meta name=\"twitter:label1\" content=\"Est. reading time\" \/>\n\t<meta name=\"twitter:data1\" content=\"1 minuta\" \/>\n<!-- \/ Yoast SEO plugin. -->","yoast_head_json":{"title":"P\u0141YTA G\u0141\u00d3WNA ZESTAW BTC-B250C G3900 CPU + DDR4 4G 2133Mhz RAM + KABEL SATA - Selleetools.com","robots":{"index":"index","follow":"follow","max-snippet":"max-snippet:-1","max-image-preview":"max-image-preview:large","max-video-preview":"max-video-preview:-1"},"canonical":"https:\/\/selleetools.com\/pl\/product\/plyta-glowna-zestaw-btc-b250c-g3900-cpu-ddr4-4g-2133mhz-ram-kabel-sata\/","og_locale":"pl_PL","og_type":"article","og_title":"P\u0141YTA G\u0141\u00d3WNA ZESTAW BTC-B250C G3900 CPU + DDR4 4G 2133Mhz RAM + KABEL SATA - Selleetools.com","og_description":"P\u0142yta g\u0142\u00f3wna BTC-B250C to idealne rozwi\u0105zanie dla os\u00f3b poszukuj\u0105cych niezawodnej podstawy do budowy komputer\u00f3w o wysokiej wydajno\u015bci. W zestawie znajduje si\u0119 procesor G3900, zapewniaj\u0105cy p\u0142ynne dzia\u0142anie aplikacji oraz wydajne wykonywanie zada\u0144. Do\u0142\u0105czona pami\u0119\u0107 RAM DDR4 o pojemno\u015bci 4GB oraz cz\u0119stotliwo\u015bci 2133MHz pozwala na szybk\u0105 obs\u0142ug\u0119 wielozadaniowo\u015bci, co jest istotne w ka\u017cdej zastosowanej chmurze lub serwerze. ... Read moreP\u0141YTA G\u0141\u00d3WNA ZESTAW BTC-B250C G3900 CPU + DDR4 4G 2133Mhz RAM + KABEL SATA","og_url":"https:\/\/selleetools.com\/pl\/product\/plyta-glowna-zestaw-btc-b250c-g3900-cpu-ddr4-4g-2133mhz-ram-kabel-sata\/","og_site_name":"Selleetools.com","article_modified_time":"2025-12-02T19:19:22+00:00","og_image":[{"width":128,"height":128,"url":"https:\/\/selleetools.com\/wp-content\/uploads\/2025\/07\/3b70324574077fc18d7468887713f645.webp","type":"image\/webp"}],"twitter_card":"summary_large_image","twitter_misc":{"Est. reading time":"1 minuta"},"schema":{"@context":"https:\/\/schema.org","@graph":[{"@type":"Organization","@id":"https:\/\/selleetools.com\/#organization","name":"Selleetools","url":"https:\/\/selleetools.com\/","sameAs":[],"logo":{"@type":"ImageObject","inLanguage":"pl-PL","@id":"https:\/\/selleetools.com\/#\/schema\/logo\/image\/","url":"https:\/\/selleetools.com\/wp-content\/uploads\/2021\/10\/logo-dark.png","contentUrl":"https:\/\/selleetools.com\/wp-content\/uploads\/2021\/10\/logo-dark.png","width":320,"height":76,"caption":"Selleetools"},"image":{"@id":"https:\/\/selleetools.com\/#\/schema\/logo\/image\/"}},{"@type":"WebSite","@id":"https:\/\/selleetools.com\/#website","url":"https:\/\/selleetools.com\/","name":"Selleetools.com","description":"","publisher":{"@id":"https:\/\/selleetools.com\/#organization"},"potentialAction":[{"@type":"SearchAction","target":{"@type":"EntryPoint","urlTemplate":"https:\/\/selleetools.com\/?s={search_term_string}"},"query-input":"required name=search_term_string"}],"inLanguage":"pl-PL"},{"@type":"WebPage","@id":"https:\/\/selleetools.com\/pl\/product\/plyta-glowna-zestaw-btc-b250c-g3900-cpu-ddr4-4g-2133mhz-ram-kabel-sata\/","url":"https:\/\/selleetools.com\/pl\/product\/plyta-glowna-zestaw-btc-b250c-g3900-cpu-ddr4-4g-2133mhz-ram-kabel-sata\/","name":"P\u0141YTA G\u0141\u00d3WNA ZESTAW BTC-B250C G3900 CPU + DDR4 4G 2133Mhz RAM + KABEL SATA - Selleetools.com","isPartOf":{"@id":"https:\/\/selleetools.com\/#website"},"datePublished":"2025-07-06T12:24:17+00:00","dateModified":"2025-12-02T19:19:22+00:00","breadcrumb":{"@id":"https:\/\/selleetools.com\/pl\/product\/plyta-glowna-zestaw-btc-b250c-g3900-cpu-ddr4-4g-2133mhz-ram-kabel-sata\/#breadcrumb"},"inLanguage":"pl-PL","potentialAction":[{"@type":"ReadAction","target":["https:\/\/selleetools.com\/pl\/product\/plyta-glowna-zestaw-btc-b250c-g3900-cpu-ddr4-4g-2133mhz-ram-kabel-sata\/"]}]},{"@type":"BreadcrumbList","@id":"https:\/\/selleetools.com\/pl\/product\/plyta-glowna-zestaw-btc-b250c-g3900-cpu-ddr4-4g-2133mhz-ram-kabel-sata\/#breadcrumb","itemListElement":[{"@type":"ListItem","position":1,"name":"Home","item":"https:\/\/selleetools.com\/pl\/"},{"@type":"ListItem","position":2,"name":"Katalog","item":"https:\/\/selleetools.com\/pl\/katalog\/"},{"@type":"ListItem","position":3,"name":"P\u0141YTA G\u0141\u00d3WNA ZESTAW BTC-B250C G3900 CPU + DDR4 4G 2133Mhz RAM + KABEL SATA"}]}]}},"_links":{"self":[{"href":"https:\/\/selleetools.com\/pl\/wp-json\/wp\/v2\/product\/489259"}],"collection":[{"href":"https:\/\/selleetools.com\/pl\/wp-json\/wp\/v2\/product"}],"about":[{"href":"https:\/\/selleetools.com\/pl\/wp-json\/wp\/v2\/types\/product"}],"replies":[{"embeddable":true,"href":"https:\/\/selleetools.com\/pl\/wp-json\/wp\/v2\/comments?post=489259"}],"wp:featuredmedia":[{"embeddable":true,"href":"https:\/\/selleetools.com\/pl\/wp-json\/wp\/v2\/media\/489253"}],"wp:attachment":[{"href":"https:\/\/selleetools.com\/pl\/wp-json\/wp\/v2\/media?parent=489259"}],"curies":[{"name":"wp","href":"https:\/\/api.w.org\/{rel}","templated":true}]}}