{"id":489252,"date":"2025-07-06T14:24:13","date_gmt":"2025-07-06T12:24:13","guid":{"rendered":"https:\/\/selleetools.com\/?post_type=product&#038;p=489252"},"modified":"2025-08-08T14:04:20","modified_gmt":"2025-08-08T12:04:20","slug":"swieczki-urodzinowe-z-napisem-szczesliwych-urodzin","status":"publish","type":"product","link":"https:\/\/selleetools.com\/pl\/product\/swieczki-urodzinowe-z-napisem-szczesliwych-urodzin\/","title":{"rendered":"\u015awieczki urodzinowe z napisem &#8220;Szcz\u0119\u015bliwych Urodzin&#8221;"},"content":{"rendered":"<p>\u015awieczki urodzinowe z napisem &#8220;Happy Birthday&#8221; to doskona\u0142y dodatek do ka\u017cdego przyj\u0119cia urodzinowego. Wykonane z wysokiej jako\u015bci materia\u0142\u00f3w, zapewniaj\u0105 bezpieczne i efektowne palenie, kt\u00f3re doda uroku ka\u017cdemu torcie. Ich elegancki design sprawia, \u017ce b\u0119d\u0105 doskonale wygl\u0105da\u0107 na stole, a napis w przyjazny spos\u00f3b podkre\u015bli charakter uroczysto\u015bci. \u015awieczki s\u0105 \u0142atwe w u\u017cyciu i idealne do ozdoby zar\u00f3wno dla dzieci, jak i doros\u0142ych. Spraw, aby ka\u017cde urodziny by\u0142y niezapomniane dzi\u0119ki tym wyj\u0105tkowym \u015bwieczkom, kt\u00f3re z pewno\u015bci\u0105 przyci\u0105gn\u0105 uwag\u0119 go\u015bci i dodadz\u0105 magii temu szczeg\u00f3lnemu dniu.<\/p>\n","protected":false},"excerpt":{"rendered":"<p>\u015awieczki urodzinowe z napisem &#8220;Happy Birthday&#8221; to doskona\u0142y dodatek do ka\u017cdego przyj\u0119cia urodzinowego. Wykonane z wysokiej jako\u015bci materia\u0142\u00f3w, zapewniaj\u0105 bezpieczne i efektowne palenie, kt\u00f3re doda uroku ka\u017cdemu torcie. Ich elegancki design sprawia, \u017ce b\u0119d\u0105 doskonale wygl\u0105da\u0107 na stole, a napis w przyjazny spos\u00f3b podkre\u015bli charakter uroczysto\u015bci. \u015awieczki s\u0105 \u0142atwe w u\u017cyciu i idealne do ozdoby &#8230; <a title=\"\u015awieczki urodzinowe z napisem &#8220;Szcz\u0119\u015bliwych Urodzin&#8221;\" class=\"read-more\" href=\"https:\/\/selleetools.com\/pl\/product\/swieczki-urodzinowe-z-napisem-szczesliwych-urodzin\/\">Read more<span class=\"screen-reader-text\">\u015awieczki urodzinowe z napisem &#8220;Szcz\u0119\u015bliwych Urodzin&#8221;<\/span><\/a><\/p>\n","protected":false},"featured_media":489250,"comment_status":"closed","ping_status":"closed","template":"","meta":{"_links_to":"","_links_to_target":""},"yoast_head":"<!-- This site is optimized with the Yoast SEO plugin v19.4 - https:\/\/yoast.com\/wordpress\/plugins\/seo\/ -->\n<title>\u015awieczki urodzinowe z napisem &quot;Szcz\u0119\u015bliwych Urodzin&quot; - Selleetools.com<\/title>\n<meta name=\"robots\" content=\"index, follow, max-snippet:-1, max-image-preview:large, max-video-preview:-1\" \/>\n<link rel=\"canonical\" href=\"https:\/\/selleetools.com\/pl\/product\/swieczki-urodzinowe-z-napisem-szczesliwych-urodzin\/\" \/>\n<meta property=\"og:locale\" content=\"pl_PL\" \/>\n<meta property=\"og:type\" content=\"article\" \/>\n<meta property=\"og:title\" content=\"\u015awieczki urodzinowe z napisem &quot;Szcz\u0119\u015bliwych Urodzin&quot; - Selleetools.com\" \/>\n<meta property=\"og:description\" content=\"\u015awieczki urodzinowe z napisem &#8220;Happy Birthday&#8221; to doskona\u0142y dodatek do ka\u017cdego przyj\u0119cia urodzinowego. Wykonane z wysokiej jako\u015bci materia\u0142\u00f3w, zapewniaj\u0105 bezpieczne i efektowne palenie, kt\u00f3re doda uroku ka\u017cdemu torcie. Ich elegancki design sprawia, \u017ce b\u0119d\u0105 doskonale wygl\u0105da\u0107 na stole, a napis w przyjazny spos\u00f3b podkre\u015bli charakter uroczysto\u015bci. \u015awieczki s\u0105 \u0142atwe w u\u017cyciu i idealne do ozdoby ... Read more\u015awieczki urodzinowe z napisem &#8220;Szcz\u0119\u015bliwych Urodzin&#8221;\" \/>\n<meta property=\"og:url\" content=\"https:\/\/selleetools.com\/pl\/product\/swieczki-urodzinowe-z-napisem-szczesliwych-urodzin\/\" \/>\n<meta property=\"og:site_name\" content=\"Selleetools.com\" \/>\n<meta property=\"article:modified_time\" content=\"2025-08-08T12:04:20+00:00\" \/>\n<meta property=\"og:image\" content=\"https:\/\/selleetools.com\/wp-content\/uploads\/2025\/07\/d8cc818c151edc9f90d275aefed0220d.jpg\" \/>\n\t<meta property=\"og:image:width\" content=\"2000\" \/>\n\t<meta property=\"og:image:height\" content=\"2000\" \/>\n\t<meta property=\"og:image:type\" content=\"image\/jpeg\" \/>\n<meta name=\"twitter:card\" content=\"summary_large_image\" \/>\n<meta name=\"twitter:label1\" content=\"Est. reading time\" \/>\n\t<meta name=\"twitter:data1\" content=\"1 minuta\" \/>\n<!-- \/ Yoast SEO plugin. -->","yoast_head_json":{"title":"\u015awieczki urodzinowe z napisem \"Szcz\u0119\u015bliwych Urodzin\" - Selleetools.com","robots":{"index":"index","follow":"follow","max-snippet":"max-snippet:-1","max-image-preview":"max-image-preview:large","max-video-preview":"max-video-preview:-1"},"canonical":"https:\/\/selleetools.com\/pl\/product\/swieczki-urodzinowe-z-napisem-szczesliwych-urodzin\/","og_locale":"pl_PL","og_type":"article","og_title":"\u015awieczki urodzinowe z napisem \"Szcz\u0119\u015bliwych Urodzin\" - Selleetools.com","og_description":"\u015awieczki urodzinowe z napisem &#8220;Happy Birthday&#8221; to doskona\u0142y dodatek do ka\u017cdego przyj\u0119cia urodzinowego. Wykonane z wysokiej jako\u015bci materia\u0142\u00f3w, zapewniaj\u0105 bezpieczne i efektowne palenie, kt\u00f3re doda uroku ka\u017cdemu torcie. Ich elegancki design sprawia, \u017ce b\u0119d\u0105 doskonale wygl\u0105da\u0107 na stole, a napis w przyjazny spos\u00f3b podkre\u015bli charakter uroczysto\u015bci. \u015awieczki s\u0105 \u0142atwe w u\u017cyciu i idealne do ozdoby ... Read more\u015awieczki urodzinowe z napisem &#8220;Szcz\u0119\u015bliwych Urodzin&#8221;","og_url":"https:\/\/selleetools.com\/pl\/product\/swieczki-urodzinowe-z-napisem-szczesliwych-urodzin\/","og_site_name":"Selleetools.com","article_modified_time":"2025-08-08T12:04:20+00:00","og_image":[{"width":2000,"height":2000,"url":"https:\/\/selleetools.com\/wp-content\/uploads\/2025\/07\/d8cc818c151edc9f90d275aefed0220d.jpg","type":"image\/jpeg"}],"twitter_card":"summary_large_image","twitter_misc":{"Est. reading time":"1 minuta"},"schema":{"@context":"https:\/\/schema.org","@graph":[{"@type":"Organization","@id":"https:\/\/selleetools.com\/#organization","name":"Selleetools","url":"https:\/\/selleetools.com\/","sameAs":[],"logo":{"@type":"ImageObject","inLanguage":"pl-PL","@id":"https:\/\/selleetools.com\/#\/schema\/logo\/image\/","url":"https:\/\/selleetools.com\/wp-content\/uploads\/2021\/10\/logo-dark.png","contentUrl":"https:\/\/selleetools.com\/wp-content\/uploads\/2021\/10\/logo-dark.png","width":320,"height":76,"caption":"Selleetools"},"image":{"@id":"https:\/\/selleetools.com\/#\/schema\/logo\/image\/"}},{"@type":"WebSite","@id":"https:\/\/selleetools.com\/#website","url":"https:\/\/selleetools.com\/","name":"Selleetools.com","description":"","publisher":{"@id":"https:\/\/selleetools.com\/#organization"},"potentialAction":[{"@type":"SearchAction","target":{"@type":"EntryPoint","urlTemplate":"https:\/\/selleetools.com\/?s={search_term_string}"},"query-input":"required name=search_term_string"}],"inLanguage":"pl-PL"},{"@type":"WebPage","@id":"https:\/\/selleetools.com\/pl\/product\/swieczki-urodzinowe-z-napisem-szczesliwych-urodzin\/","url":"https:\/\/selleetools.com\/pl\/product\/swieczki-urodzinowe-z-napisem-szczesliwych-urodzin\/","name":"\u015awieczki urodzinowe z napisem \"Szcz\u0119\u015bliwych Urodzin\" - Selleetools.com","isPartOf":{"@id":"https:\/\/selleetools.com\/#website"},"datePublished":"2025-07-06T12:24:13+00:00","dateModified":"2025-08-08T12:04:20+00:00","breadcrumb":{"@id":"https:\/\/selleetools.com\/pl\/product\/swieczki-urodzinowe-z-napisem-szczesliwych-urodzin\/#breadcrumb"},"inLanguage":"pl-PL","potentialAction":[{"@type":"ReadAction","target":["https:\/\/selleetools.com\/pl\/product\/swieczki-urodzinowe-z-napisem-szczesliwych-urodzin\/"]}]},{"@type":"BreadcrumbList","@id":"https:\/\/selleetools.com\/pl\/product\/swieczki-urodzinowe-z-napisem-szczesliwych-urodzin\/#breadcrumb","itemListElement":[{"@type":"ListItem","position":1,"name":"Home","item":"https:\/\/selleetools.com\/pl\/"},{"@type":"ListItem","position":2,"name":"Katalog","item":"https:\/\/selleetools.com\/pl\/katalog\/"},{"@type":"ListItem","position":3,"name":"\u015awieczki urodzinowe z napisem &#8220;Szcz\u0119\u015bliwych Urodzin&#8221;"}]}]}},"_links":{"self":[{"href":"https:\/\/selleetools.com\/pl\/wp-json\/wp\/v2\/product\/489252"}],"collection":[{"href":"https:\/\/selleetools.com\/pl\/wp-json\/wp\/v2\/product"}],"about":[{"href":"https:\/\/selleetools.com\/pl\/wp-json\/wp\/v2\/types\/product"}],"replies":[{"embeddable":true,"href":"https:\/\/selleetools.com\/pl\/wp-json\/wp\/v2\/comments?post=489252"}],"wp:featuredmedia":[{"embeddable":true,"href":"https:\/\/selleetools.com\/pl\/wp-json\/wp\/v2\/media\/489250"}],"wp:attachment":[{"href":"https:\/\/selleetools.com\/pl\/wp-json\/wp\/v2\/media?parent=489252"}],"curies":[{"name":"wp","href":"https:\/\/api.w.org\/{rel}","templated":true}]}}