{"id":489249,"date":"2025-07-06T14:24:08","date_gmt":"2025-07-06T12:24:08","guid":{"rendered":"https:\/\/selleetools.com\/?post_type=product&#038;p=489249"},"modified":"2025-12-02T20:19:22","modified_gmt":"2025-12-02T19:19:22","slug":"rosfix-5-dysz-do-myjki-cisnieniowej-szybkozlaczka","status":"publish","type":"product","link":"https:\/\/selleetools.com\/pl\/product\/rosfix-5-dysz-do-myjki-cisnieniowej-szybkozlaczka\/","title":{"rendered":"Rosfix 5 DYSZ DO MYJKI CI\u015aNIENIOWEJ SZYBKOZ\u0141\u0104CZKA"},"content":{"rendered":"<p>Przedstawiamy szybko z\u0142\u0105czk\u0119 Rosfix 5 DYSZ DO MYJKI CI\u015aNIENIOWEJ, idealne rozwi\u0105zanie dla wszystkich, kt\u00f3rzy pragn\u0105 zwi\u0119kszy\u0107 efektywno\u015b\u0107 swojej myjki ci\u015bnieniowej. Nasza z\u0142\u0105czka umo\u017cliwia szybkie i \u0142atwe pod\u0142\u0105czenie r\u00f3\u017cnych ko\u0144c\u00f3wek, co znacznie upraszcza proces mycia oraz oszcz\u0119dza czas. Wykonana z wysokiej jako\u015bci materia\u0142\u00f3w, z\u0142\u0105czka charakteryzuje si\u0119 trwa\u0142o\u015bci\u0105 i odporno\u015bci\u0105 na uszkodzenia. Dzi\u0119ki zastosowaniu nowoczesnych technologii, zapewnia szczelno\u015b\u0107 i niezawodno\u015b\u0107 w ka\u017cdych warunkach. Przeznaczona dla profesjonalist\u00f3w oraz u\u017cytkownik\u00f3w domowych, z\u0142\u0105czka Rosfix to niezb\u0119dny element wyposa\u017cenia ka\u017cdej myjki ci\u015bnieniowej. U\u0142atw sobie \u017cycie i postaw na sprawdzone rozwi\u0105zanie!<\/p>\n","protected":false},"excerpt":{"rendered":"<p>Przedstawiamy szybko z\u0142\u0105czk\u0119 Rosfix 5 DYSZ DO MYJKI CI\u015aNIENIOWEJ, idealne rozwi\u0105zanie dla wszystkich, kt\u00f3rzy pragn\u0105 zwi\u0119kszy\u0107 efektywno\u015b\u0107 swojej myjki ci\u015bnieniowej. Nasza z\u0142\u0105czka umo\u017cliwia szybkie i \u0142atwe pod\u0142\u0105czenie r\u00f3\u017cnych ko\u0144c\u00f3wek, co znacznie upraszcza proces mycia oraz oszcz\u0119dza czas. Wykonana z wysokiej jako\u015bci materia\u0142\u00f3w, z\u0142\u0105czka charakteryzuje si\u0119 trwa\u0142o\u015bci\u0105 i odporno\u015bci\u0105 na uszkodzenia. Dzi\u0119ki zastosowaniu nowoczesnych technologii, zapewnia &#8230; <a title=\"Rosfix 5 DYSZ DO MYJKI CI\u015aNIENIOWEJ SZYBKOZ\u0141\u0104CZKA\" class=\"read-more\" href=\"https:\/\/selleetools.com\/pl\/product\/rosfix-5-dysz-do-myjki-cisnieniowej-szybkozlaczka\/\">Read more<span class=\"screen-reader-text\">Rosfix 5 DYSZ DO MYJKI CI\u015aNIENIOWEJ SZYBKOZ\u0141\u0104CZKA<\/span><\/a><\/p>\n","protected":false},"featured_media":489239,"comment_status":"closed","ping_status":"closed","template":"","meta":{"_links_to":"","_links_to_target":""},"yoast_head":"<!-- This site is optimized with the Yoast SEO plugin v19.4 - https:\/\/yoast.com\/wordpress\/plugins\/seo\/ -->\n<title>Rosfix 5 DYSZ DO MYJKI CI\u015aNIENIOWEJ SZYBKOZ\u0141\u0104CZKA - Selleetools.com<\/title>\n<meta name=\"robots\" content=\"index, follow, max-snippet:-1, max-image-preview:large, max-video-preview:-1\" \/>\n<link rel=\"canonical\" href=\"https:\/\/selleetools.com\/pl\/product\/rosfix-5-dysz-do-myjki-cisnieniowej-szybkozlaczka\/\" \/>\n<meta property=\"og:locale\" content=\"pl_PL\" \/>\n<meta property=\"og:type\" content=\"article\" \/>\n<meta property=\"og:title\" content=\"Rosfix 5 DYSZ DO MYJKI CI\u015aNIENIOWEJ SZYBKOZ\u0141\u0104CZKA - Selleetools.com\" \/>\n<meta property=\"og:description\" content=\"Przedstawiamy szybko z\u0142\u0105czk\u0119 Rosfix 5 DYSZ DO MYJKI CI\u015aNIENIOWEJ, idealne rozwi\u0105zanie dla wszystkich, kt\u00f3rzy pragn\u0105 zwi\u0119kszy\u0107 efektywno\u015b\u0107 swojej myjki ci\u015bnieniowej. Nasza z\u0142\u0105czka umo\u017cliwia szybkie i \u0142atwe pod\u0142\u0105czenie r\u00f3\u017cnych ko\u0144c\u00f3wek, co znacznie upraszcza proces mycia oraz oszcz\u0119dza czas. Wykonana z wysokiej jako\u015bci materia\u0142\u00f3w, z\u0142\u0105czka charakteryzuje si\u0119 trwa\u0142o\u015bci\u0105 i odporno\u015bci\u0105 na uszkodzenia. Dzi\u0119ki zastosowaniu nowoczesnych technologii, zapewnia ... Read moreRosfix 5 DYSZ DO MYJKI CI\u015aNIENIOWEJ SZYBKOZ\u0141\u0104CZKA\" \/>\n<meta property=\"og:url\" content=\"https:\/\/selleetools.com\/pl\/product\/rosfix-5-dysz-do-myjki-cisnieniowej-szybkozlaczka\/\" \/>\n<meta property=\"og:site_name\" content=\"Selleetools.com\" \/>\n<meta property=\"article:modified_time\" content=\"2025-12-02T19:19:22+00:00\" \/>\n<meta property=\"og:image\" content=\"https:\/\/selleetools.com\/wp-content\/uploads\/2025\/07\/3b3569e423eacf07c3cfb3ab56de0a22.jpg\" \/>\n\t<meta property=\"og:image:width\" content=\"564\" \/>\n\t<meta property=\"og:image:height\" content=\"719\" \/>\n\t<meta property=\"og:image:type\" content=\"image\/jpeg\" \/>\n<meta name=\"twitter:card\" content=\"summary_large_image\" \/>\n<meta name=\"twitter:label1\" content=\"Est. reading time\" \/>\n\t<meta name=\"twitter:data1\" content=\"1 minuta\" \/>\n<!-- \/ Yoast SEO plugin. -->","yoast_head_json":{"title":"Rosfix 5 DYSZ DO MYJKI CI\u015aNIENIOWEJ SZYBKOZ\u0141\u0104CZKA - Selleetools.com","robots":{"index":"index","follow":"follow","max-snippet":"max-snippet:-1","max-image-preview":"max-image-preview:large","max-video-preview":"max-video-preview:-1"},"canonical":"https:\/\/selleetools.com\/pl\/product\/rosfix-5-dysz-do-myjki-cisnieniowej-szybkozlaczka\/","og_locale":"pl_PL","og_type":"article","og_title":"Rosfix 5 DYSZ DO MYJKI CI\u015aNIENIOWEJ SZYBKOZ\u0141\u0104CZKA - Selleetools.com","og_description":"Przedstawiamy szybko z\u0142\u0105czk\u0119 Rosfix 5 DYSZ DO MYJKI CI\u015aNIENIOWEJ, idealne rozwi\u0105zanie dla wszystkich, kt\u00f3rzy pragn\u0105 zwi\u0119kszy\u0107 efektywno\u015b\u0107 swojej myjki ci\u015bnieniowej. Nasza z\u0142\u0105czka umo\u017cliwia szybkie i \u0142atwe pod\u0142\u0105czenie r\u00f3\u017cnych ko\u0144c\u00f3wek, co znacznie upraszcza proces mycia oraz oszcz\u0119dza czas. Wykonana z wysokiej jako\u015bci materia\u0142\u00f3w, z\u0142\u0105czka charakteryzuje si\u0119 trwa\u0142o\u015bci\u0105 i odporno\u015bci\u0105 na uszkodzenia. Dzi\u0119ki zastosowaniu nowoczesnych technologii, zapewnia ... Read moreRosfix 5 DYSZ DO MYJKI CI\u015aNIENIOWEJ SZYBKOZ\u0141\u0104CZKA","og_url":"https:\/\/selleetools.com\/pl\/product\/rosfix-5-dysz-do-myjki-cisnieniowej-szybkozlaczka\/","og_site_name":"Selleetools.com","article_modified_time":"2025-12-02T19:19:22+00:00","og_image":[{"width":564,"height":719,"url":"https:\/\/selleetools.com\/wp-content\/uploads\/2025\/07\/3b3569e423eacf07c3cfb3ab56de0a22.jpg","type":"image\/jpeg"}],"twitter_card":"summary_large_image","twitter_misc":{"Est. reading time":"1 minuta"},"schema":{"@context":"https:\/\/schema.org","@graph":[{"@type":"Organization","@id":"https:\/\/selleetools.com\/#organization","name":"Selleetools","url":"https:\/\/selleetools.com\/","sameAs":[],"logo":{"@type":"ImageObject","inLanguage":"pl-PL","@id":"https:\/\/selleetools.com\/#\/schema\/logo\/image\/","url":"https:\/\/selleetools.com\/wp-content\/uploads\/2021\/10\/logo-dark.png","contentUrl":"https:\/\/selleetools.com\/wp-content\/uploads\/2021\/10\/logo-dark.png","width":320,"height":76,"caption":"Selleetools"},"image":{"@id":"https:\/\/selleetools.com\/#\/schema\/logo\/image\/"}},{"@type":"WebSite","@id":"https:\/\/selleetools.com\/#website","url":"https:\/\/selleetools.com\/","name":"Selleetools.com","description":"","publisher":{"@id":"https:\/\/selleetools.com\/#organization"},"potentialAction":[{"@type":"SearchAction","target":{"@type":"EntryPoint","urlTemplate":"https:\/\/selleetools.com\/?s={search_term_string}"},"query-input":"required name=search_term_string"}],"inLanguage":"pl-PL"},{"@type":"WebPage","@id":"https:\/\/selleetools.com\/pl\/product\/rosfix-5-dysz-do-myjki-cisnieniowej-szybkozlaczka\/","url":"https:\/\/selleetools.com\/pl\/product\/rosfix-5-dysz-do-myjki-cisnieniowej-szybkozlaczka\/","name":"Rosfix 5 DYSZ DO MYJKI CI\u015aNIENIOWEJ SZYBKOZ\u0141\u0104CZKA - Selleetools.com","isPartOf":{"@id":"https:\/\/selleetools.com\/#website"},"datePublished":"2025-07-06T12:24:08+00:00","dateModified":"2025-12-02T19:19:22+00:00","breadcrumb":{"@id":"https:\/\/selleetools.com\/pl\/product\/rosfix-5-dysz-do-myjki-cisnieniowej-szybkozlaczka\/#breadcrumb"},"inLanguage":"pl-PL","potentialAction":[{"@type":"ReadAction","target":["https:\/\/selleetools.com\/pl\/product\/rosfix-5-dysz-do-myjki-cisnieniowej-szybkozlaczka\/"]}]},{"@type":"BreadcrumbList","@id":"https:\/\/selleetools.com\/pl\/product\/rosfix-5-dysz-do-myjki-cisnieniowej-szybkozlaczka\/#breadcrumb","itemListElement":[{"@type":"ListItem","position":1,"name":"Home","item":"https:\/\/selleetools.com\/pl\/"},{"@type":"ListItem","position":2,"name":"Katalog","item":"https:\/\/selleetools.com\/pl\/katalog\/"},{"@type":"ListItem","position":3,"name":"Rosfix 5 DYSZ DO MYJKI CI\u015aNIENIOWEJ SZYBKOZ\u0141\u0104CZKA"}]}]}},"_links":{"self":[{"href":"https:\/\/selleetools.com\/pl\/wp-json\/wp\/v2\/product\/489249"}],"collection":[{"href":"https:\/\/selleetools.com\/pl\/wp-json\/wp\/v2\/product"}],"about":[{"href":"https:\/\/selleetools.com\/pl\/wp-json\/wp\/v2\/types\/product"}],"replies":[{"embeddable":true,"href":"https:\/\/selleetools.com\/pl\/wp-json\/wp\/v2\/comments?post=489249"}],"wp:featuredmedia":[{"embeddable":true,"href":"https:\/\/selleetools.com\/pl\/wp-json\/wp\/v2\/media\/489239"}],"wp:attachment":[{"href":"https:\/\/selleetools.com\/pl\/wp-json\/wp\/v2\/media?parent=489249"}],"curies":[{"name":"wp","href":"https:\/\/api.w.org\/{rel}","templated":true}]}}