{"id":391371,"date":"2024-09-20T11:53:15","date_gmt":"2024-09-20T09:53:15","guid":{"rendered":"https:\/\/selleetools.com\/?post_type=product&#038;p=391371"},"modified":"2025-12-02T20:31:53","modified_gmt":"2025-12-02T19:31:53","slug":"kolagen-czysty-z-witamina-c-koktajl-kolagenowy-o-najwyzszej-jakosci-pure","status":"publish","type":"product","link":"https:\/\/selleetools.com\/pl\/product\/kolagen-czysty-z-witamina-c-koktajl-kolagenowy-o-najwyzszej-jakosci-pure\/","title":{"rendered":"Kolagen Czysty z Witamin\u0105 C &#8211; Koktajl Kolagenowy o Najwy\u017cszej Jako\u015bci PURE"},"content":{"rendered":"<section class=\"section\">\n<div class=\"item item-12\">\n<section class=\"text-item\"><strong>Kolagen Czysty z Witamin\u0105 C &#8211; Koktajl Kolagenowy o Najwy\u017cszej Jako\u015bci PURE<\/strong><\/section>\n<\/div>\n<\/section>\n<section class=\"section\">\n<div class=\"item item-12\">\n<section class=\"text-item\"><strong>witamin\u0119 C<\/strong><\/section>\n<\/div>\n<\/section>\n<section class=\"section\">\n<div class=\"item item-12\">\n<section class=\"text-item\"><strong>Koktajl Kolagenowy PURE<\/strong><\/section>\n<\/div>\n<\/section>\n<section class=\"section\">\n<div class=\"item item-12\">\n<section class=\"text-item\">\n<ul>\n<li>Kolagen rybi o <strong>cz\u0105steczkach 1-2 kD<\/strong> zapewnia \u0142atw\u0105 absorpcj\u0119<\/li>\n<li><strong>Witamina C<\/strong> wspiera syntez\u0119 nowych w\u0142\u00f3kien kolagenowych<\/li>\n<li>Produkt w proszku &#8211; unikaj zb\u0119dnej chemii i ciesz si\u0119 \u0142atw\u0105 rozpuszczalno\u015bci\u0105<\/li>\n<li>Kolagen rybi zach\u0119ca nasz ustrojowy kolagen do zwi\u0119kszonej produkcji<\/li>\n<li>Witamina C <strong>wspiera wytwarzanie nowych w\u0142\u00f3kien kolagenowych<\/strong><\/li>\n<li><b>Opakowanie 30 dziennych porcji<\/b><\/li>\n<\/ul>\n<\/section>\n<\/div>\n<\/section>\n","protected":false},"excerpt":{"rendered":"<p>Kolagen Czysty z Witamin\u0105 C &#8211; Koktajl Kolagenowy o Najwy\u017cszej Jako\u015bci PURE witamin\u0119 C Koktajl Kolagenowy PURE Kolagen rybi o cz\u0105steczkach 1-2 kD zapewnia \u0142atw\u0105 absorpcj\u0119 Witamina C wspiera syntez\u0119 nowych w\u0142\u00f3kien kolagenowych Produkt w proszku &#8211; unikaj zb\u0119dnej chemii i ciesz si\u0119 \u0142atw\u0105 rozpuszczalno\u015bci\u0105 Kolagen rybi zach\u0119ca nasz ustrojowy kolagen do zwi\u0119kszonej produkcji Witamina &#8230; <a title=\"Kolagen Czysty z Witamin\u0105 C &#8211; Koktajl Kolagenowy o Najwy\u017cszej Jako\u015bci PURE\" class=\"read-more\" href=\"https:\/\/selleetools.com\/pl\/product\/kolagen-czysty-z-witamina-c-koktajl-kolagenowy-o-najwyzszej-jakosci-pure\/\">Read more<span class=\"screen-reader-text\">Kolagen Czysty z Witamin\u0105 C &#8211; Koktajl Kolagenowy o Najwy\u017cszej Jako\u015bci PURE<\/span><\/a><\/p>\n","protected":false},"featured_media":391369,"comment_status":"closed","ping_status":"closed","template":"","meta":{"_links_to":"","_links_to_target":""},"yoast_head":"<!-- This site is optimized with the Yoast SEO plugin v19.4 - https:\/\/yoast.com\/wordpress\/plugins\/seo\/ -->\n<title>Kolagen Czysty z Witamin\u0105 C - Koktajl Kolagenowy o Najwy\u017cszej Jako\u015bci PURE - Selleetools.com<\/title>\n<meta name=\"robots\" content=\"index, follow, max-snippet:-1, max-image-preview:large, max-video-preview:-1\" \/>\n<link rel=\"canonical\" href=\"https:\/\/selleetools.com\/product\/kolagen-czysty-z-witamina-c-koktajl-kolagenowy-o-najwyzszej-jakosci-pure\/\" \/>\n<meta property=\"og:locale\" content=\"pl_PL\" \/>\n<meta property=\"og:type\" content=\"article\" \/>\n<meta property=\"og:title\" content=\"Kolagen Czysty z Witamin\u0105 C - Koktajl Kolagenowy o Najwy\u017cszej Jako\u015bci PURE - Selleetools.com\" \/>\n<meta property=\"og:description\" content=\"Kolagen Czysty z Witamin\u0105 C &#8211; Koktajl Kolagenowy o Najwy\u017cszej Jako\u015bci PURE witamin\u0119 C Koktajl Kolagenowy PURE Kolagen rybi o cz\u0105steczkach 1-2 kD zapewnia \u0142atw\u0105 absorpcj\u0119 Witamina C wspiera syntez\u0119 nowych w\u0142\u00f3kien kolagenowych Produkt w proszku &#8211; unikaj zb\u0119dnej chemii i ciesz si\u0119 \u0142atw\u0105 rozpuszczalno\u015bci\u0105 Kolagen rybi zach\u0119ca nasz ustrojowy kolagen do zwi\u0119kszonej produkcji Witamina ... Read moreKolagen Czysty z Witamin\u0105 C &#8211; Koktajl Kolagenowy o Najwy\u017cszej Jako\u015bci PURE\" \/>\n<meta property=\"og:url\" content=\"https:\/\/selleetools.com\/product\/kolagen-czysty-z-witamina-c-koktajl-kolagenowy-o-najwyzszej-jakosci-pure\/\" \/>\n<meta property=\"og:site_name\" content=\"Selleetools.com\" \/>\n<meta property=\"article:modified_time\" content=\"2025-12-02T19:31:53+00:00\" \/>\n<meta property=\"og:image\" content=\"https:\/\/selleetools.com\/wp-content\/uploads\/2024\/09\/d1793a796c25c749ed7fed2c4c7be0cb.jpg\" \/>\n\t<meta property=\"og:image:width\" content=\"2000\" \/>\n\t<meta property=\"og:image:height\" content=\"2000\" \/>\n\t<meta property=\"og:image:type\" content=\"image\/jpeg\" \/>\n<meta name=\"twitter:card\" content=\"summary_large_image\" \/>\n<!-- \/ Yoast SEO plugin. -->","yoast_head_json":{"title":"Kolagen Czysty z Witamin\u0105 C - Koktajl Kolagenowy o Najwy\u017cszej Jako\u015bci PURE - Selleetools.com","robots":{"index":"index","follow":"follow","max-snippet":"max-snippet:-1","max-image-preview":"max-image-preview:large","max-video-preview":"max-video-preview:-1"},"canonical":"https:\/\/selleetools.com\/product\/kolagen-czysty-z-witamina-c-koktajl-kolagenowy-o-najwyzszej-jakosci-pure\/","og_locale":"pl_PL","og_type":"article","og_title":"Kolagen Czysty z Witamin\u0105 C - Koktajl Kolagenowy o Najwy\u017cszej Jako\u015bci PURE - Selleetools.com","og_description":"Kolagen Czysty z Witamin\u0105 C &#8211; Koktajl Kolagenowy o Najwy\u017cszej Jako\u015bci PURE witamin\u0119 C Koktajl Kolagenowy PURE Kolagen rybi o cz\u0105steczkach 1-2 kD zapewnia \u0142atw\u0105 absorpcj\u0119 Witamina C wspiera syntez\u0119 nowych w\u0142\u00f3kien kolagenowych Produkt w proszku &#8211; unikaj zb\u0119dnej chemii i ciesz si\u0119 \u0142atw\u0105 rozpuszczalno\u015bci\u0105 Kolagen rybi zach\u0119ca nasz ustrojowy kolagen do zwi\u0119kszonej produkcji Witamina ... Read moreKolagen Czysty z Witamin\u0105 C &#8211; Koktajl Kolagenowy o Najwy\u017cszej Jako\u015bci PURE","og_url":"https:\/\/selleetools.com\/product\/kolagen-czysty-z-witamina-c-koktajl-kolagenowy-o-najwyzszej-jakosci-pure\/","og_site_name":"Selleetools.com","article_modified_time":"2025-12-02T19:31:53+00:00","og_image":[{"width":2000,"height":2000,"url":"https:\/\/selleetools.com\/wp-content\/uploads\/2024\/09\/d1793a796c25c749ed7fed2c4c7be0cb.jpg","type":"image\/jpeg"}],"twitter_card":"summary_large_image","schema":{"@context":"https:\/\/schema.org","@graph":[{"@type":"Organization","@id":"https:\/\/selleetools.com\/#organization","name":"Selleetools","url":"https:\/\/selleetools.com\/","sameAs":[],"logo":{"@type":"ImageObject","inLanguage":"pl-PL","@id":"https:\/\/selleetools.com\/#\/schema\/logo\/image\/","url":"https:\/\/selleetools.com\/wp-content\/uploads\/2021\/10\/logo-dark.png","contentUrl":"https:\/\/selleetools.com\/wp-content\/uploads\/2021\/10\/logo-dark.png","width":320,"height":76,"caption":"Selleetools"},"image":{"@id":"https:\/\/selleetools.com\/#\/schema\/logo\/image\/"}},{"@type":"WebSite","@id":"https:\/\/selleetools.com\/#website","url":"https:\/\/selleetools.com\/","name":"Selleetools.com","description":"","publisher":{"@id":"https:\/\/selleetools.com\/#organization"},"potentialAction":[{"@type":"SearchAction","target":{"@type":"EntryPoint","urlTemplate":"https:\/\/selleetools.com\/?s={search_term_string}"},"query-input":"required name=search_term_string"}],"inLanguage":"pl-PL"},{"@type":"WebPage","@id":"https:\/\/selleetools.com\/product\/kolagen-czysty-z-witamina-c-koktajl-kolagenowy-o-najwyzszej-jakosci-pure\/","url":"https:\/\/selleetools.com\/product\/kolagen-czysty-z-witamina-c-koktajl-kolagenowy-o-najwyzszej-jakosci-pure\/","name":"Kolagen Czysty z Witamin\u0105 C - Koktajl Kolagenowy o Najwy\u017cszej Jako\u015bci PURE - Selleetools.com","isPartOf":{"@id":"https:\/\/selleetools.com\/#website"},"datePublished":"2024-09-20T09:53:15+00:00","dateModified":"2025-12-02T19:31:53+00:00","breadcrumb":{"@id":"https:\/\/selleetools.com\/product\/kolagen-czysty-z-witamina-c-koktajl-kolagenowy-o-najwyzszej-jakosci-pure\/#breadcrumb"},"inLanguage":"pl-PL","potentialAction":[{"@type":"ReadAction","target":["https:\/\/selleetools.com\/product\/kolagen-czysty-z-witamina-c-koktajl-kolagenowy-o-najwyzszej-jakosci-pure\/"]}]},{"@type":"BreadcrumbList","@id":"https:\/\/selleetools.com\/product\/kolagen-czysty-z-witamina-c-koktajl-kolagenowy-o-najwyzszej-jakosci-pure\/#breadcrumb","itemListElement":[{"@type":"ListItem","position":1,"name":"Home","item":"https:\/\/selleetools.com\/pl\/"},{"@type":"ListItem","position":2,"name":"Katalog","item":"https:\/\/selleetools.com\/pl\/katalog\/"},{"@type":"ListItem","position":3,"name":"Kolagen Czysty z Witamin\u0105 C &#8211; Koktajl Kolagenowy o Najwy\u017cszej Jako\u015bci PURE"}]}]}},"_links":{"self":[{"href":"https:\/\/selleetools.com\/pl\/wp-json\/wp\/v2\/product\/391371"}],"collection":[{"href":"https:\/\/selleetools.com\/pl\/wp-json\/wp\/v2\/product"}],"about":[{"href":"https:\/\/selleetools.com\/pl\/wp-json\/wp\/v2\/types\/product"}],"replies":[{"embeddable":true,"href":"https:\/\/selleetools.com\/pl\/wp-json\/wp\/v2\/comments?post=391371"}],"wp:featuredmedia":[{"embeddable":true,"href":"https:\/\/selleetools.com\/pl\/wp-json\/wp\/v2\/media\/391369"}],"wp:attachment":[{"href":"https:\/\/selleetools.com\/pl\/wp-json\/wp\/v2\/media?parent=391371"}],"curies":[{"name":"wp","href":"https:\/\/api.w.org\/{rel}","templated":true}]}}