{"id":328790,"date":"2024-05-21T17:58:05","date_gmt":"2024-05-21T15:58:05","guid":{"rendered":"https:\/\/selleetools.com\/?post_type=product&#038;p=328790"},"modified":"2024-05-21T18:13:59","modified_gmt":"2024-05-21T16:13:59","slug":"teslomag-urzadzenie-do-terapii-domowej","status":"publish","type":"product","link":"https:\/\/selleetools.com\/pl\/product\/teslomag-urzadzenie-do-terapii-domowej\/","title":{"rendered":"Teslomag urz\u0105dzenie do terapii domowej"},"content":{"rendered":"<p><b>Zabiegi polem magnetycznym dzisiaj s\u0105 mo\u017cliwe w domu &#8211; bez skierowania, czekania w kolejkach i uci\u0105\u017cliwych dojazd\u00f3w do o\u015brodka zdrowia.<\/b><\/p>\n<p>Pole magnetyczne wykorzystywane jest od kilkudziesi\u0119ciu lat w leczeniu wielu schorze\u0144. Niestety wysoki koszt urz\u0105dze\u0144 stosowanych w o\u015brodkach zdrowia i skomplikowana obs\u0142uga ograniczaj\u0105 dost\u0119pno\u015b\u0107 terapii. O skuteczno\u015bci magnetoterapii przekona\u0142o si\u0119 ju\u017c wiele os\u00f3b, kt\u00f3re mia\u0142y okazj\u0119 skorzysta\u0107 z przepisanych przez specjalist\u00f3w zabieg\u00f3w. Najcz\u0119\u015bciej s\u0105 to serie 10 zabieg\u00f3w trwaj\u0105cych 10 minut. Cz\u0119sto po nich pacjenci czuj\u0105 popraw\u0119 ale prawdziwa skuteczno\u015b\u0107, jak potwierdzaj\u0105 badania kliniczne, wyst\u0119puje przy du\u017co wi\u0119kszych dawkach.<\/p>\n<p><b>Zabiegi bez wychodzenia z domu<\/b><\/p>\n<p>Dzi\u0119ki urz\u0105dzeniu Teslomag mo\u017cemy zabiegi przeprowadzi\u0107 samodzielnie, nie wychodz\u0105c z domu. W przypadku nag\u0142ego schorzenia, maj\u0105c urz\u0105dzenie w domowej apteczce, terapi\u0119 mo\u017cna zacz\u0105\u0107 niemal\u017ce natychmiast, nie czekaj\u0105c na rozw\u00f3j choroby. W przypadku schorze\u0144 wymagaj\u0105cych d\u0142u\u017cszego leczenia, zabiegi mo\u017cemy przeprowadza\u0107 cz\u0119\u015bciej i d\u0142u\u017cej ni\u017c w o\u015brodku zdrowia. Urz\u0105dzenie mo\u017ce s\u0142u\u017cy\u0107 ca\u0142ej rodzinie. Ma parametry du\u017cych, profesjonalnych urz\u0105dze\u0144 a mimo tego jest niewielkie i bardzo proste w obs\u0142udze, r\u00f3wnie\u017c przez osoby niewidz\u0105ce i nies\u0142ysz\u0105ce. Zar\u00f3wno aplikator jak i sterownik znajduj\u0105 si\u0119 w jednej obudowie, wyprofilowanej do uchwytu d\u0142oni\u0105 a sterowanie ograniczone zosta\u0142o do jednego przycisku.<\/p>\n<p>Sygnalizator \u015bwietlny i d\u017awi\u0119kowy informuj\u0105 o stanie urz\u0105dzenia. Po zako\u0144czonym zabiegu urz\u0105dzenie wy\u0142\u0105cza si\u0119 samoczynnie.<\/p>\n<p><b>Podstawowe dzia\u0142anie pola magnetycznego:<\/b><\/p>\n<p><b>przeciwzapalne, przeciwb\u00f3lowe, przeciwobrz\u0119kowe!<\/b><\/p>\n<p><b>B\u00f3l towarzyszy nam niemal codziennie, na tabletki, ma\u015bci przeciwb\u00f3lowe wydajemy maj\u0105tek. Czy dzia\u0142aj\u0105 na tyle skutecznie, \u017ceby po kilkukrotnym zastosowaniu zapomnie\u0107 o nich i przesta\u0107 kupowa\u0107?<\/b><\/p>\n<p><b>Stosuj\u0105c pole magnetyczne mo\u017cemy tanio i skutecznie likwidowa\u0107 b\u00f3l i to bez skutk\u00f3w ubocznych towarzysz\u0105cych zawsze farmaceutykom.<\/b><\/p>\n<p><b>Ponadto pole magnetyczne stosowane \u0142\u0105cznie z innymi preparatami b\u0119dzie poprawia\u0142o ich skuteczno\u015b\u0107.<\/b><\/p>\n<p>Aby obejrze\u0107 film z wypowiedzi\u0105 <b>prof. dr hab. Mariusza Pos\u0142usznego<\/b> skopiuj link i wklej w przegl\u0105darce swojego komputera:<\/p>\n<p><b>https:\/\/www.youtube.com\/watch?v=T_dnO3BR3V4<\/b><\/p>\n<p><b>Prof. dr hab. Mariusza Pos\u0142uszny <\/b>(Specjalista rehabilitacji ruchowej, chiropraktyk, osteopata craniosacralny i terapeuta manualny, hipoterapeuta. Wyk\u0142adowca akademicki anatomii cz\u0142owieka, rehabilitacji ruchowej i terapii manualnej, biomedycznych podstaw kultury fizycznej, gimnastyki korekcyjnej oraz gimnastyki korekcyjnej w wodzie. Cz\u0142onek Rady Naukowej Chiropraktyk\u00f3w Polskich i wielu stowarzysze\u0144 naukowych).<\/p>\n<h2>Wszystkie wymienione ni\u017cej zastosowania znajduj\u0105 si\u0119 w instrukcji urz\u0105dzenia a skuteczno\u015b\u0107 terapii zosta\u0142a potwierdzona klinicznie.<\/h2>\n<h1>Zastosowanie:<\/h1>\n<p><b>Schorzenia narz\u0105d\u00f3w ruchu<\/b><\/p>\n<p>1. Mechaniczne urazy mi\u0119\u015bni i naci\u0105gni\u0119cie \u015bci\u0119gien<\/p>\n<p>2. Stany zapalne staw\u00f3w<\/p>\n<p>3. \u0141agodzenie objaw\u00f3w ostrogi pi\u0119towej<\/p>\n<p>4. Zesp\u00f3\u0142 cie\u015bni nadgarstka<\/p>\n<p>5. Choroba zwyrodnieniowa stawu barkowego<\/p>\n<p>6.&nbsp;Choroba zwyrodnieniowa stawu \u0142okciowego<\/p>\n<p>7. Choroba zwyrodnieniowa stawu nadgarstka i staw\u00f3w d\u0142oni<\/p>\n<p>8. Choroba zwyrodnieniowa stawustawu biodrowego<\/p>\n<p>9. Choroba zwyrodnieniowa stawukolanowego<\/p>\n<p>10. Choroba zwyrodnieniowa stawu skokowego<\/p>\n<p>11. Choroba zwyrodnieniowa kr\u0119gos\u0142upa<\/p>\n<p>12. B\u00f3le pourazowe<\/p>\n<p>13. B\u00f3l powysi\u0142kowy<\/p>\n<p>14. z\u0142amania ko\u015bci (mo\u017cna stosowa\u0107 przez gips)<\/p>\n<p>15. Osteoporoza<\/p>\n<p>16. Zwichni\u0119cia stawu<\/p>\n<p>17. Regeneracja po wstawieniu endoprotezy<\/p>\n<p><b>Problemy z kr\u0119gos\u0142upem?<\/b><\/p>\n<p>Cz\u0119sto nie zdajemy sobie sprawy z tego, jak wa\u017cna w utrzymaniu zdrowia jest dobra kondycja kr\u0119gos\u0142upa, utrzymuj\u0105cego prawid\u0142ow\u0105 postaw\u0119 cia\u0142a oraz zapewniaj\u0105cego zabezpieczenie dla nerw\u00f3w. Kr\u0119gos\u0142up jest os\u0142on\u0105 dla nerw\u00f3w, przez kt\u00f3re m\u00f3zg wysy\u0142a i odbiera sygna\u0142y od ca\u0142ego cia\u0142a. Cz\u0119sto z powodu niew\u0142a\u015bciwej budowy kr\u0119gu dochodzi do zak\u0142\u00f3ce\u0144 w przewodzeniu impulsu nerwowego, co mo\u017ce objawia\u0107 si\u0119 b\u00f3lem, a nawet zaburzonym dzia\u0142aniem obszaru, kt\u00f3rego sterowanie uleg\u0142o uszkodzeniu. Do takich zmian mo\u017ce doj\u015b\u0107 w wyniku nadmiernego odk\u0142adania si\u0119 martwych kom\u00f3rek, kt\u00f3re niewystarczaj\u0105co usuwane s\u0105 przez uk\u0142ad limfatyczny. Nagromadzenie z\u0142og\u00f3w wywo\u0142uje stan zapalny, kt\u00f3ry prowadzi do choroby. Magnetoterapia wspomaga regeneracj\u0119 chrz\u0105stek stawowych, zwi\u0119ksza ukrwienie doprowadzaj\u0105c do prawid\u0142owego wzrostu, zapobiega powstawaniu martwicy. Dodatkowo, usuwa nagromadzone z\u0142ogi, likwiduj\u0105c przyczyn\u0119 zapalenia nerw\u00f3w. Zabiegi prowadzimy przyk\u0142adaj\u0105c pole magnetyczne w miejsce chore na kr\u0119gos\u0142upie, oraz w miejscu wyst\u0119powania b\u00f3lu.<\/p>\n<p><b>Schorzenia uk\u0142adu nerwowego<\/b><\/p>\n<p>18. Neurologiczne objawy zwyrodnienia kr\u0119gos\u0142upa na odcinku szyjnym, rwa barkowa<\/p>\n<p>19. Neurologiczne objawy zwyrodnienia kr\u0119gos\u0142upa na odcinku piersiowym<\/p>\n<p>20. Neurologiczne objawy zwyrodnienia kr\u0119gos\u0142upa na odcinku krzy\u017cowo-l\u0119d\u017awiowym, rwa kulszowa<\/p>\n<p>21. Neuropatie nerw\u00f3w, zapalenie nerw\u00f3w<\/p>\n<p>22. Neuralgia nerw\u00f3w, nerwob\u00f3l<\/p>\n<p>23. Regeneracja nerw\u00f3w<\/p>\n<p><b>Schorzenia tkanek mi\u0119kkich i sk\u00f3ry<\/b><\/p>\n<p>24. Poparzenia, owrzodzenia i trudno goj\u0105ce si\u0119 rany<\/p>\n<p>25. Odle\u017cyny<\/p>\n<p>26. Blizny<\/p>\n<p><b>Choroby przyz\u0119bia<\/b><\/p>\n<p>27. Paradontoza<\/p>\n<p>28. Stany zapalne jamy ustnej<\/p>\n<p>29. Wspomaganie regeneracji po zabiegu ekstrakcji z\u0119ba<\/p>\n<p><b>Choroby uk\u0142adu oddechowego<\/b><\/p>\n<p>30. Zapalenie g\u00f3rnych dr\u00f3g oddechowych (przezi\u0119bienie)<\/p>\n<p>31. Zapalenie zatok, katar<\/p>\n<h1>Jak w przypadku ka\u017cdego urz\u0105dzenia medycznego s\u0105 przeciwskazania:<\/h1>\n<p><b>ci\u0105\u017ca,&nbsp;choroby nowotworowe,&nbsp;czynna gru\u017alica p\u0142uc,&nbsp;cukrzyca typu I,&nbsp;nadczynno\u015b\u0107 tarczycy,&nbsp;krwawienia z przewodu pokarmowego,&nbsp;ci\u0119\u017ckie infekcje,&nbsp;obecno\u015b\u0107 elektronicznych implant\u00f3w<\/b><\/p>\n<p><b>Teslomag to urz\u0105dzenie polskiej produkcji, w ca\u0142o\u015bci zaprojektowane przez polskich naukowc\u00f3w.<\/b><\/p>\n<p><b>Urz\u0105dzenie zosta\u0142o zarejestrowane jako Wyr\u00f3b Medyczny w Urz\u0119dzie Rejestracji Wyrob\u00f3w Medycznych i Produkt\u00f3w Biob\u00f3jczych. Certyfikowane przez Jednostk\u0119 Notyfikowan\u0105 TUV Nord Polska do u\u017cytku domowego (CE2274)<\/b><\/p>\n<p><b>Parametry urz\u0105dzenia potwierdzone badaniami w&nbsp;Instytucie Elektrotechniki \u2013 Oddzia\u0142 Technologii i&nbsp;Materia\u0142oznawstwa Elektrotechnicznego we Wroc\u0142awiu.<\/b><\/p>\n<p><b>Bezpiecze\u0144stwo wyrobu do zastosowa\u0144 specjalistycznych i&nbsp;domowych potwierdzone badaniami w&nbsp;Polskim Centrum Bada\u0144 i&nbsp;Certyfikacji S.A.<\/b><\/p>\n<p>Do ka\u017cdego urz\u0105dzenia otrzymasz atrakcyjne kupony rabatowe do sklepu PoZdrowie.club<\/p>\n","protected":false},"excerpt":{"rendered":"<p>Zabiegi polem magnetycznym dzisiaj s\u0105 mo\u017cliwe w domu &#8211; bez skierowania, czekania w kolejkach i uci\u0105\u017cliwych dojazd\u00f3w do o\u015brodka zdrowia. Pole magnetyczne wykorzystywane jest od kilkudziesi\u0119ciu lat w leczeniu wielu schorze\u0144. Niestety wysoki koszt urz\u0105dze\u0144 stosowanych w o\u015brodkach zdrowia i skomplikowana obs\u0142uga ograniczaj\u0105 dost\u0119pno\u015b\u0107 terapii. O skuteczno\u015bci magnetoterapii przekona\u0142o si\u0119 ju\u017c wiele os\u00f3b, kt\u00f3re mia\u0142y &#8230; <a title=\"Teslomag urz\u0105dzenie do terapii domowej\" class=\"read-more\" href=\"https:\/\/selleetools.com\/pl\/product\/teslomag-urzadzenie-do-terapii-domowej\/\">Read more<span class=\"screen-reader-text\">Teslomag urz\u0105dzenie do terapii domowej<\/span><\/a><\/p>\n","protected":false},"featured_media":328766,"comment_status":"open","ping_status":"closed","template":"","meta":{"_links_to":"","_links_to_target":""},"yoast_head":"<!-- This site is optimized with the Yoast SEO plugin v19.4 - https:\/\/yoast.com\/wordpress\/plugins\/seo\/ -->\n<title>Teslomag urz\u0105dzenie do terapii domowej - Selleetools.com<\/title>\n<meta name=\"robots\" content=\"index, follow, max-snippet:-1, max-image-preview:large, max-video-preview:-1\" \/>\n<link rel=\"canonical\" href=\"https:\/\/selleetools.com\/product\/teslomag-urzadzenie-do-terapii-domowej\/\" \/>\n<meta property=\"og:locale\" content=\"pl_PL\" \/>\n<meta property=\"og:type\" content=\"article\" \/>\n<meta property=\"og:title\" content=\"Teslomag urz\u0105dzenie do terapii domowej - Selleetools.com\" \/>\n<meta property=\"og:description\" content=\"Zabiegi polem magnetycznym dzisiaj s\u0105 mo\u017cliwe w domu &#8211; bez skierowania, czekania w kolejkach i uci\u0105\u017cliwych dojazd\u00f3w do o\u015brodka zdrowia. Pole magnetyczne wykorzystywane jest od kilkudziesi\u0119ciu lat w leczeniu wielu schorze\u0144. Niestety wysoki koszt urz\u0105dze\u0144 stosowanych w o\u015brodkach zdrowia i skomplikowana obs\u0142uga ograniczaj\u0105 dost\u0119pno\u015b\u0107 terapii. O skuteczno\u015bci magnetoterapii przekona\u0142o si\u0119 ju\u017c wiele os\u00f3b, kt\u00f3re mia\u0142y ... Read moreTeslomag urz\u0105dzenie do terapii domowej\" \/>\n<meta property=\"og:url\" content=\"https:\/\/selleetools.com\/product\/teslomag-urzadzenie-do-terapii-domowej\/\" \/>\n<meta property=\"og:site_name\" content=\"Selleetools.com\" \/>\n<meta property=\"article:modified_time\" content=\"2024-05-21T16:13:59+00:00\" \/>\n<meta property=\"og:image\" content=\"https:\/\/selleetools.com\/wp-content\/uploads\/2024\/05\/c334e4e143ffa17a25afb716573d.jpg\" \/>\n\t<meta property=\"og:image:width\" content=\"381\" \/>\n\t<meta property=\"og:image:height\" content=\"928\" \/>\n\t<meta property=\"og:image:type\" content=\"image\/jpeg\" \/>\n<meta name=\"twitter:card\" content=\"summary_large_image\" \/>\n<meta name=\"twitter:label1\" content=\"Est. reading time\" \/>\n\t<meta name=\"twitter:data1\" content=\"5 minut\" \/>\n<!-- \/ Yoast SEO plugin. -->","yoast_head_json":{"title":"Teslomag urz\u0105dzenie do terapii domowej - Selleetools.com","robots":{"index":"index","follow":"follow","max-snippet":"max-snippet:-1","max-image-preview":"max-image-preview:large","max-video-preview":"max-video-preview:-1"},"canonical":"https:\/\/selleetools.com\/product\/teslomag-urzadzenie-do-terapii-domowej\/","og_locale":"pl_PL","og_type":"article","og_title":"Teslomag urz\u0105dzenie do terapii domowej - Selleetools.com","og_description":"Zabiegi polem magnetycznym dzisiaj s\u0105 mo\u017cliwe w domu &#8211; bez skierowania, czekania w kolejkach i uci\u0105\u017cliwych dojazd\u00f3w do o\u015brodka zdrowia. Pole magnetyczne wykorzystywane jest od kilkudziesi\u0119ciu lat w leczeniu wielu schorze\u0144. Niestety wysoki koszt urz\u0105dze\u0144 stosowanych w o\u015brodkach zdrowia i skomplikowana obs\u0142uga ograniczaj\u0105 dost\u0119pno\u015b\u0107 terapii. O skuteczno\u015bci magnetoterapii przekona\u0142o si\u0119 ju\u017c wiele os\u00f3b, kt\u00f3re mia\u0142y ... Read moreTeslomag urz\u0105dzenie do terapii domowej","og_url":"https:\/\/selleetools.com\/product\/teslomag-urzadzenie-do-terapii-domowej\/","og_site_name":"Selleetools.com","article_modified_time":"2024-05-21T16:13:59+00:00","og_image":[{"width":381,"height":928,"url":"https:\/\/selleetools.com\/wp-content\/uploads\/2024\/05\/c334e4e143ffa17a25afb716573d.jpg","type":"image\/jpeg"}],"twitter_card":"summary_large_image","twitter_misc":{"Est. reading time":"5 minut"},"schema":{"@context":"https:\/\/schema.org","@graph":[{"@type":"Organization","@id":"https:\/\/selleetools.com\/#organization","name":"Selleetools","url":"https:\/\/selleetools.com\/","sameAs":[],"logo":{"@type":"ImageObject","inLanguage":"pl-PL","@id":"https:\/\/selleetools.com\/#\/schema\/logo\/image\/","url":"https:\/\/selleetools.com\/wp-content\/uploads\/2021\/10\/logo-dark.png","contentUrl":"https:\/\/selleetools.com\/wp-content\/uploads\/2021\/10\/logo-dark.png","width":320,"height":76,"caption":"Selleetools"},"image":{"@id":"https:\/\/selleetools.com\/#\/schema\/logo\/image\/"}},{"@type":"WebSite","@id":"https:\/\/selleetools.com\/#website","url":"https:\/\/selleetools.com\/","name":"Selleetools.com","description":"","publisher":{"@id":"https:\/\/selleetools.com\/#organization"},"potentialAction":[{"@type":"SearchAction","target":{"@type":"EntryPoint","urlTemplate":"https:\/\/selleetools.com\/?s={search_term_string}"},"query-input":"required name=search_term_string"}],"inLanguage":"pl-PL"},{"@type":"WebPage","@id":"https:\/\/selleetools.com\/product\/teslomag-urzadzenie-do-terapii-domowej\/","url":"https:\/\/selleetools.com\/product\/teslomag-urzadzenie-do-terapii-domowej\/","name":"Teslomag urz\u0105dzenie do terapii domowej - Selleetools.com","isPartOf":{"@id":"https:\/\/selleetools.com\/#website"},"datePublished":"2024-05-21T15:58:05+00:00","dateModified":"2024-05-21T16:13:59+00:00","breadcrumb":{"@id":"https:\/\/selleetools.com\/product\/teslomag-urzadzenie-do-terapii-domowej\/#breadcrumb"},"inLanguage":"pl-PL","potentialAction":[{"@type":"ReadAction","target":["https:\/\/selleetools.com\/product\/teslomag-urzadzenie-do-terapii-domowej\/"]}]},{"@type":"BreadcrumbList","@id":"https:\/\/selleetools.com\/product\/teslomag-urzadzenie-do-terapii-domowej\/#breadcrumb","itemListElement":[{"@type":"ListItem","position":1,"name":"Home","item":"https:\/\/selleetools.com\/pl\/"},{"@type":"ListItem","position":2,"name":"Katalog","item":"https:\/\/selleetools.com\/pl\/katalog\/"},{"@type":"ListItem","position":3,"name":"Teslomag urz\u0105dzenie do terapii domowej"}]}]}},"_links":{"self":[{"href":"https:\/\/selleetools.com\/pl\/wp-json\/wp\/v2\/product\/328790"}],"collection":[{"href":"https:\/\/selleetools.com\/pl\/wp-json\/wp\/v2\/product"}],"about":[{"href":"https:\/\/selleetools.com\/pl\/wp-json\/wp\/v2\/types\/product"}],"replies":[{"embeddable":true,"href":"https:\/\/selleetools.com\/pl\/wp-json\/wp\/v2\/comments?post=328790"}],"wp:featuredmedia":[{"embeddable":true,"href":"https:\/\/selleetools.com\/pl\/wp-json\/wp\/v2\/media\/328766"}],"wp:attachment":[{"href":"https:\/\/selleetools.com\/pl\/wp-json\/wp\/v2\/media?parent=328790"}],"curies":[{"name":"wp","href":"https:\/\/api.w.org\/{rel}","templated":true}]}}