{"id":328707,"date":"2024-05-21T17:57:21","date_gmt":"2024-05-21T15:57:21","guid":{"rendered":"https:\/\/selleetools.com\/?post_type=product&#038;p=328707"},"modified":"2024-07-03T14:45:43","modified_gmt":"2024-07-03T12:45:43","slug":"brt-biorezonans","status":"publish","type":"product","link":"https:\/\/selleetools.com\/pl\/product\/brt-biorezonans\/","title":{"rendered":"brt &#8211; biorezonans"},"content":{"rendered":"<p><b>Uwaga! Cena dotyczy jednego urz\u0105dzenia Cosmomed brt lub Cosmomagnetic brt. Po zakupie prosimy o wskazanie wybranego urz\u0105dzenia.<\/b><\/p>\n<p>Zestaw brt to nowoczesne, niewielkie urz\u0105dzenia do terapii brt (nie s\u0105 wyrobami medycznymi). Biorezonans (ang. Bioresonance Therapy &#8211; BRT) opracowany przez ameryka\u0144skiego naukowca i wynalazc\u0119 Rife\u2019a, kt\u00f3ry ok. 1931 roku odkry\u0142 tzw. wibracj\u0119 \u015bmierci M.O.R (mortal oscilliary rates). Dzi\u0119ki zbudowanemu przez siebie urz\u0105dzeniu m\u00f3g\u0142, z pomoc\u0105 wysokich cz\u0119stotliwo\u015bci, niszczy\u0107 patogeny. Mikroorganizmy poddane destrukcyjnej wibracji traci\u0142y sp\u00f3jno\u015b\u0107 swojej budowy i ulega\u0142y rozpadowi.<\/p>\n<p>Ka\u017cda \u017cywa istota, bakteria, wirus, a nawet prosty zwi\u0105zek biochemiczny posiadaj\u0105 sw\u00f3j unikalny, w\u0142asny wzorzec cz\u0119stotliwo\u015bci, kt\u00f3ry jest genetycznie uwarunkowany i wyr\u00f3\u017cniaj\u0105cy od innych.<\/p>\n<p>Rife wyja\u015bni\u0142, \u017ce dzi\u0119ki swojej metodzie, mo\u017cna doprowadzi\u0107 do zniszczenia wy\u0142\u0105cznie patogen\u00f3w lub chorych kom\u00f3rek, nie szkodz\u0105c jednocze\u015bnie zdrowym kom\u00f3rkom oraz niezb\u0119dnym do prawid\u0142owego funkcjonowania organizmu drobnoustrojom.<\/p>\n<p>Rife swoje badania prowadzi\u0142 przez lata i pom\u00f3g\u0142 wielu tysi\u0105com os\u00f3b, lecz\u0105c ich z chor\u00f3b uznawanych wtedy za nieuleczalne.<\/p>\n<p>Od wielu lat naukowcy na ca\u0142ym \u015bwiecie pracuj\u0105 nad udoskonaleniem metody i powstaj\u0105 nowe, mniejsze i \u0142atwiejsze w u\u017cyciu urz\u0105dzenia.<\/p>\n<p>Jedn\u0105 z najbardziej znanych propagator\u00f3w terapii brt by\u0142a doktor Hulda Clark &#8211; biolog i biofizyk kanadyjskiego pochodzenia. W swojej ksi\u0105\u017cce &#8220;Kuracja \u017bycia&#8221; opisuje jak mo\u017cna radzi\u0107 sobie z chorobami stosuj\u0105c oczyszczanie organizmu substancjami zio\u0142owymi, diet\u0105 oraz niewielkim pr\u0105dem. Pr\u0105d ten przep\u0142ywa\u0142 pomiedzy dwiema elektrodami, a emitowany by\u0142 przez dosy\u0107 prostej konstrukcji urz\u0105dzenie zwane Zapperem.<\/p>\n<p>Kolejnym uczonym, kt\u00f3ry zapisa\u0142 si\u0119 mocno w historii metody brt by\u0142 niemiecki lekarz dr Reinhold Voll. Opracowa\u0142 on stosowan\u0105 przez kilkadziesi\u0105t tysi\u0119cy lekarzy na \u015bwiecie metod\u0119 diagnostyki i terapii. Za szczeg\u00f3lne zas\u0142ugi wobec cierpi\u0105cej ludzko\u015bci oraz opracowanie metody diagnostyki i terapii elektroakupunkturowej w 1966 r. dr Reinhold Voll zosta\u0142 uhonorowany z\u0142otym medalem przez Papie\u017ca Paw\u0142a VI.<\/p>\n<p>Terapi\u0119 brt stosuj\u0105 lekarze i naturopaci na ca\u0142ym \u015bwiecie, w niekt\u00f3rych krajach jest ona przedmiotem wyk\u0142ad\u00f3w na uczelniach medycznych. Coraz powszechniejsze tak\u017ce staj\u0105 si\u0119 urz\u0105dzenia do zastosowania domowego.<\/p>\n<p>Terapie biorezonansowe (brt) zdobywaj\u0105 coraz wi\u0119ksz\u0105 popularno\u015b\u0107 ze wzgl\u0119du na swoj\u0105 skuteczno\u015b\u0107 i brak dzia\u0142a\u0144 niepo\u017c\u0105danych.<\/p>\n<p>Praktycznym rozwi\u0105zaniem s\u0105 gotowe programy a jest ich a\u017c 225 (lista program\u00f3w znajduje si\u0119 ni\u017cej). Wi\u0119kszo\u015b\u0107 program\u00f3w trwa 20 minut, terapi\u0119 mo\u017cna prowadzi\u0107 siedz\u0105c wygodnie w fotelu lub trzymaj\u0105c w kieszeni na przyk\u0142ad w drodze do pracy. Wystarczy znale\u017a\u0107 w spisie tre\u015bci konkretny program i uruchomi\u0107 je, stosuj\u0105c zgodnie z instrukcj\u0105.<\/p>\n<p>Urz\u0105dzenie Cosmomed&nbsp; ma elektrody r\u0119czne oraz no\u017cne. Pr\u0105d o okre\u015blonych parametrach przep\u0142ywa przez cia\u0142o pomi\u0119dzy elektrodami. Najlepiej stosowa\u0107 w problemach og\u00f3lnoustrojowych &#8211; gdzie nie mo\u017cna jednoznacznie zlokalizowa\u0107 miejsca chorobowo zmienionego.<\/p>\n<p>Wystarczy usi\u0105\u015b\u0107 wygodnie w fotelu, pod\u0142\u0105czy\u0107 elektrody i uruchomi\u0107 konkretny program (lista program\u00f3w znajduje si\u0119 poni\u017cej).<\/p>\n<p>Terapi\u0119 mo\u017cna prowadzi\u0107 w komfortowych warunkach, bez wychodzenia z domu.<\/p>\n<p>Urz\u0105dzenie uruchamiamy przyciskiem g\u0142\u00f3wnym, po wy\u015bwietleniu na wy\u015bwietlaczu programu nr &#8220;1&#8221; &#8211; ustawiamy przyciskami odpowiedni program (w lewo programy zmniejszaj\u0105 si\u0119 od nr 225, w prawo rosn\u0105 od 1 do 225). Po wci\u015bni\u0119ciu &#8220;start&#8221; program zacznie dzia\u0142a\u0107 i wy\u0142\u0105czy si\u0119 po 20 minutach autumatycznie sygnalizuj\u0105c to d\u017awi\u0119kiem.<\/p>\n<p>Cosmomed nie jest wyrobem medycznym.<\/p>\n<p><b>Je\u015bli chcesz zam\u00f3wi\u0107 CosmoMed &#8211; po zakupie wpisz w uwagach<\/b> <b>do zakupu<\/b> &#8220;<b>Cosmomed&#8221;<\/b><\/p>\n<p>Urz\u0105dzenie Cosmomagnetic&nbsp; jest doskona\u0142ym uzupe\u0142nieniem, poniewa\u017c ma wbudowan\u0105 cewk\u0119 magnetyczn\u0105, emituj\u0105c\u0105 zmienne pole magnetyczne o tych samych cz\u0119stotliwo\u015bciach co pr\u0105d w Cosmomed. Pole magnetyczne najlepiej stosowa\u0107 w problemach gdzie mo\u017cna zlokalizowa\u0107 miejsca chorobowo zmienione oraz w przypadku kiedy pr\u0105d p\u0142yn\u0105cy pomi\u0119dzy elektrodami w urz\u0105dzeniu Cosmomed &#8211; wybieraj\u0105c naj\u0142atwiejsz\u0105 i najkr\u00f3tsz\u0105 drog\u0119 omin\u0105\u0142by to miejsce.<\/p>\n<p>Cosmomagnetic jest wyj\u0105tkowo \u0142atwy w u\u017cyciu, poniewa\u017c nie ma elektrod i przyk\u0142adaj\u0105c go w miejsce aplikacji mo\u017cemy prowadzi\u0107 terapi\u0119 nawet w pracy czy w drodze do niej np. w tramwaju.<\/p>\n<p>Urz\u0105dzenie uruchamiamy przyciskiem g\u0142\u00f3wnym, po wy\u015bwietleniu na wy\u015bwietlaczu programu nr &#8220;1&#8221; &#8211; ustawiamy przyciskami odpowiedni program (w lewo programy zmniejszaj\u0105 si\u0119 od nr 225, w prawo rosn\u0105 od 1 do 225). Po wci\u015bni\u0119ciu &#8220;start&#8221; program zacznie dzia\u0142a\u0107 i wy\u0142\u0105czy si\u0119 po 20 minutach automatycznie sygnalizuj\u0105c to d\u017awi\u0119kiem.<\/p>\n<p>Cosmomagnetic nie jest wyrobem medycznym.<\/p>\n<p><b>Je\u015bli chcesz zam\u00f3wi\u0107 CosmoMagnetic &#8211; po zakupie wpisz w uwagach do zakupu<\/b> &#8220;<b>Cosmomagnetic&#8221;.<\/b><\/p>\n<h2>OPIS PROGRAM\u00d3W (OBA URZ\u0104DZENIA POSIADAJ\u0104 TE SAME PROGRAMY)<\/h2>\n<p><b>BAKTERIE<\/b><\/p>\n<ol>\n<li>Bakterie &#8211; og\u00f3lnie<\/li>\n<li>Bartonella<\/li>\n<li>Borrelia<\/li>\n<li>Paciorkowiec ropny i hemolityczny<\/li>\n<li>Gronkowiec z\u0142ocisty<\/li>\n<li>Nanobakterie<\/li>\n<\/ol>\n<p><b>BAKTERIE &#8211; p\u0142uca<\/b><\/p>\n<ol>\n<li>Streptococcus pneumoniae (Pneumokoki)<\/li>\n<li>Mycoplasma pneumoniae<\/li>\n<li>Klebsiella pneumoniae<\/li>\n<li>Haemophilus influenzae (pa\u0142eczka grypy)<\/li>\n<li>Bordetella (pa\u0142eczka krztu\u015bca)<\/li>\n<li>Chlamydia pneumoniae<\/li>\n<\/ol>\n<p><b>BAKTERIE &#8211; jelita<\/b><\/p>\n<ol>\n<li>Shigella flexneri, sonnei<\/li>\n<li>Salmonella &#8211; og\u00f3lnie<\/li>\n<li>Yersinia enterocolitica<\/li>\n<li>Helicobacter pylori<\/li>\n<li>Pa\u0142eczka okr\u0119\u017cnicy \u2013 og\u00f3lnie<\/li>\n<\/ol>\n<p><b>BAKTERIE &#8211; p\u0142ciowe<\/b><\/p>\n<ol>\n<li>Chlamydia trachomatis<\/li>\n<li>Mykoplazma genitalium<\/li>\n<li>Ureaplazma<\/li>\n<li>Dwoinka rze\u017c\u0105czki<\/li>\n<li>Gardnerella vaginalis<\/li>\n<\/ol>\n<p><b>WIRUSY<\/b><\/p>\n<p><b>WIRUSY przezi\u0119bienie<\/b><\/p>\n<ol>\n<li>Wirusy og\u00f3lnie<\/li>\n<li>Wirus grypy<\/li>\n<li>Wirus paragrypy<\/li>\n<li>Koronawirusy<\/li>\n<li>Adenowirus<\/li>\n<li>ECHO Wirus i Coxsackie<\/li>\n<li>Rinowirusy og\u00f3lnie<\/li>\n<\/ol>\n<p><b>WIRUSY herpes<\/b><\/p>\n<ol>\n<li>Herpes og\u00f3lnie (opryszczka)<\/li>\n<li>Herpes Zoster<\/li>\n<li>Wirus Epsteina-Barr (EBV)<\/li>\n<li>Cytomegalowirus (CMV)<\/li>\n<li>Wirus herpes typ 6<\/li>\n<li>Rotawirus &#8211; og\u00f3lnie<\/li>\n<li>Retrowirus &#8211; og\u00f3lnie \/ HIV<\/li>\n<\/ol>\n<p><b>WIRUSY brodawki<\/b><\/p>\n<ol>\n<li>Wirus brodawczaka<\/li>\n<li>Wirus oty\u0142o\u015bci HA 36<\/li>\n<li>Arbowirusy (Kleszczowe zapalenie m\u00f3zgu)<\/li>\n<li>Wirus zapalenia w\u0105troby typu C<\/li>\n<\/ol>\n<p><b>Pierwotniaki<\/b><\/p>\n<ol>\n<li>Pierwotniaki &#8211; og\u00f3lnie<\/li>\n<li>Lamblia<\/li>\n<li>Toxoplasma og\u00f3lnie<\/li>\n<li>Rz\u0119sistek og\u00f3lnie<\/li>\n<li>Balantidium coli (Szparkosz okr\u0119\u017cnicy)<\/li>\n<li>Entamoeba histolytica (Pe\u0142zak czerwonki)<\/li>\n<li>Kryptosporydioza<\/li>\n<li>Babeszjoza (babesiosis)<\/li>\n<\/ol>\n<p><b>Grzyby<\/b><\/p>\n<ol>\n<li>Grzyby og\u00f3lnie<\/li>\n<li>Aktinomicetis (promieniowiec promienicy)<\/li>\n<li>Aspergillus niger<\/li>\n<li>Aspergillus fumigatus<\/li>\n<li>Aspergillus oryzae<\/li>\n<li>Aspergillus fischeri<\/li>\n<li>Geotrichum<\/li>\n<li>Blastomykoza<\/li>\n<li>Histoplasma<\/li>\n<li>Candida albicans<\/li>\n<li>Candida glabrata<\/li>\n<li>Candida kefyr<\/li>\n<li>Candida robusta<\/li>\n<li>Candida krusei<\/li>\n<li>Candida parapsilosis<\/li>\n<li>Candida stellatoidea<\/li>\n<li>Candida tropicalis<\/li>\n<li>Nokardia asteroides<\/li>\n<li>Sporotrichum<\/li>\n<li>Trichophyton og\u00f3lnie<\/li>\n<li>Epidermophyton<\/li>\n<\/ol>\n<p><b>Paso\u017cyty<\/b><\/p>\n<ol>\n<li>Robaki ob\u0142e og\u00f3lnie<\/li>\n<li>Anizakida<\/li>\n<li>T\u0119goryjec dwunastnicy<\/li>\n<li>Glista ludzka<\/li>\n<li>W\u0142osog\u0142\u00f3wka<\/li>\n<li>Tasiemiec psi<\/li>\n<li>Capillaria (kapilaria)<\/li>\n<li>W\u0119gorek jelitowy<\/li>\n<li>Owsiki ludzki<\/li>\n<li>W\u0142osie\u0144<\/li>\n<li>Filaria &#8211; og\u00f3lnie<\/li>\n<li>Tasiemce &#8211; og\u00f3lnie<\/li>\n<li>Bruzdog\u0142owiec szeroki<\/li>\n<\/ol>\n<p><b>Tasiemce<\/b><\/p>\n<ol>\n<li>Tasiemiec nieuzbrojony<\/li>\n<li>Tasiemiec uzbrojony<\/li>\n<li>Tasiemiec kar\u0142owaty<\/li>\n<li>Tasiemiec ksztalc.dyni<\/li>\n<li>Przywra &#8211; og\u00f3lnie<\/li>\n<li>Przywra kocia (Opisthorchis)<\/li>\n<\/ol>\n<p><b>Przywry<\/b><\/p>\n<ol>\n<li>Motylica w\u0105trobowa<\/li>\n<li>Przywra krwi (Schistosoma haematobium)<\/li>\n<li>Clonorchis sinensis (przywra chi\u0144ska)<\/li>\n<li>Schistosoma mansoni \u2013 og\u00f3lnie<\/li>\n<\/ol>\n<p><b>Roztocza i geoinfekcje<\/b><\/p>\n<ol>\n<li>Roztocze \u2013 og\u00f3lnie<\/li>\n<li>Demodex (nu\u017ceniec)<\/li>\n<li>Pseudomonas aeruginosa<\/li>\n<li>Riketsje (Erlichiozy)<\/li>\n<li>Anaplasma marginale<\/li>\n<\/ol>\n<p><b>Przeciwb\u00f3lowy<\/b><\/p>\n<ol>\n<li>B\u00f3l &#8211; og\u00f3lnie<\/li>\n<li>B\u00f3l g\u0142owy &#8211; og\u00f3lnie<\/li>\n<li>B\u00f3l g\u0142owy przy zatruciu &#8211; intoksykacji<\/li>\n<li>B\u00f3l g\u0142owy podczas choroby uk\u0142adu moczowo &#8211; p\u0142ciowego<\/li>\n<li>B\u00f3l g\u0142owy pochodzenia kr\u0119gowego (od kr\u0119gos\u0142upa)<\/li>\n<li>Migrena<\/li>\n<\/ol>\n<p><b>Uk\u0142ad pokarmowy<\/b><\/p>\n<ol>\n<li>Normalizacja czynno\u015bci trzustki<\/li>\n<li>Normalizacja funkcji jelit<\/li>\n<li>Zapalenie jelit &#8211; og\u00f3lnie<\/li>\n<li>Hemoroidy<\/li>\n<li>Normalizacja funkcji w\u0105troby<\/li>\n<li>Zapalenie p\u0119cherzyka \u017c\u00f3\u0142ciowego<\/li>\n<li>Polipy jelita<\/li>\n<li>Kamienie \u017c\u00f3\u0142ciowe<\/li>\n<li>Nie\u017cyt \u017co\u0142\u0105dka<\/li>\n<li>Nie\u017cyt dwunastnicy<\/li>\n<\/ol>\n<p><b>Programy objawowe i etiologiczne<\/b><\/p>\n<ol>\n<li>Choroba Le\u015bniowskiego-Crohna<\/li>\n<li>Choroba zrostowa<\/li>\n<li>Paradontoza<\/li>\n<\/ol>\n<p><b>\u017be\u0144ski uk\u0142ad moczowo-p\u0142ciowy<\/b><\/p>\n<ol>\n<li>Regulacja \u017ce\u0144skiego uk\u0142adu p\u0142ciowego<\/li>\n<li>Regulacja cyklu menstruacyjnego &#8211; og\u00f3lnie<\/li>\n<li>R\u00f3wnowaga hormonalna<\/li>\n<li>Torbiele jajnik\u00f3w<\/li>\n<li>Nad\u017cerka szyjki macicy<\/li>\n<li>Polip szyjki macicy<\/li>\n<li>Endometrioza<\/li>\n<li>Fibroma, w\u0142\u00f3kniak<\/li>\n<li>Bolesne miesi\u0105czkowanie<\/li>\n<li>Brak menstruacji<\/li>\n<li>Mastopatia<\/li>\n<li>Torbiel piersi<\/li>\n<li>Klimakterium<\/li>\n<\/ol>\n<p><b>M\u0119ski uk\u0142ad moczowo-p\u0142ciowy<\/b><\/p>\n<ol>\n<li>Regulacja m\u0119skiego uk\u0142adu p\u0142ciowego<\/li>\n<li>R\u00f3wnowaga hormonalna<\/li>\n<li>Zapalenie gruczo\u0142u krokowego<\/li>\n<li>Gruczolak gruczo\u0142u krokowego<\/li>\n<li>Przerost (rozrost) gruczo\u0142u krokowego<\/li>\n<li>Impotencja (niemoc p\u0142ciowa)<\/li>\n<\/ol>\n<p><b>Laryngologia<\/b><\/p>\n<ol>\n<li>Gard\u0142o, kr\u00f3tki seans &#8211; og\u00f3lnie<\/li>\n<li>Przerost migda\u0142k\u00f3w<\/li>\n<li>Ostre zapalenie gard\u0142a (seans d\u0142ugi)<\/li>\n<li>Zapalenie krtani z b\u00f3lem<\/li>\n<li>Nos i zatoki &#8211; og\u00f3lnie<\/li>\n<li>Przerost trzeciego migda\u0142ka<\/li>\n<li>Infekcja nosa, zatkany nos, polipy<\/li>\n<li>Alergiczne zapalenie \u015bluz\u00f3wki nosa<\/li>\n<li>Zapalenie zatok<\/li>\n<li>Zapalenie ucha \u015brodkowego<\/li>\n<\/ol>\n<p><b>Kardiologia<\/b><\/p>\n<ol>\n<li>Niewydolno\u015b\u0107 serca<\/li>\n<li>Nerwica serca (dystonia wegetatywno-naczyniowa)<\/li>\n<li>Nadci\u015bnienie t\u0119tnicze<\/li>\n<li>Niedoci\u015bnienie t\u0119tnicze<\/li>\n<li>\u017bylaki<\/li>\n<li>Regulacja kr\u0105\u017cenia (uk\u0142adu krwiono\u015bnego)<\/li>\n<li>Oczyszczanie krwi<\/li>\n<\/ol>\n<p><b>Immunologia<\/b><\/p>\n<ol>\n<li>Alergia<\/li>\n<li>Regulacja pracy uk\u0142adu odporno\u015bciowego<\/li>\n<\/ol>\n<p><b>Urologia<\/b><\/p>\n<ol>\n<li>Regulacja pracy nerek<\/li>\n<li>Infekcje dr\u00f3g moczowych<\/li>\n<li>Piasek w p\u0119cherzu moczowym<\/li>\n<li>Zapalenie nerek<\/li>\n<li>Odmiedniczkowe zapalenie nerek<\/li>\n<li>Zapalenie cewki moczowej (zapalenie p\u0119cherza)<\/li>\n<\/ol>\n<p><b>Stawy, kr\u0119gos\u0142up<\/b><\/p>\n<ol>\n<li>Zapalenie staw\u00f3w<\/li>\n<li>Osteoporoza<\/li>\n<li>Podwy\u017cszona zawarto\u015b\u0107 kwasu moczowego<\/li>\n<li>Dna moczanowa (podagra)<\/li>\n<li>Zapalenie torebki stawowej (kaletki maziowej)<\/li>\n<li>Rwa kulszowa krzy\u017cowo-l\u0119d\u017awiowa<\/li>\n<li>Kr\u0105\u017cek mi\u0119dzykr\u0119gowy \u2013 zu\u017cycie<\/li>\n<li>Kr\u0105\u017cek mi\u0119dzykr\u0119gowy \u2013 uszkodzenia<\/li>\n<li>Kr\u0105\u017cek mi\u0119dzykr\u0119gowy \u2013 regeneracja<\/li>\n<li>Rozleg\u0142a osteochondroza<\/li>\n<li>Osteochondroza kr\u0119gos\u0142upa<\/li>\n<li>Osteochondroza szyjnego odcinka kr\u0119gos\u0142upa<\/li>\n<li>Kr\u0119gos\u0142up \u2013 odcinek piersiowy<\/li>\n<li>Osteochondroza l\u0119d\u017awiowa, lumbago, b\u00f3le plec\u00f3w, k\u0142opoty z poruszaniem si\u0119, sztywno\u015b\u0107<\/li>\n<li>Reumatoidalne zapalenie staw\u00f3w<\/li>\n<li>Niedob\u00f3r wapnia<\/li>\n<li>Zesp\u00f3\u0142 chronicznego zm\u0119czenia<\/li>\n<\/ol>\n<p><b>Neurologia<\/b><\/p>\n<ol>\n<li>Uk\u0142ad nerwowy &#8211; og\u00f3lnie<\/li>\n<li>Nocne moczenie si\u0119 (nietrzymanie moczu)<\/li>\n<li>Bezsenno\u015b\u0107<\/li>\n<\/ol>\n<p><b>Dermatologia<\/b><\/p>\n<ol>\n<li>Sk\u00f3ra &#8211; og\u00f3lnie<\/li>\n<li>Tr\u0105dzik<\/li>\n<li>\u0141upie\u017c<\/li>\n<li>Egzema<\/li>\n<li>\u0141uszczyca<\/li>\n<li>Brodawki<\/li>\n<li>Przewlek\u0142e zapalenie sk\u00f3ry na tle nerwowym<\/li>\n<li>Sk\u00f3ra, regulacja funkcji odporno\u015bciowej i ochronnej<\/li>\n<li>Podra\u017cnienia sk\u00f3ry twarzy<\/li>\n<li>Antyseptyczny \u2013 og\u00f3lny, r\u00f3wnie\u017c na basen<\/li>\n<\/ol>\n<p><b>Okulistyka, Oftalmologia<\/b><\/p>\n<ol>\n<li>Oczy og\u00f3lnie<\/li>\n<li>Za\u0107ma (katarakta)<\/li>\n<li>Zwyrodnienie plamki \u017c\u00f3\u0142tej<\/li>\n<li>Jaskra<\/li>\n<\/ol>\n<p><b>PULMONOLOGIA<\/b><\/p>\n<ol>\n<li>P\u0142uca og\u00f3lnie<\/li>\n<li>Zapalenie oskrzeli<\/li>\n<li>Astma oskrzelowa<\/li>\n<li>Bakteryjna infekcja p\u0142uc<\/li>\n<\/ol>\n<p><b>Endokrynologia<\/b><\/p>\n<ol>\n<li>Cukrzyca\/hiperglikemia<\/li>\n<li>Choroby autoimmunologiczne<\/li>\n<li>Regulacja pracy tarczycy<\/li>\n<li>Nadczynno\u015b\u0107 tarczycy<\/li>\n<li>Niedoczynno\u015b\u0107 tarczycy<\/li>\n<li>Wole tarczycy (choroba Gravesa\u2013Basedowa)<\/li>\n<li>Wole torbielowe<\/li>\n<li>Wole tarczycy \u2013 inne rodzaje<\/li>\n<li>Przemiana materii<\/li>\n<li>Choroba Hashimoto<\/li>\n<li>Oty\u0142o\u015b\u0107<\/li>\n<\/ol>\n<p><b>Hematologia<\/b><\/p>\n<ol>\n<li>Ma\u0142op\u0142ytkowo\u015b\u0107 krwi<\/li>\n<li>Megakaryoblastoma<\/li>\n<\/ol>\n<p><b>Detoks<\/b><\/p>\n<ol>\n<li>Detoksykacja og\u00f3lna<\/li>\n<li>Detoksykacja przy infekcji pierwotniakami<\/li>\n<li>Detoksykacja przy infekcji bakteryjnej (gru\u017aliczej)<\/li>\n<li>Drena\u017c uk\u0142adu limfatycznego<\/li>\n<li>Drena\u017c uk\u0142adu limfatycznego (seans kr\u00f3tki)<\/li>\n<li>Detoksykacja przy infekcji paso\u017cytniczej<\/li>\n<li>Detoksykacja mezenchymy<\/li>\n<li>Detoksykacja w\u0105troby<\/li>\n<li>Cz\u0119stotliwo\u015b\u0107 Schumanna<\/li>\n<li>Cz\u0119stotliwo\u015b\u0107 Becka<\/li>\n<\/ol>\n<p><b>Narkologia<\/b><\/p>\n<ol>\n<li>Uzale\u017cnienie od \u015brodk\u00f3w narkotycznych<\/li>\n<li>Regulacja r\u00f3wnowagi kwasowo-zasadowej<\/li>\n<\/ol>\n<p><b>Og\u00f3lne<\/b><\/p>\n<ol>\n<li>Zwi\u0119kszenie rezerw adaptacji uk\u0142adu mi\u0119\u015bniowo-szkieletowego<\/li>\n<li>Zwi\u0119kszenie rezerw adaptacji uk\u0142adu nerwowego przy autoimmunologii<\/li>\n<\/ol>\n<p>Cosmomagnetic i Cosmomed nie s\u0105 wyrobami medycznymi.<\/p>\n<p>PROMOCJA<\/p>\n<p>DO KA\u017bDEGO ZAKUPU ZA\u0141\u0104CZAMY KUPONY RABATOWE NA PRODUKTY W NASZYCH SKLEPACH.<\/p>\n","protected":false},"excerpt":{"rendered":"<p>Uwaga! Cena dotyczy jednego urz\u0105dzenia Cosmomed brt lub Cosmomagnetic brt. Po zakupie prosimy o wskazanie wybranego urz\u0105dzenia. Zestaw brt to nowoczesne, niewielkie urz\u0105dzenia do terapii brt (nie s\u0105 wyrobami medycznymi). Biorezonans (ang. Bioresonance Therapy &#8211; BRT) opracowany przez ameryka\u0144skiego naukowca i wynalazc\u0119 Rife\u2019a, kt\u00f3ry ok. 1931 roku odkry\u0142 tzw. wibracj\u0119 \u015bmierci M.O.R (mortal oscilliary rates). &#8230; <a title=\"brt &#8211; biorezonans\" class=\"read-more\" href=\"https:\/\/selleetools.com\/pl\/product\/brt-biorezonans\/\">Read more<span class=\"screen-reader-text\">brt &#8211; biorezonans<\/span><\/a><\/p>\n","protected":false},"featured_media":328677,"comment_status":"open","ping_status":"closed","template":"","meta":{"_links_to":"","_links_to_target":""},"yoast_head":"<!-- This site is optimized with the Yoast SEO plugin v19.4 - https:\/\/yoast.com\/wordpress\/plugins\/seo\/ -->\n<title>brt - biorezonans - Selleetools.com<\/title>\n<meta name=\"robots\" content=\"index, follow, max-snippet:-1, max-image-preview:large, max-video-preview:-1\" \/>\n<link rel=\"canonical\" href=\"https:\/\/selleetools.com\/pl\/product\/brt-biorezonans\/\" \/>\n<meta property=\"og:locale\" content=\"pl_PL\" \/>\n<meta property=\"og:type\" content=\"article\" \/>\n<meta property=\"og:title\" content=\"brt - biorezonans - Selleetools.com\" \/>\n<meta property=\"og:description\" content=\"Uwaga! Cena dotyczy jednego urz\u0105dzenia Cosmomed brt lub Cosmomagnetic brt. Po zakupie prosimy o wskazanie wybranego urz\u0105dzenia. Zestaw brt to nowoczesne, niewielkie urz\u0105dzenia do terapii brt (nie s\u0105 wyrobami medycznymi). Biorezonans (ang. Bioresonance Therapy &#8211; BRT) opracowany przez ameryka\u0144skiego naukowca i wynalazc\u0119 Rife\u2019a, kt\u00f3ry ok. 1931 roku odkry\u0142 tzw. wibracj\u0119 \u015bmierci M.O.R (mortal oscilliary rates). ... Read morebrt &#8211; biorezonans\" \/>\n<meta property=\"og:url\" content=\"https:\/\/selleetools.com\/pl\/product\/brt-biorezonans\/\" \/>\n<meta property=\"og:site_name\" content=\"Selleetools.com\" \/>\n<meta property=\"article:modified_time\" content=\"2024-07-03T12:45:43+00:00\" \/>\n<meta property=\"og:image\" content=\"https:\/\/selleetools.com\/wp-content\/uploads\/2024\/05\/8a1add9c468e8f38a484181e2e1b.jpg\" \/>\n\t<meta property=\"og:image:width\" content=\"1200\" \/>\n\t<meta property=\"og:image:height\" content=\"1200\" \/>\n\t<meta property=\"og:image:type\" content=\"image\/jpeg\" \/>\n<meta name=\"twitter:card\" content=\"summary_large_image\" \/>\n<meta name=\"twitter:label1\" content=\"Est. reading time\" \/>\n\t<meta name=\"twitter:data1\" content=\"7 minut\" \/>\n<!-- \/ Yoast SEO plugin. -->","yoast_head_json":{"title":"brt - biorezonans - Selleetools.com","robots":{"index":"index","follow":"follow","max-snippet":"max-snippet:-1","max-image-preview":"max-image-preview:large","max-video-preview":"max-video-preview:-1"},"canonical":"https:\/\/selleetools.com\/pl\/product\/brt-biorezonans\/","og_locale":"pl_PL","og_type":"article","og_title":"brt - biorezonans - Selleetools.com","og_description":"Uwaga! Cena dotyczy jednego urz\u0105dzenia Cosmomed brt lub Cosmomagnetic brt. Po zakupie prosimy o wskazanie wybranego urz\u0105dzenia. Zestaw brt to nowoczesne, niewielkie urz\u0105dzenia do terapii brt (nie s\u0105 wyrobami medycznymi). Biorezonans (ang. Bioresonance Therapy &#8211; BRT) opracowany przez ameryka\u0144skiego naukowca i wynalazc\u0119 Rife\u2019a, kt\u00f3ry ok. 1931 roku odkry\u0142 tzw. wibracj\u0119 \u015bmierci M.O.R (mortal oscilliary rates). ... Read morebrt &#8211; biorezonans","og_url":"https:\/\/selleetools.com\/pl\/product\/brt-biorezonans\/","og_site_name":"Selleetools.com","article_modified_time":"2024-07-03T12:45:43+00:00","og_image":[{"width":1200,"height":1200,"url":"https:\/\/selleetools.com\/wp-content\/uploads\/2024\/05\/8a1add9c468e8f38a484181e2e1b.jpg","type":"image\/jpeg"}],"twitter_card":"summary_large_image","twitter_misc":{"Est. reading time":"7 minut"},"schema":{"@context":"https:\/\/schema.org","@graph":[{"@type":"Organization","@id":"https:\/\/selleetools.com\/#organization","name":"Selleetools","url":"https:\/\/selleetools.com\/","sameAs":[],"logo":{"@type":"ImageObject","inLanguage":"pl-PL","@id":"https:\/\/selleetools.com\/#\/schema\/logo\/image\/","url":"https:\/\/selleetools.com\/wp-content\/uploads\/2021\/10\/logo-dark.png","contentUrl":"https:\/\/selleetools.com\/wp-content\/uploads\/2021\/10\/logo-dark.png","width":320,"height":76,"caption":"Selleetools"},"image":{"@id":"https:\/\/selleetools.com\/#\/schema\/logo\/image\/"}},{"@type":"WebSite","@id":"https:\/\/selleetools.com\/#website","url":"https:\/\/selleetools.com\/","name":"Selleetools.com","description":"","publisher":{"@id":"https:\/\/selleetools.com\/#organization"},"potentialAction":[{"@type":"SearchAction","target":{"@type":"EntryPoint","urlTemplate":"https:\/\/selleetools.com\/?s={search_term_string}"},"query-input":"required name=search_term_string"}],"inLanguage":"pl-PL"},{"@type":"WebPage","@id":"https:\/\/selleetools.com\/pl\/product\/brt-biorezonans\/","url":"https:\/\/selleetools.com\/pl\/product\/brt-biorezonans\/","name":"brt - biorezonans - Selleetools.com","isPartOf":{"@id":"https:\/\/selleetools.com\/#website"},"datePublished":"2024-05-21T15:57:21+00:00","dateModified":"2024-07-03T12:45:43+00:00","breadcrumb":{"@id":"https:\/\/selleetools.com\/pl\/product\/brt-biorezonans\/#breadcrumb"},"inLanguage":"pl-PL","potentialAction":[{"@type":"ReadAction","target":["https:\/\/selleetools.com\/pl\/product\/brt-biorezonans\/"]}]},{"@type":"BreadcrumbList","@id":"https:\/\/selleetools.com\/pl\/product\/brt-biorezonans\/#breadcrumb","itemListElement":[{"@type":"ListItem","position":1,"name":"Home","item":"https:\/\/selleetools.com\/pl\/"},{"@type":"ListItem","position":2,"name":"Katalog","item":"https:\/\/selleetools.com\/pl\/katalog\/"},{"@type":"ListItem","position":3,"name":"brt &#8211; biorezonans"}]}]}},"_links":{"self":[{"href":"https:\/\/selleetools.com\/pl\/wp-json\/wp\/v2\/product\/328707"}],"collection":[{"href":"https:\/\/selleetools.com\/pl\/wp-json\/wp\/v2\/product"}],"about":[{"href":"https:\/\/selleetools.com\/pl\/wp-json\/wp\/v2\/types\/product"}],"replies":[{"embeddable":true,"href":"https:\/\/selleetools.com\/pl\/wp-json\/wp\/v2\/comments?post=328707"}],"wp:featuredmedia":[{"embeddable":true,"href":"https:\/\/selleetools.com\/pl\/wp-json\/wp\/v2\/media\/328677"}],"wp:attachment":[{"href":"https:\/\/selleetools.com\/pl\/wp-json\/wp\/v2\/media?parent=328707"}],"curies":[{"name":"wp","href":"https:\/\/api.w.org\/{rel}","templated":true}]}}