{"id":320196,"date":"2024-04-10T15:08:07","date_gmt":"2024-04-10T13:08:07","guid":{"rendered":"https:\/\/selleetools.com\/?post_type=product&#038;p=320196"},"modified":"2025-11-20T12:21:59","modified_gmt":"2025-11-20T11:21:59","slug":"evil-fast-grease-sytetyczny-smar-do-lozysk-500g","status":"publish","type":"product","link":"https:\/\/selleetools.com\/pl\/product\/evil-fast-grease-sytetyczny-smar-do-lozysk-500g\/","title":{"rendered":"EVIL FAST GREASE SYTETYCZNY SMAR DO \u0141O\u017bYSK 500g"},"content":{"rendered":"<div class=\"flex flex-grow flex-col gap-3 max-w-full\">\n<div class=\"min-h-[20px] flex flex-col items-start gap-3 overflow-x-auto whitespace-pre-wrap break-words\">\n<div class=\"markdown prose w-full break-words dark:prose-invert light\">\n<p>FAST GREASE to zaawansowany, syntetyczny \u015brodek do smarowania \u0142o\u017cysk rowerowych. Wyr\u00f3\u017cnia si\u0119 d\u0142ugotrwa\u0142\u0105 ochron\u0105 przed wilgoci\u0105, korozj\u0105 i minimalizacj\u0105 tarcia w punktach smarnych. Ten profesjonalny smar jest idealny do smarowania \u0142o\u017cysk piast i innych komponent\u00f3w rowerowych, niezale\u017cnie od warunk\u00f3w pogodowych, od ekstremalnych mroz\u00f3w (-35\u00b0C) po gor\u0105ce warunki(+70\u00b0C).<\/p>\n<p>Dzi\u0119ki swojej syntetycznej bazie nie reaguje z gum\u0105 i zapobiega korozji galwanicznej. Ponadto, smarowanie element\u00f3w plastikowych i gumowych chroni je przed p\u0119kaniem i deformacj\u0105, a w przypadku element\u00f3w metalowych zapobiega drganiom materia\u0142owym. Wa\u017cne jest, aby nie miesza\u0107 tego smaru z innymi \u015brodkami smarnymi.<\/p>\n<p>FAST Grease jest doskona\u0142ym wyborem dla rowerzyst\u00f3w je\u017cd\u017c\u0105cych w r\u00f3\u017cnych warunkach, zw\u0142aszcza w deszczu, \u015bniegu, b\u0142ocie lub na lodzie. Jest nie tylko wysoce odporny na zmienne warunki atmosferyczne, ale tak\u017ce na utlenianie i \u015bcinanie. Ponadto posiada atesty potwierdzaj\u0105ce jego wydajno\u015b\u0107, odporno\u015b\u0107 na warunki ekstremalne oraz dobre w\u0142a\u015bciwo\u015bci antykorozyjne.<\/p>\n<p>Rekomendowane zastosowania obejmuj\u0105 smarowanie \u0142o\u017cysk piast, ster\u00f3w, suport\u00f3w oraz tulejek w zawieszeniu roweru.<\/p>\n<p>Podstawowe dane FAST Grease<\/p>\n<table width=\"645\">\n<tbody>\n<tr>\n<td width=\"135\">Norma<\/td>\n<td width=\"311\">Tre\u015b\u0107<\/td>\n<td width=\"103\">Jednostka<\/td>\n<td width=\"84\">wynik<\/td>\n<\/tr>\n<tr>\n<td>\u00a0CTM 0176B<\/td>\n<td width=\"311\">Kolor<\/td>\n<td colspan=\"2\" width=\"190\">\u00a0Niebieski<\/td>\n<\/tr>\n<tr>\n<td colspan=\"4\" width=\"640\">Sk\u0142ad: Olej bazowy syntetyczny PAO, zag\u0119szczacz aluminium-complex, dodatki EP, sta\u0142e \u015brodki smarne, inhibitory korozji, inhibitor adhezji<\/td>\n<\/tr>\n<tr>\n<td><\/td>\n<td width=\"311\">Konsystencja<\/td>\n<td colspan=\"2\" width=\"190\">\u00a0Pasta do z\u0119b\u00f3w<\/td>\n<\/tr>\n<tr>\n<td><\/td>\n<td width=\"311\">Temperatura pracy<\/td>\n<td width=\"103\">\u00b0 C<\/td>\n<td width=\"84\">-40 do +120<\/td>\n<\/tr>\n<tr>\n<td>DIN 51 818<\/td>\n<td width=\"311\">Klasa konsystencji NLGI<\/td>\n<td width=\"103\"><\/td>\n<td width=\"84\">3<\/td>\n<\/tr>\n<tr>\n<td>ISO 2137<\/td>\n<td width=\"311\">Penetracja<\/td>\n<td width=\"103\">mm\/10<\/td>\n<td width=\"84\">250<\/td>\n<\/tr>\n<tr>\n<td>ISO 2811<\/td>\n<td width=\"311\">G\u0119sto\u015b\u0107 w temperaturze 20 \u00b0 C<\/td>\n<td width=\"103\">g \/ ml<\/td>\n<td width=\"84\">0,94<\/td>\n<\/tr>\n<tr>\n<td>DIN 51 562<\/td>\n<td width=\"311\">Lepko\u015b\u0107 oleju bazowego w temperaturze 40 \u00b0 C<\/td>\n<td width=\"103\">mm\u00b2\/s<\/td>\n<td width=\"84\">220<\/td>\n<\/tr>\n<tr>\n<td>DIN 51 350 pt.4<\/td>\n<td width=\"311\">Four-ball tester (VKA) obci\u0105\u017cenie zespawania<\/td>\n<td width=\"103\">N<\/td>\n<td width=\"84\">4000<\/td>\n<\/tr>\n<tr>\n<td>DIN 51 350 pt.5<\/td>\n<td width=\"311\">W\u017cery zu\u017cyciowe pod obc. 800 N<\/td>\n<td width=\"103\">mm<\/td>\n<td width=\"84\">0,6<\/td>\n<\/tr>\n<tr>\n<td>DIN 51 802<\/td>\n<td width=\"311\">Metoda SKF-Emcor Stopie\u0144 korozji<\/td>\n<td width=\"103\"><\/td>\n<td width=\"84\">1<\/td>\n<\/tr>\n<\/tbody>\n<\/table>\n<p>Trwa\u0142o\u015b\u0107 i magazynowanie: Przy przechowywaniu w temperaturze poni\u017cej 25 \u00b0 C, w oryginalnych, zamkni\u0119tych pojemnikach, zdolno\u015b\u0107 \u00a0produktu do u\u017cytku wynosi 60 miesi\u0119cy od daty produkcji.<\/p>\n<p>\u00a0<\/p>\n<\/div>\n<\/div>\n<\/div>\n<p>FAST GREASE to zaawansowany, syntetyczny \u015brodek do smarowania \u0142o\u017cysk rowerowych. Wyr\u00f3\u017cnia si\u0119 d\u0142ugotrwa\u0142\u0105 ochron\u0105 przed wilgoci\u0105, korozj\u0105 i minimalizacj\u0105 tarcia w punktach smarnych. Ten profesjonalny smar jest idealny do smarowania \u0142o\u017cysk piast i innych komponent\u00f3w rowerowych, niezale\u017cnie od warunk\u00f3w pogodowych, od ekstremalnych mroz\u00f3w (-35\u00b0C) po gor\u0105ce warunki(+70\u00b0C).<\/p>\n","protected":false},"excerpt":{"rendered":"<p>FAST GREASE to zaawansowany, syntetyczny \u015brodek do smarowania \u0142o\u017cysk rowerowych. Wyr\u00f3\u017cnia si\u0119 d\u0142ugotrwa\u0142\u0105 ochron\u0105 przed wilgoci\u0105, korozj\u0105 i minimalizacj\u0105 tarcia w punktach smarnych. Ten profesjonalny smar jest idealny do smarowania \u0142o\u017cysk piast i innych komponent\u00f3w rowerowych, niezale\u017cnie od warunk\u00f3w pogodowych, od ekstremalnych mroz\u00f3w (-35\u00b0C) po gor\u0105ce warunki(+70\u00b0C). Dzi\u0119ki swojej syntetycznej bazie nie reaguje z gum\u0105 &#8230; <a title=\"EVIL FAST GREASE SYTETYCZNY SMAR DO \u0141O\u017bYSK 500g\" class=\"read-more\" href=\"https:\/\/selleetools.com\/pl\/product\/evil-fast-grease-sytetyczny-smar-do-lozysk-500g\/\">Read more<span class=\"screen-reader-text\">EVIL FAST GREASE SYTETYCZNY SMAR DO \u0141O\u017bYSK 500g<\/span><\/a><\/p>\n","protected":false},"featured_media":320194,"comment_status":"open","ping_status":"closed","template":"","meta":{"_links_to":"","_links_to_target":""},"yoast_head":"<!-- This site is optimized with the Yoast SEO plugin v19.4 - https:\/\/yoast.com\/wordpress\/plugins\/seo\/ -->\n<title>EVIL FAST GREASE SYTETYCZNY SMAR DO \u0141O\u017bYSK 500g - Selleetools.com<\/title>\n<meta name=\"robots\" content=\"index, follow, max-snippet:-1, max-image-preview:large, max-video-preview:-1\" \/>\n<link rel=\"canonical\" href=\"https:\/\/selleetools.com\/pl\/product\/evil-fast-grease-sytetyczny-smar-do-lozysk-500g\/\" \/>\n<meta property=\"og:locale\" content=\"pl_PL\" \/>\n<meta property=\"og:type\" content=\"article\" \/>\n<meta property=\"og:title\" content=\"EVIL FAST GREASE SYTETYCZNY SMAR DO \u0141O\u017bYSK 500g - Selleetools.com\" \/>\n<meta property=\"og:description\" content=\"FAST GREASE to zaawansowany, syntetyczny \u015brodek do smarowania \u0142o\u017cysk rowerowych. Wyr\u00f3\u017cnia si\u0119 d\u0142ugotrwa\u0142\u0105 ochron\u0105 przed wilgoci\u0105, korozj\u0105 i minimalizacj\u0105 tarcia w punktach smarnych. Ten profesjonalny smar jest idealny do smarowania \u0142o\u017cysk piast i innych komponent\u00f3w rowerowych, niezale\u017cnie od warunk\u00f3w pogodowych, od ekstremalnych mroz\u00f3w (-35\u00b0C) po gor\u0105ce warunki(+70\u00b0C). Dzi\u0119ki swojej syntetycznej bazie nie reaguje z gum\u0105 ... Read moreEVIL FAST GREASE SYTETYCZNY SMAR DO \u0141O\u017bYSK 500g\" \/>\n<meta property=\"og:url\" content=\"https:\/\/selleetools.com\/pl\/product\/evil-fast-grease-sytetyczny-smar-do-lozysk-500g\/\" \/>\n<meta property=\"og:site_name\" content=\"Selleetools.com\" \/>\n<meta property=\"article:modified_time\" content=\"2025-11-20T11:21:59+00:00\" \/>\n<meta property=\"og:image\" content=\"https:\/\/selleetools.com\/wp-content\/uploads\/2024\/04\/fast500.jpg\" \/>\n\t<meta property=\"og:image:width\" content=\"2000\" \/>\n\t<meta property=\"og:image:height\" content=\"2000\" \/>\n\t<meta property=\"og:image:type\" content=\"image\/jpeg\" \/>\n<meta name=\"twitter:card\" content=\"summary_large_image\" \/>\n<meta name=\"twitter:label1\" content=\"Est. reading time\" \/>\n\t<meta name=\"twitter:data1\" content=\"2 minuty\" \/>\n<!-- \/ Yoast SEO plugin. -->","yoast_head_json":{"title":"EVIL FAST GREASE SYTETYCZNY SMAR DO \u0141O\u017bYSK 500g - Selleetools.com","robots":{"index":"index","follow":"follow","max-snippet":"max-snippet:-1","max-image-preview":"max-image-preview:large","max-video-preview":"max-video-preview:-1"},"canonical":"https:\/\/selleetools.com\/pl\/product\/evil-fast-grease-sytetyczny-smar-do-lozysk-500g\/","og_locale":"pl_PL","og_type":"article","og_title":"EVIL FAST GREASE SYTETYCZNY SMAR DO \u0141O\u017bYSK 500g - Selleetools.com","og_description":"FAST GREASE to zaawansowany, syntetyczny \u015brodek do smarowania \u0142o\u017cysk rowerowych. Wyr\u00f3\u017cnia si\u0119 d\u0142ugotrwa\u0142\u0105 ochron\u0105 przed wilgoci\u0105, korozj\u0105 i minimalizacj\u0105 tarcia w punktach smarnych. Ten profesjonalny smar jest idealny do smarowania \u0142o\u017cysk piast i innych komponent\u00f3w rowerowych, niezale\u017cnie od warunk\u00f3w pogodowych, od ekstremalnych mroz\u00f3w (-35\u00b0C) po gor\u0105ce warunki(+70\u00b0C). Dzi\u0119ki swojej syntetycznej bazie nie reaguje z gum\u0105 ... Read moreEVIL FAST GREASE SYTETYCZNY SMAR DO \u0141O\u017bYSK 500g","og_url":"https:\/\/selleetools.com\/pl\/product\/evil-fast-grease-sytetyczny-smar-do-lozysk-500g\/","og_site_name":"Selleetools.com","article_modified_time":"2025-11-20T11:21:59+00:00","og_image":[{"width":2000,"height":2000,"url":"https:\/\/selleetools.com\/wp-content\/uploads\/2024\/04\/fast500.jpg","type":"image\/jpeg"}],"twitter_card":"summary_large_image","twitter_misc":{"Est. reading time":"2 minuty"},"schema":{"@context":"https:\/\/schema.org","@graph":[{"@type":"Organization","@id":"https:\/\/selleetools.com\/#organization","name":"Selleetools","url":"https:\/\/selleetools.com\/","sameAs":[],"logo":{"@type":"ImageObject","inLanguage":"pl-PL","@id":"https:\/\/selleetools.com\/#\/schema\/logo\/image\/","url":"https:\/\/selleetools.com\/wp-content\/uploads\/2021\/10\/logo-dark.png","contentUrl":"https:\/\/selleetools.com\/wp-content\/uploads\/2021\/10\/logo-dark.png","width":320,"height":76,"caption":"Selleetools"},"image":{"@id":"https:\/\/selleetools.com\/#\/schema\/logo\/image\/"}},{"@type":"WebSite","@id":"https:\/\/selleetools.com\/#website","url":"https:\/\/selleetools.com\/","name":"Selleetools.com","description":"","publisher":{"@id":"https:\/\/selleetools.com\/#organization"},"potentialAction":[{"@type":"SearchAction","target":{"@type":"EntryPoint","urlTemplate":"https:\/\/selleetools.com\/?s={search_term_string}"},"query-input":"required name=search_term_string"}],"inLanguage":"pl-PL"},{"@type":"WebPage","@id":"https:\/\/selleetools.com\/pl\/product\/evil-fast-grease-sytetyczny-smar-do-lozysk-500g\/","url":"https:\/\/selleetools.com\/pl\/product\/evil-fast-grease-sytetyczny-smar-do-lozysk-500g\/","name":"EVIL FAST GREASE SYTETYCZNY SMAR DO \u0141O\u017bYSK 500g - Selleetools.com","isPartOf":{"@id":"https:\/\/selleetools.com\/#website"},"datePublished":"2024-04-10T13:08:07+00:00","dateModified":"2025-11-20T11:21:59+00:00","breadcrumb":{"@id":"https:\/\/selleetools.com\/pl\/product\/evil-fast-grease-sytetyczny-smar-do-lozysk-500g\/#breadcrumb"},"inLanguage":"pl-PL","potentialAction":[{"@type":"ReadAction","target":["https:\/\/selleetools.com\/pl\/product\/evil-fast-grease-sytetyczny-smar-do-lozysk-500g\/"]}]},{"@type":"BreadcrumbList","@id":"https:\/\/selleetools.com\/pl\/product\/evil-fast-grease-sytetyczny-smar-do-lozysk-500g\/#breadcrumb","itemListElement":[{"@type":"ListItem","position":1,"name":"Home","item":"https:\/\/selleetools.com\/pl\/"},{"@type":"ListItem","position":2,"name":"Katalog","item":"https:\/\/selleetools.com\/pl\/katalog\/"},{"@type":"ListItem","position":3,"name":"EVIL FAST GREASE SYTETYCZNY SMAR DO \u0141O\u017bYSK 500g"}]}]}},"_links":{"self":[{"href":"https:\/\/selleetools.com\/pl\/wp-json\/wp\/v2\/product\/320196"}],"collection":[{"href":"https:\/\/selleetools.com\/pl\/wp-json\/wp\/v2\/product"}],"about":[{"href":"https:\/\/selleetools.com\/pl\/wp-json\/wp\/v2\/types\/product"}],"replies":[{"embeddable":true,"href":"https:\/\/selleetools.com\/pl\/wp-json\/wp\/v2\/comments?post=320196"}],"wp:featuredmedia":[{"embeddable":true,"href":"https:\/\/selleetools.com\/pl\/wp-json\/wp\/v2\/media\/320194"}],"wp:attachment":[{"href":"https:\/\/selleetools.com\/pl\/wp-json\/wp\/v2\/media?parent=320196"}],"curies":[{"name":"wp","href":"https:\/\/api.w.org\/{rel}","templated":true}]}}