{"id":320175,"date":"2024-04-10T15:07:48","date_gmt":"2024-04-10T13:07:48","guid":{"rendered":"https:\/\/selleetools.com\/?post_type=product&#038;p=320175"},"modified":"2025-11-20T12:21:59","modified_gmt":"2025-11-20T11:21:59","slug":"evil-silk-premium-gesty-smar-silikonowy-1kg","status":"publish","type":"product","link":"https:\/\/selleetools.com\/pl\/product\/evil-silk-premium-gesty-smar-silikonowy-1kg\/","title":{"rendered":"EVIL SILK PREMIUM G\u0118STY SMAR SILIKONOWY 1kg"},"content":{"rendered":"<div class=\"flex flex-grow flex-col gap-3 max-w-full\">\n<div class=\"min-h-[20px] flex flex-col items-start gap-3 overflow-x-auto whitespace-pre-wrap break-words\">\n<div class=\"markdown prose w-full break-words dark:prose-invert light\">\n<p>Smar SILK PREMIUM to uniwersalny silikonowy produkt, kt\u00f3ry znajduje zastosowanie w wielu dziedzinach. Jest wyj\u0105tkowo przydatny jako \u015brodek smarny do r\u00f3\u017cnych urz\u0105dze\u0144, takich jak ekspresy czy bie\u017cnie, zast\u0119puje skutecznie wiele tradycyjnych \u015brodk\u00f3w smaruj\u0105cych w motoryzacji. Popularnie stosuje si\u0119 go r\u00f3wnie\u017c do konserwacji rower\u00f3w i innych ruchomych mechanizm\u00f3w. Jednak jego wszechstronno\u015b\u0107 si\u0119ga dalej \u2013 chroni elementy wykonane z drewna, metalu i gumy. W szczeg\u00f3lno\u015bci, smarowanie element\u00f3w gumowych jest niezr\u00f3wnane, poniewa\u017c skutecznie zapobiega p\u0119kaniu i starzeniu si\u0119 gumy.<\/p>\n<p>EVIL SILK PREMIUM to produkt najwy\u017cszej jako\u015bci, kt\u00f3ry tworzy na powierzchni delikatn\u0105, nieprzepuszczaln\u0105 warstw\u0119, odporn\u0105 na wod\u0119 i chemikalia. Zapewnia ochron\u0119 przed utrat\u0105 elastyczno\u015bci i sklejaniem si\u0119 element\u00f3w. Nadaje si\u0119 do r\u00f3\u017cnych rodzaj\u00f3w aplikacji, od smarowania oring\u00f3w po zabezpieczanie rur i zawor\u00f3w kulowych. Jego niski poziom zmienno\u015bci i ci\u015bnienia pary sprawiaj\u0105, \u017ce jest skutecznym uszczelniaczem.<\/p>\n<p>Spos\u00f3b stosowania zale\u017cy od potrzeb, ale smar silikonowy Premium mo\u017ce by\u0107 nak\u0142adany r\u0119cznie lub za pomoc\u0105 specjalnych urz\u0105dze\u0144 do automatycznego smarowania.<\/p>\n<\/div>\n<p>Podstawowe dane <strong>eLUBE Smaru Silikonowego Premium<\/strong><\/p>\n<table width=\"703\">\n<tbody>\n<tr>\n<td width=\"98\">Norma<\/td>\n<td width=\"369\">Tre\u015b\u0107<\/td>\n<td width=\"142\">Jednostka<\/td>\n<td width=\"95\">Wynik<\/td>\n<\/tr>\n<tr>\n<td width=\"98\">CTM 0176<\/td>\n<td width=\"369\">Kolor<\/td>\n<td colspan=\"2\" width=\"237\">Bia\u0142o-prze\u017aroczysty<\/td>\n<\/tr>\n<tr>\n<td colspan=\"4\" width=\"703\">Sk\u0142ad:baza silikonowa, \u015brodek zag\u0119szczaj\u0105cy -(Krzemionka), dodatki smarne i uszczelniaj\u0105ce<\/td>\n<\/tr>\n<tr>\n<td width=\"98\">\u00a0<\/td>\n<td width=\"369\">Temperatura pracy w \u00baC<\/td>\n<td colspan=\"2\" width=\"237\">-44 do +200<\/td>\n<\/tr>\n<tr>\n<td width=\"98\">ISO 2137<\/td>\n<td width=\"369\">Penetracja przed ugniataniem<\/td>\n<td width=\"142\">mm\/10<\/td>\n<td width=\"95\">220<\/td>\n<\/tr>\n<tr>\n<td width=\"98\">CTM 0191<\/td>\n<td width=\"369\">NLGI<\/td>\n<td width=\"142\">\u00a0<\/td>\n<td width=\"95\">3<\/td>\n<\/tr>\n<tr>\n<td width=\"98\">DIN 51 808<\/td>\n<td width=\"369\">Odporno\u015b\u0107 na utlenianie \u00a0100 h \/ 99 \u00b0 C<\/td>\n<td width=\"142\">bar<\/td>\n<td width=\"95\"><0,3<\/td>\n<\/tr>\n<tr>\n<td width=\"98\">DIN 51 562<\/td>\n<td width=\"369\">Lepko\u015b\u0107 w temperaturze 40 \u00baC<\/td>\n<td width=\"142\">mm\u00b2 \/ s<\/td>\n<td width=\"95\">9800<\/td>\n<\/tr>\n<tr>\n<td width=\"98\">CTM 0033A<\/td>\n<td width=\"369\">P\u0142yni\u0119cie 24 h (200 \u00b0 C) max<\/td>\n<td width=\"142\">%<\/td>\n<td width=\"95\">0,5<\/td>\n<\/tr>\n<tr>\n<td width=\"98\">DIN 58 397-1<\/td>\n<td width=\"369\">Odparowanie 24 h (200 \u00b0 C) max<\/td>\n<td width=\"142\">%<\/td>\n<td width=\"95\">2<\/td>\n<\/tr>\n<tr>\n<td width=\"98\">\u00a0DIN 51 807-1<\/td>\n<td width=\"369\">Wodoodporno\u015b\u0107<\/td>\n<td width=\"142\"><\/td>\n<td width=\"95\">0-90<\/td>\n<\/tr>\n<tr>\n<td width=\"98\">\u00a0<\/td>\n<td width=\"369\">Punkt topnienia<\/td>\n<td width=\"142\">\u00a0<\/td>\n<td width=\"95\">brak<\/td>\n<\/tr>\n<tr>\n<td width=\"98\">DIN EN ISO 383<\/td>\n<td width=\"369\">Ci\u0119\u017car w\u0142a\u015bciwy w temperaturze (25 \u00b0 C)<\/td>\n<td width=\"142\">\u00a0g \/ cm\u00b3<\/td>\n<td width=\"95\">1<\/td>\n<\/tr>\n<tr>\n<td width=\"98\"><\/td>\n<td width=\"369\">SKF-Emcor<\/td>\n<td width=\"142\"><\/td>\n<td width=\"95\">3 i 4<\/td>\n<\/tr>\n<tr>\n<td colspan=\"3\" width=\"608\">Parametry elektryczne<\/td>\n<td width=\"95\">\u00a0<\/td>\n<\/tr>\n<tr>\n<td rowspan=\"2\" width=\"98\">CTM 0112<\/td>\n<td rowspan=\"2\" width=\"369\">Sta\u0142a dielektryczna przy 100 Hz \u00a0przy 100 kHz<\/td>\n<td width=\"142\">przy 100 Hz<\/td>\n<td width=\"95\">2,88<\/td>\n<\/tr>\n<tr>\n<td width=\"142\">przy 100 kHz<\/td>\n<td width=\"95\">2,95<\/td>\n<\/tr>\n<tr>\n<td rowspan=\"2\" width=\"98\">CTM 0112<\/td>\n<td rowspan=\"2\" width=\"369\">Wsp\u00f3\u0142czynnik rozproszenia, przy 100 Hz \u00a0przy 100 kHz<\/td>\n<td width=\"142\">przy 100 Hz<\/td>\n<td width=\"95\">0,0001<\/td>\n<\/tr>\n<tr>\n<td width=\"142\">przy 100 kHz<\/td>\n<td width=\"95\">\u00a0\u00a0\u00a0\u00a0\u00a0\u00a0\u00a0\u00a0\u00a0 <0,0005<\/td>\n<\/tr>\n<tr>\n<td width=\"98\">CTM 0114<\/td>\n<td width=\"369\">Wytrzyma\u0142o\u015b\u0107 dielektryczna, 50 mil luka<\/td>\n<td width=\"142\">V\/mil<\/td>\n<td width=\"95\">> 450<\/td>\n<\/tr>\n<\/tbody>\n<\/table>\n<p><u>Trwa\u0142o\u015b\u0107 i magazynowanie:<\/u> przy przechowywaniu produktu w zamkni\u0119tych oryginalnie opakowaniach i ch\u0142odnym miejscu (do +22 \u00baC) okres trwa\u0142o\u015bci wynosi 60 miesi\u0119cy od daty produkcji.<\/p>\n<\/div>\n<\/div>\n<p>Smar SILK PREMIUM to uniwersalny silikonowy produkt, kt\u00f3ry znajduje zastosowanie w wielu dziedzinach. Jest wyj\u0105tkowo przydatny jako \u015brodek smarny do r\u00f3\u017cnych urz\u0105dze\u0144, takich jak ekspresy czy bie\u017cnie, zast\u0119puje skutecznie wiele tradycyjnych \u015brodk\u00f3w smaruj\u0105cych w motoryzacji. Popularnie stosuje si\u0119 go r\u00f3wnie\u017c do konserwacji rower\u00f3w i innych ruchomych mechanizm\u00f3w. Jednak jego wszechstronno\u015b\u0107 si\u0119ga dalej \u2013 chroni elementy wykonane z drewna, metalu i gumy. W szczeg\u00f3lno\u015bci, smarowanie element\u00f3w gumowych jest niezr\u00f3wnane, poniewa\u017c skutecznie zapobiega p\u0119kaniu i starzeniu si\u0119 gumy.<\/p>\n","protected":false},"excerpt":{"rendered":"<p>Smar SILK PREMIUM to uniwersalny silikonowy produkt, kt\u00f3ry znajduje zastosowanie w wielu dziedzinach. Jest wyj\u0105tkowo przydatny jako \u015brodek smarny do r\u00f3\u017cnych urz\u0105dze\u0144, takich jak ekspresy czy bie\u017cnie, zast\u0119puje skutecznie wiele tradycyjnych \u015brodk\u00f3w smaruj\u0105cych w motoryzacji. Popularnie stosuje si\u0119 go r\u00f3wnie\u017c do konserwacji rower\u00f3w i innych ruchomych mechanizm\u00f3w. Jednak jego wszechstronno\u015b\u0107 si\u0119ga dalej \u2013 chroni elementy &#8230; <a title=\"EVIL SILK PREMIUM G\u0118STY SMAR SILIKONOWY 1kg\" class=\"read-more\" href=\"https:\/\/selleetools.com\/pl\/product\/evil-silk-premium-gesty-smar-silikonowy-1kg\/\">Read more<span class=\"screen-reader-text\">EVIL SILK PREMIUM G\u0118STY SMAR SILIKONOWY 1kg<\/span><\/a><\/p>\n","protected":false},"featured_media":320173,"comment_status":"open","ping_status":"closed","template":"","meta":{"_links_to":"","_links_to_target":""},"yoast_head":"<!-- This site is optimized with the Yoast SEO plugin v19.4 - https:\/\/yoast.com\/wordpress\/plugins\/seo\/ -->\n<title>EVIL SILK PREMIUM G\u0118STY SMAR SILIKONOWY 1kg - Selleetools.com<\/title>\n<meta name=\"robots\" content=\"index, follow, max-snippet:-1, max-image-preview:large, max-video-preview:-1\" \/>\n<link rel=\"canonical\" href=\"https:\/\/selleetools.com\/product\/evil-silk-premium-gesty-smar-silikonowy-1kg\/\" \/>\n<meta property=\"og:locale\" content=\"pl_PL\" \/>\n<meta property=\"og:type\" content=\"article\" \/>\n<meta property=\"og:title\" content=\"EVIL SILK PREMIUM G\u0118STY SMAR SILIKONOWY 1kg - Selleetools.com\" \/>\n<meta property=\"og:description\" content=\"Smar SILK PREMIUM to uniwersalny silikonowy produkt, kt\u00f3ry znajduje zastosowanie w wielu dziedzinach. Jest wyj\u0105tkowo przydatny jako \u015brodek smarny do r\u00f3\u017cnych urz\u0105dze\u0144, takich jak ekspresy czy bie\u017cnie, zast\u0119puje skutecznie wiele tradycyjnych \u015brodk\u00f3w smaruj\u0105cych w motoryzacji. Popularnie stosuje si\u0119 go r\u00f3wnie\u017c do konserwacji rower\u00f3w i innych ruchomych mechanizm\u00f3w. Jednak jego wszechstronno\u015b\u0107 si\u0119ga dalej \u2013 chroni elementy ... Read moreEVIL SILK PREMIUM G\u0118STY SMAR SILIKONOWY 1kg\" \/>\n<meta property=\"og:url\" content=\"https:\/\/selleetools.com\/product\/evil-silk-premium-gesty-smar-silikonowy-1kg\/\" \/>\n<meta property=\"og:site_name\" content=\"Selleetools.com\" \/>\n<meta property=\"article:modified_time\" content=\"2025-11-20T11:21:59+00:00\" \/>\n<meta property=\"og:image\" content=\"https:\/\/selleetools.com\/wp-content\/uploads\/2024\/04\/silkpremium1kg.jpg\" \/>\n\t<meta property=\"og:image:width\" content=\"2000\" \/>\n\t<meta property=\"og:image:height\" content=\"2000\" \/>\n\t<meta property=\"og:image:type\" content=\"image\/jpeg\" \/>\n<meta name=\"twitter:card\" content=\"summary_large_image\" \/>\n<meta name=\"twitter:label1\" content=\"Est. reading time\" \/>\n\t<meta name=\"twitter:data1\" content=\"1 minuta\" \/>\n<!-- \/ Yoast SEO plugin. -->","yoast_head_json":{"title":"EVIL SILK PREMIUM G\u0118STY SMAR SILIKONOWY 1kg - Selleetools.com","robots":{"index":"index","follow":"follow","max-snippet":"max-snippet:-1","max-image-preview":"max-image-preview:large","max-video-preview":"max-video-preview:-1"},"canonical":"https:\/\/selleetools.com\/product\/evil-silk-premium-gesty-smar-silikonowy-1kg\/","og_locale":"pl_PL","og_type":"article","og_title":"EVIL SILK PREMIUM G\u0118STY SMAR SILIKONOWY 1kg - Selleetools.com","og_description":"Smar SILK PREMIUM to uniwersalny silikonowy produkt, kt\u00f3ry znajduje zastosowanie w wielu dziedzinach. Jest wyj\u0105tkowo przydatny jako \u015brodek smarny do r\u00f3\u017cnych urz\u0105dze\u0144, takich jak ekspresy czy bie\u017cnie, zast\u0119puje skutecznie wiele tradycyjnych \u015brodk\u00f3w smaruj\u0105cych w motoryzacji. Popularnie stosuje si\u0119 go r\u00f3wnie\u017c do konserwacji rower\u00f3w i innych ruchomych mechanizm\u00f3w. Jednak jego wszechstronno\u015b\u0107 si\u0119ga dalej \u2013 chroni elementy ... Read moreEVIL SILK PREMIUM G\u0118STY SMAR SILIKONOWY 1kg","og_url":"https:\/\/selleetools.com\/product\/evil-silk-premium-gesty-smar-silikonowy-1kg\/","og_site_name":"Selleetools.com","article_modified_time":"2025-11-20T11:21:59+00:00","og_image":[{"width":2000,"height":2000,"url":"https:\/\/selleetools.com\/wp-content\/uploads\/2024\/04\/silkpremium1kg.jpg","type":"image\/jpeg"}],"twitter_card":"summary_large_image","twitter_misc":{"Est. reading time":"1 minuta"},"schema":{"@context":"https:\/\/schema.org","@graph":[{"@type":"Organization","@id":"https:\/\/selleetools.com\/#organization","name":"Selleetools","url":"https:\/\/selleetools.com\/","sameAs":[],"logo":{"@type":"ImageObject","inLanguage":"pl-PL","@id":"https:\/\/selleetools.com\/#\/schema\/logo\/image\/","url":"https:\/\/selleetools.com\/wp-content\/uploads\/2021\/10\/logo-dark.png","contentUrl":"https:\/\/selleetools.com\/wp-content\/uploads\/2021\/10\/logo-dark.png","width":320,"height":76,"caption":"Selleetools"},"image":{"@id":"https:\/\/selleetools.com\/#\/schema\/logo\/image\/"}},{"@type":"WebSite","@id":"https:\/\/selleetools.com\/#website","url":"https:\/\/selleetools.com\/","name":"Selleetools.com","description":"","publisher":{"@id":"https:\/\/selleetools.com\/#organization"},"potentialAction":[{"@type":"SearchAction","target":{"@type":"EntryPoint","urlTemplate":"https:\/\/selleetools.com\/?s={search_term_string}"},"query-input":"required name=search_term_string"}],"inLanguage":"pl-PL"},{"@type":"WebPage","@id":"https:\/\/selleetools.com\/product\/evil-silk-premium-gesty-smar-silikonowy-1kg\/","url":"https:\/\/selleetools.com\/product\/evil-silk-premium-gesty-smar-silikonowy-1kg\/","name":"EVIL SILK PREMIUM G\u0118STY SMAR SILIKONOWY 1kg - Selleetools.com","isPartOf":{"@id":"https:\/\/selleetools.com\/#website"},"datePublished":"2024-04-10T13:07:48+00:00","dateModified":"2025-11-20T11:21:59+00:00","breadcrumb":{"@id":"https:\/\/selleetools.com\/product\/evil-silk-premium-gesty-smar-silikonowy-1kg\/#breadcrumb"},"inLanguage":"pl-PL","potentialAction":[{"@type":"ReadAction","target":["https:\/\/selleetools.com\/product\/evil-silk-premium-gesty-smar-silikonowy-1kg\/"]}]},{"@type":"BreadcrumbList","@id":"https:\/\/selleetools.com\/product\/evil-silk-premium-gesty-smar-silikonowy-1kg\/#breadcrumb","itemListElement":[{"@type":"ListItem","position":1,"name":"Home","item":"https:\/\/selleetools.com\/pl\/"},{"@type":"ListItem","position":2,"name":"Katalog","item":"https:\/\/selleetools.com\/pl\/katalog\/"},{"@type":"ListItem","position":3,"name":"EVIL SILK PREMIUM G\u0118STY SMAR SILIKONOWY 1kg"}]}]}},"_links":{"self":[{"href":"https:\/\/selleetools.com\/pl\/wp-json\/wp\/v2\/product\/320175"}],"collection":[{"href":"https:\/\/selleetools.com\/pl\/wp-json\/wp\/v2\/product"}],"about":[{"href":"https:\/\/selleetools.com\/pl\/wp-json\/wp\/v2\/types\/product"}],"replies":[{"embeddable":true,"href":"https:\/\/selleetools.com\/pl\/wp-json\/wp\/v2\/comments?post=320175"}],"wp:featuredmedia":[{"embeddable":true,"href":"https:\/\/selleetools.com\/pl\/wp-json\/wp\/v2\/media\/320173"}],"wp:attachment":[{"href":"https:\/\/selleetools.com\/pl\/wp-json\/wp\/v2\/media?parent=320175"}],"curies":[{"name":"wp","href":"https:\/\/api.w.org\/{rel}","templated":true}]}}