{"id":320163,"date":"2024-04-10T15:07:37","date_gmt":"2024-04-10T13:07:37","guid":{"rendered":"https:\/\/selleetools.com\/?post_type=product&#038;p=320163"},"modified":"2025-11-20T12:21:59","modified_gmt":"2025-11-20T11:21:59","slug":"evil-grafitex-grease-smar-grafitowy-1kg","status":"publish","type":"product","link":"https:\/\/selleetools.com\/pl\/product\/evil-grafitex-grease-smar-grafitowy-1kg\/","title":{"rendered":"EVIL GRAFITEX GREASE SMAR GRAFITOWY 1kg"},"content":{"rendered":"<div class=\"flex flex-grow flex-col gap-3 max-w-full\">\n<div class=\"min-h-[20px] flex flex-col items-start gap-3 overflow-x-auto whitespace-pre-wrap break-words\">\n<div class=\"markdown prose w-full break-words dark:prose-invert light\">\n<p>GRAFITEX to wszechstronny smar litowo-grafitowy o konsystencji NLGI 2, doskonale nadaj\u0105cy si\u0119 do zastosowa\u0144 wymagaj\u0105cych du\u017cej no\u015bno\u015bci i przyczepno\u015bci w metal\/metal. Wyr\u00f3\u017cnia si\u0119 wysok\u0105 wydajno\u015bci\u0105 i \u017cywotno\u015bci\u0105 dzi\u0119ki niskiemu odparowywaniu oleju. Zapewnia skuteczn\u0105 ochron\u0119 przed wod\u0105, korozj\u0105 i utlenianiem, a tak\u017ce redukuje zu\u017cycie i dzia\u0142a w zakresie temperatur od -30\u00b0C do 135\u00b0C.<\/p>\n<p>Sk\u0142ad smaru obejmuje olej mineralny, myd\u0142o litowe, grafit (10%), dodatki EP (zwi\u0119kszaj\u0105ce wytrzyma\u0142o\u015b\u0107 na obci\u0105\u017cenia skrawaj\u0105ce) oraz dwusiarczek molibdenu i inhibitory korozji. To po\u0142\u0105czenie sk\u0142adnik\u00f3w sprawia, \u017ce EVIL GRAFITEX GREASE jest idealny do smarowania r\u00f3\u017cnych rodzaj\u00f3w \u0142o\u017cysk, przek\u0142adni, prowadnic, wa\u0142\u00f3w i przegub\u00f3w. Pomaga r\u00f3wnie\u017c zmniejszy\u0107 zu\u017cycie i zapobiega\u0107 w\u017cerom w z\u0119bach przek\u0142adni.<\/p>\n<p>Aplikacja smaru jest typowa dla produkt\u00f3w o konsystencji NLGI 2. Przed na\u0142o\u017ceniem smaru zaleca si\u0119 dok\u0142adne wyczyszczenie obszar\u00f3w, kt\u00f3re maj\u0105 by\u0107 nasmarowane. Smar mo\u017cna nak\u0142ada\u0107 p\u0119dzlem, szpachelk\u0105, smarownic\u0105 lub za pomoc\u0105 automatycznego urz\u0105dzenia smaruj\u0105cego. Warto doda\u0107, \u017ce pomimo g\u0119stej konsystencji, smar Grafitex mo\u017ce by\u0107 skutecznie stosowany w systemach centralnego smarowania, co u\u0142atwia jego aplikacj\u0119 na wielu obszarach i urz\u0105dzeniach jednocze\u015bnie.<\/p>\n<p>Podstawowe dane smaru Grafitex<\/p>\n<table>\n<tbody>\n<tr>\n<td>Norma<\/td>\n<td>Tre\u015b\u0107<\/td>\n<td>Jednostka<\/td>\n<td>wynik<\/td>\n<\/tr>\n<tr>\n<td><\/td>\n<td>Kolor<\/td>\n<td><\/td>\n<td>czarny<\/td>\n<\/tr>\n<tr>\n<td colspan=\"4\">Sk\u0142ad: olej mineralny, myd\u0142o litowe ,grafit (10%)dodatki EP ,dwusiarczek molibdenu oraz inhibitory korozji dodatki lepko\u015bci<\/td>\n<\/tr>\n<tr>\n<td><\/td>\n<td>Konsystencja<\/td>\n<td colspan=\"2\">\u00a0Pasta do z\u0119b\u00f3w<\/td>\n<\/tr>\n<tr>\n<td><\/td>\n<td>Temperatura pracy<\/td>\n<td>\u00b0 C<\/td>\n<td>-30 do +135<\/td>\n<\/tr>\n<tr>\n<td>DIN 51 818<\/td>\n<td>Klasa konsystencji NLGI<\/td>\n<td><\/td>\n<td>2<\/td>\n<\/tr>\n<tr>\n<td>ISO 2137<\/td>\n<td>Penetracja<\/td>\n<td>mm\/10<\/td>\n<td>265-295<\/td>\n<\/tr>\n<tr>\n<td>ISO 2811<\/td>\n<td>G\u0119sto\u015b\u0107 w temperaturze 20 \u00b0 C<\/td>\n<td>g \/ ml<\/td>\n<td>1,25<\/td>\n<\/tr>\n<tr>\n<td>DIN 51 350 pt.4<\/td>\n<td>Four-ball tester (VKA) obci\u0105\u017cenie zespawania<\/td>\n<td>N<\/td>\n<td>2400<\/td>\n<\/tr>\n<tr>\n<td>DIN 51 350 pt.5<\/td>\n<td>W\u017cery zu\u017cyciowe pod obc. 800 N<\/td>\n<td>mm<\/td>\n<td>0,7<\/td>\n<\/tr>\n<tr>\n<td>DIN 51 802<\/td>\n<td>Metoda SKF-EmcorStopie\u0144 korozji<\/td>\n<td><\/td>\n<td>1<\/td>\n<\/tr>\n<\/tbody>\n<\/table>\n<p>Trwa\u0142o\u015b\u0107 i przechowywanie<u>:<\/u>\u00a0w przypadku przechowywania w temperaturze poni\u017cej 20 \u00b0C w oryginalnych zamkni\u0119tych pojemnikach, produkt ten posiada okres trwa\u0142o\u015bci 60 miesi\u0119cy od daty produkcji.<\/p>\n<p>Normy i atesty<u>:<\/u>\u00a0DIN 51 825 &#8211; KF2K-30. DIN 51502: KPF2N 25 ,ISO 6743 &#8211; 9:L-XBDEB 2\u00a0 ,Konsystencja Klasa NLGI 2, wysoka no\u015bno\u015b\u0107 ,nadaje si\u0119 do smarowania d\u0142ugotrwa\u0142ego, dobra odporno\u015b\u0107 na utlenianie ,dobra odporno\u015b\u0107 na wymywanie wod\u0105 ,dobra ochrona przed korozj\u0105 , wydajno\u015b\u0107 przy pracy w kurzu, zapobiega zjawisku stick-slip,<\/p>\n<p>Ograniczenia: Produkt nie zosta\u0142 przetestowany ani przedstawiony jako odpowiedni dla personelu medycznego lub farmaceutycznego.<\/p>\n<\/div>\n<\/div>\n<\/div>\n<p>GRAFITEX to wszechstronny smar litowo-grafitowy o konsystencji NLGI 2, doskonale nadaj\u0105cy si\u0119 do zastosowa\u0144 wymagaj\u0105cych du\u017cej no\u015bno\u015bci i przyczepno\u015bci w metal\/metal. Wyr\u00f3\u017cnia si\u0119 wysok\u0105 wydajno\u015bci\u0105 i \u017cywotno\u015bci\u0105 dzi\u0119ki niskiemu odparowywaniu oleju. Zapewnia skuteczn\u0105 ochron\u0119 przed wod\u0105, korozj\u0105 i utlenianiem, a tak\u017ce redukuje zu\u017cycie i dzia\u0142a w zakresie temperatur od -30\u00b0C do 135\u00b0C.<\/p>\n","protected":false},"excerpt":{"rendered":"<p>GRAFITEX to wszechstronny smar litowo-grafitowy o konsystencji NLGI 2, doskonale nadaj\u0105cy si\u0119 do zastosowa\u0144 wymagaj\u0105cych du\u017cej no\u015bno\u015bci i przyczepno\u015bci w metal\/metal. Wyr\u00f3\u017cnia si\u0119 wysok\u0105 wydajno\u015bci\u0105 i \u017cywotno\u015bci\u0105 dzi\u0119ki niskiemu odparowywaniu oleju. Zapewnia skuteczn\u0105 ochron\u0119 przed wod\u0105, korozj\u0105 i utlenianiem, a tak\u017ce redukuje zu\u017cycie i dzia\u0142a w zakresie temperatur od -30\u00b0C do 135\u00b0C. Sk\u0142ad smaru obejmuje &#8230; <a title=\"EVIL GRAFITEX GREASE SMAR GRAFITOWY 1kg\" class=\"read-more\" href=\"https:\/\/selleetools.com\/pl\/product\/evil-grafitex-grease-smar-grafitowy-1kg\/\">Read more<span class=\"screen-reader-text\">EVIL GRAFITEX GREASE SMAR GRAFITOWY 1kg<\/span><\/a><\/p>\n","protected":false},"featured_media":320161,"comment_status":"open","ping_status":"closed","template":"","meta":{"_links_to":"","_links_to_target":""},"yoast_head":"<!-- This site is optimized with the Yoast SEO plugin v19.4 - https:\/\/yoast.com\/wordpress\/plugins\/seo\/ -->\n<title>EVIL GRAFITEX GREASE SMAR GRAFITOWY 1kg - Selleetools.com<\/title>\n<meta name=\"robots\" content=\"index, follow, max-snippet:-1, max-image-preview:large, max-video-preview:-1\" \/>\n<link rel=\"canonical\" href=\"https:\/\/admincentral.selleetools.com\/pl\/product\/evil-grafitex-grease-smar-grafitowy-1kg\/\" \/>\n<meta property=\"og:locale\" content=\"pl_PL\" \/>\n<meta property=\"og:type\" content=\"article\" \/>\n<meta property=\"og:title\" content=\"EVIL GRAFITEX GREASE SMAR GRAFITOWY 1kg - Selleetools.com\" \/>\n<meta property=\"og:description\" content=\"GRAFITEX to wszechstronny smar litowo-grafitowy o konsystencji NLGI 2, doskonale nadaj\u0105cy si\u0119 do zastosowa\u0144 wymagaj\u0105cych du\u017cej no\u015bno\u015bci i przyczepno\u015bci w metal\/metal. Wyr\u00f3\u017cnia si\u0119 wysok\u0105 wydajno\u015bci\u0105 i \u017cywotno\u015bci\u0105 dzi\u0119ki niskiemu odparowywaniu oleju. Zapewnia skuteczn\u0105 ochron\u0119 przed wod\u0105, korozj\u0105 i utlenianiem, a tak\u017ce redukuje zu\u017cycie i dzia\u0142a w zakresie temperatur od -30\u00b0C do 135\u00b0C. Sk\u0142ad smaru obejmuje ... Read moreEVIL GRAFITEX GREASE SMAR GRAFITOWY 1kg\" \/>\n<meta property=\"og:url\" content=\"https:\/\/admincentral.selleetools.com\/pl\/product\/evil-grafitex-grease-smar-grafitowy-1kg\/\" \/>\n<meta property=\"og:site_name\" content=\"Selleetools.com\" \/>\n<meta property=\"article:modified_time\" content=\"2025-11-20T11:21:59+00:00\" \/>\n<meta property=\"og:image\" content=\"https:\/\/selleetools.com\/wp-content\/uploads\/2024\/04\/grafitex1kg.jpg\" \/>\n\t<meta property=\"og:image:width\" content=\"2000\" \/>\n\t<meta property=\"og:image:height\" content=\"2000\" \/>\n\t<meta property=\"og:image:type\" content=\"image\/jpeg\" \/>\n<meta name=\"twitter:card\" content=\"summary_large_image\" \/>\n<meta name=\"twitter:label1\" content=\"Est. reading time\" \/>\n\t<meta name=\"twitter:data1\" content=\"2 minuty\" \/>\n<!-- \/ Yoast SEO plugin. -->","yoast_head_json":{"title":"EVIL GRAFITEX GREASE SMAR GRAFITOWY 1kg - Selleetools.com","robots":{"index":"index","follow":"follow","max-snippet":"max-snippet:-1","max-image-preview":"max-image-preview:large","max-video-preview":"max-video-preview:-1"},"canonical":"https:\/\/admincentral.selleetools.com\/pl\/product\/evil-grafitex-grease-smar-grafitowy-1kg\/","og_locale":"pl_PL","og_type":"article","og_title":"EVIL GRAFITEX GREASE SMAR GRAFITOWY 1kg - Selleetools.com","og_description":"GRAFITEX to wszechstronny smar litowo-grafitowy o konsystencji NLGI 2, doskonale nadaj\u0105cy si\u0119 do zastosowa\u0144 wymagaj\u0105cych du\u017cej no\u015bno\u015bci i przyczepno\u015bci w metal\/metal. Wyr\u00f3\u017cnia si\u0119 wysok\u0105 wydajno\u015bci\u0105 i \u017cywotno\u015bci\u0105 dzi\u0119ki niskiemu odparowywaniu oleju. Zapewnia skuteczn\u0105 ochron\u0119 przed wod\u0105, korozj\u0105 i utlenianiem, a tak\u017ce redukuje zu\u017cycie i dzia\u0142a w zakresie temperatur od -30\u00b0C do 135\u00b0C. Sk\u0142ad smaru obejmuje ... Read moreEVIL GRAFITEX GREASE SMAR GRAFITOWY 1kg","og_url":"https:\/\/admincentral.selleetools.com\/pl\/product\/evil-grafitex-grease-smar-grafitowy-1kg\/","og_site_name":"Selleetools.com","article_modified_time":"2025-11-20T11:21:59+00:00","og_image":[{"width":2000,"height":2000,"url":"https:\/\/selleetools.com\/wp-content\/uploads\/2024\/04\/grafitex1kg.jpg","type":"image\/jpeg"}],"twitter_card":"summary_large_image","twitter_misc":{"Est. reading time":"2 minuty"},"schema":{"@context":"https:\/\/schema.org","@graph":[{"@type":"Organization","@id":"https:\/\/selleetools.com\/#organization","name":"Selleetools","url":"https:\/\/selleetools.com\/","sameAs":[],"logo":{"@type":"ImageObject","inLanguage":"pl-PL","@id":"https:\/\/selleetools.com\/#\/schema\/logo\/image\/","url":"https:\/\/selleetools.com\/wp-content\/uploads\/2021\/10\/logo-dark.png","contentUrl":"https:\/\/selleetools.com\/wp-content\/uploads\/2021\/10\/logo-dark.png","width":320,"height":76,"caption":"Selleetools"},"image":{"@id":"https:\/\/selleetools.com\/#\/schema\/logo\/image\/"}},{"@type":"WebSite","@id":"https:\/\/selleetools.com\/#website","url":"https:\/\/selleetools.com\/","name":"Selleetools.com","description":"","publisher":{"@id":"https:\/\/selleetools.com\/#organization"},"potentialAction":[{"@type":"SearchAction","target":{"@type":"EntryPoint","urlTemplate":"https:\/\/selleetools.com\/?s={search_term_string}"},"query-input":"required name=search_term_string"}],"inLanguage":"pl-PL"},{"@type":"WebPage","@id":"https:\/\/admincentral.selleetools.com\/pl\/product\/evil-grafitex-grease-smar-grafitowy-1kg\/","url":"https:\/\/admincentral.selleetools.com\/pl\/product\/evil-grafitex-grease-smar-grafitowy-1kg\/","name":"EVIL GRAFITEX GREASE SMAR GRAFITOWY 1kg - Selleetools.com","isPartOf":{"@id":"https:\/\/selleetools.com\/#website"},"datePublished":"2024-04-10T13:07:37+00:00","dateModified":"2025-11-20T11:21:59+00:00","breadcrumb":{"@id":"https:\/\/admincentral.selleetools.com\/pl\/product\/evil-grafitex-grease-smar-grafitowy-1kg\/#breadcrumb"},"inLanguage":"pl-PL","potentialAction":[{"@type":"ReadAction","target":["https:\/\/admincentral.selleetools.com\/pl\/product\/evil-grafitex-grease-smar-grafitowy-1kg\/"]}]},{"@type":"BreadcrumbList","@id":"https:\/\/admincentral.selleetools.com\/pl\/product\/evil-grafitex-grease-smar-grafitowy-1kg\/#breadcrumb","itemListElement":[{"@type":"ListItem","position":1,"name":"Home","item":"https:\/\/selleetools.com\/pl\/"},{"@type":"ListItem","position":2,"name":"Katalog","item":"https:\/\/selleetools.com\/pl\/katalog\/"},{"@type":"ListItem","position":3,"name":"EVIL GRAFITEX GREASE SMAR GRAFITOWY 1kg"}]}]}},"_links":{"self":[{"href":"https:\/\/selleetools.com\/pl\/wp-json\/wp\/v2\/product\/320163"}],"collection":[{"href":"https:\/\/selleetools.com\/pl\/wp-json\/wp\/v2\/product"}],"about":[{"href":"https:\/\/selleetools.com\/pl\/wp-json\/wp\/v2\/types\/product"}],"replies":[{"embeddable":true,"href":"https:\/\/selleetools.com\/pl\/wp-json\/wp\/v2\/comments?post=320163"}],"wp:featuredmedia":[{"embeddable":true,"href":"https:\/\/selleetools.com\/pl\/wp-json\/wp\/v2\/media\/320161"}],"wp:attachment":[{"href":"https:\/\/selleetools.com\/pl\/wp-json\/wp\/v2\/media?parent=320163"}],"curies":[{"name":"wp","href":"https:\/\/api.w.org\/{rel}","templated":true}]}}