{"id":320115,"date":"2024-04-10T15:06:54","date_gmt":"2024-04-10T13:06:54","guid":{"rendered":"https:\/\/selleetools.com\/?post_type=product&#038;p=320115"},"modified":"2025-12-02T21:06:19","modified_gmt":"2025-12-02T20:06:19","slug":"evil-chain-foam-aktywna-piana-do-napedu-5l","status":"publish","type":"product","link":"https:\/\/selleetools.com\/pl\/product\/evil-chain-foam-aktywna-piana-do-napedu-5l\/","title":{"rendered":"EVIL CHAIN FOAM AKTYWNA PIANA DO NAP\u0118DU 5l"},"content":{"rendered":"<div class=\"flex flex-grow flex-col gap-3 max-w-full\">\n<div class=\"min-h-[20px] flex flex-col items-start gap-3 overflow-x-auto whitespace-pre-wrap break-words\">\n<div class=\"markdown prose w-full break-words dark:prose-invert light\">\n<p>Chain Foam to prze\u0142omowy \u015brodek do czyszczenia roweru i jego element\u00f3w. Przyjazny dla \u015brodowiska, skoncentrowany preparat, kt\u00f3ry eliminuje t\u0142uste zabrudzenia, stare oleje i smary. Nie tylko do \u0142a\u0144cucha rowerowego, ale tak\u017ce do element\u00f3w metalowych, aluminiowych, gumowych i plastikowych.<\/p>\n<p>To innowacyjny produkt, kt\u00f3ry tworzy aktywn\u0105 pian\u0119, penetruj\u0105c nawet trudno dost\u0119pne miejsca. Dzia\u0142a skutecznie i bezpiecznie, nie pozostawiaj\u0105c smug ani osad\u00f3w. Mo\u017cna go r\u00f3wnie\u017c u\u017cywa\u0107 do usuwania plam ze smar\u00f3w na odzie\u017cy sportowej.<\/p>\n<p>Chain Foam to idealny wyb\u00f3r dla tych, kt\u00f3rzy dbaj\u0105 o \u015brodowisko i sw\u00f3j rower. Przed u\u017cyciem zaleca si\u0119 staranne wymieszanie zawarto\u015bci butelki, aby zapewni\u0107 jednolit\u0105 struktur\u0119 produktu. Po czyszczeniu nale\u017cy <strong>go dok\u0142adnie sp\u0142uka\u0107 wod\u0105<\/strong>. To produkt, kt\u00f3ry u\u0142atwia utrzymanie roweru w doskona\u0142ym stanie i sprawia, \u017ce czyszczenie staje si\u0119 prostsze ni\u017c kiedykolwiek wcze\u015bniej.<\/p>\n<\/div>\n<p>Spos\u00f3b u\u017cycia:<br \/>\n1.Rozpyl CHAIN FOAM na powierzchni \u0142a\u0144cucha\/nap\u0119du<br \/>\n2.Pozostaw na kilka minut, w celu rozpuszczenia zabrudze\u0144<br \/>\n3.Wyszoruj szczotk\u0105 lub g\u0105bk\u0105<br \/>\n4.Sp\u0142ucz dok\u0142adnie czyst\u0105 wod\u0105<\/p>\n<\/div>\n<\/div>\n<p>CHAIN FOAM to prze\u0142omowy \u015brodek do czyszczenia roweru i jego element\u00f3w. Przyjazny dla \u015brodowiska, skoncentrowany preparat, kt\u00f3ry eliminuje t\u0142uste zabrudzenia, stare oleje i smary. Nie tylko do \u0142a\u0144cucha rowerowego, ale tak\u017ce do element\u00f3w metalowych, aluminiowych, gumowych i plastikowych.<\/p>\n","protected":false},"excerpt":{"rendered":"<p>Chain Foam to prze\u0142omowy \u015brodek do czyszczenia roweru i jego element\u00f3w. Przyjazny dla \u015brodowiska, skoncentrowany preparat, kt\u00f3ry eliminuje t\u0142uste zabrudzenia, stare oleje i smary. Nie tylko do \u0142a\u0144cucha rowerowego, ale tak\u017ce do element\u00f3w metalowych, aluminiowych, gumowych i plastikowych. To innowacyjny produkt, kt\u00f3ry tworzy aktywn\u0105 pian\u0119, penetruj\u0105c nawet trudno dost\u0119pne miejsca. Dzia\u0142a skutecznie i bezpiecznie, nie &#8230; <a title=\"EVIL CHAIN FOAM AKTYWNA PIANA DO NAP\u0118DU 5l\" class=\"read-more\" href=\"https:\/\/selleetools.com\/pl\/product\/evil-chain-foam-aktywna-piana-do-napedu-5l\/\">Read more<span class=\"screen-reader-text\">EVIL CHAIN FOAM AKTYWNA PIANA DO NAP\u0118DU 5l<\/span><\/a><\/p>\n","protected":false},"featured_media":320113,"comment_status":"open","ping_status":"closed","template":"","meta":{"_links_to":"","_links_to_target":""},"yoast_head":"<!-- This site is optimized with the Yoast SEO plugin v19.4 - https:\/\/yoast.com\/wordpress\/plugins\/seo\/ -->\n<title>EVIL CHAIN FOAM AKTYWNA PIANA DO NAP\u0118DU 5l - Selleetools.com<\/title>\n<meta name=\"robots\" content=\"index, follow, max-snippet:-1, max-image-preview:large, max-video-preview:-1\" \/>\n<link rel=\"canonical\" href=\"https:\/\/selleetools.com\/product\/evil-chain-foam-aktywna-piana-do-napedu-5l\/\" \/>\n<meta property=\"og:locale\" content=\"pl_PL\" \/>\n<meta property=\"og:type\" content=\"article\" \/>\n<meta property=\"og:title\" content=\"EVIL CHAIN FOAM AKTYWNA PIANA DO NAP\u0118DU 5l - Selleetools.com\" \/>\n<meta property=\"og:description\" content=\"Chain Foam to prze\u0142omowy \u015brodek do czyszczenia roweru i jego element\u00f3w. Przyjazny dla \u015brodowiska, skoncentrowany preparat, kt\u00f3ry eliminuje t\u0142uste zabrudzenia, stare oleje i smary. Nie tylko do \u0142a\u0144cucha rowerowego, ale tak\u017ce do element\u00f3w metalowych, aluminiowych, gumowych i plastikowych. To innowacyjny produkt, kt\u00f3ry tworzy aktywn\u0105 pian\u0119, penetruj\u0105c nawet trudno dost\u0119pne miejsca. Dzia\u0142a skutecznie i bezpiecznie, nie ... Read moreEVIL CHAIN FOAM AKTYWNA PIANA DO NAP\u0118DU 5l\" \/>\n<meta property=\"og:url\" content=\"https:\/\/selleetools.com\/product\/evil-chain-foam-aktywna-piana-do-napedu-5l\/\" \/>\n<meta property=\"og:site_name\" content=\"Selleetools.com\" \/>\n<meta property=\"article:modified_time\" content=\"2025-12-02T20:06:19+00:00\" \/>\n<meta property=\"og:image\" content=\"https:\/\/selleetools.com\/wp-content\/uploads\/2024\/04\/chain-foam-5l.jpg\" \/>\n\t<meta property=\"og:image:width\" content=\"2000\" \/>\n\t<meta property=\"og:image:height\" content=\"2000\" \/>\n\t<meta property=\"og:image:type\" content=\"image\/jpeg\" \/>\n<meta name=\"twitter:card\" content=\"summary_large_image\" \/>\n<meta name=\"twitter:label1\" content=\"Est. reading time\" \/>\n\t<meta name=\"twitter:data1\" content=\"1 minuta\" \/>\n<!-- \/ Yoast SEO plugin. -->","yoast_head_json":{"title":"EVIL CHAIN FOAM AKTYWNA PIANA DO NAP\u0118DU 5l - Selleetools.com","robots":{"index":"index","follow":"follow","max-snippet":"max-snippet:-1","max-image-preview":"max-image-preview:large","max-video-preview":"max-video-preview:-1"},"canonical":"https:\/\/selleetools.com\/product\/evil-chain-foam-aktywna-piana-do-napedu-5l\/","og_locale":"pl_PL","og_type":"article","og_title":"EVIL CHAIN FOAM AKTYWNA PIANA DO NAP\u0118DU 5l - Selleetools.com","og_description":"Chain Foam to prze\u0142omowy \u015brodek do czyszczenia roweru i jego element\u00f3w. Przyjazny dla \u015brodowiska, skoncentrowany preparat, kt\u00f3ry eliminuje t\u0142uste zabrudzenia, stare oleje i smary. Nie tylko do \u0142a\u0144cucha rowerowego, ale tak\u017ce do element\u00f3w metalowych, aluminiowych, gumowych i plastikowych. To innowacyjny produkt, kt\u00f3ry tworzy aktywn\u0105 pian\u0119, penetruj\u0105c nawet trudno dost\u0119pne miejsca. Dzia\u0142a skutecznie i bezpiecznie, nie ... Read moreEVIL CHAIN FOAM AKTYWNA PIANA DO NAP\u0118DU 5l","og_url":"https:\/\/selleetools.com\/product\/evil-chain-foam-aktywna-piana-do-napedu-5l\/","og_site_name":"Selleetools.com","article_modified_time":"2025-12-02T20:06:19+00:00","og_image":[{"width":2000,"height":2000,"url":"https:\/\/selleetools.com\/wp-content\/uploads\/2024\/04\/chain-foam-5l.jpg","type":"image\/jpeg"}],"twitter_card":"summary_large_image","twitter_misc":{"Est. reading time":"1 minuta"},"schema":{"@context":"https:\/\/schema.org","@graph":[{"@type":"Organization","@id":"https:\/\/selleetools.com\/#organization","name":"Selleetools","url":"https:\/\/selleetools.com\/","sameAs":[],"logo":{"@type":"ImageObject","inLanguage":"pl-PL","@id":"https:\/\/selleetools.com\/#\/schema\/logo\/image\/","url":"https:\/\/selleetools.com\/wp-content\/uploads\/2021\/10\/logo-dark.png","contentUrl":"https:\/\/selleetools.com\/wp-content\/uploads\/2021\/10\/logo-dark.png","width":320,"height":76,"caption":"Selleetools"},"image":{"@id":"https:\/\/selleetools.com\/#\/schema\/logo\/image\/"}},{"@type":"WebSite","@id":"https:\/\/selleetools.com\/#website","url":"https:\/\/selleetools.com\/","name":"Selleetools.com","description":"","publisher":{"@id":"https:\/\/selleetools.com\/#organization"},"potentialAction":[{"@type":"SearchAction","target":{"@type":"EntryPoint","urlTemplate":"https:\/\/selleetools.com\/?s={search_term_string}"},"query-input":"required name=search_term_string"}],"inLanguage":"pl-PL"},{"@type":"WebPage","@id":"https:\/\/selleetools.com\/product\/evil-chain-foam-aktywna-piana-do-napedu-5l\/","url":"https:\/\/selleetools.com\/product\/evil-chain-foam-aktywna-piana-do-napedu-5l\/","name":"EVIL CHAIN FOAM AKTYWNA PIANA DO NAP\u0118DU 5l - Selleetools.com","isPartOf":{"@id":"https:\/\/selleetools.com\/#website"},"datePublished":"2024-04-10T13:06:54+00:00","dateModified":"2025-12-02T20:06:19+00:00","breadcrumb":{"@id":"https:\/\/selleetools.com\/product\/evil-chain-foam-aktywna-piana-do-napedu-5l\/#breadcrumb"},"inLanguage":"pl-PL","potentialAction":[{"@type":"ReadAction","target":["https:\/\/selleetools.com\/product\/evil-chain-foam-aktywna-piana-do-napedu-5l\/"]}]},{"@type":"BreadcrumbList","@id":"https:\/\/selleetools.com\/product\/evil-chain-foam-aktywna-piana-do-napedu-5l\/#breadcrumb","itemListElement":[{"@type":"ListItem","position":1,"name":"Home","item":"https:\/\/selleetools.com\/pl\/"},{"@type":"ListItem","position":2,"name":"Katalog","item":"https:\/\/selleetools.com\/pl\/katalog\/"},{"@type":"ListItem","position":3,"name":"EVIL CHAIN FOAM AKTYWNA PIANA DO NAP\u0118DU 5l"}]}]}},"_links":{"self":[{"href":"https:\/\/selleetools.com\/pl\/wp-json\/wp\/v2\/product\/320115"}],"collection":[{"href":"https:\/\/selleetools.com\/pl\/wp-json\/wp\/v2\/product"}],"about":[{"href":"https:\/\/selleetools.com\/pl\/wp-json\/wp\/v2\/types\/product"}],"replies":[{"embeddable":true,"href":"https:\/\/selleetools.com\/pl\/wp-json\/wp\/v2\/comments?post=320115"}],"wp:featuredmedia":[{"embeddable":true,"href":"https:\/\/selleetools.com\/pl\/wp-json\/wp\/v2\/media\/320113"}],"wp:attachment":[{"href":"https:\/\/selleetools.com\/pl\/wp-json\/wp\/v2\/media?parent=320115"}],"curies":[{"name":"wp","href":"https:\/\/api.w.org\/{rel}","templated":true}]}}