{"id":312430,"date":"2024-02-10T22:57:52","date_gmt":"2024-02-10T21:57:52","guid":{"rendered":"https:\/\/selleetools.com\/?post_type=product&#038;p=312430"},"modified":"2025-11-20T12:22:00","modified_gmt":"2025-11-20T11:22:00","slug":"evil-dry-lube-100ml-olej-na-suche-warunki","status":"publish","type":"product","link":"https:\/\/selleetools.com\/pl\/product\/evil-dry-lube-100ml-olej-na-suche-warunki\/","title":{"rendered":"DRY LUBE 100ml OLEJ NA SUCHE WARUNKI"},"content":{"rendered":"<p>DRY LUBE to specjalistyczny, fioletowy smar do \u0142a\u0144cucha rowerowego, zaprojektowany zar\u00f3wno dla profesjonalnych kolarzy, jak i amator\u00f3w, do u\u017cytku w suchych warunkach pogodowych. Ten innowacyjny smar opiera si\u0119 na nowoczesnej syntetycznej bazie, zawieraj\u0105cej skomplikowane hybrydowe zwi\u0105zki, wzbogacone o dodatki o ekstremalnym ci\u015bnieniu, kt\u00f3re poprawiaj\u0105 smarowanie nawet w trudnych warunkach.<\/p>\n<p>Syntetyczny olej u\u017cyty w EVIL DRY LUBE zawiera inhibitory korozji, kt\u00f3re zapobiegaj\u0105 rdzewieniu metalowych cz\u0119\u015bci poprzez tworzenie cienkiej ochronnej warstwy i neutralizacj\u0119 kwas\u00f3w. Dodatki zwi\u0119kszaj\u0105 przyczepno\u015b\u0107, zmniejszaj\u0105 lepko\u015b\u0107 smaru i pomagaj\u0105 w r\u00f3wnomiernym rozprowadzeniu smaru po ca\u0142ym \u0142a\u0144cuchu, zw\u0142aszcza w jego trudno dost\u0119pnych miejscach.<\/p>\n<p>Dodatkowo, smar ten zawiera \u015brodki zwi\u0119kszaj\u0105ce smarno\u015b\u0107 (EP) oraz dyspersyjne, kt\u00f3re utrzymuj\u0105 zanieczyszczenia w zawiesinie. Ponadto, dodatki przeciwutleniaj\u0105ce op\u00f3\u017aniaj\u0105 proces starzenia si\u0119 oleju, a dodatki redukuj\u0105ce degradacj\u0119 smaru chroni\u0105 go przed dzia\u0142aniem wysokich nacisk\u00f3w (Extreme Pressure).<\/p>\n<p>Smar ten tworzy struktur\u0119 p\u0142yty laminarnej, znacz\u0105co redukuj\u0105c tarcie metalu o metal i poprawiaj\u0105c zmian\u0119 bieg\u00f3w w r\u00f3\u017cnych sytuacjach, nawet przy du\u017cym obci\u0105\u017ceniu.<\/p>\n<p>Jest to smar, kt\u00f3ry spe\u0142nia wszystkie niezb\u0119dne normy dla smar\u00f3w rowerowych typu &#8220;na\u0142\u00f3\u017c i jed\u017a&#8221;. Zachowuje swoj\u0105 integralno\u015b\u0107 nawet podczas zgniatania przez piny i p\u0142ytki \u0142a\u0144cucha oraz z\u0119by korby. Smar ten jest skuteczny zar\u00f3wno w profesjonalnym kolarstwie, gdzie obci\u0105\u017cenia \u0142a\u0144cucha s\u0105 bardzo zmienne, jak i w kolarstwie amatorskim, gdzie s\u0105 one znacznie ni\u017csze.<\/p>\n<p>Jedn\u0105 z kluczowych zalet smaru DRY LUBE jest to, \u017ce nie da si\u0119 go \u0142atwo wyp\u0142uka\u0107 z pomi\u0119dzy p\u0142yt, szpilek i rolek \u0142a\u0144cucha, pomimo jego konsystencji przypominaj\u0105cej t\u0142uste mleko. Jest tak\u017ce ekonomiczny w eksploatacji, poniewa\u017c \u0142a\u0144cuch nie wymaga cz\u0119stego mechanicznego czyszczenia, a kolejne smarowanie jedynie zwi\u0119ksza jego \u017cywotno\u015b\u0107.<\/p>\n<p>Olej DRY LUBE jest odporny na wod\u0119, dzi\u0119ki czemu nawet kr\u00f3tki deszcz nie spowoduje jego natychmiastowego wyp\u0142ukania. Jest to produkt, kt\u00f3ry charakteryzuje si\u0119 wieloma zaletami, takimi jak oszcz\u0119dno\u015b\u0107, \u0142atwe dozowanie, d\u0142ugotrwa\u0142e dzia\u0142anie, dostosowane pakowanie do u\u017cytku domowego i zdolno\u015b\u0107 do utrzymania \u0142a\u0144cucha w doskona\u0142ym stanie.<\/p>\n<p>Aby w\u0142a\u015bciwie smarowa\u0107 \u0142a\u0144cuch rowerowy olejem DRY LUBE, nale\u017cy najpierw usun\u0105\u0107 stary smar za pomoc\u0105 fizycznych i chemicznych metod np. CHAIN FOAM + BIKE CLEANER. Nast\u0119pnie aplikowa\u0107 jedn\u0105 kropl\u0119 smaru na ka\u017cd\u0105 rolk\u0119 od wewn\u0105trz, kr\u0119c\u0105c peda\u0142ami przez kilkadziesi\u0105t sekund, aby r\u00f3wnomiernie rozprowadzi\u0107 smar. Po odczekaniu chwili nale\u017cy wytrze\u0107 dok\u0142adnie \u0142a\u0144cuch z nadmiaru smaru, pozostawiaj\u0105c cienk\u0105 such\u0105 pow\u0142ok\u0119 smarn\u0105 na \u0142a\u0144cuchu.<\/p>\n<p>Smar DRY LUBE sprawi, \u017ce Tw\u00f3j \u0142a\u0144cuch b\u0119dzie pracowa\u0142 cicho, zwi\u0119kszy przeniesienie nap\u0119du, zminimalizuje op\u00f3r toczenia i zapewni d\u0142ug\u0105 \u017cywotno\u015b\u0107 \u0142a\u0144cucha, chroni\u0105c go przed brudem i wod\u0105.<\/p>\n<p><strong>\u00a0<\/strong><\/p>\n<p>G\u0142\u00f3wne jego zalety mo\u017cna sprowadzi\u0107 do kilku element\u00f3w a najwa\u017cniejsze to :<\/p>\n<ul>\n<li>bardzo oszcz\u0119dny i wydajny suchy smar , kt\u00f3ry nie \u201eprzyci\u0105ga brudu i kurzu\u201d<\/li>\n<li>\u0142atwe, szybkie dozowanie dzi\u0119ki dopasowanej ko\u0144c\u00f3wce<\/li>\n<li>d\u0142ugotrwa\u0142e dzia\u0142anie znacznie przewy\u017cszaj\u0105ce dost\u0119pne produkty tego typu<\/li>\n<li>pakowanie dostosowane do domowego serwisu<\/li>\n<li>kryje rolki szybciej i w trwalszy spos\u00f3b, ni\u017c g\u0119stsze odpowiedniki<\/li>\n<\/ul>\n<p>&nbsp;<\/p>\n<p>Spos\u00f3b u\u017cycia produktu DRY LUBE do \u0142a\u0144cucha:<\/p>\n<ol>\n<li>Usun\u0105\u0107 stary smar z \u0142a\u0144cucha<\/li>\n<li>Nanie\u015b\u0107 smar poprzez do\u0142\u0105czony kroplomierz na ka\u017cde ogniwo \u0142a\u0144cucha.<\/li>\n<li>Odczeka\u0107 chwil\u0119 by smar si\u0119 wch\u0142on\u0105\u0142<\/li>\n<li>Wytrze\u0107 nadmiar smaru z \u0142a\u0144cucha such\u0105 \u015bciereczk\u0105<\/li>\n<\/ol>\n<p>Uwaga! &#8211; przed u\u017cyciem wstrz\u0105sn\u0105\u0107<\/p>\n<p>Podstawowe dane produktu DRY LUBE<\/p>\n<table>\n<tbody>\n<tr>\n<td width=\"99\">Norma<\/td>\n<td width=\"393\">Tre\u015b\u0107<\/td>\n<td width=\"106\">Jednostka<\/td>\n<td width=\"126\">wynik<\/td>\n<\/tr>\n<tr>\n<td>\u00a0CTM0176<\/td>\n<td>kolor<\/td>\n<td colspan=\"2\">fioletowy<\/td>\n<\/tr>\n<tr>\n<td colspan=\"4\">Sk\u0142ad: olej syntetyczny poliestrowy POE,\u00a0 inhibitory korozji, dodatki smarne\u00a0 EP , dodatki penetruj\u0105ce.<\/td>\n<\/tr>\n<tr>\n<td>DIN 51 757<\/td>\n<td>G\u0119sto\u015b\u0107 w temperaturze 20 \u00b0 C<\/td>\n<td>g \/ ml<\/td>\n<td>0,98<\/td>\n<\/tr>\n<tr>\n<td><\/td>\n<td>Zalecany zakres temperatur pracy<\/td>\n<td>\u00b0 C<\/td>\n<td>&#8211; 10 do +110<\/td>\n<\/tr>\n<tr>\n<td>DIN 51 562<\/td>\n<td>Lepko\u015b\u0107 w temperaturze 40 \u00b0 C<\/td>\n<td>mm \u00b2 \/ s<\/td>\n<td>190<\/td>\n<\/tr>\n<tr>\n<td>DIN 51 350 pt.4<\/td>\n<td>\u00a0Obci\u0105\u017cenie zespawania<\/td>\n<td>N<\/td>\n<td>2000<\/td>\n<\/tr>\n<tr>\n<td>DIN 51 350 pt.5<\/td>\n<td>No\u015bno\u015b\u0107 mm<\/td>\n<td>mm<\/td>\n<td>0,8<\/td>\n<\/tr>\n<tr>\n<td><\/td>\n<td>Temperatura zap\u0142onu, \u00b0 C -&gt; 200<\/td>\n<td>\u00b0 C<\/td>\n<td>&gt; 210<\/td>\n<\/tr>\n<\/tbody>\n<\/table>\n<p>Opakowanie produktu: 10ml, 100ml, 1l lub dowolne na zam\u00f3wienia indywidualne<\/p>\n<p>Trwa\u0142o\u015b\u0107 i przechowywanie: przy przechowywaniu w temperaturze poni\u017cej 40 \u00b0 C w oryginalnych zamkni\u0119tych pojemnikach, produkt ten posiada okres trwa\u0142o\u015bci 60 miesi\u0119cy od daty produkcji<\/p>\n","protected":false},"excerpt":{"rendered":"<p>DRY LUBE to specjalistyczny, fioletowy smar do \u0142a\u0144cucha rowerowego, zaprojektowany zar\u00f3wno dla profesjonalnych kolarzy, jak i amator\u00f3w, do u\u017cytku w suchych warunkach pogodowych. Ten innowacyjny smar opiera si\u0119 na nowoczesnej syntetycznej bazie, zawieraj\u0105cej skomplikowane hybrydowe zwi\u0105zki, wzbogacone o dodatki o ekstremalnym ci\u015bnieniu, kt\u00f3re poprawiaj\u0105 smarowanie nawet w trudnych warunkach. Syntetyczny olej u\u017cyty w EVIL DRY &#8230; <a title=\"DRY LUBE 100ml OLEJ NA SUCHE WARUNKI\" class=\"read-more\" href=\"https:\/\/selleetools.com\/pl\/product\/evil-dry-lube-100ml-olej-na-suche-warunki\/\">Read more<span class=\"screen-reader-text\">DRY LUBE 100ml OLEJ NA SUCHE WARUNKI<\/span><\/a><\/p>\n","protected":false},"featured_media":346884,"comment_status":"closed","ping_status":"closed","template":"","meta":{"_links_to":"","_links_to_target":""},"yoast_head":"<!-- This site is optimized with the Yoast SEO plugin v19.4 - https:\/\/yoast.com\/wordpress\/plugins\/seo\/ -->\n<title>DRY LUBE 100ml OLEJ NA SUCHE WARUNKI - Selleetools.com<\/title>\n<meta name=\"robots\" content=\"index, follow, max-snippet:-1, max-image-preview:large, max-video-preview:-1\" \/>\n<link rel=\"canonical\" href=\"https:\/\/selleetools.com\/product\/evil-dry-lube-100ml-olej-na-suche-warunki\/\" \/>\n<meta property=\"og:locale\" content=\"pl_PL\" \/>\n<meta property=\"og:type\" content=\"article\" \/>\n<meta property=\"og:title\" content=\"DRY LUBE 100ml OLEJ NA SUCHE WARUNKI - Selleetools.com\" \/>\n<meta property=\"og:description\" content=\"DRY LUBE to specjalistyczny, fioletowy smar do \u0142a\u0144cucha rowerowego, zaprojektowany zar\u00f3wno dla profesjonalnych kolarzy, jak i amator\u00f3w, do u\u017cytku w suchych warunkach pogodowych. Ten innowacyjny smar opiera si\u0119 na nowoczesnej syntetycznej bazie, zawieraj\u0105cej skomplikowane hybrydowe zwi\u0105zki, wzbogacone o dodatki o ekstremalnym ci\u015bnieniu, kt\u00f3re poprawiaj\u0105 smarowanie nawet w trudnych warunkach. Syntetyczny olej u\u017cyty w EVIL DRY ... Read moreDRY LUBE 100ml OLEJ NA SUCHE WARUNKI\" \/>\n<meta property=\"og:url\" content=\"https:\/\/selleetools.com\/product\/evil-dry-lube-100ml-olej-na-suche-warunki\/\" \/>\n<meta property=\"og:site_name\" content=\"Selleetools.com\" \/>\n<meta property=\"article:modified_time\" content=\"2025-11-20T11:22:00+00:00\" \/>\n<meta property=\"og:image\" content=\"https:\/\/selleetools.com\/wp-content\/uploads\/2024\/07\/dry.jpg\" \/>\n\t<meta property=\"og:image:width\" content=\"2000\" \/>\n\t<meta property=\"og:image:height\" content=\"2000\" \/>\n\t<meta property=\"og:image:type\" content=\"image\/jpeg\" \/>\n<meta name=\"twitter:card\" content=\"summary_large_image\" \/>\n<meta name=\"twitter:label1\" content=\"Est. reading time\" \/>\n\t<meta name=\"twitter:data1\" content=\"4 minuty\" \/>\n<!-- \/ Yoast SEO plugin. -->","yoast_head_json":{"title":"DRY LUBE 100ml OLEJ NA SUCHE WARUNKI - Selleetools.com","robots":{"index":"index","follow":"follow","max-snippet":"max-snippet:-1","max-image-preview":"max-image-preview:large","max-video-preview":"max-video-preview:-1"},"canonical":"https:\/\/selleetools.com\/product\/evil-dry-lube-100ml-olej-na-suche-warunki\/","og_locale":"pl_PL","og_type":"article","og_title":"DRY LUBE 100ml OLEJ NA SUCHE WARUNKI - Selleetools.com","og_description":"DRY LUBE to specjalistyczny, fioletowy smar do \u0142a\u0144cucha rowerowego, zaprojektowany zar\u00f3wno dla profesjonalnych kolarzy, jak i amator\u00f3w, do u\u017cytku w suchych warunkach pogodowych. Ten innowacyjny smar opiera si\u0119 na nowoczesnej syntetycznej bazie, zawieraj\u0105cej skomplikowane hybrydowe zwi\u0105zki, wzbogacone o dodatki o ekstremalnym ci\u015bnieniu, kt\u00f3re poprawiaj\u0105 smarowanie nawet w trudnych warunkach. Syntetyczny olej u\u017cyty w EVIL DRY ... Read moreDRY LUBE 100ml OLEJ NA SUCHE WARUNKI","og_url":"https:\/\/selleetools.com\/product\/evil-dry-lube-100ml-olej-na-suche-warunki\/","og_site_name":"Selleetools.com","article_modified_time":"2025-11-20T11:22:00+00:00","og_image":[{"width":2000,"height":2000,"url":"https:\/\/selleetools.com\/wp-content\/uploads\/2024\/07\/dry.jpg","type":"image\/jpeg"}],"twitter_card":"summary_large_image","twitter_misc":{"Est. reading time":"4 minuty"},"schema":{"@context":"https:\/\/schema.org","@graph":[{"@type":"Organization","@id":"https:\/\/selleetools.com\/#organization","name":"Selleetools","url":"https:\/\/selleetools.com\/","sameAs":[],"logo":{"@type":"ImageObject","inLanguage":"pl-PL","@id":"https:\/\/selleetools.com\/#\/schema\/logo\/image\/","url":"https:\/\/selleetools.com\/wp-content\/uploads\/2021\/10\/logo-dark.png","contentUrl":"https:\/\/selleetools.com\/wp-content\/uploads\/2021\/10\/logo-dark.png","width":320,"height":76,"caption":"Selleetools"},"image":{"@id":"https:\/\/selleetools.com\/#\/schema\/logo\/image\/"}},{"@type":"WebSite","@id":"https:\/\/selleetools.com\/#website","url":"https:\/\/selleetools.com\/","name":"Selleetools.com","description":"","publisher":{"@id":"https:\/\/selleetools.com\/#organization"},"potentialAction":[{"@type":"SearchAction","target":{"@type":"EntryPoint","urlTemplate":"https:\/\/selleetools.com\/?s={search_term_string}"},"query-input":"required name=search_term_string"}],"inLanguage":"pl-PL"},{"@type":"WebPage","@id":"https:\/\/selleetools.com\/product\/evil-dry-lube-100ml-olej-na-suche-warunki\/","url":"https:\/\/selleetools.com\/product\/evil-dry-lube-100ml-olej-na-suche-warunki\/","name":"DRY LUBE 100ml OLEJ NA SUCHE WARUNKI - Selleetools.com","isPartOf":{"@id":"https:\/\/selleetools.com\/#website"},"datePublished":"2024-02-10T21:57:52+00:00","dateModified":"2025-11-20T11:22:00+00:00","breadcrumb":{"@id":"https:\/\/selleetools.com\/product\/evil-dry-lube-100ml-olej-na-suche-warunki\/#breadcrumb"},"inLanguage":"pl-PL","potentialAction":[{"@type":"ReadAction","target":["https:\/\/selleetools.com\/product\/evil-dry-lube-100ml-olej-na-suche-warunki\/"]}]},{"@type":"BreadcrumbList","@id":"https:\/\/selleetools.com\/product\/evil-dry-lube-100ml-olej-na-suche-warunki\/#breadcrumb","itemListElement":[{"@type":"ListItem","position":1,"name":"Home","item":"https:\/\/selleetools.com\/pl\/"},{"@type":"ListItem","position":2,"name":"Katalog","item":"https:\/\/selleetools.com\/pl\/katalog\/"},{"@type":"ListItem","position":3,"name":"DRY LUBE 100ml OLEJ NA SUCHE WARUNKI"}]}]}},"_links":{"self":[{"href":"https:\/\/selleetools.com\/pl\/wp-json\/wp\/v2\/product\/312430"}],"collection":[{"href":"https:\/\/selleetools.com\/pl\/wp-json\/wp\/v2\/product"}],"about":[{"href":"https:\/\/selleetools.com\/pl\/wp-json\/wp\/v2\/types\/product"}],"replies":[{"embeddable":true,"href":"https:\/\/selleetools.com\/pl\/wp-json\/wp\/v2\/comments?post=312430"}],"wp:featuredmedia":[{"embeddable":true,"href":"https:\/\/selleetools.com\/pl\/wp-json\/wp\/v2\/media\/346884"}],"wp:attachment":[{"href":"https:\/\/selleetools.com\/pl\/wp-json\/wp\/v2\/media?parent=312430"}],"curies":[{"name":"wp","href":"https:\/\/api.w.org\/{rel}","templated":true}]}}