{"id":312421,"date":"2024-02-10T22:57:41","date_gmt":"2024-02-10T21:57:41","guid":{"rendered":"https:\/\/selleetools.com\/?post_type=product&#038;p=312421"},"modified":"2025-11-20T12:22:00","modified_gmt":"2025-11-20T11:22:00","slug":"evil-silk-lube-100ml-olej-z-silikonem","status":"publish","type":"product","link":"https:\/\/selleetools.com\/pl\/product\/evil-silk-lube-100ml-olej-z-silikonem\/","title":{"rendered":"SILK LUBE 100ml OLEJ Z SILIKONEM"},"content":{"rendered":"<p>SILK Lube to specjalny \u015brodek smarny stworzony do intensywnego u\u017cytku rowerowego. Jest to mieszanka poliestru i silikonu wzbogacona o r\u00f3\u017cne dodatki, kt\u00f3re poprawiaj\u0105 skuteczno\u015b\u0107 smarowania i zwi\u0119kszaj\u0105 obci\u0105\u017cenie. Charakteryzuje si\u0119 niskim wsp\u00f3\u0142czynnikiem tarcia.<\/p>\n<p>Ten nowoczesny smar jest oparty na syntetycznej bazie, zawieraj\u0105cej skomplikowane zwi\u0105zki syntetyczne oraz dodatki do pracy w ekstremalnych warunkach i przy wysokim ci\u015bnieniu. Wykorzystuje wysokiej jako\u015bci silikonowy olej o niskiej lepko\u015bci, inhibitory korozji, substancje zwi\u0119kszaj\u0105ce przyczepno\u015b\u0107 i penetracyjne dodatki, kt\u00f3re sprawiaj\u0105, \u017ce smar jest bardziej p\u0142ynny i mniej lepki, w tym zwi\u0105zek PTFE.<\/p>\n<p>Smar ten \u0142atwo i r\u00f3wnomiernie rozprowadza si\u0119 na wszystkich cz\u0119\u015bciach \u0142a\u0144cucha, zw\u0142aszcza w jego trudno dost\u0119pnych, ale kluczowych miejscach, takich jak \u015brodek ogniw. Dodatki EP zapewniaj\u0105 prawid\u0142owe dzia\u0142anie smaru nawet przy du\u017cym obci\u0105\u017ceniu \u0142a\u0144cucha, a cz\u0105steczki silikonowe zapewniaj\u0105 stabilno\u015b\u0107 lepko\u015bci niezale\u017cnie od temperatury.<\/p>\n<p>Dzi\u0119ki po\u0142\u0105czeniu syntetycznych zwi\u0105zk\u00f3w poliestrowo-silikonowych z PTFE, smar penetruje trudno dost\u0119pne miejsca, wypieraj\u0105c wod\u0119 i chroni\u0105c przed korozj\u0105. Wysokoczyste oleje doskonale t\u0142umi\u0105 prac\u0119 \u0142a\u0144cucha, sprawiaj\u0105c, \u017ce jest on p\u0142ynny i cichy. Silikon w smarze zapobiega przywieraniu brudu do \u0142a\u0144cucha i u\u0142atwia wypieranie wody.<\/p>\n<p>Ten smar spe\u0142nia wszystkie wymagane normy dla smar\u00f3w rowerowych typu &#8220;smaruj i jed\u017a&#8221; i zachowuje integralno\u015b\u0107 na poziomie molekularnym, nawet podczas du\u017cej eksploatacji. Doskonale nadaje si\u0119 do d\u0142ugich wycieczek w trudnych warunkach atmosferycznych lub w przypadku konieczno\u015bci przewo\u017cenia roweru przez rzek\u0119, poniewa\u017c nie jest \u0142atwo zmywalny.<\/p>\n<p>SILK LUBE ma konsystencj\u0119 przypominaj\u0105c\u0105 rzadki mi\u00f3d i jest dost\u0119pny w buteleczkach o pojemno\u015bci 100 ml z dozownikiem, kt\u00f3ry u\u0142atwia aplikacj\u0119. \u017b\u00f3\u0142ty kolor smaru oznacza jego d\u0142ug\u0105 \u017cywotno\u015b\u0107, a dodatki zapobiegaj\u0105ce osadom sprawiaj\u0105, \u017ce \u0142a\u0144cuch nie wymaga mechanicznego czyszczenia, co czyni go bardzo ekonomicznym w u\u017cyciu.<\/p>\n<p>Dzi\u0119ki zawarto\u015bci silikonu i PTFE, smar SILK LUBE nadaje si\u0119 nie tylko do smarowania \u0142a\u0144cucha rowerowego, ale tak\u017ce do innych element\u00f3w roweru, takich jak przerzutki, przewody hamulcowe, d\u017awignie hamulca i zacisk hamulca. Jest kompatybilny z plastikiem i gum\u0105, a tak\u017ce jest szybki w aplikacji, pozwalaj\u0105c na jazd\u0119 bezpo\u015brednio po smarowaniu, a jednocze\u015bnie skutecznie odprowadza ciep\u0142o z punkt\u00f3w tarcia.<\/p>\n<p>Zalecamy nast\u0119puj\u0105cy spos\u00f3b smarowania \u0142a\u0144cucha rowerowego olejem SILK LUBE: Usun\u0105\u0107 star\u0105 warstw\u0119 smaru z \u0142a\u0144cucha fizycznie (np. u\u017cywaj\u0105c szczotki) i chemicznie (za pomoc\u0105 ekologicznego Hybrid Bike Cleaner). Nast\u0119pnie na\u0142o\u017cy\u0107 jedn\u0105 kropl\u0119 smaru na ka\u017cd\u0105 rolk\u0119 od wewn\u0105trz. Zakr\u0119ci\u0107 peda\u0142ami przez oko\u0142o 10-30 sekund, aby r\u00f3wnomiernie rozprowadzi\u0107 smar. Po odczekaniu kilku minut nadmiar oleju wytrze\u0107 szmatk\u0105 lub specjaln\u0105 g\u0105bk\u0105. Wa\u017cne jest, aby szpilki i rolki by\u0142y nasmarowane, nawet je\u015bli zewn\u0119trznie \u0142a\u0144cuch wydaje si\u0119 suchy.<\/p>\n<p>Taki smarowany \u0142a\u0144cuch sprawia, \u017ce op\u00f3r toczenia jest mniejszy, co poprawia wydajno\u015b\u0107 nap\u0119du i redukuje tarcie. G\u0142\u0119boka penetracja smaru zapewnia cich\u0105 prac\u0119, chroni nap\u0119d przed przeci\u0105\u017ceniem i przed\u0142u\u017ca \u017cywotno\u015b\u0107 \u0142a\u0144cucha, chroni\u0105c go przed brudem i wod\u0105.<\/p>\n<p>&nbsp;<\/p>\n<p>Spos\u00f3b u\u017cycia produktu SILK LUBE do \u0142a\u0144cucha:<\/p>\n<ol>\n<li>Usun\u0105\u0107 stary smar z \u0142a\u0144cucha<\/li>\n<li>Nanie\u015b\u0107 smar poprzez do\u0142\u0105czony kroplomierz na ka\u017cde ogniwo \u0142a\u0144cucha.<\/li>\n<li>Odczeka\u0107 chwil\u0119 by smar si\u0119 wch\u0142on\u0105\u0142<\/li>\n<li>Wytrze\u0107 nadmiar smaru z \u0142a\u0144cucha such\u0105 \u015bciereczk\u0105<\/li>\n<\/ol>\n<p><strong>Uwaga! &#8211; przed u\u017cyciem wstrz\u0105sn\u0105\u0107<\/strong><\/p>\n<p>Podstawowe dane produktu SILK LUBE pobrane z karty charakterystyki produktu<\/p>\n<table>\n<tbody>\n<tr>\n<td width=\"99\">Norma<\/td>\n<td width=\"393\">Tre\u015b\u0107<\/td>\n<td width=\"106\">Jednostka<\/td>\n<td width=\"126\">wynik<\/td>\n<\/tr>\n<tr>\n<td>\u00a0CTM0176<\/td>\n<td>kolor<\/td>\n<td colspan=\"2\">\u017b\u00f3\u0142to mleczny<\/td>\n<\/tr>\n<tr>\n<td colspan=\"4\">Sk\u0142ad: mieszanka \u00a0poliestrowo silikonowa,\u00a0 inhibitory korozji, dodatki smarne\u00a0 EP , dodatki penetruj\u0105ce, PTFE<\/td>\n<\/tr>\n<tr>\n<td>DIN 51 757<\/td>\n<td>G\u0119sto\u015b\u0107 w temperaturze 20 \u00b0 C<\/td>\n<td>g \/ ml<\/td>\n<td>0,98<\/td>\n<\/tr>\n<tr>\n<td><\/td>\n<td>Zalecany zakres temperatur pracy<\/td>\n<td>\u00b0 C<\/td>\n<td>&#8211; 10 do +110<\/td>\n<\/tr>\n<tr>\n<td>DIN 51 562<\/td>\n<td>Lepko\u015b\u0107 w temperaturze 40 \u00b0 C<\/td>\n<td>mm \u00b2 \/ s<\/td>\n<td>190<\/td>\n<\/tr>\n<tr>\n<td>DIN 51 350 pt.4<\/td>\n<td>\u00a0Obci\u0105\u017cenie zespawania<\/td>\n<td>N<\/td>\n<td>2000<\/td>\n<\/tr>\n<tr>\n<td>DIN 51 350 pt.5<\/td>\n<td>No\u015bno\u015b\u0107 mm<\/td>\n<td>mm<\/td>\n<td>0,8<\/td>\n<\/tr>\n<tr>\n<td><\/td>\n<td>Temperatura zap\u0142onu, \u00b0 C -&gt; 200<\/td>\n<td>\u00b0 C<\/td>\n<td>&gt; 210<\/td>\n<\/tr>\n<\/tbody>\n<\/table>\n<p>Opakowanie produktu: 10ml, 100ml.1litr<\/p>\n<p>Trwa\u0142o\u015b\u0107 i przechowywanie: przy przechowywaniu w temperaturze poni\u017cej 40 \u00b0 C w oryginalnych zamkni\u0119tych pojemnikach, produkt ten posiada okres trwa\u0142o\u015bci 60 miesi\u0119cy od daty produkcji<\/p>\n<p>&nbsp;<\/p>\n<p>SILK Lube to specjalny \u015brodek smarny stworzony do intensywnego u\u017cytku rowerowego. Jest to mieszanka poliestru i silikonu wzbogacona o r\u00f3\u017cne dodatki, kt\u00f3re poprawiaj\u0105 skuteczno\u015b\u0107 smarowania i zwi\u0119kszaj\u0105 obci\u0105\u017cenie. Charakteryzuje si\u0119 niskim wsp\u00f3\u0142czynnikiem tarcia.<\/p>\n<p>Ten nowoczesny smar jest oparty na syntetycznej bazie, zawieraj\u0105cej skomplikowane zwi\u0105zki syntetyczne oraz dodatki do pracy w ekstremalnych warunkach i przy wysokim ci\u015bnieniu. Wykorzystuje wysokiej jako\u015bci silikonowy olej o niskiej lepko\u015bci, inhibitory korozji, substancje zwi\u0119kszaj\u0105ce przyczepno\u015b\u0107 i penetracyjne dodatki, kt\u00f3re sprawiaj\u0105, \u017ce smar jest bardziej p\u0142ynny i mniej lepki, w tym zwi\u0105zek PTFE.<\/p>\n","protected":false},"excerpt":{"rendered":"<p>SILK Lube to specjalny \u015brodek smarny stworzony do intensywnego u\u017cytku rowerowego. Jest to mieszanka poliestru i silikonu wzbogacona o r\u00f3\u017cne dodatki, kt\u00f3re poprawiaj\u0105 skuteczno\u015b\u0107 smarowania i zwi\u0119kszaj\u0105 obci\u0105\u017cenie. Charakteryzuje si\u0119 niskim wsp\u00f3\u0142czynnikiem tarcia. Ten nowoczesny smar jest oparty na syntetycznej bazie, zawieraj\u0105cej skomplikowane zwi\u0105zki syntetyczne oraz dodatki do pracy w ekstremalnych warunkach i przy wysokim &#8230; <a title=\"SILK LUBE 100ml OLEJ Z SILIKONEM\" class=\"read-more\" href=\"https:\/\/selleetools.com\/pl\/product\/evil-silk-lube-100ml-olej-z-silikonem\/\">Read more<span class=\"screen-reader-text\">SILK LUBE 100ml OLEJ Z SILIKONEM<\/span><\/a><\/p>\n","protected":false},"featured_media":346878,"comment_status":"open","ping_status":"closed","template":"","meta":{"_links_to":"","_links_to_target":""},"yoast_head":"<!-- This site is optimized with the Yoast SEO plugin v19.4 - https:\/\/yoast.com\/wordpress\/plugins\/seo\/ -->\n<title>SILK LUBE 100ml OLEJ Z SILIKONEM - Selleetools.com<\/title>\n<meta name=\"robots\" content=\"index, follow, max-snippet:-1, max-image-preview:large, max-video-preview:-1\" \/>\n<link rel=\"canonical\" href=\"https:\/\/admincentral.selleetools.com\/product\/evil-silk-lube-100ml-olej-z-silikonem\/\" \/>\n<meta property=\"og:locale\" content=\"pl_PL\" \/>\n<meta property=\"og:type\" content=\"article\" \/>\n<meta property=\"og:title\" content=\"SILK LUBE 100ml OLEJ Z SILIKONEM - Selleetools.com\" \/>\n<meta property=\"og:description\" content=\"SILK Lube to specjalny \u015brodek smarny stworzony do intensywnego u\u017cytku rowerowego. Jest to mieszanka poliestru i silikonu wzbogacona o r\u00f3\u017cne dodatki, kt\u00f3re poprawiaj\u0105 skuteczno\u015b\u0107 smarowania i zwi\u0119kszaj\u0105 obci\u0105\u017cenie. Charakteryzuje si\u0119 niskim wsp\u00f3\u0142czynnikiem tarcia. Ten nowoczesny smar jest oparty na syntetycznej bazie, zawieraj\u0105cej skomplikowane zwi\u0105zki syntetyczne oraz dodatki do pracy w ekstremalnych warunkach i przy wysokim ... Read moreSILK LUBE 100ml OLEJ Z SILIKONEM\" \/>\n<meta property=\"og:url\" content=\"https:\/\/admincentral.selleetools.com\/product\/evil-silk-lube-100ml-olej-z-silikonem\/\" \/>\n<meta property=\"og:site_name\" content=\"Selleetools.com\" \/>\n<meta property=\"article:modified_time\" content=\"2025-11-20T11:22:00+00:00\" \/>\n<meta property=\"og:image\" content=\"https:\/\/selleetools.com\/wp-content\/uploads\/2024\/07\/SILK.jpg\" \/>\n\t<meta property=\"og:image:width\" content=\"2000\" \/>\n\t<meta property=\"og:image:height\" content=\"2000\" \/>\n\t<meta property=\"og:image:type\" content=\"image\/jpeg\" \/>\n<meta name=\"twitter:card\" content=\"summary_large_image\" \/>\n<meta name=\"twitter:label1\" content=\"Est. reading time\" \/>\n\t<meta name=\"twitter:data1\" content=\"4 minuty\" \/>\n<!-- \/ Yoast SEO plugin. -->","yoast_head_json":{"title":"SILK LUBE 100ml OLEJ Z SILIKONEM - Selleetools.com","robots":{"index":"index","follow":"follow","max-snippet":"max-snippet:-1","max-image-preview":"max-image-preview:large","max-video-preview":"max-video-preview:-1"},"canonical":"https:\/\/admincentral.selleetools.com\/product\/evil-silk-lube-100ml-olej-z-silikonem\/","og_locale":"pl_PL","og_type":"article","og_title":"SILK LUBE 100ml OLEJ Z SILIKONEM - Selleetools.com","og_description":"SILK Lube to specjalny \u015brodek smarny stworzony do intensywnego u\u017cytku rowerowego. Jest to mieszanka poliestru i silikonu wzbogacona o r\u00f3\u017cne dodatki, kt\u00f3re poprawiaj\u0105 skuteczno\u015b\u0107 smarowania i zwi\u0119kszaj\u0105 obci\u0105\u017cenie. Charakteryzuje si\u0119 niskim wsp\u00f3\u0142czynnikiem tarcia. Ten nowoczesny smar jest oparty na syntetycznej bazie, zawieraj\u0105cej skomplikowane zwi\u0105zki syntetyczne oraz dodatki do pracy w ekstremalnych warunkach i przy wysokim ... Read moreSILK LUBE 100ml OLEJ Z SILIKONEM","og_url":"https:\/\/admincentral.selleetools.com\/product\/evil-silk-lube-100ml-olej-z-silikonem\/","og_site_name":"Selleetools.com","article_modified_time":"2025-11-20T11:22:00+00:00","og_image":[{"width":2000,"height":2000,"url":"https:\/\/selleetools.com\/wp-content\/uploads\/2024\/07\/SILK.jpg","type":"image\/jpeg"}],"twitter_card":"summary_large_image","twitter_misc":{"Est. reading time":"4 minuty"},"schema":{"@context":"https:\/\/schema.org","@graph":[{"@type":"Organization","@id":"https:\/\/selleetools.com\/#organization","name":"Selleetools","url":"https:\/\/selleetools.com\/","sameAs":[],"logo":{"@type":"ImageObject","inLanguage":"pl-PL","@id":"https:\/\/selleetools.com\/#\/schema\/logo\/image\/","url":"https:\/\/selleetools.com\/wp-content\/uploads\/2021\/10\/logo-dark.png","contentUrl":"https:\/\/selleetools.com\/wp-content\/uploads\/2021\/10\/logo-dark.png","width":320,"height":76,"caption":"Selleetools"},"image":{"@id":"https:\/\/selleetools.com\/#\/schema\/logo\/image\/"}},{"@type":"WebSite","@id":"https:\/\/selleetools.com\/#website","url":"https:\/\/selleetools.com\/","name":"Selleetools.com","description":"","publisher":{"@id":"https:\/\/selleetools.com\/#organization"},"potentialAction":[{"@type":"SearchAction","target":{"@type":"EntryPoint","urlTemplate":"https:\/\/selleetools.com\/?s={search_term_string}"},"query-input":"required name=search_term_string"}],"inLanguage":"pl-PL"},{"@type":"WebPage","@id":"https:\/\/admincentral.selleetools.com\/product\/evil-silk-lube-100ml-olej-z-silikonem\/","url":"https:\/\/admincentral.selleetools.com\/product\/evil-silk-lube-100ml-olej-z-silikonem\/","name":"SILK LUBE 100ml OLEJ Z SILIKONEM - Selleetools.com","isPartOf":{"@id":"https:\/\/selleetools.com\/#website"},"datePublished":"2024-02-10T21:57:41+00:00","dateModified":"2025-11-20T11:22:00+00:00","breadcrumb":{"@id":"https:\/\/admincentral.selleetools.com\/product\/evil-silk-lube-100ml-olej-z-silikonem\/#breadcrumb"},"inLanguage":"pl-PL","potentialAction":[{"@type":"ReadAction","target":["https:\/\/admincentral.selleetools.com\/product\/evil-silk-lube-100ml-olej-z-silikonem\/"]}]},{"@type":"BreadcrumbList","@id":"https:\/\/admincentral.selleetools.com\/product\/evil-silk-lube-100ml-olej-z-silikonem\/#breadcrumb","itemListElement":[{"@type":"ListItem","position":1,"name":"Home","item":"https:\/\/selleetools.com\/pl\/"},{"@type":"ListItem","position":2,"name":"Katalog","item":"https:\/\/selleetools.com\/pl\/katalog\/"},{"@type":"ListItem","position":3,"name":"SILK LUBE 100ml OLEJ Z SILIKONEM"}]}]}},"_links":{"self":[{"href":"https:\/\/selleetools.com\/pl\/wp-json\/wp\/v2\/product\/312421"}],"collection":[{"href":"https:\/\/selleetools.com\/pl\/wp-json\/wp\/v2\/product"}],"about":[{"href":"https:\/\/selleetools.com\/pl\/wp-json\/wp\/v2\/types\/product"}],"replies":[{"embeddable":true,"href":"https:\/\/selleetools.com\/pl\/wp-json\/wp\/v2\/comments?post=312421"}],"wp:featuredmedia":[{"embeddable":true,"href":"https:\/\/selleetools.com\/pl\/wp-json\/wp\/v2\/media\/346878"}],"wp:attachment":[{"href":"https:\/\/selleetools.com\/pl\/wp-json\/wp\/v2\/media?parent=312421"}],"curies":[{"name":"wp","href":"https:\/\/api.w.org\/{rel}","templated":true}]}}