{"id":312403,"date":"2024-02-10T22:57:17","date_gmt":"2024-02-10T21:57:17","guid":{"rendered":"https:\/\/selleetools.com\/?post_type=product&#038;p=312403"},"modified":"2025-11-20T12:22:00","modified_gmt":"2025-11-20T11:22:00","slug":"evil-moly-wax-100ml-wosk-z-mos2","status":"publish","type":"product","link":"https:\/\/selleetools.com\/pl\/product\/evil-moly-wax-100ml-wosk-z-mos2\/","title":{"rendered":"MOLY WAX 100ml WOSK Z MOS2"},"content":{"rendered":"<div class=\"flex flex-grow flex-col gap-3 max-w-full\">\n<div class=\"min-h-[20px] flex flex-col items-start gap-3 overflow-x-auto whitespace-pre-wrap break-words\">\n<div class=\"markdown prose w-full break-words dark:prose-invert light\">\n<p>Moly Wax, produkt firmy EVIL LUBRICANTS, to specjalny smar w formie woskowej do \u0142a\u0144cucha rowerowego, kt\u00f3ry mo\u017cna nak\u0142ada\u0107 w spos\u00f3b podobny do klasycznych kroplowych olej\u00f3w. Jego w\u0142a\u015bciwo\u015bci staj\u0105 si\u0119 efektywne dopiero po na\u0142o\u017ceniu emulsji woskowej na ogniwa \u0142a\u0144cucha i pozwoleniu na utwardzenie si\u0119 tego mieszanka na powietrzu. G\u0142\u00f3wnym celem jest smarowanie sworzni i tulejek \u0142a\u0144cucha, kt\u00f3re s\u0105 jego kluczowymi cz\u0119\u015bciami. Twardy wosk nie jest lepki i nie przyci\u0105ga brudu i kurzu, dzi\u0119ki czemu utrzymuje \u0142a\u0144cuch czystym.<\/p>\n<p>Pe\u0142ne utwardzenie wosku nast\u0119puje w ci\u0105gu 4-8 godzin, ale oznaki jego stwardnienia mo\u017cna zauwa\u017cy\u0107 ju\u017c po kilkunastu minutach. Istotne jest, \u017ce proces utwardzenia jest bardziej skomplikowany wewn\u0105trz pin\u00f3w \u0142a\u0144cucha, gdzie dost\u0119p powietrza jest ograniczony, a czas schni\u0119cia zale\u017cy od czynnik\u00f3w takich jak temperatura, wilgotno\u015b\u0107 i stan \u0142a\u0144cucha.<\/p>\n<p>Co wi\u0119c oznacza twardy wosk z dodatkiem drobnych cz\u0105steczek molibdenowych dla \u0142a\u0144cucha rowerowego? Molibden to materia\u0142 o niskim wsp\u00f3\u0142czynniku tarcia, zdolny do przenoszenia du\u017cych obci\u0105\u017ce\u0144 i wp\u0142ywaj\u0105cy na struktur\u0119 metalu, do kt\u00f3rego si\u0119 wciera. Dzi\u0119ki temu w\u0142a\u015bciwo\u015bci wosku z molibdenem s\u0105 bardzo korzystne, zw\u0142aszcza tam, gdzie pasowanie element\u00f3w metalowych jest bardzo precyzyjne, tak jak w \u0142a\u0144cuchu.<\/p>\n<p>Zastyg\u0142y wosk molibdenowy tworzy ochronn\u0105 warstw\u0119, kt\u00f3ra zapobiega przywieraniu brudu, a tak\u017ce tworzy barier\u0119 mi\u0119dzy \u0142a\u0144cuchem a brudem.<\/p>\n<p>Jednak g\u0142\u00f3wn\u0105 wad\u0105 wosku molibdenowego jest jego czarny kolor i tendencja do brudzenia. Cho\u0107 mo\u017ce brudzi\u0107 wszystko, z czym si\u0119 styka, to dobrze, \u017ce pozostawia molibden na \u0142a\u0144cuchu. Jednak musimy by\u0107 ostro\u017cni, dop\u00f3ki nadmiar twardego, czarnego wosku nie zostanie usuni\u0119ty z \u0142a\u0144cucha. Wosk, kt\u00f3ry pozostaje na elementach \u0142a\u0144cucha i nie ma kontaktu z otoczeniem, nie szkodzi i staje si\u0119 problemem tylko do czasu jego usuni\u0119cia.<\/p>\n<p>P\u0142ynny smar woskowy Moly Wax zmniejsza tarcie na sworzniach, rolkach i tulejach, co znacz\u0105co wyd\u0142u\u017ca \u017cywotno\u015b\u0107 \u0142a\u0144cucha i k\u00f3\u0142 z\u0119batych.<\/p>\n<p>Korzy\u015bci wynikaj\u0105ce z zastosowania wosku molibdenowego mo\u017cna podsumowa\u0107 nast\u0119puj\u0105co:<\/p>\n<ul>\n<li>Zapobiega przyleganiu brudu.<\/li>\n<li>Szybko dzia\u0142a na elastyczno\u015b\u0107 \u0142a\u0144cucha.<\/li>\n<li>Zmniejsza opory tarcia na ogniach \u0142a\u0144cucha.<\/li>\n<li>Chroni przed rdz\u0105 i korozj\u0105.<\/li>\n<li>Redukuje ha\u0142as generowany przez \u0142a\u0144cuch.<\/li>\n<li>Tworzy barier\u0119 ochronn\u0105 przed wilgoci\u0105.<\/li>\n<li>Zwi\u0119ksza trwa\u0142o\u015b\u0107 \u0142a\u0144cucha w por\u00f3wnaniu z olejowym smarowaniem.<\/li>\n<li>D\u0142u\u017cej utrzymuje ochron\u0119 \u0142a\u0144cucha w trudnych warunkach, takich jak piasek i woda.<\/li>\n<\/ul>\n<p>Stwardnia\u0142y wosk pe\u0142ni rol\u0119 podobn\u0105 do lepiszcza, utrzymuj\u0105c smar woskowy na \u0142a\u0144cuchach podczas u\u017cytkowania, zapobiegaj\u0105c zrzuceniu i chroni\u0105c przed brudem.<\/p>\n<p>Emulsja woskowa Moly Wax zosta\u0142a specjalnie zaprojektowana, aby \u0142\u0105czy\u0107 zalety smarowania woskiem gor\u0105cym i kroplowym, zapewniaj\u0105c jednocze\u015bnie redukcj\u0119 tarcia dzi\u0119ki obecno\u015bci mikroskalnych cz\u0105stek molibdenu (MoS2), kt\u00f3re doskonale penetruj\u0105 metalowe elementy \u0142a\u0144cucha podczas jazdy.<\/p>\n<p>Usuwanie wosku z \u0142a\u0144cucha mo\u017cna przeprowadzi\u0107, mocz\u0105c go w gor\u0105cej wodzie lub za pomoc\u0105 preparat\u00f3w chemicznych, kt\u00f3re reaguj\u0105 z woskiem, takich jak keton, butan lub etanol.<\/p>\n<p>Podsumowuj\u0105c, Moly Wax to innowacyjny smar woskowy z molibdenem, kt\u00f3ry mo\u017ce znacz\u0105co poprawi\u0107 wydajno\u015b\u0107 \u0142a\u0144cucha rowerowego w r\u00f3\u017cnych warunkach, zapewniaj\u0105c ochron\u0119 przed brudem i korozj\u0105.<\/p>\n<\/div>\n<p>Podstawowe dane produktu Moly Wax<\/p>\n<table width=\"761\">\n<tbody>\n<tr>\n<td colspan=\"4\" width=\"761\">Moly WAX<\/td>\n<\/tr>\n<tr>\n<td width=\"136\">Norma<\/td>\n<td width=\"424\">Tre\u015b\u0107<\/td>\n<td width=\"106\">Jednostka<\/td>\n<td width=\"95\">wynik<\/td>\n<\/tr>\n<tr>\n<td width=\"136\">\u00a0CTM0176<\/td>\n<td width=\"424\">kolor<\/td>\n<td width=\"106\"><\/td>\n<td width=\"95\">czarny<\/td>\n<\/tr>\n<tr>\n<td colspan=\"4\" width=\"761\">Sk\u0142ad: kilku rodzaj\u00f3w wosk\u00f3w w tym wosk mikrokrystaliczny, inhibitory rdzy i korozji, emulgator zag\u0119szczaj\u0105cy p\u0142ynny wosk pod wp\u0142ywek kontaktu z powietrzem, proszek dwusiarczku molibdenu.<\/td>\n<\/tr>\n<tr>\n<td width=\"136\">DIN 51 757<\/td>\n<td width=\"424\">G\u0119sto\u015b\u0107 w temperaturze 20 \u00b0 C<\/td>\n<td width=\"106\">g \/ ml<\/td>\n<td width=\"95\">0,92<\/td>\n<\/tr>\n<tr>\n<td width=\"136\">DIN 51 562<\/td>\n<td width=\"424\">Lepko\u015b\u0107 wosku (wymieszanego w temp . 0 \u00b0 C)<\/td>\n<td width=\"106\">cSt<\/td>\n<td width=\"95\">350<\/td>\n<\/tr>\n<tr>\n<td width=\"136\">DIN 51 562<\/td>\n<td width=\"424\">Lepko\u015b\u0107 wosku (wymieszanego w temp .40\u00b0 C)<\/td>\n<td width=\"106\">cSt<\/td>\n<td width=\"95\">12<\/td>\n<\/tr>\n<tr>\n<td width=\"136\"><\/td>\n<td width=\"424\">Zalecany zakres temperatur do aplikacji<\/td>\n<td width=\"106\">\u00b0 C<\/td>\n<td width=\"95\">5 do 40<\/td>\n<\/tr>\n<tr>\n<td width=\"136\"><\/td>\n<td width=\"424\">Temperatura w kt\u00f3rej topi si\u0119 utwardzony wosk<\/td>\n<td width=\"106\">\u00b0 C<\/td>\n<td width=\"95\">64<\/td>\n<\/tr>\n<tr>\n<td width=\"136\"><\/td>\n<td width=\"424\">Temperatura wody zmywaj\u0105ca utwardzony wosk<\/td>\n<td width=\"106\">\u00b0 C<\/td>\n<td width=\"95\">75<\/td>\n<\/tr>\n<tr>\n<td width=\"136\">DIN 51 350 pt.4<\/td>\n<td width=\"424\">\u00a0Obci\u0105\u017cenie zespawania<\/td>\n<td width=\"106\">N<\/td>\n<td width=\"95\">2600<\/td>\n<\/tr>\n<tr>\n<td width=\"136\">DIN 51 350 pt.5<\/td>\n<td width=\"424\">No\u015bno\u015b\u0107 mm<\/td>\n<td width=\"106\">mm<\/td>\n<td width=\"95\">0,9<\/td>\n<\/tr>\n<tr>\n<td width=\"136\"><\/td>\n<td width=\"424\">Temperatura zap\u0142onu, \u00b0 C -&gt; 200<\/td>\n<td width=\"106\">\u00b0 C<\/td>\n<td width=\"95\">&gt; -10<\/td>\n<\/tr>\n<tr>\n<td width=\"136\"><\/td>\n<td width=\"424\">Temperatura samozap\u0142onu<\/td>\n<td width=\"106\">\u00b0 C<\/td>\n<td width=\"95\">ok. 350<\/td>\n<\/tr>\n<\/tbody>\n<\/table>\n<p>&nbsp;<\/p>\n<\/div>\n<\/div>\n<p>Moly Wax, produkt firmy EVIL LUBRICANTS, to specjalny smar w formie woskowej do \u0142a\u0144cucha rowerowego, kt\u00f3ry mo\u017cna nak\u0142ada\u0107 w spos\u00f3b podobny do klasycznych kroplowych olej\u00f3w. Jego w\u0142a\u015bciwo\u015bci staj\u0105 si\u0119 efektywne dopiero po na\u0142o\u017ceniu emulsji woskowej na ogniwa \u0142a\u0144cucha i pozwoleniu na utwardzenie si\u0119 tego mieszanka na powietrzu. G\u0142\u00f3wnym celem jest smarowanie sworzni i tulejek \u0142a\u0144cucha, kt\u00f3re s\u0105 jego kluczowymi cz\u0119\u015bciami. Twardy wosk nie jest lepki i nie przyci\u0105ga brudu i kurzu, dzi\u0119ki czemu utrzymuje \u0142a\u0144cuch czystym.<\/p>\n","protected":false},"excerpt":{"rendered":"<p>Moly Wax, produkt firmy EVIL LUBRICANTS, to specjalny smar w formie woskowej do \u0142a\u0144cucha rowerowego, kt\u00f3ry mo\u017cna nak\u0142ada\u0107 w spos\u00f3b podobny do klasycznych kroplowych olej\u00f3w. Jego w\u0142a\u015bciwo\u015bci staj\u0105 si\u0119 efektywne dopiero po na\u0142o\u017ceniu emulsji woskowej na ogniwa \u0142a\u0144cucha i pozwoleniu na utwardzenie si\u0119 tego mieszanka na powietrzu. G\u0142\u00f3wnym celem jest smarowanie sworzni i tulejek \u0142a\u0144cucha, &#8230; <a title=\"MOLY WAX 100ml WOSK Z MOS2\" class=\"read-more\" href=\"https:\/\/selleetools.com\/pl\/product\/evil-moly-wax-100ml-wosk-z-mos2\/\">Read more<span class=\"screen-reader-text\">MOLY WAX 100ml WOSK Z MOS2<\/span><\/a><\/p>\n","protected":false},"featured_media":346866,"comment_status":"open","ping_status":"closed","template":"","meta":{"_links_to":"","_links_to_target":""},"yoast_head":"<!-- This site is optimized with the Yoast SEO plugin v19.4 - https:\/\/yoast.com\/wordpress\/plugins\/seo\/ -->\n<title>MOLY WAX 100ml WOSK Z MOS2 - Selleetools.com<\/title>\n<meta name=\"robots\" content=\"index, follow, max-snippet:-1, max-image-preview:large, max-video-preview:-1\" \/>\n<link rel=\"canonical\" href=\"https:\/\/selleetools.com\/product\/evil-moly-wax-100ml-wosk-z-mos2\/\" \/>\n<meta property=\"og:locale\" content=\"pl_PL\" \/>\n<meta property=\"og:type\" content=\"article\" \/>\n<meta property=\"og:title\" content=\"MOLY WAX 100ml WOSK Z MOS2 - Selleetools.com\" \/>\n<meta property=\"og:description\" content=\"Moly Wax, produkt firmy EVIL LUBRICANTS, to specjalny smar w formie woskowej do \u0142a\u0144cucha rowerowego, kt\u00f3ry mo\u017cna nak\u0142ada\u0107 w spos\u00f3b podobny do klasycznych kroplowych olej\u00f3w. Jego w\u0142a\u015bciwo\u015bci staj\u0105 si\u0119 efektywne dopiero po na\u0142o\u017ceniu emulsji woskowej na ogniwa \u0142a\u0144cucha i pozwoleniu na utwardzenie si\u0119 tego mieszanka na powietrzu. G\u0142\u00f3wnym celem jest smarowanie sworzni i tulejek \u0142a\u0144cucha, ... Read moreMOLY WAX 100ml WOSK Z MOS2\" \/>\n<meta property=\"og:url\" content=\"https:\/\/selleetools.com\/product\/evil-moly-wax-100ml-wosk-z-mos2\/\" \/>\n<meta property=\"og:site_name\" content=\"Selleetools.com\" \/>\n<meta property=\"article:modified_time\" content=\"2025-11-20T11:22:00+00:00\" \/>\n<meta property=\"og:image\" content=\"https:\/\/selleetools.com\/wp-content\/uploads\/2024\/07\/molywax.jpg\" \/>\n\t<meta property=\"og:image:width\" content=\"2000\" \/>\n\t<meta property=\"og:image:height\" content=\"2000\" \/>\n\t<meta property=\"og:image:type\" content=\"image\/jpeg\" \/>\n<meta name=\"twitter:card\" content=\"summary_large_image\" \/>\n<meta name=\"twitter:label1\" content=\"Est. reading time\" \/>\n\t<meta name=\"twitter:data1\" content=\"4 minuty\" \/>\n<!-- \/ Yoast SEO plugin. -->","yoast_head_json":{"title":"MOLY WAX 100ml WOSK Z MOS2 - Selleetools.com","robots":{"index":"index","follow":"follow","max-snippet":"max-snippet:-1","max-image-preview":"max-image-preview:large","max-video-preview":"max-video-preview:-1"},"canonical":"https:\/\/selleetools.com\/product\/evil-moly-wax-100ml-wosk-z-mos2\/","og_locale":"pl_PL","og_type":"article","og_title":"MOLY WAX 100ml WOSK Z MOS2 - Selleetools.com","og_description":"Moly Wax, produkt firmy EVIL LUBRICANTS, to specjalny smar w formie woskowej do \u0142a\u0144cucha rowerowego, kt\u00f3ry mo\u017cna nak\u0142ada\u0107 w spos\u00f3b podobny do klasycznych kroplowych olej\u00f3w. Jego w\u0142a\u015bciwo\u015bci staj\u0105 si\u0119 efektywne dopiero po na\u0142o\u017ceniu emulsji woskowej na ogniwa \u0142a\u0144cucha i pozwoleniu na utwardzenie si\u0119 tego mieszanka na powietrzu. G\u0142\u00f3wnym celem jest smarowanie sworzni i tulejek \u0142a\u0144cucha, ... Read moreMOLY WAX 100ml WOSK Z MOS2","og_url":"https:\/\/selleetools.com\/product\/evil-moly-wax-100ml-wosk-z-mos2\/","og_site_name":"Selleetools.com","article_modified_time":"2025-11-20T11:22:00+00:00","og_image":[{"width":2000,"height":2000,"url":"https:\/\/selleetools.com\/wp-content\/uploads\/2024\/07\/molywax.jpg","type":"image\/jpeg"}],"twitter_card":"summary_large_image","twitter_misc":{"Est. reading time":"4 minuty"},"schema":{"@context":"https:\/\/schema.org","@graph":[{"@type":"Organization","@id":"https:\/\/selleetools.com\/#organization","name":"Selleetools","url":"https:\/\/selleetools.com\/","sameAs":[],"logo":{"@type":"ImageObject","inLanguage":"pl-PL","@id":"https:\/\/selleetools.com\/#\/schema\/logo\/image\/","url":"https:\/\/selleetools.com\/wp-content\/uploads\/2021\/10\/logo-dark.png","contentUrl":"https:\/\/selleetools.com\/wp-content\/uploads\/2021\/10\/logo-dark.png","width":320,"height":76,"caption":"Selleetools"},"image":{"@id":"https:\/\/selleetools.com\/#\/schema\/logo\/image\/"}},{"@type":"WebSite","@id":"https:\/\/selleetools.com\/#website","url":"https:\/\/selleetools.com\/","name":"Selleetools.com","description":"","publisher":{"@id":"https:\/\/selleetools.com\/#organization"},"potentialAction":[{"@type":"SearchAction","target":{"@type":"EntryPoint","urlTemplate":"https:\/\/selleetools.com\/?s={search_term_string}"},"query-input":"required name=search_term_string"}],"inLanguage":"pl-PL"},{"@type":"WebPage","@id":"https:\/\/selleetools.com\/product\/evil-moly-wax-100ml-wosk-z-mos2\/","url":"https:\/\/selleetools.com\/product\/evil-moly-wax-100ml-wosk-z-mos2\/","name":"MOLY WAX 100ml WOSK Z MOS2 - Selleetools.com","isPartOf":{"@id":"https:\/\/selleetools.com\/#website"},"datePublished":"2024-02-10T21:57:17+00:00","dateModified":"2025-11-20T11:22:00+00:00","breadcrumb":{"@id":"https:\/\/selleetools.com\/product\/evil-moly-wax-100ml-wosk-z-mos2\/#breadcrumb"},"inLanguage":"pl-PL","potentialAction":[{"@type":"ReadAction","target":["https:\/\/selleetools.com\/product\/evil-moly-wax-100ml-wosk-z-mos2\/"]}]},{"@type":"BreadcrumbList","@id":"https:\/\/selleetools.com\/product\/evil-moly-wax-100ml-wosk-z-mos2\/#breadcrumb","itemListElement":[{"@type":"ListItem","position":1,"name":"Home","item":"https:\/\/selleetools.com\/pl\/"},{"@type":"ListItem","position":2,"name":"Katalog","item":"https:\/\/admincentral.selleetools.com\/pl\/katalog\/"},{"@type":"ListItem","position":3,"name":"MOLY WAX 100ml WOSK Z MOS2"}]}]}},"_links":{"self":[{"href":"https:\/\/selleetools.com\/pl\/wp-json\/wp\/v2\/product\/312403"}],"collection":[{"href":"https:\/\/selleetools.com\/pl\/wp-json\/wp\/v2\/product"}],"about":[{"href":"https:\/\/selleetools.com\/pl\/wp-json\/wp\/v2\/types\/product"}],"replies":[{"embeddable":true,"href":"https:\/\/selleetools.com\/pl\/wp-json\/wp\/v2\/comments?post=312403"}],"wp:featuredmedia":[{"embeddable":true,"href":"https:\/\/selleetools.com\/pl\/wp-json\/wp\/v2\/media\/346866"}],"wp:attachment":[{"href":"https:\/\/selleetools.com\/pl\/wp-json\/wp\/v2\/media?parent=312403"}],"curies":[{"name":"wp","href":"https:\/\/api.w.org\/{rel}","templated":true}]}}