{"id":312334,"date":"2024-02-10T22:56:04","date_gmt":"2024-02-10T21:56:04","guid":{"rendered":"https:\/\/selleetools.com\/?post_type=product&#038;p=312334"},"modified":"2025-11-20T12:22:00","modified_gmt":"2025-11-20T11:22:00","slug":"evil-turbo-clean-foam-400ml-turbo-piana-w-sprayu","status":"publish","type":"product","link":"https:\/\/selleetools.com\/pl\/product\/evil-turbo-clean-foam-400ml-turbo-piana-w-sprayu\/","title":{"rendered":"TURBO CLEAN FOAM 400ml TURBO PIANA W SPRAYU"},"content":{"rendered":"<p>EVIL TURBO CLEAN FOAM to opracowana dla bran\u017cy rowerowej i motoryzacyjnej aktywna pianka ,na bazie terpen\u00f3w pomara\u0144czowych przeznaczona do czyszczenia, usuwania zanieczyszcze\u0144 z powierzchni \u00a0metalowych, plastikowych\u00a0 oraz materia\u0142\u00f3w tekstylnych. EVIL TURBO CLEAN FOAM nie zawiera rozpuszczalnik\u00f3w chlorowcopochodnych, silan\u00f3w, zwi\u0105zk\u00f3w silikonowych\u00a0 i toluenu dzi\u0119ki czemu mo\u017ce by\u0107 bezpiecznie stosowany do wielu powierzchni. Dodatki w postaci inhibitora korozji zabezpieczaj\u0105 \u00a0powierzchnie metalowe od korozji a zastosowanie specjalnej mieszanki powierzchniowo czynnej\u00a0 wraz z aktywnymi sk\u0142adnikami czyszcz\u0105cymi pozwala skutecznie usun\u0105\u0107 zanieczyszczenia z powierzchni\u00a0 szklanych, drewnianych, plastikowych, sprz\u0119tu sportowego nie powoduj\u0105c uszczerbku dla czyszczonych powierzchni. Sk\u0142ad produktu zapewnia niskie napi\u0119cie powierzchniowe na czyszczonej powierzchni, zapewniaj\u0105c doskona\u0142e zwil\u017cenie powierzchni zabrudze\u0144 i zanieczyszcze\u0144, dzi\u0119ki czemu formu\u0142a czyszczenia dzia\u0142a szybciej i skuteczniej. Zmywacz pomara\u0144czowy jest\u00a0 alternatywn\u0105 opcj\u0105 do konwencjonalnych chemikali\u00f3w do czyszczenia, poniewa\u017c jest przyjazna dla \u015brodowiska i nie zawiera szkodliwych substancji chemicznych.<\/p>\n<p>\u015awie\u017cy zapach pomara\u0144czowy jest efektem zastosowania terpen\u00f3w pomara\u0144czowych (LimoneneOils) czyli w\u0119glowodor\u00f3w aromatycznych otrzymywanych w wyniku destylacji z par\u0105 wodn\u0105 sk\u00f3rek\u00a0 owoc\u00f3w cytrusowych, kt\u00f3ry jest\u00a0 silnym rozpuszczalnikiem. Te naturalne oleje doskonale rozpuszczaj\u0105 i emulguj\u0105 wszelkie nierozpuszczalne w wodzie zanieczyszczenia, takie jak t\u0142usty film, film uliczny, t\u0142uszcz, brud i szlam, a tak\u017ce inne zanieczyszczenia zwi\u0105zane z samochodami, takie jak rozpryski owad\u00f3w, soki drzewne, smo\u0142a drogowa, nagromadzony brud itp.<\/p>\n<p>Aktywna piana EVIL TURBO CLEAN FOAM z \u0142atwo\u015bci usuwa trudno schodz\u0105ce zabrudzenia\u00a0 a zapakowanie produktu w puszk\u0119 ci\u015bnieniow\u0105 umo\u017cliwia aplikacj\u0119 \u015brodka czyszcz\u0105cego\u00a0 w ka\u017cdej pozycji\u00a0 nie powoduj\u0105c wyciek\u00f3w.<\/p>\n<p>Aktywna piana EVIL opracowana zosta\u0142a g\u0142\u00f3wnie na potrzeby rynku rowerowego i motocyklowego ale doskonale sprawdza si\u0119 do usuwania t\u0142ustych osad\u00f3w ,smar\u00f3w, etykiet z powierzchni metalowych, zabrudze\u0144 plastik\u00f3w, element\u00f3w wyposa\u017cenia warsztat\u00f3w\u00a0 a tak\u017ce powierzchni tekstylnych, tapicerki\u00a0 i podsufitek.<\/p>\n<p><strong>Spos\u00f3b u\u017cycia: <\/strong>Preparat gotowy do u\u017cycia<\/p>\n<p>1. wstrz\u0105sn\u0105\u0107 przed u\u017cyciem pojemnikiem aerozolowym<\/p>\n<p>2. zanieczyszczon\u0105 powierzchni\u0119 \u00a0spryska\u0107 pian\u0105 i przetrze\u0107 mokr\u0105 szmatk\u0105<\/p>\n<p>3. w przypadku trudnych do usuni\u0119cia zabrudze\u0144, pozostawi\u0107 \u015brodek na czyszczonej powierzchni przez kilka minut<\/p>\n<p><strong>Bezpiecze\u0144stwo stosowania:<\/strong><\/p>\n<ul>\n<li>pojemnik podci\u015bnieniem<\/li>\n<li>nie przechowywa\u0107 i nie rozpyla\u0107 preparatu w pobli\u017cu \u017ar\u00f3de\u0142 iskrzenia, otwartego ognia i innych \u017ar\u00f3de\u0142 zap\u0142onu mog\u0105cych wywo\u0142a\u0107 zap\u0142on<\/li>\n<li>mieszanina nie zawiera sk\u0142adnik\u00f3w sklasyfikowanych jako niebezpieczne dla \u015brodowiska<\/li>\n<\/ul>\n<p>&nbsp;<\/p>\n<p>EVIL TURBO CLEAN FOAM to opracowana dla bran\u017cy rowerowej i motoryzacyjnej aktywna pianka ,na bazie terpen\u00f3w pomara\u0144czowych przeznaczona do czyszczenia, usuwania zanieczyszcze\u0144 z powierzchni \u00a0metalowych, plastikowych\u00a0 oraz materia\u0142\u00f3w tekstylnych.<\/p>\n","protected":false},"excerpt":{"rendered":"<p>EVIL TURBO CLEAN FOAM to opracowana dla bran\u017cy rowerowej i motoryzacyjnej aktywna pianka ,na bazie terpen\u00f3w pomara\u0144czowych przeznaczona do czyszczenia, usuwania zanieczyszcze\u0144 z powierzchni \u00a0metalowych, plastikowych\u00a0 oraz materia\u0142\u00f3w tekstylnych. EVIL TURBO CLEAN FOAM nie zawiera rozpuszczalnik\u00f3w chlorowcopochodnych, silan\u00f3w, zwi\u0105zk\u00f3w silikonowych\u00a0 i toluenu dzi\u0119ki czemu mo\u017ce by\u0107 bezpiecznie stosowany do wielu powierzchni. Dodatki w postaci inhibitora &#8230; <a title=\"TURBO CLEAN FOAM 400ml TURBO PIANA W SPRAYU\" class=\"read-more\" href=\"https:\/\/selleetools.com\/pl\/product\/evil-turbo-clean-foam-400ml-turbo-piana-w-sprayu\/\">Read more<span class=\"screen-reader-text\">TURBO CLEAN FOAM 400ml TURBO PIANA W SPRAYU<\/span><\/a><\/p>\n","protected":false},"featured_media":346854,"comment_status":"open","ping_status":"closed","template":"","meta":{"_links_to":"","_links_to_target":""},"yoast_head":"<!-- This site is optimized with the Yoast SEO plugin v19.4 - https:\/\/yoast.com\/wordpress\/plugins\/seo\/ -->\n<title>TURBO CLEAN FOAM 400ml TURBO PIANA W SPRAYU - Selleetools.com<\/title>\n<meta name=\"robots\" content=\"index, follow, max-snippet:-1, max-image-preview:large, max-video-preview:-1\" \/>\n<link rel=\"canonical\" href=\"https:\/\/admincentral.selleetools.com\/pl\/product\/evil-turbo-clean-foam-400ml-turbo-piana-w-sprayu\/\" \/>\n<meta property=\"og:locale\" content=\"pl_PL\" \/>\n<meta property=\"og:type\" content=\"article\" \/>\n<meta property=\"og:title\" content=\"TURBO CLEAN FOAM 400ml TURBO PIANA W SPRAYU - Selleetools.com\" \/>\n<meta property=\"og:description\" content=\"EVIL TURBO CLEAN FOAM to opracowana dla bran\u017cy rowerowej i motoryzacyjnej aktywna pianka ,na bazie terpen\u00f3w pomara\u0144czowych przeznaczona do czyszczenia, usuwania zanieczyszcze\u0144 z powierzchni \u00a0metalowych, plastikowych\u00a0 oraz materia\u0142\u00f3w tekstylnych. EVIL TURBO CLEAN FOAM nie zawiera rozpuszczalnik\u00f3w chlorowcopochodnych, silan\u00f3w, zwi\u0105zk\u00f3w silikonowych\u00a0 i toluenu dzi\u0119ki czemu mo\u017ce by\u0107 bezpiecznie stosowany do wielu powierzchni. Dodatki w postaci inhibitora ... Read moreTURBO CLEAN FOAM 400ml TURBO PIANA W SPRAYU\" \/>\n<meta property=\"og:url\" content=\"https:\/\/admincentral.selleetools.com\/pl\/product\/evil-turbo-clean-foam-400ml-turbo-piana-w-sprayu\/\" \/>\n<meta property=\"og:site_name\" content=\"Selleetools.com\" \/>\n<meta property=\"article:modified_time\" content=\"2025-11-20T11:22:00+00:00\" \/>\n<meta property=\"og:image\" content=\"https:\/\/selleetools.com\/wp-content\/uploads\/2024\/07\/foam-400.jpg\" \/>\n\t<meta property=\"og:image:width\" content=\"2000\" \/>\n\t<meta property=\"og:image:height\" content=\"2000\" \/>\n\t<meta property=\"og:image:type\" content=\"image\/jpeg\" \/>\n<meta name=\"twitter:card\" content=\"summary_large_image\" \/>\n<meta name=\"twitter:label1\" content=\"Est. reading time\" \/>\n\t<meta name=\"twitter:data1\" content=\"2 minuty\" \/>\n<!-- \/ Yoast SEO plugin. -->","yoast_head_json":{"title":"TURBO CLEAN FOAM 400ml TURBO PIANA W SPRAYU - Selleetools.com","robots":{"index":"index","follow":"follow","max-snippet":"max-snippet:-1","max-image-preview":"max-image-preview:large","max-video-preview":"max-video-preview:-1"},"canonical":"https:\/\/admincentral.selleetools.com\/pl\/product\/evil-turbo-clean-foam-400ml-turbo-piana-w-sprayu\/","og_locale":"pl_PL","og_type":"article","og_title":"TURBO CLEAN FOAM 400ml TURBO PIANA W SPRAYU - Selleetools.com","og_description":"EVIL TURBO CLEAN FOAM to opracowana dla bran\u017cy rowerowej i motoryzacyjnej aktywna pianka ,na bazie terpen\u00f3w pomara\u0144czowych przeznaczona do czyszczenia, usuwania zanieczyszcze\u0144 z powierzchni \u00a0metalowych, plastikowych\u00a0 oraz materia\u0142\u00f3w tekstylnych. EVIL TURBO CLEAN FOAM nie zawiera rozpuszczalnik\u00f3w chlorowcopochodnych, silan\u00f3w, zwi\u0105zk\u00f3w silikonowych\u00a0 i toluenu dzi\u0119ki czemu mo\u017ce by\u0107 bezpiecznie stosowany do wielu powierzchni. Dodatki w postaci inhibitora ... Read moreTURBO CLEAN FOAM 400ml TURBO PIANA W SPRAYU","og_url":"https:\/\/admincentral.selleetools.com\/pl\/product\/evil-turbo-clean-foam-400ml-turbo-piana-w-sprayu\/","og_site_name":"Selleetools.com","article_modified_time":"2025-11-20T11:22:00+00:00","og_image":[{"width":2000,"height":2000,"url":"https:\/\/selleetools.com\/wp-content\/uploads\/2024\/07\/foam-400.jpg","type":"image\/jpeg"}],"twitter_card":"summary_large_image","twitter_misc":{"Est. reading time":"2 minuty"},"schema":{"@context":"https:\/\/schema.org","@graph":[{"@type":"Organization","@id":"https:\/\/selleetools.com\/#organization","name":"Selleetools","url":"https:\/\/selleetools.com\/","sameAs":[],"logo":{"@type":"ImageObject","inLanguage":"pl-PL","@id":"https:\/\/selleetools.com\/#\/schema\/logo\/image\/","url":"https:\/\/selleetools.com\/wp-content\/uploads\/2021\/10\/logo-dark.png","contentUrl":"https:\/\/selleetools.com\/wp-content\/uploads\/2021\/10\/logo-dark.png","width":320,"height":76,"caption":"Selleetools"},"image":{"@id":"https:\/\/selleetools.com\/#\/schema\/logo\/image\/"}},{"@type":"WebSite","@id":"https:\/\/selleetools.com\/#website","url":"https:\/\/selleetools.com\/","name":"Selleetools.com","description":"","publisher":{"@id":"https:\/\/selleetools.com\/#organization"},"potentialAction":[{"@type":"SearchAction","target":{"@type":"EntryPoint","urlTemplate":"https:\/\/selleetools.com\/?s={search_term_string}"},"query-input":"required name=search_term_string"}],"inLanguage":"pl-PL"},{"@type":"WebPage","@id":"https:\/\/admincentral.selleetools.com\/pl\/product\/evil-turbo-clean-foam-400ml-turbo-piana-w-sprayu\/","url":"https:\/\/admincentral.selleetools.com\/pl\/product\/evil-turbo-clean-foam-400ml-turbo-piana-w-sprayu\/","name":"TURBO CLEAN FOAM 400ml TURBO PIANA W SPRAYU - Selleetools.com","isPartOf":{"@id":"https:\/\/selleetools.com\/#website"},"datePublished":"2024-02-10T21:56:04+00:00","dateModified":"2025-11-20T11:22:00+00:00","breadcrumb":{"@id":"https:\/\/admincentral.selleetools.com\/pl\/product\/evil-turbo-clean-foam-400ml-turbo-piana-w-sprayu\/#breadcrumb"},"inLanguage":"pl-PL","potentialAction":[{"@type":"ReadAction","target":["https:\/\/admincentral.selleetools.com\/pl\/product\/evil-turbo-clean-foam-400ml-turbo-piana-w-sprayu\/"]}]},{"@type":"BreadcrumbList","@id":"https:\/\/admincentral.selleetools.com\/pl\/product\/evil-turbo-clean-foam-400ml-turbo-piana-w-sprayu\/#breadcrumb","itemListElement":[{"@type":"ListItem","position":1,"name":"Home","item":"https:\/\/selleetools.com\/pl\/"},{"@type":"ListItem","position":2,"name":"Katalog","item":"https:\/\/selleetools.com\/pl\/katalog\/"},{"@type":"ListItem","position":3,"name":"TURBO CLEAN FOAM 400ml TURBO PIANA W SPRAYU"}]}]}},"_links":{"self":[{"href":"https:\/\/selleetools.com\/pl\/wp-json\/wp\/v2\/product\/312334"}],"collection":[{"href":"https:\/\/selleetools.com\/pl\/wp-json\/wp\/v2\/product"}],"about":[{"href":"https:\/\/selleetools.com\/pl\/wp-json\/wp\/v2\/types\/product"}],"replies":[{"embeddable":true,"href":"https:\/\/selleetools.com\/pl\/wp-json\/wp\/v2\/comments?post=312334"}],"wp:featuredmedia":[{"embeddable":true,"href":"https:\/\/selleetools.com\/pl\/wp-json\/wp\/v2\/media\/346854"}],"wp:attachment":[{"href":"https:\/\/selleetools.com\/pl\/wp-json\/wp\/v2\/media?parent=312334"}],"curies":[{"name":"wp","href":"https:\/\/api.w.org\/{rel}","templated":true}]}}