{"id":312328,"date":"2024-02-10T22:55:56","date_gmt":"2024-02-10T21:55:56","guid":{"rendered":"https:\/\/selleetools.com\/?post_type=product&#038;p=312328"},"modified":"2025-11-20T12:22:00","modified_gmt":"2025-11-20T11:22:00","slug":"evil-deluxe-box-zestaw-prezentowy","status":"publish","type":"product","link":"https:\/\/selleetools.com\/pl\/product\/evil-deluxe-box-zestaw-prezentowy\/","title":{"rendered":"DELUXE BOX ZESTAW PREZENTOWY ++"},"content":{"rendered":"<p>Ka\u017cdy kolarz lub rowerzysta amator musi u\u017cywa\u0107 do swojego roweru \u015brodk\u00f3w smarnych i smar\u00f3w Gwiazdkowy prezent dla kolarza to wspania\u0142e rozwi\u0105zanie: Zebrali\u015bmy w jedno opakowanie i zapakowali\u015bmy w estetyczne drewniane pude\u0142ko smary niezb\u0119dne ka\u017cdemu rowerzy\u015bcie lub kolarzowi i za przyst\u0119pn\u0105 cen\u0119 oferujemy pa\u0144stwu zestaw smarny <strong>Deluxe BOX<\/strong> .<\/p>\n<p>W sk\u0142ad zestawu wchodz\u0105 smary niezb\u0119dne dla roweru g\u00f3rskiego, szosowego niezale\u017cnie od tego czy jest to jazda sportowa czy amatorska .<\/p>\n<ol>\n<li><a href=\"http:\/\/evillubricants.pl\/produkt\/dry-lube\/\">DRY LUBE 100ml<\/a><\/li>\n<li><a href=\"http:\/\/evillubricants.pl\/produkt\/wet-lube-100ml\/\">WET LUBE 100ml<\/a><\/li>\n<li><a href=\"http:\/\/evillubricants.pl\/produkt\/fast-grease\/\">FAST GREASE 100ml<\/a><\/li>\n<li><a href=\"http:\/\/evillubricants.pl\/produkt\/cabling\/\">CABLING\u00a0 30ml<\/a><\/li>\n<li><a href=\"http:\/\/evillubricants.pl\/produkt\/fork-grease\/\">FORK 10ml<\/a><\/li>\n<li><a href=\"http:\/\/evillubricants.pl\/produkt\/shine\/\">SHINE PROTECT 250ml<\/a><\/li>\n<\/ol>\n<p>Ten zestaw jest przeznaczony dla m\u0142odego zawodowca i wytrawnego amatora. Je\u017celi chcecie Pa\u0144stwo zestaw o innym wyposa\u017ceniu to zapraszamy do przeanalizowania zestaw\u00f3w :\u00a0 Standard BOX, Premium BOX, Exclusive BOX<\/p>\n","protected":false},"excerpt":{"rendered":"<p>Ka\u017cdy kolarz lub rowerzysta amator musi u\u017cywa\u0107 do swojego roweru \u015brodk\u00f3w smarnych i smar\u00f3w Gwiazdkowy prezent dla kolarza to wspania\u0142e rozwi\u0105zanie: Zebrali\u015bmy w jedno opakowanie i zapakowali\u015bmy w estetyczne drewniane pude\u0142ko smary niezb\u0119dne ka\u017cdemu rowerzy\u015bcie lub kolarzowi i za przyst\u0119pn\u0105 cen\u0119 oferujemy pa\u0144stwu zestaw smarny Deluxe BOX . W sk\u0142ad zestawu wchodz\u0105 smary niezb\u0119dne dla &#8230; <a title=\"DELUXE BOX ZESTAW PREZENTOWY ++\" class=\"read-more\" href=\"https:\/\/selleetools.com\/pl\/product\/evil-deluxe-box-zestaw-prezentowy\/\">Read more<span class=\"screen-reader-text\">DELUXE BOX ZESTAW PREZENTOWY ++<\/span><\/a><\/p>\n","protected":false},"featured_media":346850,"comment_status":"open","ping_status":"closed","template":"","meta":{"_links_to":"","_links_to_target":""},"yoast_head":"<!-- This site is optimized with the Yoast SEO plugin v19.4 - https:\/\/yoast.com\/wordpress\/plugins\/seo\/ -->\n<title>DELUXE BOX ZESTAW PREZENTOWY ++ - Selleetools.com<\/title>\n<meta name=\"robots\" content=\"index, follow, max-snippet:-1, max-image-preview:large, max-video-preview:-1\" \/>\n<link rel=\"canonical\" href=\"https:\/\/admincentral.selleetools.com\/product\/evil-deluxe-box-zestaw-prezentowy\/\" \/>\n<meta property=\"og:locale\" content=\"pl_PL\" \/>\n<meta property=\"og:type\" content=\"article\" \/>\n<meta property=\"og:title\" content=\"DELUXE BOX ZESTAW PREZENTOWY ++ - Selleetools.com\" \/>\n<meta property=\"og:description\" content=\"Ka\u017cdy kolarz lub rowerzysta amator musi u\u017cywa\u0107 do swojego roweru \u015brodk\u00f3w smarnych i smar\u00f3w Gwiazdkowy prezent dla kolarza to wspania\u0142e rozwi\u0105zanie: Zebrali\u015bmy w jedno opakowanie i zapakowali\u015bmy w estetyczne drewniane pude\u0142ko smary niezb\u0119dne ka\u017cdemu rowerzy\u015bcie lub kolarzowi i za przyst\u0119pn\u0105 cen\u0119 oferujemy pa\u0144stwu zestaw smarny Deluxe BOX . W sk\u0142ad zestawu wchodz\u0105 smary niezb\u0119dne dla ... Read moreDELUXE BOX ZESTAW PREZENTOWY ++\" \/>\n<meta property=\"og:url\" content=\"https:\/\/admincentral.selleetools.com\/product\/evil-deluxe-box-zestaw-prezentowy\/\" \/>\n<meta property=\"og:site_name\" content=\"Selleetools.com\" \/>\n<meta property=\"article:modified_time\" content=\"2025-11-20T11:22:00+00:00\" \/>\n<meta property=\"og:image\" content=\"https:\/\/selleetools.com\/wp-content\/uploads\/2024\/07\/DELUXE-BOX.jpg\" \/>\n\t<meta property=\"og:image:width\" content=\"2000\" \/>\n\t<meta property=\"og:image:height\" content=\"2000\" \/>\n\t<meta property=\"og:image:type\" content=\"image\/jpeg\" \/>\n<meta name=\"twitter:card\" content=\"summary_large_image\" \/>\n<meta name=\"twitter:label1\" content=\"Est. reading time\" \/>\n\t<meta name=\"twitter:data1\" content=\"1 minuta\" \/>\n<!-- \/ Yoast SEO plugin. -->","yoast_head_json":{"title":"DELUXE BOX ZESTAW PREZENTOWY ++ - Selleetools.com","robots":{"index":"index","follow":"follow","max-snippet":"max-snippet:-1","max-image-preview":"max-image-preview:large","max-video-preview":"max-video-preview:-1"},"canonical":"https:\/\/admincentral.selleetools.com\/product\/evil-deluxe-box-zestaw-prezentowy\/","og_locale":"pl_PL","og_type":"article","og_title":"DELUXE BOX ZESTAW PREZENTOWY ++ - Selleetools.com","og_description":"Ka\u017cdy kolarz lub rowerzysta amator musi u\u017cywa\u0107 do swojego roweru \u015brodk\u00f3w smarnych i smar\u00f3w Gwiazdkowy prezent dla kolarza to wspania\u0142e rozwi\u0105zanie: Zebrali\u015bmy w jedno opakowanie i zapakowali\u015bmy w estetyczne drewniane pude\u0142ko smary niezb\u0119dne ka\u017cdemu rowerzy\u015bcie lub kolarzowi i za przyst\u0119pn\u0105 cen\u0119 oferujemy pa\u0144stwu zestaw smarny Deluxe BOX . W sk\u0142ad zestawu wchodz\u0105 smary niezb\u0119dne dla ... Read moreDELUXE BOX ZESTAW PREZENTOWY ++","og_url":"https:\/\/admincentral.selleetools.com\/product\/evil-deluxe-box-zestaw-prezentowy\/","og_site_name":"Selleetools.com","article_modified_time":"2025-11-20T11:22:00+00:00","og_image":[{"width":2000,"height":2000,"url":"https:\/\/selleetools.com\/wp-content\/uploads\/2024\/07\/DELUXE-BOX.jpg","type":"image\/jpeg"}],"twitter_card":"summary_large_image","twitter_misc":{"Est. reading time":"1 minuta"},"schema":{"@context":"https:\/\/schema.org","@graph":[{"@type":"Organization","@id":"https:\/\/selleetools.com\/#organization","name":"Selleetools","url":"https:\/\/selleetools.com\/","sameAs":[],"logo":{"@type":"ImageObject","inLanguage":"pl-PL","@id":"https:\/\/selleetools.com\/#\/schema\/logo\/image\/","url":"https:\/\/selleetools.com\/wp-content\/uploads\/2021\/10\/logo-dark.png","contentUrl":"https:\/\/selleetools.com\/wp-content\/uploads\/2021\/10\/logo-dark.png","width":320,"height":76,"caption":"Selleetools"},"image":{"@id":"https:\/\/selleetools.com\/#\/schema\/logo\/image\/"}},{"@type":"WebSite","@id":"https:\/\/selleetools.com\/#website","url":"https:\/\/selleetools.com\/","name":"Selleetools.com","description":"","publisher":{"@id":"https:\/\/selleetools.com\/#organization"},"potentialAction":[{"@type":"SearchAction","target":{"@type":"EntryPoint","urlTemplate":"https:\/\/selleetools.com\/?s={search_term_string}"},"query-input":"required name=search_term_string"}],"inLanguage":"pl-PL"},{"@type":"WebPage","@id":"https:\/\/admincentral.selleetools.com\/product\/evil-deluxe-box-zestaw-prezentowy\/","url":"https:\/\/admincentral.selleetools.com\/product\/evil-deluxe-box-zestaw-prezentowy\/","name":"DELUXE BOX ZESTAW PREZENTOWY ++ - Selleetools.com","isPartOf":{"@id":"https:\/\/selleetools.com\/#website"},"datePublished":"2024-02-10T21:55:56+00:00","dateModified":"2025-11-20T11:22:00+00:00","breadcrumb":{"@id":"https:\/\/admincentral.selleetools.com\/product\/evil-deluxe-box-zestaw-prezentowy\/#breadcrumb"},"inLanguage":"pl-PL","potentialAction":[{"@type":"ReadAction","target":["https:\/\/admincentral.selleetools.com\/product\/evil-deluxe-box-zestaw-prezentowy\/"]}]},{"@type":"BreadcrumbList","@id":"https:\/\/admincentral.selleetools.com\/product\/evil-deluxe-box-zestaw-prezentowy\/#breadcrumb","itemListElement":[{"@type":"ListItem","position":1,"name":"Home","item":"https:\/\/selleetools.com\/pl\/"},{"@type":"ListItem","position":2,"name":"Katalog","item":"https:\/\/selleetools.com\/pl\/katalog\/"},{"@type":"ListItem","position":3,"name":"DELUXE BOX ZESTAW PREZENTOWY ++"}]}]}},"_links":{"self":[{"href":"https:\/\/selleetools.com\/pl\/wp-json\/wp\/v2\/product\/312328"}],"collection":[{"href":"https:\/\/selleetools.com\/pl\/wp-json\/wp\/v2\/product"}],"about":[{"href":"https:\/\/selleetools.com\/pl\/wp-json\/wp\/v2\/types\/product"}],"replies":[{"embeddable":true,"href":"https:\/\/selleetools.com\/pl\/wp-json\/wp\/v2\/comments?post=312328"}],"wp:featuredmedia":[{"embeddable":true,"href":"https:\/\/selleetools.com\/pl\/wp-json\/wp\/v2\/media\/346850"}],"wp:attachment":[{"href":"https:\/\/selleetools.com\/pl\/wp-json\/wp\/v2\/media?parent=312328"}],"curies":[{"name":"wp","href":"https:\/\/api.w.org\/{rel}","templated":true}]}}