{"id":312325,"date":"2024-02-10T22:55:52","date_gmt":"2024-02-10T21:55:52","guid":{"rendered":"https:\/\/selleetools.com\/?post_type=product&#038;p=312325"},"modified":"2025-11-20T12:22:00","modified_gmt":"2025-11-20T11:22:00","slug":"evil-premium-box-zestaw-prezentowy","status":"publish","type":"product","link":"https:\/\/selleetools.com\/pl\/product\/evil-premium-box-zestaw-prezentowy\/","title":{"rendered":"PREMIUM BOX ZESTAW PREZENTOWY +++"},"content":{"rendered":"<p>e\u017celi sami u\u017cywamy roweru do d\u0142ugich lub ekstremalnych wypad\u00f3w b\u0105d\u017a jazdy zawodniczej to niezb\u0119dne b\u0119d\u0105 nam b\u0105d\u017a naszym najbli\u017cszym smary i preparaty chemiczne do konserwacji i prawid\u0142owej eksploatacji roweru.<\/p>\n<p>Jako producent \u015brodk\u00f3w smarnych dla przemys\u0142u rowerowego\u00a0 przygotowali\u015bmy zastaw smar\u00f3w niezb\u0119dny ka\u017cdemu dla kogo rower stanowi nie tylko niedzielny \u015brodek transportu na wycieczk\u0119 za miasto.<\/p>\n<p>W drewniane estetyczne opakowanie zapakowali\u015bmy wszystkie niezb\u0119dne smary i nazwali\u015bmy <strong>Premium BOX<\/strong>. Pude\u0142ko zawiera:<\/p>\n<ol>\n<li><a href=\"http:\/\/evillubricants.pl\/produkt\/dry-lube\/\">DRY LUBE 100ml<\/a><\/li>\n<li><a href=\"http:\/\/evillubricants.pl\/produkt\/wet-lube-100ml\/\">WET LUBE 100ml<\/a><\/li>\n<li><a href=\"http:\/\/evillubricants.pl\/produkt\/micro-lube-100ml\/\">MICRO LUBE 100ml<\/a><\/li>\n<li><a href=\"http:\/\/evillubricants.pl\/produkt\/fast-grease\/\">FAST GREASE 100ml<\/a><\/li>\n<li><a href=\"http:\/\/evillubricants.pl\/produkt\/cabling\/\">CABLING\u00a0 30ml<\/a><\/li>\n<li><a href=\"http:\/\/evillubricants.pl\/produkt\/fork-grease\/\">FORK 10ml<\/a><\/li>\n<li><a href=\"http:\/\/evillubricants.pl\/produkt\/shine\/\">SHINE PROTECT 250ml<\/a><\/li>\n<li><a href=\"http:\/\/evillubricants.pl\/produkt\/screw-grease\/\">SCREW GREASE 60ml<\/a><\/li>\n<li><a href=\"http:\/\/evillubricants.pl\/produkt\/bike-cleaner-500ml\/\">BIKE CLEANER 500ml<\/a><\/li>\n<\/ol>\n<p>Du\u017cy zestaw kt\u00f3ry zaspokoi potrzeby kolarza \u015bcigaj\u0105cego si\u0119 sportowo jak r\u00f3wnie\u017c wytrawnego g\u00f3rala b\u0105d\u017a rowerzysty BMX. Je\u017celi chcecie Pa\u0144stwo zestaw o innym wyposa\u017ceniu to zapraszamy do przeanalizowania zestaw\u00f3w : Standard BOX, Deluxe BOX , Exclusive BOX<\/p>\n","protected":false},"excerpt":{"rendered":"<p>e\u017celi sami u\u017cywamy roweru do d\u0142ugich lub ekstremalnych wypad\u00f3w b\u0105d\u017a jazdy zawodniczej to niezb\u0119dne b\u0119d\u0105 nam b\u0105d\u017a naszym najbli\u017cszym smary i preparaty chemiczne do konserwacji i prawid\u0142owej eksploatacji roweru. Jako producent \u015brodk\u00f3w smarnych dla przemys\u0142u rowerowego\u00a0 przygotowali\u015bmy zastaw smar\u00f3w niezb\u0119dny ka\u017cdemu dla kogo rower stanowi nie tylko niedzielny \u015brodek transportu na wycieczk\u0119 za miasto. W &#8230; <a title=\"PREMIUM BOX ZESTAW PREZENTOWY +++\" class=\"read-more\" href=\"https:\/\/selleetools.com\/pl\/product\/evil-premium-box-zestaw-prezentowy\/\">Read more<span class=\"screen-reader-text\">PREMIUM BOX ZESTAW PREZENTOWY +++<\/span><\/a><\/p>\n","protected":false},"featured_media":346848,"comment_status":"open","ping_status":"closed","template":"","meta":{"_links_to":"","_links_to_target":""},"yoast_head":"<!-- This site is optimized with the Yoast SEO plugin v19.4 - https:\/\/yoast.com\/wordpress\/plugins\/seo\/ -->\n<title>PREMIUM BOX ZESTAW PREZENTOWY +++ - Selleetools.com<\/title>\n<meta name=\"robots\" content=\"index, follow, max-snippet:-1, max-image-preview:large, max-video-preview:-1\" \/>\n<link rel=\"canonical\" href=\"https:\/\/admincentral.selleetools.com\/pl\/product\/evil-premium-box-zestaw-prezentowy\/\" \/>\n<meta property=\"og:locale\" content=\"pl_PL\" \/>\n<meta property=\"og:type\" content=\"article\" \/>\n<meta property=\"og:title\" content=\"PREMIUM BOX ZESTAW PREZENTOWY +++ - Selleetools.com\" \/>\n<meta property=\"og:description\" content=\"e\u017celi sami u\u017cywamy roweru do d\u0142ugich lub ekstremalnych wypad\u00f3w b\u0105d\u017a jazdy zawodniczej to niezb\u0119dne b\u0119d\u0105 nam b\u0105d\u017a naszym najbli\u017cszym smary i preparaty chemiczne do konserwacji i prawid\u0142owej eksploatacji roweru. Jako producent \u015brodk\u00f3w smarnych dla przemys\u0142u rowerowego\u00a0 przygotowali\u015bmy zastaw smar\u00f3w niezb\u0119dny ka\u017cdemu dla kogo rower stanowi nie tylko niedzielny \u015brodek transportu na wycieczk\u0119 za miasto. W ... Read morePREMIUM BOX ZESTAW PREZENTOWY +++\" \/>\n<meta property=\"og:url\" content=\"https:\/\/admincentral.selleetools.com\/pl\/product\/evil-premium-box-zestaw-prezentowy\/\" \/>\n<meta property=\"og:site_name\" content=\"Selleetools.com\" \/>\n<meta property=\"article:modified_time\" content=\"2025-11-20T11:22:00+00:00\" \/>\n<meta property=\"og:image\" content=\"https:\/\/selleetools.com\/wp-content\/uploads\/2024\/07\/PREMIUM-BOX.jpg\" \/>\n\t<meta property=\"og:image:width\" content=\"2000\" \/>\n\t<meta property=\"og:image:height\" content=\"2000\" \/>\n\t<meta property=\"og:image:type\" content=\"image\/jpeg\" \/>\n<meta name=\"twitter:card\" content=\"summary_large_image\" \/>\n<meta name=\"twitter:label1\" content=\"Est. reading time\" \/>\n\t<meta name=\"twitter:data1\" content=\"1 minuta\" \/>\n<!-- \/ Yoast SEO plugin. -->","yoast_head_json":{"title":"PREMIUM BOX ZESTAW PREZENTOWY +++ - Selleetools.com","robots":{"index":"index","follow":"follow","max-snippet":"max-snippet:-1","max-image-preview":"max-image-preview:large","max-video-preview":"max-video-preview:-1"},"canonical":"https:\/\/admincentral.selleetools.com\/pl\/product\/evil-premium-box-zestaw-prezentowy\/","og_locale":"pl_PL","og_type":"article","og_title":"PREMIUM BOX ZESTAW PREZENTOWY +++ - Selleetools.com","og_description":"e\u017celi sami u\u017cywamy roweru do d\u0142ugich lub ekstremalnych wypad\u00f3w b\u0105d\u017a jazdy zawodniczej to niezb\u0119dne b\u0119d\u0105 nam b\u0105d\u017a naszym najbli\u017cszym smary i preparaty chemiczne do konserwacji i prawid\u0142owej eksploatacji roweru. Jako producent \u015brodk\u00f3w smarnych dla przemys\u0142u rowerowego\u00a0 przygotowali\u015bmy zastaw smar\u00f3w niezb\u0119dny ka\u017cdemu dla kogo rower stanowi nie tylko niedzielny \u015brodek transportu na wycieczk\u0119 za miasto. W ... Read morePREMIUM BOX ZESTAW PREZENTOWY +++","og_url":"https:\/\/admincentral.selleetools.com\/pl\/product\/evil-premium-box-zestaw-prezentowy\/","og_site_name":"Selleetools.com","article_modified_time":"2025-11-20T11:22:00+00:00","og_image":[{"width":2000,"height":2000,"url":"https:\/\/selleetools.com\/wp-content\/uploads\/2024\/07\/PREMIUM-BOX.jpg","type":"image\/jpeg"}],"twitter_card":"summary_large_image","twitter_misc":{"Est. reading time":"1 minuta"},"schema":{"@context":"https:\/\/schema.org","@graph":[{"@type":"Organization","@id":"https:\/\/selleetools.com\/#organization","name":"Selleetools","url":"https:\/\/selleetools.com\/","sameAs":[],"logo":{"@type":"ImageObject","inLanguage":"pl-PL","@id":"https:\/\/selleetools.com\/#\/schema\/logo\/image\/","url":"https:\/\/selleetools.com\/wp-content\/uploads\/2021\/10\/logo-dark.png","contentUrl":"https:\/\/selleetools.com\/wp-content\/uploads\/2021\/10\/logo-dark.png","width":320,"height":76,"caption":"Selleetools"},"image":{"@id":"https:\/\/selleetools.com\/#\/schema\/logo\/image\/"}},{"@type":"WebSite","@id":"https:\/\/selleetools.com\/#website","url":"https:\/\/selleetools.com\/","name":"Selleetools.com","description":"","publisher":{"@id":"https:\/\/selleetools.com\/#organization"},"potentialAction":[{"@type":"SearchAction","target":{"@type":"EntryPoint","urlTemplate":"https:\/\/selleetools.com\/?s={search_term_string}"},"query-input":"required name=search_term_string"}],"inLanguage":"pl-PL"},{"@type":"WebPage","@id":"https:\/\/admincentral.selleetools.com\/pl\/product\/evil-premium-box-zestaw-prezentowy\/","url":"https:\/\/admincentral.selleetools.com\/pl\/product\/evil-premium-box-zestaw-prezentowy\/","name":"PREMIUM BOX ZESTAW PREZENTOWY +++ - Selleetools.com","isPartOf":{"@id":"https:\/\/selleetools.com\/#website"},"datePublished":"2024-02-10T21:55:52+00:00","dateModified":"2025-11-20T11:22:00+00:00","breadcrumb":{"@id":"https:\/\/admincentral.selleetools.com\/pl\/product\/evil-premium-box-zestaw-prezentowy\/#breadcrumb"},"inLanguage":"pl-PL","potentialAction":[{"@type":"ReadAction","target":["https:\/\/admincentral.selleetools.com\/pl\/product\/evil-premium-box-zestaw-prezentowy\/"]}]},{"@type":"BreadcrumbList","@id":"https:\/\/admincentral.selleetools.com\/pl\/product\/evil-premium-box-zestaw-prezentowy\/#breadcrumb","itemListElement":[{"@type":"ListItem","position":1,"name":"Home","item":"https:\/\/selleetools.com\/pl\/"},{"@type":"ListItem","position":2,"name":"Katalog","item":"https:\/\/selleetools.com\/pl\/katalog\/"},{"@type":"ListItem","position":3,"name":"PREMIUM BOX ZESTAW PREZENTOWY +++"}]}]}},"_links":{"self":[{"href":"https:\/\/selleetools.com\/pl\/wp-json\/wp\/v2\/product\/312325"}],"collection":[{"href":"https:\/\/selleetools.com\/pl\/wp-json\/wp\/v2\/product"}],"about":[{"href":"https:\/\/selleetools.com\/pl\/wp-json\/wp\/v2\/types\/product"}],"replies":[{"embeddable":true,"href":"https:\/\/selleetools.com\/pl\/wp-json\/wp\/v2\/comments?post=312325"}],"wp:featuredmedia":[{"embeddable":true,"href":"https:\/\/selleetools.com\/pl\/wp-json\/wp\/v2\/media\/346848"}],"wp:attachment":[{"href":"https:\/\/selleetools.com\/pl\/wp-json\/wp\/v2\/media?parent=312325"}],"curies":[{"name":"wp","href":"https:\/\/api.w.org\/{rel}","templated":true}]}}