{"id":311872,"date":"2024-01-26T17:29:40","date_gmt":"2024-01-26T16:29:40","guid":{"rendered":"https:\/\/selleetools.com\/?post_type=product&#038;p=311872"},"modified":"2024-07-08T13:49:30","modified_gmt":"2024-07-08T11:49:30","slug":"wozek-plazowy-sup-kajak-przyczepisz-do-wszystkiego-zlozysz-na-plasko","status":"publish","type":"product","link":"https:\/\/selleetools.com\/pl\/product\/wozek-plazowy-sup-kajak-przyczepisz-do-wszystkiego-zlozysz-na-plasko\/","title":{"rendered":"W\u00f3zek pla\u017cowy SUP kajak. Przyczepisz do wszystkiego, z\u0142o\u017cysz na p\u0142asko"},"content":{"rendered":"<div class=\"mp4t_16_s mryx_16_s mr3m_1 mli2_1 mh85_56 mh85_0_l\">\n<div class=\"mgn2_16 _0d3bd_am0a-\">\n<p><b>W\u00f3zek pla\u017cowy Strandwagen &#8211; lekki, nadmuchiwany, uniwersalny. \u0141atwo przyczepisz go do wszystkiego, a po u\u017cyciu z\u0142o\u017cysz na p\u0142asko. Idealny towarzysz.<\/b><\/p>\n<\/div>\n<div class=\"mp4t_16_s mryx_16_s mr3m_1 mli2_1 mh85_56 mh85_0_l\">\n<div class=\"mgn2_16 _0d3bd_am0a-\">\n<p>Ten w\u00f3zek umo\u017cliwia przypi\u0119cie do siebie r\u00f3\u017cnych przedmiot\u00f3w, takich jak le\u017cak pla\u017cowy czy SUP (Stand Up Paddleboard), na kt\u00f3rym mo\u017cesz umie\u015bci\u0107 torby lub sk\u0142adane krzes\u0142a \u2013 idealne do zabrania na pla\u017c\u0119. Przyczepiasz go b\u0142yskawicznie za pomoc\u0105 klamer do tego, co chcesz aktualnie zabra\u0107. Po wypuszczeniu powietrza \u0142atwo sk\u0142ada si\u0119 na p\u0142asko, co pozwala na wygodne przechowywanie w baga\u017cniku bez zajmowania du\u017co miejsca. Doskonale porusza si\u0119 po r\u00f3\u017cnych rodzajach powierzchni, w\u0142\u0105czaj\u0105c w to sypki piasek na pla\u017cy. Pompowanie jest proste i nie wymaga u\u017cycia pompki \u2013 wystarcz\u0105 tylko trzy dmuchni\u0119cia. Jest to polski produkt, co dodatkowo potwierdza jego jako\u015b\u0107.<\/p>\n<\/div>\n<\/div>\n<div class=\"mpof_ki myre_zn myre_8v_l m389_6m_l\">\n<div class=\"mp4t_16_s mryx_16_s mr3m_1 mli2_1 mh85_56 mh85_0_l\">\n<div class=\"mgn2_16 _0d3bd_am0a-\">\n<ul>\n<li>Mobilno\u015b\u0107 i \u0142atwy transport: przymocuj w\u00f3zek pla\u017cowy do dowolnego przedmiotu, gwarantuj\u0105c wygodny transport na pla\u017c\u0119 lub inne tereny rekreacyjne.<\/li>\n<li>Transport samego w\u00f3zka: Sk\u0142adany w\u00f3zek zajmuje minimaln\u0105 ilo\u015b\u0107 miejsca w samochodzie, co u\u0142atwia przechowywanie i transport.<\/li>\n<li>Wszechstronno\u015b\u0107: pompowane ko\u0142a zapewniaj\u0105 doskona\u0142\u0105 przyczepno\u015b\u0107 na r\u00f3\u017cnych powierzchniach, takich jak piasek, trawa i \u017cwir, asfalt umo\u017cliwiaj\u0105c swobodn\u0105 jazd\u0119 w\u00f3zkiem po r\u00f3\u017cnorodnych nawierzchniach.<\/li>\n<li>Komfort i stabilno\u015b\u0107: pompowane ko\u0142a skutecznie t\u0142umi\u0105 wstrz\u0105sy i nier\u00f3wno\u015bci terenu.<\/li>\n<li>\u0141atwy transport baga\u017cu: w\u00f3zek pla\u017cowy u\u0142atwia przenoszenie akcesori\u00f3w pla\u017cowych, \u017cywno\u015bci, napoj\u00f3w lub sprz\u0119tu pla\u017cowego bez konieczno\u015bci noszenia wszystkiego na plecach, w r\u0119kach czy na ramieniu.<\/li>\n<li>Stabilno\u015b\u0107 baga\u017cu: solidna konstrukcja i mo\u017cliwo\u015b\u0107 przewo\u017cenia wi\u0119kszej ilo\u015bci przedmiot\u00f3w zwi\u0119kszaj\u0105 stabilno\u015b\u0107 baga\u017cu, co jest szczeg\u00f3lnie istotne podczas podr\u00f3\u017cowania po nier\u00f3wnym terenie.<\/li>\n<li>Szybkie i \u0142atwe obs\u0142uga: sprawne mocowanie i szybkie pompowanie i wypuszczanie powietrza z k\u00f3\u0142 w\u00f3zka pla\u017cowego oszcz\u0119dza czas i wysi\u0142ek, co jest kluczowe, gdy chcesz szybko przygotowa\u0107 si\u0119 do relaksu na pla\u017cy.<\/li>\n<li>Trwa\u0142o\u015b\u0107 i jako\u015b\u0107 materia\u0142\u00f3w: w\u00f3zek wykonany jest z wysokiej jako\u015bci materia\u0142\u00f3w, nylon 6.6 powleczony warstw\u0105 TPU, co gwarantuje trwa\u0142o\u015b\u0107 i odporno\u015b\u0107 na warunki atmosferyczne, zapewniaj\u0105c d\u0142ugotrwa\u0142e u\u017cytkowanie.<\/li>\n<li>Estetyczny wygl\u0105d: W\u00f3zek pla\u017cowy wyr\u00f3\u017cnia si\u0119 atrakcyjnym designem, co sprawia, \u017ce jest nie tylko praktycznym, ale tak\u017ce estetycznym wyposa\u017ceniem pla\u017cowym.<\/li>\n<li>Produkt wyprodukowany w Polsce, dostarczany bezpo\u015brednio od producenta, chroniony prawem w\u0142asno\u015bci przemys\u0142owej.<\/li>\n<\/ul>\n<\/div>\n<\/div>\n<\/div>\n<p>&nbsp;<\/p>\n<\/div>\n","protected":false},"excerpt":{"rendered":"<p>W\u00f3zek pla\u017cowy Strandwagen &#8211; lekki, nadmuchiwany, uniwersalny. \u0141atwo przyczepisz go do wszystkiego, a po u\u017cyciu z\u0142o\u017cysz na p\u0142asko. Idealny towarzysz. Ten w\u00f3zek umo\u017cliwia przypi\u0119cie do siebie r\u00f3\u017cnych przedmiot\u00f3w, takich jak le\u017cak pla\u017cowy czy SUP (Stand Up Paddleboard), na kt\u00f3rym mo\u017cesz umie\u015bci\u0107 torby lub sk\u0142adane krzes\u0142a \u2013 idealne do zabrania na pla\u017c\u0119. Przyczepiasz go b\u0142yskawicznie za &#8230; <a title=\"W\u00f3zek pla\u017cowy SUP kajak. Przyczepisz do wszystkiego, z\u0142o\u017cysz na p\u0142asko\" class=\"read-more\" href=\"https:\/\/selleetools.com\/pl\/product\/wozek-plazowy-sup-kajak-przyczepisz-do-wszystkiego-zlozysz-na-plasko\/\">Read more<span class=\"screen-reader-text\">W\u00f3zek pla\u017cowy SUP kajak. Przyczepisz do wszystkiego, z\u0142o\u017cysz na p\u0142asko<\/span><\/a><\/p>\n","protected":false},"featured_media":346600,"comment_status":"closed","ping_status":"closed","template":"","meta":{"_links_to":"","_links_to_target":""},"yoast_head":"<!-- This site is optimized with the Yoast SEO plugin v19.4 - https:\/\/yoast.com\/wordpress\/plugins\/seo\/ -->\n<title>W\u00f3zek pla\u017cowy SUP kajak. Przyczepisz do wszystkiego, z\u0142o\u017cysz na p\u0142asko - Selleetools.com<\/title>\n<meta name=\"robots\" content=\"index, follow, max-snippet:-1, max-image-preview:large, max-video-preview:-1\" \/>\n<link rel=\"canonical\" href=\"https:\/\/selleetools.com\/product\/wozek-plazowy-sup-kajak-przyczepisz-do-wszystkiego-zlozysz-na-plasko\/\" \/>\n<meta property=\"og:locale\" content=\"pl_PL\" \/>\n<meta property=\"og:type\" content=\"article\" \/>\n<meta property=\"og:title\" content=\"W\u00f3zek pla\u017cowy SUP kajak. Przyczepisz do wszystkiego, z\u0142o\u017cysz na p\u0142asko - Selleetools.com\" \/>\n<meta property=\"og:description\" content=\"W\u00f3zek pla\u017cowy Strandwagen &#8211; lekki, nadmuchiwany, uniwersalny. \u0141atwo przyczepisz go do wszystkiego, a po u\u017cyciu z\u0142o\u017cysz na p\u0142asko. Idealny towarzysz. Ten w\u00f3zek umo\u017cliwia przypi\u0119cie do siebie r\u00f3\u017cnych przedmiot\u00f3w, takich jak le\u017cak pla\u017cowy czy SUP (Stand Up Paddleboard), na kt\u00f3rym mo\u017cesz umie\u015bci\u0107 torby lub sk\u0142adane krzes\u0142a \u2013 idealne do zabrania na pla\u017c\u0119. Przyczepiasz go b\u0142yskawicznie za ... Read moreW\u00f3zek pla\u017cowy SUP kajak. Przyczepisz do wszystkiego, z\u0142o\u017cysz na p\u0142asko\" \/>\n<meta property=\"og:url\" content=\"https:\/\/selleetools.com\/product\/wozek-plazowy-sup-kajak-przyczepisz-do-wszystkiego-zlozysz-na-plasko\/\" \/>\n<meta property=\"og:site_name\" content=\"Selleetools.com\" \/>\n<meta property=\"article:modified_time\" content=\"2024-07-08T11:49:30+00:00\" \/>\n<meta property=\"og:image\" content=\"https:\/\/selleetools.com\/wp-content\/uploads\/2024\/07\/main1ii73-Duzy.jpg\" \/>\n\t<meta property=\"og:image:width\" content=\"1080\" \/>\n\t<meta property=\"og:image:height\" content=\"1080\" \/>\n\t<meta property=\"og:image:type\" content=\"image\/jpeg\" \/>\n<meta name=\"twitter:card\" content=\"summary_large_image\" \/>\n<meta name=\"twitter:label1\" content=\"Est. reading time\" \/>\n\t<meta name=\"twitter:data1\" content=\"2 minuty\" \/>\n<!-- \/ Yoast SEO plugin. -->","yoast_head_json":{"title":"W\u00f3zek pla\u017cowy SUP kajak. Przyczepisz do wszystkiego, z\u0142o\u017cysz na p\u0142asko - Selleetools.com","robots":{"index":"index","follow":"follow","max-snippet":"max-snippet:-1","max-image-preview":"max-image-preview:large","max-video-preview":"max-video-preview:-1"},"canonical":"https:\/\/selleetools.com\/product\/wozek-plazowy-sup-kajak-przyczepisz-do-wszystkiego-zlozysz-na-plasko\/","og_locale":"pl_PL","og_type":"article","og_title":"W\u00f3zek pla\u017cowy SUP kajak. Przyczepisz do wszystkiego, z\u0142o\u017cysz na p\u0142asko - Selleetools.com","og_description":"W\u00f3zek pla\u017cowy Strandwagen &#8211; lekki, nadmuchiwany, uniwersalny. \u0141atwo przyczepisz go do wszystkiego, a po u\u017cyciu z\u0142o\u017cysz na p\u0142asko. Idealny towarzysz. Ten w\u00f3zek umo\u017cliwia przypi\u0119cie do siebie r\u00f3\u017cnych przedmiot\u00f3w, takich jak le\u017cak pla\u017cowy czy SUP (Stand Up Paddleboard), na kt\u00f3rym mo\u017cesz umie\u015bci\u0107 torby lub sk\u0142adane krzes\u0142a \u2013 idealne do zabrania na pla\u017c\u0119. Przyczepiasz go b\u0142yskawicznie za ... Read moreW\u00f3zek pla\u017cowy SUP kajak. Przyczepisz do wszystkiego, z\u0142o\u017cysz na p\u0142asko","og_url":"https:\/\/selleetools.com\/product\/wozek-plazowy-sup-kajak-przyczepisz-do-wszystkiego-zlozysz-na-plasko\/","og_site_name":"Selleetools.com","article_modified_time":"2024-07-08T11:49:30+00:00","og_image":[{"width":1080,"height":1080,"url":"https:\/\/selleetools.com\/wp-content\/uploads\/2024\/07\/main1ii73-Duzy.jpg","type":"image\/jpeg"}],"twitter_card":"summary_large_image","twitter_misc":{"Est. reading time":"2 minuty"},"schema":{"@context":"https:\/\/schema.org","@graph":[{"@type":"Organization","@id":"https:\/\/selleetools.com\/#organization","name":"Selleetools","url":"https:\/\/selleetools.com\/","sameAs":[],"logo":{"@type":"ImageObject","inLanguage":"pl-PL","@id":"https:\/\/selleetools.com\/#\/schema\/logo\/image\/","url":"https:\/\/selleetools.com\/wp-content\/uploads\/2021\/10\/logo-dark.png","contentUrl":"https:\/\/selleetools.com\/wp-content\/uploads\/2021\/10\/logo-dark.png","width":320,"height":76,"caption":"Selleetools"},"image":{"@id":"https:\/\/selleetools.com\/#\/schema\/logo\/image\/"}},{"@type":"WebSite","@id":"https:\/\/selleetools.com\/#website","url":"https:\/\/selleetools.com\/","name":"Selleetools.com","description":"","publisher":{"@id":"https:\/\/selleetools.com\/#organization"},"potentialAction":[{"@type":"SearchAction","target":{"@type":"EntryPoint","urlTemplate":"https:\/\/selleetools.com\/?s={search_term_string}"},"query-input":"required name=search_term_string"}],"inLanguage":"pl-PL"},{"@type":"WebPage","@id":"https:\/\/selleetools.com\/product\/wozek-plazowy-sup-kajak-przyczepisz-do-wszystkiego-zlozysz-na-plasko\/","url":"https:\/\/selleetools.com\/product\/wozek-plazowy-sup-kajak-przyczepisz-do-wszystkiego-zlozysz-na-plasko\/","name":"W\u00f3zek pla\u017cowy SUP kajak. Przyczepisz do wszystkiego, z\u0142o\u017cysz na p\u0142asko - Selleetools.com","isPartOf":{"@id":"https:\/\/selleetools.com\/#website"},"datePublished":"2024-01-26T16:29:40+00:00","dateModified":"2024-07-08T11:49:30+00:00","breadcrumb":{"@id":"https:\/\/selleetools.com\/product\/wozek-plazowy-sup-kajak-przyczepisz-do-wszystkiego-zlozysz-na-plasko\/#breadcrumb"},"inLanguage":"pl-PL","potentialAction":[{"@type":"ReadAction","target":["https:\/\/selleetools.com\/product\/wozek-plazowy-sup-kajak-przyczepisz-do-wszystkiego-zlozysz-na-plasko\/"]}]},{"@type":"BreadcrumbList","@id":"https:\/\/selleetools.com\/product\/wozek-plazowy-sup-kajak-przyczepisz-do-wszystkiego-zlozysz-na-plasko\/#breadcrumb","itemListElement":[{"@type":"ListItem","position":1,"name":"Home","item":"https:\/\/selleetools.com\/pl\/"},{"@type":"ListItem","position":2,"name":"Katalog","item":"https:\/\/selleetools.com\/pl\/katalog\/"},{"@type":"ListItem","position":3,"name":"W\u00f3zek pla\u017cowy SUP kajak. Przyczepisz do wszystkiego, z\u0142o\u017cysz na p\u0142asko"}]}]}},"_links":{"self":[{"href":"https:\/\/selleetools.com\/pl\/wp-json\/wp\/v2\/product\/311872"}],"collection":[{"href":"https:\/\/selleetools.com\/pl\/wp-json\/wp\/v2\/product"}],"about":[{"href":"https:\/\/selleetools.com\/pl\/wp-json\/wp\/v2\/types\/product"}],"replies":[{"embeddable":true,"href":"https:\/\/selleetools.com\/pl\/wp-json\/wp\/v2\/comments?post=311872"}],"wp:featuredmedia":[{"embeddable":true,"href":"https:\/\/selleetools.com\/pl\/wp-json\/wp\/v2\/media\/346600"}],"wp:attachment":[{"href":"https:\/\/selleetools.com\/pl\/wp-json\/wp\/v2\/media?parent=311872"}],"curies":[{"name":"wp","href":"https:\/\/api.w.org\/{rel}","templated":true}]}}