{"id":297061,"date":"2023-10-08T16:41:44","date_gmt":"2023-10-08T14:41:44","guid":{"rendered":"https:\/\/selleetools.com\/?post_type=product&#038;p=297061"},"modified":"2023-12-05T12:03:48","modified_gmt":"2023-12-05T11:03:48","slug":"claresa-gail-nagellack-klar-30g-rosa","status":"publish","type":"product","link":"https:\/\/selleetools.com\/pl\/product\/claresa-gail-nagellack-klar-30g-rosa\/","title":{"rendered":"Claresa Gail Nagellack Klar 30g rosa"},"content":{"rendered":"<p>Polygel rosa 30g Lange und kr\u00e4ftige N\u00e4gel in zartem Pink? Sie m\u00fcssen nicht viele Produkte kaufen, um solche Effekte zu erzielen &#8211; Poly Gel Pink reicht v\u00f6llig aus. Mandel, Oval, Ballerina, Russische Mandel, Spitz \u2013 keine Nagelform wird eine Herausforderung f\u00fcr Sie sein. Die perfekte, dichte Konsistenz erm\u00f6glicht es Ihnen, die Platte genau zu formen, um den gew\u00fcnschten Effekt zu erzielen. \u00dcberzeugen Sie sich selbst, wie einfach es ist.<\/p>\n","protected":false},"excerpt":{"rendered":"<p>Polygel rosa 30g Lange und kr\u00e4ftige N\u00e4gel in zartem Pink? Sie m\u00fcssen nicht viele Produkte kaufen, um solche Effekte zu erzielen &#8211; Poly Gel Pink reicht v\u00f6llig aus. Mandel, Oval, Ballerina, Russische Mandel, Spitz \u2013 keine Nagelform wird eine Herausforderung f\u00fcr Sie sein. Die perfekte, dichte Konsistenz erm\u00f6glicht es Ihnen, die Platte genau zu formen, &#8230; <a title=\"Claresa Gail Nagellack Klar 30g rosa\" class=\"read-more\" href=\"https:\/\/selleetools.com\/pl\/product\/claresa-gail-nagellack-klar-30g-rosa\/\">Read more<span class=\"screen-reader-text\">Claresa Gail Nagellack Klar 30g rosa<\/span><\/a><\/p>\n","protected":false},"featured_media":297043,"comment_status":"open","ping_status":"closed","template":"","meta":{"_links_to":"","_links_to_target":""},"yoast_head":"<!-- This site is optimized with the Yoast SEO plugin v19.4 - https:\/\/yoast.com\/wordpress\/plugins\/seo\/ -->\n<title>Claresa Gail Nagellack Klar 30g rosa - Selleetools.com<\/title>\n<meta name=\"robots\" content=\"index, follow, max-snippet:-1, max-image-preview:large, max-video-preview:-1\" \/>\n<link rel=\"canonical\" href=\"https:\/\/selleetools.com\/product\/claresa-gail-nagellack-klar-30g-rosa\/\" \/>\n<meta property=\"og:locale\" content=\"pl_PL\" \/>\n<meta property=\"og:type\" content=\"article\" \/>\n<meta property=\"og:title\" content=\"Claresa Gail Nagellack Klar 30g rosa - Selleetools.com\" \/>\n<meta property=\"og:description\" content=\"Polygel rosa 30g Lange und kr\u00e4ftige N\u00e4gel in zartem Pink? Sie m\u00fcssen nicht viele Produkte kaufen, um solche Effekte zu erzielen &#8211; Poly Gel Pink reicht v\u00f6llig aus. Mandel, Oval, Ballerina, Russische Mandel, Spitz \u2013 keine Nagelform wird eine Herausforderung f\u00fcr Sie sein. Die perfekte, dichte Konsistenz erm\u00f6glicht es Ihnen, die Platte genau zu formen, ... Read moreClaresa Gail Nagellack Klar 30g rosa\" \/>\n<meta property=\"og:url\" content=\"https:\/\/selleetools.com\/product\/claresa-gail-nagellack-klar-30g-rosa\/\" \/>\n<meta property=\"og:site_name\" content=\"Selleetools.com\" \/>\n<meta property=\"article:modified_time\" content=\"2023-12-05T11:03:48+00:00\" \/>\n<meta property=\"og:image\" content=\"https:\/\/selleetools.com\/wp-content\/uploads\/2023\/10\/51ceW8cn6gL.jpg\" \/>\n\t<meta property=\"og:image:width\" content=\"1500\" \/>\n\t<meta property=\"og:image:height\" content=\"1500\" \/>\n\t<meta property=\"og:image:type\" content=\"image\/jpeg\" \/>\n<meta name=\"twitter:card\" content=\"summary_large_image\" \/>\n<!-- \/ Yoast SEO plugin. -->","yoast_head_json":{"title":"Claresa Gail Nagellack Klar 30g rosa - Selleetools.com","robots":{"index":"index","follow":"follow","max-snippet":"max-snippet:-1","max-image-preview":"max-image-preview:large","max-video-preview":"max-video-preview:-1"},"canonical":"https:\/\/selleetools.com\/product\/claresa-gail-nagellack-klar-30g-rosa\/","og_locale":"pl_PL","og_type":"article","og_title":"Claresa Gail Nagellack Klar 30g rosa - Selleetools.com","og_description":"Polygel rosa 30g Lange und kr\u00e4ftige N\u00e4gel in zartem Pink? Sie m\u00fcssen nicht viele Produkte kaufen, um solche Effekte zu erzielen &#8211; Poly Gel Pink reicht v\u00f6llig aus. Mandel, Oval, Ballerina, Russische Mandel, Spitz \u2013 keine Nagelform wird eine Herausforderung f\u00fcr Sie sein. Die perfekte, dichte Konsistenz erm\u00f6glicht es Ihnen, die Platte genau zu formen, ... Read moreClaresa Gail Nagellack Klar 30g rosa","og_url":"https:\/\/selleetools.com\/product\/claresa-gail-nagellack-klar-30g-rosa\/","og_site_name":"Selleetools.com","article_modified_time":"2023-12-05T11:03:48+00:00","og_image":[{"width":1500,"height":1500,"url":"https:\/\/selleetools.com\/wp-content\/uploads\/2023\/10\/51ceW8cn6gL.jpg","type":"image\/jpeg"}],"twitter_card":"summary_large_image","schema":{"@context":"https:\/\/schema.org","@graph":[{"@type":"Organization","@id":"https:\/\/selleetools.com\/#organization","name":"Selleetools","url":"https:\/\/selleetools.com\/","sameAs":[],"logo":{"@type":"ImageObject","inLanguage":"pl-PL","@id":"https:\/\/selleetools.com\/#\/schema\/logo\/image\/","url":"https:\/\/selleetools.com\/wp-content\/uploads\/2021\/10\/logo-dark.png","contentUrl":"https:\/\/selleetools.com\/wp-content\/uploads\/2021\/10\/logo-dark.png","width":320,"height":76,"caption":"Selleetools"},"image":{"@id":"https:\/\/selleetools.com\/#\/schema\/logo\/image\/"}},{"@type":"WebSite","@id":"https:\/\/selleetools.com\/#website","url":"https:\/\/selleetools.com\/","name":"Selleetools.com","description":"","publisher":{"@id":"https:\/\/selleetools.com\/#organization"},"potentialAction":[{"@type":"SearchAction","target":{"@type":"EntryPoint","urlTemplate":"https:\/\/selleetools.com\/?s={search_term_string}"},"query-input":"required name=search_term_string"}],"inLanguage":"pl-PL"},{"@type":"WebPage","@id":"https:\/\/selleetools.com\/product\/claresa-gail-nagellack-klar-30g-rosa\/","url":"https:\/\/selleetools.com\/product\/claresa-gail-nagellack-klar-30g-rosa\/","name":"Claresa Gail Nagellack Klar 30g rosa - Selleetools.com","isPartOf":{"@id":"https:\/\/selleetools.com\/#website"},"datePublished":"2023-10-08T14:41:44+00:00","dateModified":"2023-12-05T11:03:48+00:00","breadcrumb":{"@id":"https:\/\/selleetools.com\/product\/claresa-gail-nagellack-klar-30g-rosa\/#breadcrumb"},"inLanguage":"pl-PL","potentialAction":[{"@type":"ReadAction","target":["https:\/\/selleetools.com\/product\/claresa-gail-nagellack-klar-30g-rosa\/"]}]},{"@type":"BreadcrumbList","@id":"https:\/\/selleetools.com\/product\/claresa-gail-nagellack-klar-30g-rosa\/#breadcrumb","itemListElement":[{"@type":"ListItem","position":1,"name":"Home","item":"https:\/\/selleetools.com\/pl\/"},{"@type":"ListItem","position":2,"name":"Katalog","item":"https:\/\/selleetools.com\/pl\/katalog\/"},{"@type":"ListItem","position":3,"name":"Claresa Gail Nagellack Klar 30g rosa"}]}]}},"_links":{"self":[{"href":"https:\/\/selleetools.com\/pl\/wp-json\/wp\/v2\/product\/297061"}],"collection":[{"href":"https:\/\/selleetools.com\/pl\/wp-json\/wp\/v2\/product"}],"about":[{"href":"https:\/\/selleetools.com\/pl\/wp-json\/wp\/v2\/types\/product"}],"replies":[{"embeddable":true,"href":"https:\/\/selleetools.com\/pl\/wp-json\/wp\/v2\/comments?post=297061"}],"wp:featuredmedia":[{"embeddable":true,"href":"https:\/\/selleetools.com\/pl\/wp-json\/wp\/v2\/media\/297043"}],"wp:attachment":[{"href":"https:\/\/selleetools.com\/pl\/wp-json\/wp\/v2\/media?parent=297061"}],"curies":[{"name":"wp","href":"https:\/\/api.w.org\/{rel}","templated":true}]}}