{"id":297042,"date":"2023-10-08T16:41:36","date_gmt":"2023-10-08T14:41:36","guid":{"rendered":"https:\/\/selleetools.com\/?post_type=product&#038;p=297042"},"modified":"2023-12-05T12:03:48","modified_gmt":"2023-12-05T11:03:48","slug":"claresa-gail-nagellack-poli-30g-pfirsich","status":"publish","type":"product","link":"https:\/\/selleetools.com\/pl\/product\/claresa-gail-nagellack-poli-30g-pfirsich\/","title":{"rendered":"Claresa Gail Nagellack Poli 30g Pfirsich"},"content":{"rendered":"<p>Polygel Pfirsich 30g Sch\u00f6ne Farbe und au\u00dfergew\u00f6hnliche Haltbarkeit? Sie finden alles in einem Produkt &#8211; unserem pfirsichfarbenen Poly-Gel! Durch den sch\u00f6nen Pink-Pfirsich-Farbton ben\u00f6tigen Sie kein zus\u00e4tzliches Zubeh\u00f6r, um Ihre Nageldesigns zu den sch\u00f6nsten der Welt zu machen. Eine dicke Formel, die jede Formation zul\u00e4sst, und eine un\u00fcbertroffene Haltbarkeit machen unser Polygel un\u00fcbertroffen!FeaturesPolygel Pfirsich Rubber Claresa Gail Nagel<\/p>\n","protected":false},"excerpt":{"rendered":"<p>Polygel Pfirsich 30g Sch\u00f6ne Farbe und au\u00dfergew\u00f6hnliche Haltbarkeit? Sie finden alles in einem Produkt &#8211; unserem pfirsichfarbenen Poly-Gel! Durch den sch\u00f6nen Pink-Pfirsich-Farbton ben\u00f6tigen Sie kein zus\u00e4tzliches Zubeh\u00f6r, um Ihre Nageldesigns zu den sch\u00f6nsten der Welt zu machen. Eine dicke Formel, die jede Formation zul\u00e4sst, und eine un\u00fcbertroffene Haltbarkeit machen unser Polygel un\u00fcbertroffen!FeaturesPolygel Pfirsich Rubber Claresa &#8230; <a title=\"Claresa Gail Nagellack Poli 30g Pfirsich\" class=\"read-more\" href=\"https:\/\/selleetools.com\/pl\/product\/claresa-gail-nagellack-poli-30g-pfirsich\/\">Read more<span class=\"screen-reader-text\">Claresa Gail Nagellack Poli 30g Pfirsich<\/span><\/a><\/p>\n","protected":false},"featured_media":297024,"comment_status":"open","ping_status":"closed","template":"","meta":{"_links_to":"","_links_to_target":""},"yoast_head":"<!-- This site is optimized with the Yoast SEO plugin v19.4 - https:\/\/yoast.com\/wordpress\/plugins\/seo\/ -->\n<title>Claresa Gail Nagellack Poli 30g Pfirsich - Selleetools.com<\/title>\n<meta name=\"robots\" content=\"index, follow, max-snippet:-1, max-image-preview:large, max-video-preview:-1\" \/>\n<link rel=\"canonical\" href=\"https:\/\/admincentral.selleetools.com\/pl\/product\/claresa-gail-nagellack-poli-30g-pfirsich\/\" \/>\n<meta property=\"og:locale\" content=\"pl_PL\" \/>\n<meta property=\"og:type\" content=\"article\" \/>\n<meta property=\"og:title\" content=\"Claresa Gail Nagellack Poli 30g Pfirsich - Selleetools.com\" \/>\n<meta property=\"og:description\" content=\"Polygel Pfirsich 30g Sch\u00f6ne Farbe und au\u00dfergew\u00f6hnliche Haltbarkeit? Sie finden alles in einem Produkt &#8211; unserem pfirsichfarbenen Poly-Gel! Durch den sch\u00f6nen Pink-Pfirsich-Farbton ben\u00f6tigen Sie kein zus\u00e4tzliches Zubeh\u00f6r, um Ihre Nageldesigns zu den sch\u00f6nsten der Welt zu machen. Eine dicke Formel, die jede Formation zul\u00e4sst, und eine un\u00fcbertroffene Haltbarkeit machen unser Polygel un\u00fcbertroffen!FeaturesPolygel Pfirsich Rubber Claresa ... Read moreClaresa Gail Nagellack Poli 30g Pfirsich\" \/>\n<meta property=\"og:url\" content=\"https:\/\/admincentral.selleetools.com\/pl\/product\/claresa-gail-nagellack-poli-30g-pfirsich\/\" \/>\n<meta property=\"og:site_name\" content=\"Selleetools.com\" \/>\n<meta property=\"article:modified_time\" content=\"2023-12-05T11:03:48+00:00\" \/>\n<meta property=\"og:image\" content=\"https:\/\/selleetools.com\/wp-content\/uploads\/2023\/10\/51BigkFIJLL.jpg\" \/>\n\t<meta property=\"og:image:width\" content=\"1500\" \/>\n\t<meta property=\"og:image:height\" content=\"1499\" \/>\n\t<meta property=\"og:image:type\" content=\"image\/jpeg\" \/>\n<meta name=\"twitter:card\" content=\"summary_large_image\" \/>\n<!-- \/ Yoast SEO plugin. -->","yoast_head_json":{"title":"Claresa Gail Nagellack Poli 30g Pfirsich - Selleetools.com","robots":{"index":"index","follow":"follow","max-snippet":"max-snippet:-1","max-image-preview":"max-image-preview:large","max-video-preview":"max-video-preview:-1"},"canonical":"https:\/\/admincentral.selleetools.com\/pl\/product\/claresa-gail-nagellack-poli-30g-pfirsich\/","og_locale":"pl_PL","og_type":"article","og_title":"Claresa Gail Nagellack Poli 30g Pfirsich - Selleetools.com","og_description":"Polygel Pfirsich 30g Sch\u00f6ne Farbe und au\u00dfergew\u00f6hnliche Haltbarkeit? Sie finden alles in einem Produkt &#8211; unserem pfirsichfarbenen Poly-Gel! Durch den sch\u00f6nen Pink-Pfirsich-Farbton ben\u00f6tigen Sie kein zus\u00e4tzliches Zubeh\u00f6r, um Ihre Nageldesigns zu den sch\u00f6nsten der Welt zu machen. Eine dicke Formel, die jede Formation zul\u00e4sst, und eine un\u00fcbertroffene Haltbarkeit machen unser Polygel un\u00fcbertroffen!FeaturesPolygel Pfirsich Rubber Claresa ... Read moreClaresa Gail Nagellack Poli 30g Pfirsich","og_url":"https:\/\/admincentral.selleetools.com\/pl\/product\/claresa-gail-nagellack-poli-30g-pfirsich\/","og_site_name":"Selleetools.com","article_modified_time":"2023-12-05T11:03:48+00:00","og_image":[{"width":1500,"height":1499,"url":"https:\/\/selleetools.com\/wp-content\/uploads\/2023\/10\/51BigkFIJLL.jpg","type":"image\/jpeg"}],"twitter_card":"summary_large_image","schema":{"@context":"https:\/\/schema.org","@graph":[{"@type":"Organization","@id":"https:\/\/selleetools.com\/#organization","name":"Selleetools","url":"https:\/\/selleetools.com\/","sameAs":[],"logo":{"@type":"ImageObject","inLanguage":"pl-PL","@id":"https:\/\/selleetools.com\/#\/schema\/logo\/image\/","url":"https:\/\/selleetools.com\/wp-content\/uploads\/2021\/10\/logo-dark.png","contentUrl":"https:\/\/selleetools.com\/wp-content\/uploads\/2021\/10\/logo-dark.png","width":320,"height":76,"caption":"Selleetools"},"image":{"@id":"https:\/\/selleetools.com\/#\/schema\/logo\/image\/"}},{"@type":"WebSite","@id":"https:\/\/selleetools.com\/#website","url":"https:\/\/selleetools.com\/","name":"Selleetools.com","description":"","publisher":{"@id":"https:\/\/selleetools.com\/#organization"},"potentialAction":[{"@type":"SearchAction","target":{"@type":"EntryPoint","urlTemplate":"https:\/\/selleetools.com\/?s={search_term_string}"},"query-input":"required name=search_term_string"}],"inLanguage":"pl-PL"},{"@type":"WebPage","@id":"https:\/\/admincentral.selleetools.com\/pl\/product\/claresa-gail-nagellack-poli-30g-pfirsich\/","url":"https:\/\/admincentral.selleetools.com\/pl\/product\/claresa-gail-nagellack-poli-30g-pfirsich\/","name":"Claresa Gail Nagellack Poli 30g Pfirsich - Selleetools.com","isPartOf":{"@id":"https:\/\/selleetools.com\/#website"},"datePublished":"2023-10-08T14:41:36+00:00","dateModified":"2023-12-05T11:03:48+00:00","breadcrumb":{"@id":"https:\/\/admincentral.selleetools.com\/pl\/product\/claresa-gail-nagellack-poli-30g-pfirsich\/#breadcrumb"},"inLanguage":"pl-PL","potentialAction":[{"@type":"ReadAction","target":["https:\/\/admincentral.selleetools.com\/pl\/product\/claresa-gail-nagellack-poli-30g-pfirsich\/"]}]},{"@type":"BreadcrumbList","@id":"https:\/\/admincentral.selleetools.com\/pl\/product\/claresa-gail-nagellack-poli-30g-pfirsich\/#breadcrumb","itemListElement":[{"@type":"ListItem","position":1,"name":"Home","item":"https:\/\/selleetools.com\/pl\/"},{"@type":"ListItem","position":2,"name":"Katalog","item":"https:\/\/selleetools.com\/pl\/katalog\/"},{"@type":"ListItem","position":3,"name":"Claresa Gail Nagellack Poli 30g Pfirsich"}]}]}},"_links":{"self":[{"href":"https:\/\/selleetools.com\/pl\/wp-json\/wp\/v2\/product\/297042"}],"collection":[{"href":"https:\/\/selleetools.com\/pl\/wp-json\/wp\/v2\/product"}],"about":[{"href":"https:\/\/selleetools.com\/pl\/wp-json\/wp\/v2\/types\/product"}],"replies":[{"embeddable":true,"href":"https:\/\/selleetools.com\/pl\/wp-json\/wp\/v2\/comments?post=297042"}],"wp:featuredmedia":[{"embeddable":true,"href":"https:\/\/selleetools.com\/pl\/wp-json\/wp\/v2\/media\/297024"}],"wp:attachment":[{"href":"https:\/\/selleetools.com\/pl\/wp-json\/wp\/v2\/media?parent=297042"}],"curies":[{"name":"wp","href":"https:\/\/api.w.org\/{rel}","templated":true}]}}