{"id":294790,"date":"2023-10-08T15:41:26","date_gmt":"2023-10-08T13:41:26","guid":{"rendered":"https:\/\/selleetools.com\/?post_type=product&#038;p=294790"},"modified":"2025-01-03T15:36:57","modified_gmt":"2025-01-03T14:36:57","slug":"claresa-uv-led-nagellack-collection-hybrid-manikure-soak-off-nail-polish-farbe-grau-nr-218-5ml","status":"publish","type":"product","link":"https:\/\/selleetools.com\/pl\/product\/claresa-uv-led-nagellack-collection-hybrid-manikure-soak-off-nail-polish-farbe-grau-nr-218-5ml\/","title":{"rendered":"Claresa UV LED Nagellack Collection Hybrid Manik\u00fcre Soak Off Nail Polish, Farbe Grau, Nr 218, 5ml"},"content":{"rendered":"<p>Claresa Hybrid Nagellacke sind in einer eleganten Glasflasche eingeschlossen sind, auf der die Farbe dank handbemalter Schablonen auf der Oberseite des Griffs gut erkennbar ist.Durch die mitteldichte Konsistenz der Nagellacke und hochwertigen Pinseln erzielen Sie den perfekten Effekt auf N\u00e4geln ohne verschmutzte Nagelhaut. Dank der hohen Pigmentierung trennen Sie nur 2 Schichten von der perfekt gemachten Manik\u00fcre!NEUE VERSION VON CLARESA HYBRID NAIL POLISHES BIETET&bull; Nahtlose Anwendung ohne verschmutzte Nagelhaut&bull; intensiver Glanz&bull; Ideale, mittlere Dichte&bull; sicher f\u00fcr N\u00e4gel und H\u00e4nde&bull; Haltbarkeit bis zu 3 Wochen&bull; Fassungsverm\u00f6gen: 5 mlAnwendung:Tragen Sie auf die zuvor ausgeh\u00e4rtete Claresa-Hybridbasis eine d\u00fcnne Schicht farbigen Hybrid-Nagellack auf und h\u00e4rten Sie ihn in der UV \/ LED-Lampe aus. Um eine zufriedenstellende Wirkung zu erzielen, kann die Aktion wiederholt werden. Das Styling kann durch Auftragen und Aush\u00e4rten einer Versiegelung gesichert.AUSH\u00c4RTEZEIT: &bull; UV LED Lampe 6 W &#8211; 2 x 45 sec.&bull; UV LED Lampe 9 W &#8211; 2 x 45 sec.&bull; UV LED Lampe 48 W &#8211; 30 sec.&bull; UV LED Lampe 60 W &#8211; 15 sec.&bull; UV Lampe 36 W &#8211; 120 sec. Eigenschaften Es ist mittelviskos mit hervorragenden Haftungseigenschaften.&bull; Nahtlose Anwendung ohne verschmutzte Nagelhaut&bull; intensiver Glanz&bull; Ideale, mittlere Konsistenz&bull; sicher f\u00fcr N\u00e4gel und H\u00e4nde&bull; Haltbarkeit bis zu 3 Wochen&bull; Fassungsverm\u00f6gen: 5 mlFeaturesHochwertige 100% Zufriedenheit Made in E.U.Claresa hat eine flache, Think B\u00fcrsten, die extrem einfach und pr\u00e4zise Anwendung gew\u00e4hrleistetH\u00e4lt auf N\u00e4gel bis zu drei Wochen Beibehaltung seiner Farbe und GlanzDie Farbe l\u00e4uft nicht schrumpfen, w\u00e4hrend der Aush\u00e4rtung in der Lampe, nicht heben oder Chip Out100% abnehmbar mit Aceton<\/p>\n","protected":false},"excerpt":{"rendered":"<p>Claresa Hybrid Nagellacke sind in einer eleganten Glasflasche eingeschlossen sind, auf der die Farbe dank handbemalter Schablonen auf der Oberseite des Griffs gut erkennbar ist.Durch die mitteldichte Konsistenz der Nagellacke und hochwertigen Pinseln erzielen Sie den perfekten Effekt auf N\u00e4geln ohne verschmutzte Nagelhaut. Dank der hohen Pigmentierung trennen Sie nur 2 Schichten von der perfekt &#8230; <a title=\"Claresa UV LED Nagellack Collection Hybrid Manik\u00fcre Soak Off Nail Polish, Farbe Grau, Nr 218, 5ml\" class=\"read-more\" href=\"https:\/\/selleetools.com\/pl\/product\/claresa-uv-led-nagellack-collection-hybrid-manikure-soak-off-nail-polish-farbe-grau-nr-218-5ml\/\">Read more<span class=\"screen-reader-text\">Claresa UV LED Nagellack Collection Hybrid Manik\u00fcre Soak Off Nail Polish, Farbe Grau, Nr 218, 5ml<\/span><\/a><\/p>\n","protected":false},"featured_media":294772,"comment_status":"open","ping_status":"closed","template":"","meta":{"_links_to":"","_links_to_target":""},"yoast_head":"<!-- This site is optimized with the Yoast SEO plugin v19.4 - https:\/\/yoast.com\/wordpress\/plugins\/seo\/ -->\n<title>Claresa UV LED Nagellack Collection Hybrid Manik\u00fcre Soak Off Nail Polish, Farbe Grau, Nr 218, 5ml - Selleetools.com<\/title>\n<meta name=\"robots\" content=\"index, follow, max-snippet:-1, max-image-preview:large, max-video-preview:-1\" \/>\n<link rel=\"canonical\" href=\"https:\/\/selleetools.com\/product\/claresa-uv-led-nagellack-collection-hybrid-manikure-soak-off-nail-polish-farbe-grau-nr-218-5ml\/\" \/>\n<meta property=\"og:locale\" content=\"pl_PL\" \/>\n<meta property=\"og:type\" content=\"article\" \/>\n<meta property=\"og:title\" content=\"Claresa UV LED Nagellack Collection Hybrid Manik\u00fcre Soak Off Nail Polish, Farbe Grau, Nr 218, 5ml - Selleetools.com\" \/>\n<meta property=\"og:description\" content=\"Claresa Hybrid Nagellacke sind in einer eleganten Glasflasche eingeschlossen sind, auf der die Farbe dank handbemalter Schablonen auf der Oberseite des Griffs gut erkennbar ist.Durch die mitteldichte Konsistenz der Nagellacke und hochwertigen Pinseln erzielen Sie den perfekten Effekt auf N\u00e4geln ohne verschmutzte Nagelhaut. Dank der hohen Pigmentierung trennen Sie nur 2 Schichten von der perfekt ... Read moreClaresa UV LED Nagellack Collection Hybrid Manik\u00fcre Soak Off Nail Polish, Farbe Grau, Nr 218, 5ml\" \/>\n<meta property=\"og:url\" content=\"https:\/\/selleetools.com\/product\/claresa-uv-led-nagellack-collection-hybrid-manikure-soak-off-nail-polish-farbe-grau-nr-218-5ml\/\" \/>\n<meta property=\"og:site_name\" content=\"Selleetools.com\" \/>\n<meta property=\"article:modified_time\" content=\"2025-01-03T14:36:57+00:00\" \/>\n<meta property=\"og:image\" content=\"https:\/\/selleetools.com\/wp-content\/uploads\/2023\/10\/61ZK9fltu+L.jpg\" \/>\n\t<meta property=\"og:image:width\" content=\"1500\" \/>\n\t<meta property=\"og:image:height\" content=\"1500\" \/>\n\t<meta property=\"og:image:type\" content=\"image\/jpeg\" \/>\n<meta name=\"twitter:card\" content=\"summary_large_image\" \/>\n<meta name=\"twitter:label1\" content=\"Est. reading time\" \/>\n\t<meta name=\"twitter:data1\" content=\"1 minuta\" \/>\n<!-- \/ Yoast SEO plugin. -->","yoast_head_json":{"title":"Claresa UV LED Nagellack Collection Hybrid Manik\u00fcre Soak Off Nail Polish, Farbe Grau, Nr 218, 5ml - Selleetools.com","robots":{"index":"index","follow":"follow","max-snippet":"max-snippet:-1","max-image-preview":"max-image-preview:large","max-video-preview":"max-video-preview:-1"},"canonical":"https:\/\/selleetools.com\/product\/claresa-uv-led-nagellack-collection-hybrid-manikure-soak-off-nail-polish-farbe-grau-nr-218-5ml\/","og_locale":"pl_PL","og_type":"article","og_title":"Claresa UV LED Nagellack Collection Hybrid Manik\u00fcre Soak Off Nail Polish, Farbe Grau, Nr 218, 5ml - Selleetools.com","og_description":"Claresa Hybrid Nagellacke sind in einer eleganten Glasflasche eingeschlossen sind, auf der die Farbe dank handbemalter Schablonen auf der Oberseite des Griffs gut erkennbar ist.Durch die mitteldichte Konsistenz der Nagellacke und hochwertigen Pinseln erzielen Sie den perfekten Effekt auf N\u00e4geln ohne verschmutzte Nagelhaut. Dank der hohen Pigmentierung trennen Sie nur 2 Schichten von der perfekt ... Read moreClaresa UV LED Nagellack Collection Hybrid Manik\u00fcre Soak Off Nail Polish, Farbe Grau, Nr 218, 5ml","og_url":"https:\/\/selleetools.com\/product\/claresa-uv-led-nagellack-collection-hybrid-manikure-soak-off-nail-polish-farbe-grau-nr-218-5ml\/","og_site_name":"Selleetools.com","article_modified_time":"2025-01-03T14:36:57+00:00","og_image":[{"width":1500,"height":1500,"url":"https:\/\/selleetools.com\/wp-content\/uploads\/2023\/10\/61ZK9fltu+L.jpg","type":"image\/jpeg"}],"twitter_card":"summary_large_image","twitter_misc":{"Est. reading time":"1 minuta"},"schema":{"@context":"https:\/\/schema.org","@graph":[{"@type":"Organization","@id":"https:\/\/selleetools.com\/#organization","name":"Selleetools","url":"https:\/\/selleetools.com\/","sameAs":[],"logo":{"@type":"ImageObject","inLanguage":"pl-PL","@id":"https:\/\/selleetools.com\/#\/schema\/logo\/image\/","url":"https:\/\/selleetools.com\/wp-content\/uploads\/2021\/10\/logo-dark.png","contentUrl":"https:\/\/selleetools.com\/wp-content\/uploads\/2021\/10\/logo-dark.png","width":320,"height":76,"caption":"Selleetools"},"image":{"@id":"https:\/\/selleetools.com\/#\/schema\/logo\/image\/"}},{"@type":"WebSite","@id":"https:\/\/selleetools.com\/#website","url":"https:\/\/selleetools.com\/","name":"Selleetools.com","description":"","publisher":{"@id":"https:\/\/selleetools.com\/#organization"},"potentialAction":[{"@type":"SearchAction","target":{"@type":"EntryPoint","urlTemplate":"https:\/\/selleetools.com\/?s={search_term_string}"},"query-input":"required name=search_term_string"}],"inLanguage":"pl-PL"},{"@type":"WebPage","@id":"https:\/\/selleetools.com\/product\/claresa-uv-led-nagellack-collection-hybrid-manikure-soak-off-nail-polish-farbe-grau-nr-218-5ml\/","url":"https:\/\/selleetools.com\/product\/claresa-uv-led-nagellack-collection-hybrid-manikure-soak-off-nail-polish-farbe-grau-nr-218-5ml\/","name":"Claresa UV LED Nagellack Collection Hybrid Manik\u00fcre Soak Off Nail Polish, Farbe Grau, Nr 218, 5ml - Selleetools.com","isPartOf":{"@id":"https:\/\/selleetools.com\/#website"},"datePublished":"2023-10-08T13:41:26+00:00","dateModified":"2025-01-03T14:36:57+00:00","breadcrumb":{"@id":"https:\/\/selleetools.com\/product\/claresa-uv-led-nagellack-collection-hybrid-manikure-soak-off-nail-polish-farbe-grau-nr-218-5ml\/#breadcrumb"},"inLanguage":"pl-PL","potentialAction":[{"@type":"ReadAction","target":["https:\/\/selleetools.com\/product\/claresa-uv-led-nagellack-collection-hybrid-manikure-soak-off-nail-polish-farbe-grau-nr-218-5ml\/"]}]},{"@type":"BreadcrumbList","@id":"https:\/\/selleetools.com\/product\/claresa-uv-led-nagellack-collection-hybrid-manikure-soak-off-nail-polish-farbe-grau-nr-218-5ml\/#breadcrumb","itemListElement":[{"@type":"ListItem","position":1,"name":"Home","item":"https:\/\/selleetools.com\/pl\/"},{"@type":"ListItem","position":2,"name":"Katalog","item":"https:\/\/selleetools.com\/pl\/katalog\/"},{"@type":"ListItem","position":3,"name":"Claresa UV LED Nagellack Collection Hybrid Manik\u00fcre Soak Off Nail Polish, Farbe Grau, Nr 218, 5ml"}]}]}},"_links":{"self":[{"href":"https:\/\/selleetools.com\/pl\/wp-json\/wp\/v2\/product\/294790"}],"collection":[{"href":"https:\/\/selleetools.com\/pl\/wp-json\/wp\/v2\/product"}],"about":[{"href":"https:\/\/selleetools.com\/pl\/wp-json\/wp\/v2\/types\/product"}],"replies":[{"embeddable":true,"href":"https:\/\/selleetools.com\/pl\/wp-json\/wp\/v2\/comments?post=294790"}],"wp:featuredmedia":[{"embeddable":true,"href":"https:\/\/selleetools.com\/pl\/wp-json\/wp\/v2\/media\/294772"}],"wp:attachment":[{"href":"https:\/\/selleetools.com\/pl\/wp-json\/wp\/v2\/media?parent=294790"}],"curies":[{"name":"wp","href":"https:\/\/api.w.org\/{rel}","templated":true}]}}