{"id":293327,"date":"2023-10-08T11:28:04","date_gmt":"2023-10-08T09:28:04","guid":{"rendered":"https:\/\/selleetools.com\/?post_type=product&#038;p=293327"},"modified":"2023-12-05T12:00:33","modified_gmt":"2023-12-05T11:00:33","slug":"claresa-extend-uv-nagellack-base-5in1-manicure-pedicure-basis-fur-hybridlack-verleiht-das-aussehen-einer-naturlichen-manikure-ideal-fur-zu-hause-und-professionelle-manikure-rosa-farb-nr-03-5ml","status":"publish","type":"product","link":"https:\/\/selleetools.com\/pl\/product\/claresa-extend-uv-nagellack-base-5in1-manicure-pedicure-basis-fur-hybridlack-verleiht-das-aussehen-einer-naturlichen-manikure-ideal-fur-zu-hause-und-professionelle-manikure-rosa-farb-nr-03-5ml\/","title":{"rendered":"Claresa Extend UV Nagellack Base 5in1 Manicure, Pedicure, Basis f\u00fcr Hybridlack, verleiht das Aussehen einer nat\u00fcrlichen Manik\u00fcre, Ideal f\u00fcr zu Hause und Professionelle Manik\u00fcre, Rosa Farb Nr 03, 5ml"},"content":{"rendered":"<p>CLARESA ERWEITERTE PFLEGE 5 IN 1 PROVITA hybride Basis Aufbau und Verl\u00e4ngerung bis 10 mm maximale Haltbarkeit und Haftung Ausrichtung der Nagelplattenfarbe Claresa Extend Care 5 in 1 Provita ist eine Hybridbasis f\u00fcr schwache N\u00e4gel, die gest\u00e4rkt werden m\u00fcssen. Seine Formel wurde mit Vitamin E, Biotin und Kalzium angereichert. Dar\u00fcber hinaus enth\u00e4lt die Zusammensetzung Rosskastanienextrakt sowie Rosen- und Maissamen\u00f6le. Zudem erh\u00f6ht das Kosmetikum die Haftung deutlich und garantiert so maximale Haltbarkeit des Stylings. Claresa Extend Care 5 in 1 Provita Base hat eine mitteldicke Konsistenz, mit der Sie den Nagel bis zu 10 mm aufbauen und verl\u00e4ngern k\u00f6nnen. Es \u00fcberflutet die Nagelhaut nicht und formt leicht die Form des Nagels. Es baut die Nagelplatte perfekt auf, verl\u00e4ngert sie und gleicht Unebenheiten und Farbe aus. Claresa Extend Care 5 in 1 Provita wurde mit einer komfortablen B\u00fcrste ausgestattet, die das Arbeiten einfach und angenehm macht. Perfekt f\u00fcr den Heimgebrauch sowie in einem professionellen Sch\u00f6nheitssalon. Mit seiner Hilfe erreichen Sie einfach und schnell eine langanhaltende und perfekte Nagelstyling. Claresa Extend Care 5 in 1 Provita ist eine Kombination aus Basis und Farbe in einem Produkt. Es ist perfekt f\u00fcr farbige Lacke, um ihre Farbt\u00f6ne zu verbessern, insbesondere Pastellfarben! Es kann aber auch alleine erfolgreich angewendet werden und erzielt den Effekt einer nat\u00fcrlichen Manik\u00fcre.FeaturesCLARESA EXTEND CARE 5 IN 1 PROVITA Base, die f\u00fcr problematische N\u00e4gel bestimmt sind: spr\u00f6de, spr\u00f6de und besch\u00e4digt;Aufbau und Verl\u00e4ngerung bis 10 mm. Naturnagelverst\u00e4rkung geeignet zur Rekonstruktion und Verl\u00e4ngerung der Nagelplatte bis 10 mm. Au\u00dferdem gleicht es die Farbe und Unebenheiten der Nagelplatte aus;Einfache Anwendung \u2013 Mitteldicke Konsistenz, die das Auftragen erleichtert. Ein kurzer, konturierter Pinsel l\u00e4sst das Produkt schnell auftragen;Perfekte Farbe f\u00fcr die French- oder Babyboomer-Manik\u00fcre. Deckende, aber sehr helle und dezente rosa Farbe.Lieferumfang: 1x Claresa Extend Care Base, Farbton: Nr. 03, Volumen: 5 ml;<\/p>\n","protected":false},"excerpt":{"rendered":"<p>CLARESA ERWEITERTE PFLEGE 5 IN 1 PROVITA hybride Basis Aufbau und Verl\u00e4ngerung bis 10 mm maximale Haltbarkeit und Haftung Ausrichtung der Nagelplattenfarbe Claresa Extend Care 5 in 1 Provita ist eine Hybridbasis f\u00fcr schwache N\u00e4gel, die gest\u00e4rkt werden m\u00fcssen. Seine Formel wurde mit Vitamin E, Biotin und Kalzium angereichert. Dar\u00fcber hinaus enth\u00e4lt die Zusammensetzung Rosskastanienextrakt &#8230; <a title=\"Claresa Extend UV Nagellack Base 5in1 Manicure, Pedicure, Basis f\u00fcr Hybridlack, verleiht das Aussehen einer nat\u00fcrlichen Manik\u00fcre, Ideal f\u00fcr zu Hause und Professionelle Manik\u00fcre, Rosa Farb Nr 03, 5ml\" class=\"read-more\" href=\"https:\/\/selleetools.com\/pl\/product\/claresa-extend-uv-nagellack-base-5in1-manicure-pedicure-basis-fur-hybridlack-verleiht-das-aussehen-einer-naturlichen-manikure-ideal-fur-zu-hause-und-professionelle-manikure-rosa-farb-nr-03-5ml\/\">Read more<span class=\"screen-reader-text\">Claresa Extend UV Nagellack Base 5in1 Manicure, Pedicure, Basis f\u00fcr Hybridlack, verleiht das Aussehen einer nat\u00fcrlichen Manik\u00fcre, Ideal f\u00fcr zu Hause und Professionelle Manik\u00fcre, Rosa Farb Nr 03, 5ml<\/span><\/a><\/p>\n","protected":false},"featured_media":293303,"comment_status":"open","ping_status":"closed","template":"","meta":{"_links_to":"","_links_to_target":""},"yoast_head":"<!-- This site is optimized with the Yoast SEO plugin v19.4 - https:\/\/yoast.com\/wordpress\/plugins\/seo\/ -->\n<title>Claresa Extend UV Nagellack Base 5in1 Manicure, Pedicure, Basis f\u00fcr Hybridlack, verleiht das Aussehen einer nat\u00fcrlichen Manik\u00fcre, Ideal f\u00fcr zu Hause und Professionelle Manik\u00fcre, Rosa Farb Nr 03, 5ml - Selleetools.com<\/title>\n<meta name=\"robots\" content=\"index, follow, max-snippet:-1, max-image-preview:large, max-video-preview:-1\" \/>\n<link rel=\"canonical\" href=\"https:\/\/selleetools.com\/pl\/product\/claresa-extend-uv-nagellack-base-5in1-manicure-pedicure-basis-fur-hybridlack-verleiht-das-aussehen-einer-naturlichen-manikure-ideal-fur-zu-hause-und-professionelle-manikure-rosa-farb-nr-03-5ml\/\" \/>\n<meta property=\"og:locale\" content=\"pl_PL\" \/>\n<meta property=\"og:type\" content=\"article\" \/>\n<meta property=\"og:title\" content=\"Claresa Extend UV Nagellack Base 5in1 Manicure, Pedicure, Basis f\u00fcr Hybridlack, verleiht das Aussehen einer nat\u00fcrlichen Manik\u00fcre, Ideal f\u00fcr zu Hause und Professionelle Manik\u00fcre, Rosa Farb Nr 03, 5ml - Selleetools.com\" \/>\n<meta property=\"og:description\" content=\"CLARESA ERWEITERTE PFLEGE 5 IN 1 PROVITA hybride Basis Aufbau und Verl\u00e4ngerung bis 10 mm maximale Haltbarkeit und Haftung Ausrichtung der Nagelplattenfarbe Claresa Extend Care 5 in 1 Provita ist eine Hybridbasis f\u00fcr schwache N\u00e4gel, die gest\u00e4rkt werden m\u00fcssen. Seine Formel wurde mit Vitamin E, Biotin und Kalzium angereichert. Dar\u00fcber hinaus enth\u00e4lt die Zusammensetzung Rosskastanienextrakt ... Read moreClaresa Extend UV Nagellack Base 5in1 Manicure, Pedicure, Basis f\u00fcr Hybridlack, verleiht das Aussehen einer nat\u00fcrlichen Manik\u00fcre, Ideal f\u00fcr zu Hause und Professionelle Manik\u00fcre, Rosa Farb Nr 03, 5ml\" \/>\n<meta property=\"og:url\" content=\"https:\/\/selleetools.com\/pl\/product\/claresa-extend-uv-nagellack-base-5in1-manicure-pedicure-basis-fur-hybridlack-verleiht-das-aussehen-einer-naturlichen-manikure-ideal-fur-zu-hause-und-professionelle-manikure-rosa-farb-nr-03-5ml\/\" \/>\n<meta property=\"og:site_name\" content=\"Selleetools.com\" \/>\n<meta property=\"article:modified_time\" content=\"2023-12-05T11:00:33+00:00\" \/>\n<meta property=\"og:image\" content=\"https:\/\/selleetools.com\/wp-content\/uploads\/2023\/10\/51l-R3Eh2lL.jpg\" \/>\n\t<meta property=\"og:image:width\" content=\"1500\" \/>\n\t<meta property=\"og:image:height\" content=\"1500\" \/>\n\t<meta property=\"og:image:type\" content=\"image\/jpeg\" \/>\n<meta name=\"twitter:card\" content=\"summary_large_image\" \/>\n<meta name=\"twitter:label1\" content=\"Est. reading time\" \/>\n\t<meta name=\"twitter:data1\" content=\"2 minuty\" \/>\n<!-- \/ Yoast SEO plugin. -->","yoast_head_json":{"title":"Claresa Extend UV Nagellack Base 5in1 Manicure, Pedicure, Basis f\u00fcr Hybridlack, verleiht das Aussehen einer nat\u00fcrlichen Manik\u00fcre, Ideal f\u00fcr zu Hause und Professionelle Manik\u00fcre, Rosa Farb Nr 03, 5ml - Selleetools.com","robots":{"index":"index","follow":"follow","max-snippet":"max-snippet:-1","max-image-preview":"max-image-preview:large","max-video-preview":"max-video-preview:-1"},"canonical":"https:\/\/selleetools.com\/pl\/product\/claresa-extend-uv-nagellack-base-5in1-manicure-pedicure-basis-fur-hybridlack-verleiht-das-aussehen-einer-naturlichen-manikure-ideal-fur-zu-hause-und-professionelle-manikure-rosa-farb-nr-03-5ml\/","og_locale":"pl_PL","og_type":"article","og_title":"Claresa Extend UV Nagellack Base 5in1 Manicure, Pedicure, Basis f\u00fcr Hybridlack, verleiht das Aussehen einer nat\u00fcrlichen Manik\u00fcre, Ideal f\u00fcr zu Hause und Professionelle Manik\u00fcre, Rosa Farb Nr 03, 5ml - Selleetools.com","og_description":"CLARESA ERWEITERTE PFLEGE 5 IN 1 PROVITA hybride Basis Aufbau und Verl\u00e4ngerung bis 10 mm maximale Haltbarkeit und Haftung Ausrichtung der Nagelplattenfarbe Claresa Extend Care 5 in 1 Provita ist eine Hybridbasis f\u00fcr schwache N\u00e4gel, die gest\u00e4rkt werden m\u00fcssen. Seine Formel wurde mit Vitamin E, Biotin und Kalzium angereichert. Dar\u00fcber hinaus enth\u00e4lt die Zusammensetzung Rosskastanienextrakt ... Read moreClaresa Extend UV Nagellack Base 5in1 Manicure, Pedicure, Basis f\u00fcr Hybridlack, verleiht das Aussehen einer nat\u00fcrlichen Manik\u00fcre, Ideal f\u00fcr zu Hause und Professionelle Manik\u00fcre, Rosa Farb Nr 03, 5ml","og_url":"https:\/\/selleetools.com\/pl\/product\/claresa-extend-uv-nagellack-base-5in1-manicure-pedicure-basis-fur-hybridlack-verleiht-das-aussehen-einer-naturlichen-manikure-ideal-fur-zu-hause-und-professionelle-manikure-rosa-farb-nr-03-5ml\/","og_site_name":"Selleetools.com","article_modified_time":"2023-12-05T11:00:33+00:00","og_image":[{"width":1500,"height":1500,"url":"https:\/\/selleetools.com\/wp-content\/uploads\/2023\/10\/51l-R3Eh2lL.jpg","type":"image\/jpeg"}],"twitter_card":"summary_large_image","twitter_misc":{"Est. reading time":"2 minuty"},"schema":{"@context":"https:\/\/schema.org","@graph":[{"@type":"Organization","@id":"https:\/\/selleetools.com\/#organization","name":"Selleetools","url":"https:\/\/selleetools.com\/","sameAs":[],"logo":{"@type":"ImageObject","inLanguage":"pl-PL","@id":"https:\/\/selleetools.com\/#\/schema\/logo\/image\/","url":"https:\/\/selleetools.com\/wp-content\/uploads\/2021\/10\/logo-dark.png","contentUrl":"https:\/\/selleetools.com\/wp-content\/uploads\/2021\/10\/logo-dark.png","width":320,"height":76,"caption":"Selleetools"},"image":{"@id":"https:\/\/selleetools.com\/#\/schema\/logo\/image\/"}},{"@type":"WebSite","@id":"https:\/\/selleetools.com\/#website","url":"https:\/\/selleetools.com\/","name":"Selleetools.com","description":"","publisher":{"@id":"https:\/\/selleetools.com\/#organization"},"potentialAction":[{"@type":"SearchAction","target":{"@type":"EntryPoint","urlTemplate":"https:\/\/selleetools.com\/?s={search_term_string}"},"query-input":"required name=search_term_string"}],"inLanguage":"pl-PL"},{"@type":"WebPage","@id":"https:\/\/selleetools.com\/pl\/product\/claresa-extend-uv-nagellack-base-5in1-manicure-pedicure-basis-fur-hybridlack-verleiht-das-aussehen-einer-naturlichen-manikure-ideal-fur-zu-hause-und-professionelle-manikure-rosa-farb-nr-03-5ml\/","url":"https:\/\/selleetools.com\/pl\/product\/claresa-extend-uv-nagellack-base-5in1-manicure-pedicure-basis-fur-hybridlack-verleiht-das-aussehen-einer-naturlichen-manikure-ideal-fur-zu-hause-und-professionelle-manikure-rosa-farb-nr-03-5ml\/","name":"Claresa Extend UV Nagellack Base 5in1 Manicure, Pedicure, Basis f\u00fcr Hybridlack, verleiht das Aussehen einer nat\u00fcrlichen Manik\u00fcre, Ideal f\u00fcr zu Hause und Professionelle Manik\u00fcre, Rosa Farb Nr 03, 5ml - Selleetools.com","isPartOf":{"@id":"https:\/\/selleetools.com\/#website"},"datePublished":"2023-10-08T09:28:04+00:00","dateModified":"2023-12-05T11:00:33+00:00","breadcrumb":{"@id":"https:\/\/selleetools.com\/pl\/product\/claresa-extend-uv-nagellack-base-5in1-manicure-pedicure-basis-fur-hybridlack-verleiht-das-aussehen-einer-naturlichen-manikure-ideal-fur-zu-hause-und-professionelle-manikure-rosa-farb-nr-03-5ml\/#breadcrumb"},"inLanguage":"pl-PL","potentialAction":[{"@type":"ReadAction","target":["https:\/\/selleetools.com\/pl\/product\/claresa-extend-uv-nagellack-base-5in1-manicure-pedicure-basis-fur-hybridlack-verleiht-das-aussehen-einer-naturlichen-manikure-ideal-fur-zu-hause-und-professionelle-manikure-rosa-farb-nr-03-5ml\/"]}]},{"@type":"BreadcrumbList","@id":"https:\/\/selleetools.com\/pl\/product\/claresa-extend-uv-nagellack-base-5in1-manicure-pedicure-basis-fur-hybridlack-verleiht-das-aussehen-einer-naturlichen-manikure-ideal-fur-zu-hause-und-professionelle-manikure-rosa-farb-nr-03-5ml\/#breadcrumb","itemListElement":[{"@type":"ListItem","position":1,"name":"Home","item":"https:\/\/selleetools.com\/pl\/"},{"@type":"ListItem","position":2,"name":"Katalog","item":"https:\/\/selleetools.com\/pl\/katalog\/"},{"@type":"ListItem","position":3,"name":"Claresa Extend UV Nagellack Base 5in1 Manicure, Pedicure, Basis f\u00fcr Hybridlack, verleiht das Aussehen einer nat\u00fcrlichen Manik\u00fcre, Ideal f\u00fcr zu Hause und Professionelle Manik\u00fcre, Rosa Farb Nr 03, 5ml"}]}]}},"_links":{"self":[{"href":"https:\/\/selleetools.com\/pl\/wp-json\/wp\/v2\/product\/293327"}],"collection":[{"href":"https:\/\/selleetools.com\/pl\/wp-json\/wp\/v2\/product"}],"about":[{"href":"https:\/\/selleetools.com\/pl\/wp-json\/wp\/v2\/types\/product"}],"replies":[{"embeddable":true,"href":"https:\/\/selleetools.com\/pl\/wp-json\/wp\/v2\/comments?post=293327"}],"wp:featuredmedia":[{"embeddable":true,"href":"https:\/\/selleetools.com\/pl\/wp-json\/wp\/v2\/media\/293303"}],"wp:attachment":[{"href":"https:\/\/selleetools.com\/pl\/wp-json\/wp\/v2\/media?parent=293327"}],"curies":[{"name":"wp","href":"https:\/\/api.w.org\/{rel}","templated":true}]}}