{"id":293026,"date":"2023-10-08T11:26:02","date_gmt":"2023-10-08T09:26:02","guid":{"rendered":"https:\/\/selleetools.com\/?post_type=product&#038;p=293026"},"modified":"2025-01-03T15:37:26","modified_gmt":"2025-01-03T14:37:26","slug":"claresa-uv-rubber-base-manicure-pedicure-nr-01-21-halbtransparent-5ml","status":"publish","type":"product","link":"https:\/\/selleetools.com\/pl\/product\/claresa-uv-rubber-base-manicure-pedicure-nr-01-21-halbtransparent-5ml\/","title":{"rendered":"Claresa UV Rubber Base Manicure Pedicure Nr 01-21 Halbtransparent 5ml"},"content":{"rendered":"<p>Claresa Rubber Base ist eine Gummibasis, die f\u00fcr problematische, spr\u00f6de, br\u00fcchige und schwache N\u00e4gel entwickelt wurde, die eine St\u00e4rkung ben\u00f6tigen. Es erh\u00f6ht die Traktion deutlich und garantiert damit auch maximale Haltbarkeit. Die Claresa-Gummibasis hat eine mitteldicke Konsistenz, mit der Sie den Nagel bis zu 10 mm aufbauen und verl\u00e4ngern k\u00f6nnen. Es \u00fcberflutet die Nagelhaut nicht und formt leicht die Form des Nagels. Es baut die Nagelplatte perfekt auf, verl\u00e4ngert sie und gleicht Unebenheiten und Farbe aus. Rubber Base hat selbstnivellierende Eigenschaften und wurde mit einer praktischen B\u00fcrste ausgestattet, wodurch es einfach und angenehm zu verarbeiten ist. Perfekt f\u00fcr den Heimgebrauch sowie in einem professionellen Sch\u00f6nheitssalon. Mit seiner Hilfe erreichen Sie einfach und schnell eine langanhaltende und perfekte Nagelstyling. Claresa Rubber Base ist eine Kombination aus Basis und Farbe in einem Produkt, wodurch es sich auch perfekt f\u00fcr Pastelllacke eignet. Dank der gleichm\u00e4\u00dfigen Farbe der Fliesen werden deren zarte Farbt\u00f6ne verst\u00e4rkt. Die Kosmetik ist in einer breiten Farbpalette erh\u00e4ltlich. Wenn Sie auf der Suche nach der richtigen Farbe f\u00fcr die French- oder Babyboomer-Manik\u00fcre sind, ist diese Basis perfekt f\u00fcr Sie. Die undurchsichtige, aber sehr helle und subtile Farbe von Rosa wird daf\u00fcr sorgen, dass Sie einen Platz in Ihrer Sammlung finden.FeaturesRubber Base sind Gummibasen mittlerer Dichte, die f\u00fcr problematische N\u00e4gel bestimmt sind: spr\u00f6de, spr\u00f6de und besch\u00e4digt;Aufbau und Verl\u00e4ngerung bis 10 mm. Naturnagelverst\u00e4rkung geeignet zur Rekonstruktion und Verl\u00e4ngerung der Nagelplatte bis 10 mm. Au\u00dferdem gleicht es die Farbe und Unebenheiten der Nagelplatte aus;Einfache Anwendung \u2013 Mitteldicke Konsistenz, die das Auftragen erleichtert. Ein kurzer, konturierter Pinsel l\u00e4sst das Produkt schnell auftragen;Perfekte Farbe f\u00fcr die French- oder Babyboomer-Manik\u00fcre. Deckende, aber sehr helle und dezente rosa Farbe. Es verst\u00e4rkt die Farbe von Pastell- und Neon-HybridlackenLieferumfang: 1x Claresa Rubber Base, Farbton: Nr. 01, Finish: halbtransparent, Volumen: 5 ml;<\/p>\n","protected":false},"excerpt":{"rendered":"<p>Claresa Rubber Base ist eine Gummibasis, die f\u00fcr problematische, spr\u00f6de, br\u00fcchige und schwache N\u00e4gel entwickelt wurde, die eine St\u00e4rkung ben\u00f6tigen. Es erh\u00f6ht die Traktion deutlich und garantiert damit auch maximale Haltbarkeit. Die Claresa-Gummibasis hat eine mitteldicke Konsistenz, mit der Sie den Nagel bis zu 10 mm aufbauen und verl\u00e4ngern k\u00f6nnen. Es \u00fcberflutet die Nagelhaut nicht &#8230; <a title=\"Claresa UV Rubber Base Manicure Pedicure Nr 01-21 Halbtransparent 5ml\" class=\"read-more\" href=\"https:\/\/selleetools.com\/pl\/product\/claresa-uv-rubber-base-manicure-pedicure-nr-01-21-halbtransparent-5ml\/\">Read more<span class=\"screen-reader-text\">Claresa UV Rubber Base Manicure Pedicure Nr 01-21 Halbtransparent 5ml<\/span><\/a><\/p>\n","protected":false},"featured_media":293014,"comment_status":"open","ping_status":"closed","template":"","meta":{"_links_to":"","_links_to_target":""},"yoast_head":"<!-- This site is optimized with the Yoast SEO plugin v19.4 - https:\/\/yoast.com\/wordpress\/plugins\/seo\/ -->\n<title>Claresa UV Rubber Base Manicure Pedicure Nr 01-21 Halbtransparent 5ml - Selleetools.com<\/title>\n<meta name=\"robots\" content=\"index, follow, max-snippet:-1, max-image-preview:large, max-video-preview:-1\" \/>\n<link rel=\"canonical\" href=\"https:\/\/selleetools.com\/product\/claresa-uv-rubber-base-manicure-pedicure-nr-01-21-halbtransparent-5ml\/\" \/>\n<meta property=\"og:locale\" content=\"pl_PL\" \/>\n<meta property=\"og:type\" content=\"article\" \/>\n<meta property=\"og:title\" content=\"Claresa UV Rubber Base Manicure Pedicure Nr 01-21 Halbtransparent 5ml - Selleetools.com\" \/>\n<meta property=\"og:description\" content=\"Claresa Rubber Base ist eine Gummibasis, die f\u00fcr problematische, spr\u00f6de, br\u00fcchige und schwache N\u00e4gel entwickelt wurde, die eine St\u00e4rkung ben\u00f6tigen. Es erh\u00f6ht die Traktion deutlich und garantiert damit auch maximale Haltbarkeit. Die Claresa-Gummibasis hat eine mitteldicke Konsistenz, mit der Sie den Nagel bis zu 10 mm aufbauen und verl\u00e4ngern k\u00f6nnen. Es \u00fcberflutet die Nagelhaut nicht ... Read moreClaresa UV Rubber Base Manicure Pedicure Nr 01-21 Halbtransparent 5ml\" \/>\n<meta property=\"og:url\" content=\"https:\/\/selleetools.com\/product\/claresa-uv-rubber-base-manicure-pedicure-nr-01-21-halbtransparent-5ml\/\" \/>\n<meta property=\"og:site_name\" content=\"Selleetools.com\" \/>\n<meta property=\"article:modified_time\" content=\"2025-01-03T14:37:26+00:00\" \/>\n<meta property=\"og:image\" content=\"https:\/\/selleetools.com\/wp-content\/uploads\/2023\/10\/51vLTvjd4SL.jpg\" \/>\n\t<meta property=\"og:image:width\" content=\"1500\" \/>\n\t<meta property=\"og:image:height\" content=\"1500\" \/>\n\t<meta property=\"og:image:type\" content=\"image\/jpeg\" \/>\n<meta name=\"twitter:card\" content=\"summary_large_image\" \/>\n<meta name=\"twitter:label1\" content=\"Est. reading time\" \/>\n\t<meta name=\"twitter:data1\" content=\"2 minuty\" \/>\n<!-- \/ Yoast SEO plugin. -->","yoast_head_json":{"title":"Claresa UV Rubber Base Manicure Pedicure Nr 01-21 Halbtransparent 5ml - Selleetools.com","robots":{"index":"index","follow":"follow","max-snippet":"max-snippet:-1","max-image-preview":"max-image-preview:large","max-video-preview":"max-video-preview:-1"},"canonical":"https:\/\/selleetools.com\/product\/claresa-uv-rubber-base-manicure-pedicure-nr-01-21-halbtransparent-5ml\/","og_locale":"pl_PL","og_type":"article","og_title":"Claresa UV Rubber Base Manicure Pedicure Nr 01-21 Halbtransparent 5ml - Selleetools.com","og_description":"Claresa Rubber Base ist eine Gummibasis, die f\u00fcr problematische, spr\u00f6de, br\u00fcchige und schwache N\u00e4gel entwickelt wurde, die eine St\u00e4rkung ben\u00f6tigen. Es erh\u00f6ht die Traktion deutlich und garantiert damit auch maximale Haltbarkeit. Die Claresa-Gummibasis hat eine mitteldicke Konsistenz, mit der Sie den Nagel bis zu 10 mm aufbauen und verl\u00e4ngern k\u00f6nnen. Es \u00fcberflutet die Nagelhaut nicht ... Read moreClaresa UV Rubber Base Manicure Pedicure Nr 01-21 Halbtransparent 5ml","og_url":"https:\/\/selleetools.com\/product\/claresa-uv-rubber-base-manicure-pedicure-nr-01-21-halbtransparent-5ml\/","og_site_name":"Selleetools.com","article_modified_time":"2025-01-03T14:37:26+00:00","og_image":[{"width":1500,"height":1500,"url":"https:\/\/selleetools.com\/wp-content\/uploads\/2023\/10\/51vLTvjd4SL.jpg","type":"image\/jpeg"}],"twitter_card":"summary_large_image","twitter_misc":{"Est. reading time":"2 minuty"},"schema":{"@context":"https:\/\/schema.org","@graph":[{"@type":"Organization","@id":"https:\/\/selleetools.com\/#organization","name":"Selleetools","url":"https:\/\/selleetools.com\/","sameAs":[],"logo":{"@type":"ImageObject","inLanguage":"pl-PL","@id":"https:\/\/selleetools.com\/#\/schema\/logo\/image\/","url":"https:\/\/selleetools.com\/wp-content\/uploads\/2021\/10\/logo-dark.png","contentUrl":"https:\/\/selleetools.com\/wp-content\/uploads\/2021\/10\/logo-dark.png","width":320,"height":76,"caption":"Selleetools"},"image":{"@id":"https:\/\/selleetools.com\/#\/schema\/logo\/image\/"}},{"@type":"WebSite","@id":"https:\/\/selleetools.com\/#website","url":"https:\/\/selleetools.com\/","name":"Selleetools.com","description":"","publisher":{"@id":"https:\/\/selleetools.com\/#organization"},"potentialAction":[{"@type":"SearchAction","target":{"@type":"EntryPoint","urlTemplate":"https:\/\/selleetools.com\/?s={search_term_string}"},"query-input":"required name=search_term_string"}],"inLanguage":"pl-PL"},{"@type":"WebPage","@id":"https:\/\/selleetools.com\/product\/claresa-uv-rubber-base-manicure-pedicure-nr-01-21-halbtransparent-5ml\/","url":"https:\/\/selleetools.com\/product\/claresa-uv-rubber-base-manicure-pedicure-nr-01-21-halbtransparent-5ml\/","name":"Claresa UV Rubber Base Manicure Pedicure Nr 01-21 Halbtransparent 5ml - Selleetools.com","isPartOf":{"@id":"https:\/\/selleetools.com\/#website"},"datePublished":"2023-10-08T09:26:02+00:00","dateModified":"2025-01-03T14:37:26+00:00","breadcrumb":{"@id":"https:\/\/selleetools.com\/product\/claresa-uv-rubber-base-manicure-pedicure-nr-01-21-halbtransparent-5ml\/#breadcrumb"},"inLanguage":"pl-PL","potentialAction":[{"@type":"ReadAction","target":["https:\/\/selleetools.com\/product\/claresa-uv-rubber-base-manicure-pedicure-nr-01-21-halbtransparent-5ml\/"]}]},{"@type":"BreadcrumbList","@id":"https:\/\/selleetools.com\/product\/claresa-uv-rubber-base-manicure-pedicure-nr-01-21-halbtransparent-5ml\/#breadcrumb","itemListElement":[{"@type":"ListItem","position":1,"name":"Home","item":"https:\/\/selleetools.com\/pl\/"},{"@type":"ListItem","position":2,"name":"Katalog","item":"https:\/\/selleetools.com\/pl\/katalog\/"},{"@type":"ListItem","position":3,"name":"Claresa UV Rubber Base Manicure Pedicure Nr 01-21 Halbtransparent 5ml"}]}]}},"_links":{"self":[{"href":"https:\/\/selleetools.com\/pl\/wp-json\/wp\/v2\/product\/293026"}],"collection":[{"href":"https:\/\/selleetools.com\/pl\/wp-json\/wp\/v2\/product"}],"about":[{"href":"https:\/\/selleetools.com\/pl\/wp-json\/wp\/v2\/types\/product"}],"replies":[{"embeddable":true,"href":"https:\/\/selleetools.com\/pl\/wp-json\/wp\/v2\/comments?post=293026"}],"wp:featuredmedia":[{"embeddable":true,"href":"https:\/\/selleetools.com\/pl\/wp-json\/wp\/v2\/media\/293014"}],"wp:attachment":[{"href":"https:\/\/selleetools.com\/pl\/wp-json\/wp\/v2\/media?parent=293026"}],"curies":[{"name":"wp","href":"https:\/\/api.w.org\/{rel}","templated":true}]}}