{"id":292877,"date":"2023-10-08T11:24:40","date_gmt":"2023-10-08T09:24:40","guid":{"rendered":"https:\/\/selleetools.com\/?post_type=product&#038;p=292877"},"modified":"2023-11-25T12:24:58","modified_gmt":"2023-11-25T11:24:58","slug":"montibello-repair-active-shampoo-repariert-geschadigtes-haar-1-000-ml-8429525112777","status":"publish","type":"product","link":"https:\/\/selleetools.com\/pl\/product\/montibello-repair-active-shampoo-repariert-geschadigtes-haar-1-000-ml-8429525112777\/","title":{"rendered":"Montibello Repair Active Shampoo, repariert gesch\u00e4digtes Haar, 1.000\u00a0ml [8429525112777]"},"content":{"rendered":"<p>Montibello Repair Active Shampoo 1000ml Shampoo Treat NaturTech Serie: &#8211; Konzeption TrichoNutrition \u2013 Di\u00e4t f\u00fcr Haar &#8211; Haarbed\u00fcrfnisse befriedigen &#8211; Formel vom Shampoo basiert auf moderne Technologie &#8211; garantiert beste Haarpflege &#8211; Jedes Kosmetikum enth\u00e4lt aktive Zutaten &#8211; nat\u00fcrliche Stoffe Eigenschaften: &#8211; regeneriert das trockene Haar &#8211; w\u00e4scht behutsam das Haar &#8211; regeneriert und feucht an &#8211; sch\u00fctzt vor hohe Temperatur &#8211; erleichtert das Haar auszuk\u00e4mmen &#8211; enth\u00e4lt Amino-Ceramide System Technologie &#8211; duftet nach Blumen und ObstFeaturesMontibello Repair Active Shampoo 1000ml<\/p>\n","protected":false},"excerpt":{"rendered":"<p>Montibello Repair Active Shampoo 1000ml Shampoo Treat NaturTech Serie: &#8211; Konzeption TrichoNutrition \u2013 Di\u00e4t f\u00fcr Haar &#8211; Haarbed\u00fcrfnisse befriedigen &#8211; Formel vom Shampoo basiert auf moderne Technologie &#8211; garantiert beste Haarpflege &#8211; Jedes Kosmetikum enth\u00e4lt aktive Zutaten &#8211; nat\u00fcrliche Stoffe Eigenschaften: &#8211; regeneriert das trockene Haar &#8211; w\u00e4scht behutsam das Haar &#8211; regeneriert und feucht &#8230; <a title=\"Montibello Repair Active Shampoo, repariert gesch\u00e4digtes Haar, 1.000\u00a0ml [8429525112777]\" class=\"read-more\" href=\"https:\/\/selleetools.com\/pl\/product\/montibello-repair-active-shampoo-repariert-geschadigtes-haar-1-000-ml-8429525112777\/\">Read more<span class=\"screen-reader-text\">Montibello Repair Active Shampoo, repariert gesch\u00e4digtes Haar, 1.000\u00a0ml [8429525112777]<\/span><\/a><\/p>\n","protected":false},"featured_media":292873,"comment_status":"open","ping_status":"closed","template":"","meta":{"_links_to":"","_links_to_target":""},"yoast_head":"<!-- This site is optimized with the Yoast SEO plugin v19.4 - https:\/\/yoast.com\/wordpress\/plugins\/seo\/ -->\n<title>Montibello Repair Active Shampoo, repariert gesch\u00e4digtes Haar, 1.000\u00a0ml [8429525112777] - Selleetools.com<\/title>\n<meta name=\"robots\" content=\"index, follow, max-snippet:-1, max-image-preview:large, max-video-preview:-1\" \/>\n<link rel=\"canonical\" href=\"https:\/\/selleetools.com\/product\/montibello-repair-active-shampoo-repariert-geschadigtes-haar-1-000-ml-8429525112777\/\" \/>\n<meta property=\"og:locale\" content=\"pl_PL\" \/>\n<meta property=\"og:type\" content=\"article\" \/>\n<meta property=\"og:title\" content=\"Montibello Repair Active Shampoo, repariert gesch\u00e4digtes Haar, 1.000\u00a0ml [8429525112777] - Selleetools.com\" \/>\n<meta property=\"og:description\" content=\"Montibello Repair Active Shampoo 1000ml Shampoo Treat NaturTech Serie: &#8211; Konzeption TrichoNutrition \u2013 Di\u00e4t f\u00fcr Haar &#8211; Haarbed\u00fcrfnisse befriedigen &#8211; Formel vom Shampoo basiert auf moderne Technologie &#8211; garantiert beste Haarpflege &#8211; Jedes Kosmetikum enth\u00e4lt aktive Zutaten &#8211; nat\u00fcrliche Stoffe Eigenschaften: &#8211; regeneriert das trockene Haar &#8211; w\u00e4scht behutsam das Haar &#8211; regeneriert und feucht ... Read moreMontibello Repair Active Shampoo, repariert gesch\u00e4digtes Haar, 1.000\u00a0ml [8429525112777]\" \/>\n<meta property=\"og:url\" content=\"https:\/\/selleetools.com\/product\/montibello-repair-active-shampoo-repariert-geschadigtes-haar-1-000-ml-8429525112777\/\" \/>\n<meta property=\"og:site_name\" content=\"Selleetools.com\" \/>\n<meta property=\"article:modified_time\" content=\"2023-11-25T11:24:58+00:00\" \/>\n<meta property=\"og:image\" content=\"https:\/\/selleetools.com\/wp-content\/uploads\/2023\/10\/31CWYD7m4YL.jpg\" \/>\n\t<meta property=\"og:image:width\" content=\"500\" \/>\n\t<meta property=\"og:image:height\" content=\"367\" \/>\n\t<meta property=\"og:image:type\" content=\"image\/jpeg\" \/>\n<meta name=\"twitter:card\" content=\"summary_large_image\" \/>\n<!-- \/ Yoast SEO plugin. -->","yoast_head_json":{"title":"Montibello Repair Active Shampoo, repariert gesch\u00e4digtes Haar, 1.000\u00a0ml [8429525112777] - Selleetools.com","robots":{"index":"index","follow":"follow","max-snippet":"max-snippet:-1","max-image-preview":"max-image-preview:large","max-video-preview":"max-video-preview:-1"},"canonical":"https:\/\/selleetools.com\/product\/montibello-repair-active-shampoo-repariert-geschadigtes-haar-1-000-ml-8429525112777\/","og_locale":"pl_PL","og_type":"article","og_title":"Montibello Repair Active Shampoo, repariert gesch\u00e4digtes Haar, 1.000\u00a0ml [8429525112777] - Selleetools.com","og_description":"Montibello Repair Active Shampoo 1000ml Shampoo Treat NaturTech Serie: &#8211; Konzeption TrichoNutrition \u2013 Di\u00e4t f\u00fcr Haar &#8211; Haarbed\u00fcrfnisse befriedigen &#8211; Formel vom Shampoo basiert auf moderne Technologie &#8211; garantiert beste Haarpflege &#8211; Jedes Kosmetikum enth\u00e4lt aktive Zutaten &#8211; nat\u00fcrliche Stoffe Eigenschaften: &#8211; regeneriert das trockene Haar &#8211; w\u00e4scht behutsam das Haar &#8211; regeneriert und feucht ... Read moreMontibello Repair Active Shampoo, repariert gesch\u00e4digtes Haar, 1.000\u00a0ml [8429525112777]","og_url":"https:\/\/selleetools.com\/product\/montibello-repair-active-shampoo-repariert-geschadigtes-haar-1-000-ml-8429525112777\/","og_site_name":"Selleetools.com","article_modified_time":"2023-11-25T11:24:58+00:00","og_image":[{"width":500,"height":367,"url":"https:\/\/selleetools.com\/wp-content\/uploads\/2023\/10\/31CWYD7m4YL.jpg","type":"image\/jpeg"}],"twitter_card":"summary_large_image","schema":{"@context":"https:\/\/schema.org","@graph":[{"@type":"Organization","@id":"https:\/\/selleetools.com\/#organization","name":"Selleetools","url":"https:\/\/selleetools.com\/","sameAs":[],"logo":{"@type":"ImageObject","inLanguage":"pl-PL","@id":"https:\/\/selleetools.com\/#\/schema\/logo\/image\/","url":"https:\/\/selleetools.com\/wp-content\/uploads\/2021\/10\/logo-dark.png","contentUrl":"https:\/\/selleetools.com\/wp-content\/uploads\/2021\/10\/logo-dark.png","width":320,"height":76,"caption":"Selleetools"},"image":{"@id":"https:\/\/selleetools.com\/#\/schema\/logo\/image\/"}},{"@type":"WebSite","@id":"https:\/\/selleetools.com\/#website","url":"https:\/\/selleetools.com\/","name":"Selleetools.com","description":"","publisher":{"@id":"https:\/\/selleetools.com\/#organization"},"potentialAction":[{"@type":"SearchAction","target":{"@type":"EntryPoint","urlTemplate":"https:\/\/selleetools.com\/?s={search_term_string}"},"query-input":"required name=search_term_string"}],"inLanguage":"pl-PL"},{"@type":"WebPage","@id":"https:\/\/selleetools.com\/product\/montibello-repair-active-shampoo-repariert-geschadigtes-haar-1-000-ml-8429525112777\/","url":"https:\/\/selleetools.com\/product\/montibello-repair-active-shampoo-repariert-geschadigtes-haar-1-000-ml-8429525112777\/","name":"Montibello Repair Active Shampoo, repariert gesch\u00e4digtes Haar, 1.000\u00a0ml [8429525112777] - Selleetools.com","isPartOf":{"@id":"https:\/\/selleetools.com\/#website"},"datePublished":"2023-10-08T09:24:40+00:00","dateModified":"2023-11-25T11:24:58+00:00","breadcrumb":{"@id":"https:\/\/selleetools.com\/product\/montibello-repair-active-shampoo-repariert-geschadigtes-haar-1-000-ml-8429525112777\/#breadcrumb"},"inLanguage":"pl-PL","potentialAction":[{"@type":"ReadAction","target":["https:\/\/selleetools.com\/product\/montibello-repair-active-shampoo-repariert-geschadigtes-haar-1-000-ml-8429525112777\/"]}]},{"@type":"BreadcrumbList","@id":"https:\/\/selleetools.com\/product\/montibello-repair-active-shampoo-repariert-geschadigtes-haar-1-000-ml-8429525112777\/#breadcrumb","itemListElement":[{"@type":"ListItem","position":1,"name":"Home","item":"https:\/\/selleetools.com\/pl\/"},{"@type":"ListItem","position":2,"name":"Katalog","item":"https:\/\/admincentral.selleetools.com\/pl\/katalog\/"},{"@type":"ListItem","position":3,"name":"Montibello Repair Active Shampoo, repariert gesch\u00e4digtes Haar, 1.000\u00a0ml [8429525112777]"}]}]}},"_links":{"self":[{"href":"https:\/\/selleetools.com\/pl\/wp-json\/wp\/v2\/product\/292877"}],"collection":[{"href":"https:\/\/selleetools.com\/pl\/wp-json\/wp\/v2\/product"}],"about":[{"href":"https:\/\/selleetools.com\/pl\/wp-json\/wp\/v2\/types\/product"}],"replies":[{"embeddable":true,"href":"https:\/\/selleetools.com\/pl\/wp-json\/wp\/v2\/comments?post=292877"}],"wp:featuredmedia":[{"embeddable":true,"href":"https:\/\/selleetools.com\/pl\/wp-json\/wp\/v2\/media\/292873"}],"wp:attachment":[{"href":"https:\/\/selleetools.com\/pl\/wp-json\/wp\/v2\/media?parent=292877"}],"curies":[{"name":"wp","href":"https:\/\/api.w.org\/{rel}","templated":true}]}}