{"id":292865,"date":"2023-10-08T11:24:30","date_gmt":"2023-10-08T09:24:30","guid":{"rendered":"https:\/\/selleetools.com\/?post_type=product&#038;p=292865"},"modified":"2025-01-03T15:33:00","modified_gmt":"2025-01-03T14:33:00","slug":"joanna-seide-seide-shampoo-conditioner-2x1l-glattungsset-fur-trockenes-und-strapaziertes-haar-nach-friseurbehandlungen","status":"publish","type":"product","link":"https:\/\/selleetools.com\/pl\/product\/joanna-seide-seide-shampoo-conditioner-2x1l-glattungsset-fur-trockenes-und-strapaziertes-haar-nach-friseurbehandlungen\/","title":{"rendered":"Joanna Seide-Seide Shampoo + Conditioner 2x1L Gl\u00e4ttungsset f\u00fcr trockenes und strapaziertes Haar nach Friseurbehandlungen"},"content":{"rendered":"<p>JOANNA SMOOTHING SHAMPOO MIT SEIDE 1000 ml Professionelles Gl\u00e4ttungsshampoo zum h\u00e4ufigen Waschen aller Haartypen. Es enth\u00e4lt hydrolysierte Seidenproteine, die das Haar perfekt mit Feuchtigkeit versorgen. Reinigt das Haar perfekt von Unreinheiten und macht es weich, frisch und samtig glatt. Es verbessert den Zustand des Haares, verleiht ihm einen sch\u00f6nen Glanz, Vitalit\u00e4t und ein gepflegtes Aussehen. WIRKSTOFFE: -Seidenproteine: Sch\u00fctzen Sie die Haarfasern, indem Sie ihnen die richtige Feuchtigkeit, Elastizit\u00e4t und Elastizit\u00e4t verleihen PROFESSIONELLE ERGEBNISSE: &#8211; sanft gereinigtes Haar und Kopfhaut &#8211; Haare glatter und gl\u00e4nzender -weich und sch\u00f6n zu ber\u00fchren WIE BENUTZT MAN: Tragen Sie eine kleine Menge Shampoo auf das feuchte Haar auf, massieren Sie es sanft ein und sp\u00fclen Sie es dann aus. Bei Bedarf wiederholen. JOANNA SMOOTHING CONDITIONER MIT SEIDE 1000 ml Joanna Professional Smoothing Conditioner enth\u00e4lt hydrolysierte Seidenproteine, die f\u00fcr die richtige Fl\u00fcssigkeitszufuhr sorgen, und sorgf\u00e4ltig ausgew\u00e4hlte Inhaltsstoffe erm\u00f6glichen eine effektive Haarpflege. Nach dem Auftragen des Conditioners wird das Haar flexibler, l\u00e4sst sich leicht k\u00e4mmen und stylen. Verbessert effektiv den Zustand des Haares und verleiht ihm Glanz und ein gesundes, gepflegtes Aussehen. WIRKSTOFFE: -Seidenproteine: Sch\u00fctzen Sie die Haarfasern, indem Sie ihnen die richtige Feuchtigkeit, Elastizit\u00e4t und Elastizit\u00e4t verleihen PROFESSIONELLE ERGEBNISSE: &#8211; Haare besser mit Feuchtigkeit versorgt &#8211; leichter zu entwirren und zu stylen gegl\u00e4ttet und gl\u00e4nzend WIE BENUTZT MAN: Tragen Sie den Conditioner auf gewaschenes, leicht handtuchtrockenes Haar auf und massieren Sie es gr\u00fcndlich ein. 3-5 Minuten einwirken lassen. dann sp\u00fclen.FeaturesHaare besser mit Feuchtigkeit versorgtleichter zu entwirren und zu stylengegl\u00e4ttet und gl\u00e4nzendVerbessert effektiv den Zustand des Haares und verleiht ihm Glanz und ein gesundes, gepflegtes Aussehen.Nach dem Auftragen des Conditioners wird das Haar flexibler, l\u00e4sst sich leicht k\u00e4mmen und stylen.<\/p>\n","protected":false},"excerpt":{"rendered":"<p>JOANNA SMOOTHING SHAMPOO MIT SEIDE 1000 ml Professionelles Gl\u00e4ttungsshampoo zum h\u00e4ufigen Waschen aller Haartypen. Es enth\u00e4lt hydrolysierte Seidenproteine, die das Haar perfekt mit Feuchtigkeit versorgen. Reinigt das Haar perfekt von Unreinheiten und macht es weich, frisch und samtig glatt. Es verbessert den Zustand des Haares, verleiht ihm einen sch\u00f6nen Glanz, Vitalit\u00e4t und ein gepflegtes Aussehen. &#8230; <a title=\"Joanna Seide-Seide Shampoo + Conditioner 2x1L Gl\u00e4ttungsset f\u00fcr trockenes und strapaziertes Haar nach Friseurbehandlungen\" class=\"read-more\" href=\"https:\/\/selleetools.com\/pl\/product\/joanna-seide-seide-shampoo-conditioner-2x1l-glattungsset-fur-trockenes-und-strapaziertes-haar-nach-friseurbehandlungen\/\">Read more<span class=\"screen-reader-text\">Joanna Seide-Seide Shampoo + Conditioner 2x1L Gl\u00e4ttungsset f\u00fcr trockenes und strapaziertes Haar nach Friseurbehandlungen<\/span><\/a><\/p>\n","protected":false},"featured_media":292859,"comment_status":"open","ping_status":"closed","template":"","meta":{"_links_to":"","_links_to_target":""},"yoast_head":"<!-- This site is optimized with the Yoast SEO plugin v19.4 - https:\/\/yoast.com\/wordpress\/plugins\/seo\/ -->\n<title>Joanna Seide-Seide Shampoo + Conditioner 2x1L Gl\u00e4ttungsset f\u00fcr trockenes und strapaziertes Haar nach Friseurbehandlungen - Selleetools.com<\/title>\n<meta name=\"robots\" content=\"index, follow, max-snippet:-1, max-image-preview:large, max-video-preview:-1\" \/>\n<link rel=\"canonical\" href=\"https:\/\/selleetools.com\/product\/joanna-seide-seide-shampoo-conditioner-2x1l-glattungsset-fur-trockenes-und-strapaziertes-haar-nach-friseurbehandlungen\/\" \/>\n<meta property=\"og:locale\" content=\"pl_PL\" \/>\n<meta property=\"og:type\" content=\"article\" \/>\n<meta property=\"og:title\" content=\"Joanna Seide-Seide Shampoo + Conditioner 2x1L Gl\u00e4ttungsset f\u00fcr trockenes und strapaziertes Haar nach Friseurbehandlungen - Selleetools.com\" \/>\n<meta property=\"og:description\" content=\"JOANNA SMOOTHING SHAMPOO MIT SEIDE 1000 ml Professionelles Gl\u00e4ttungsshampoo zum h\u00e4ufigen Waschen aller Haartypen. Es enth\u00e4lt hydrolysierte Seidenproteine, die das Haar perfekt mit Feuchtigkeit versorgen. Reinigt das Haar perfekt von Unreinheiten und macht es weich, frisch und samtig glatt. Es verbessert den Zustand des Haares, verleiht ihm einen sch\u00f6nen Glanz, Vitalit\u00e4t und ein gepflegtes Aussehen. ... Read moreJoanna Seide-Seide Shampoo + Conditioner 2x1L Gl\u00e4ttungsset f\u00fcr trockenes und strapaziertes Haar nach Friseurbehandlungen\" \/>\n<meta property=\"og:url\" content=\"https:\/\/selleetools.com\/product\/joanna-seide-seide-shampoo-conditioner-2x1l-glattungsset-fur-trockenes-und-strapaziertes-haar-nach-friseurbehandlungen\/\" \/>\n<meta property=\"og:site_name\" content=\"Selleetools.com\" \/>\n<meta property=\"article:modified_time\" content=\"2025-01-03T14:33:00+00:00\" \/>\n<meta property=\"og:image\" content=\"https:\/\/selleetools.com\/wp-content\/uploads\/2023\/10\/41pjv3i7pTS.jpg\" \/>\n\t<meta property=\"og:image:width\" content=\"1080\" \/>\n\t<meta property=\"og:image:height\" content=\"1080\" \/>\n\t<meta property=\"og:image:type\" content=\"image\/jpeg\" \/>\n<meta name=\"twitter:card\" content=\"summary_large_image\" \/>\n<meta name=\"twitter:label1\" content=\"Est. reading time\" \/>\n\t<meta name=\"twitter:data1\" content=\"2 minuty\" \/>\n<!-- \/ Yoast SEO plugin. -->","yoast_head_json":{"title":"Joanna Seide-Seide Shampoo + Conditioner 2x1L Gl\u00e4ttungsset f\u00fcr trockenes und strapaziertes Haar nach Friseurbehandlungen - Selleetools.com","robots":{"index":"index","follow":"follow","max-snippet":"max-snippet:-1","max-image-preview":"max-image-preview:large","max-video-preview":"max-video-preview:-1"},"canonical":"https:\/\/selleetools.com\/product\/joanna-seide-seide-shampoo-conditioner-2x1l-glattungsset-fur-trockenes-und-strapaziertes-haar-nach-friseurbehandlungen\/","og_locale":"pl_PL","og_type":"article","og_title":"Joanna Seide-Seide Shampoo + Conditioner 2x1L Gl\u00e4ttungsset f\u00fcr trockenes und strapaziertes Haar nach Friseurbehandlungen - Selleetools.com","og_description":"JOANNA SMOOTHING SHAMPOO MIT SEIDE 1000 ml Professionelles Gl\u00e4ttungsshampoo zum h\u00e4ufigen Waschen aller Haartypen. Es enth\u00e4lt hydrolysierte Seidenproteine, die das Haar perfekt mit Feuchtigkeit versorgen. Reinigt das Haar perfekt von Unreinheiten und macht es weich, frisch und samtig glatt. Es verbessert den Zustand des Haares, verleiht ihm einen sch\u00f6nen Glanz, Vitalit\u00e4t und ein gepflegtes Aussehen. ... Read moreJoanna Seide-Seide Shampoo + Conditioner 2x1L Gl\u00e4ttungsset f\u00fcr trockenes und strapaziertes Haar nach Friseurbehandlungen","og_url":"https:\/\/selleetools.com\/product\/joanna-seide-seide-shampoo-conditioner-2x1l-glattungsset-fur-trockenes-und-strapaziertes-haar-nach-friseurbehandlungen\/","og_site_name":"Selleetools.com","article_modified_time":"2025-01-03T14:33:00+00:00","og_image":[{"width":1080,"height":1080,"url":"https:\/\/selleetools.com\/wp-content\/uploads\/2023\/10\/41pjv3i7pTS.jpg","type":"image\/jpeg"}],"twitter_card":"summary_large_image","twitter_misc":{"Est. reading time":"2 minuty"},"schema":{"@context":"https:\/\/schema.org","@graph":[{"@type":"Organization","@id":"https:\/\/selleetools.com\/#organization","name":"Selleetools","url":"https:\/\/selleetools.com\/","sameAs":[],"logo":{"@type":"ImageObject","inLanguage":"pl-PL","@id":"https:\/\/selleetools.com\/#\/schema\/logo\/image\/","url":"https:\/\/selleetools.com\/wp-content\/uploads\/2021\/10\/logo-dark.png","contentUrl":"https:\/\/selleetools.com\/wp-content\/uploads\/2021\/10\/logo-dark.png","width":320,"height":76,"caption":"Selleetools"},"image":{"@id":"https:\/\/selleetools.com\/#\/schema\/logo\/image\/"}},{"@type":"WebSite","@id":"https:\/\/selleetools.com\/#website","url":"https:\/\/selleetools.com\/","name":"Selleetools.com","description":"","publisher":{"@id":"https:\/\/selleetools.com\/#organization"},"potentialAction":[{"@type":"SearchAction","target":{"@type":"EntryPoint","urlTemplate":"https:\/\/selleetools.com\/?s={search_term_string}"},"query-input":"required name=search_term_string"}],"inLanguage":"pl-PL"},{"@type":"WebPage","@id":"https:\/\/selleetools.com\/product\/joanna-seide-seide-shampoo-conditioner-2x1l-glattungsset-fur-trockenes-und-strapaziertes-haar-nach-friseurbehandlungen\/","url":"https:\/\/selleetools.com\/product\/joanna-seide-seide-shampoo-conditioner-2x1l-glattungsset-fur-trockenes-und-strapaziertes-haar-nach-friseurbehandlungen\/","name":"Joanna Seide-Seide Shampoo + Conditioner 2x1L Gl\u00e4ttungsset f\u00fcr trockenes und strapaziertes Haar nach Friseurbehandlungen - Selleetools.com","isPartOf":{"@id":"https:\/\/selleetools.com\/#website"},"datePublished":"2023-10-08T09:24:30+00:00","dateModified":"2025-01-03T14:33:00+00:00","breadcrumb":{"@id":"https:\/\/selleetools.com\/product\/joanna-seide-seide-shampoo-conditioner-2x1l-glattungsset-fur-trockenes-und-strapaziertes-haar-nach-friseurbehandlungen\/#breadcrumb"},"inLanguage":"pl-PL","potentialAction":[{"@type":"ReadAction","target":["https:\/\/selleetools.com\/product\/joanna-seide-seide-shampoo-conditioner-2x1l-glattungsset-fur-trockenes-und-strapaziertes-haar-nach-friseurbehandlungen\/"]}]},{"@type":"BreadcrumbList","@id":"https:\/\/selleetools.com\/product\/joanna-seide-seide-shampoo-conditioner-2x1l-glattungsset-fur-trockenes-und-strapaziertes-haar-nach-friseurbehandlungen\/#breadcrumb","itemListElement":[{"@type":"ListItem","position":1,"name":"Home","item":"https:\/\/selleetools.com\/pl\/"},{"@type":"ListItem","position":2,"name":"Katalog","item":"https:\/\/selleetools.com\/pl\/katalog\/"},{"@type":"ListItem","position":3,"name":"Joanna Seide-Seide Shampoo + Conditioner 2x1L Gl\u00e4ttungsset f\u00fcr trockenes und strapaziertes Haar nach Friseurbehandlungen"}]}]}},"_links":{"self":[{"href":"https:\/\/selleetools.com\/pl\/wp-json\/wp\/v2\/product\/292865"}],"collection":[{"href":"https:\/\/selleetools.com\/pl\/wp-json\/wp\/v2\/product"}],"about":[{"href":"https:\/\/selleetools.com\/pl\/wp-json\/wp\/v2\/types\/product"}],"replies":[{"embeddable":true,"href":"https:\/\/selleetools.com\/pl\/wp-json\/wp\/v2\/comments?post=292865"}],"wp:featuredmedia":[{"embeddable":true,"href":"https:\/\/selleetools.com\/pl\/wp-json\/wp\/v2\/media\/292859"}],"wp:attachment":[{"href":"https:\/\/selleetools.com\/pl\/wp-json\/wp\/v2\/media?parent=292865"}],"curies":[{"name":"wp","href":"https:\/\/api.w.org\/{rel}","templated":true}]}}