{"id":292805,"date":"2023-10-08T10:54:52","date_gmt":"2023-10-08T08:54:52","guid":{"rendered":"https:\/\/selleetools.com\/?post_type=product&#038;p=292805"},"modified":"2023-11-25T12:24:58","modified_gmt":"2023-11-25T11:24:58","slug":"cameleo-brown-effect-shampoo-pflegende-starkende-behandlung-mit-walnuss-extrakt-fur-naturliches-gefarbtes-haar-brunette-tiefe-farbe-glanz-250ml","status":"publish","type":"product","link":"https:\/\/selleetools.com\/pl\/product\/cameleo-brown-effect-shampoo-pflegende-starkende-behandlung-mit-walnuss-extrakt-fur-naturliches-gefarbtes-haar-brunette-tiefe-farbe-glanz-250ml\/","title":{"rendered":"Cameleo &#8211; Brown Effect Shampoo &#8211; Pflegende, st\u00e4rkende Behandlung mit Walnuss-Extrakt f\u00fcr nat\u00fcrliches &#038; gef\u00e4rbtes, Haar &#8211; Br\u00fcnette Tiefe Farbe &#038; Glanz- 250ml"},"content":{"rendered":"<p>Features\ud83e\udd0e WALNUSS POWER &#8211; Enth\u00e4lt einen Extrakt aus Walnussbl\u00e4ttern, der die Farbe Ihres braunen Haares vertieft und ihm einen blitzenden Glanz verleiht!\ud83e\udd0e DEEP BROWN &#8211; Das Shampoo enth\u00e4lt zarte Farbstoffe, die das Haar allm\u00e4hlich f\u00e4rben. Die braune Haarfarbe wird dank des Extrakts aus Walnussbl\u00e4ttern noch intensiver!\ud83e\udd0e NAT\u00dcRLICHE N\u00c4HRSTOFFZUFUHR &#8211; Macht das Haar stark, glatt, weich und n\u00e4hrt es mit Braun-Effekt\ud83e\udd0e PURE &#038; CLEAN &#8211; Reinigt gr\u00fcndlich und macht braunes Haar noch brauner. Verleiht Ihrem Haar eine gro\u00dfartige Reinigung dank Oliven\u00f6l und Argan\u00f6l\ud83e\udd0e F\u00dcR MEHR Produkte, die das Beste aus Ihrem Haar herausholen, besuchen Sie bitte UNSEREN STORE<\/p>\n","protected":false},"excerpt":{"rendered":"<p>Features\ud83e\udd0e WALNUSS POWER &#8211; Enth\u00e4lt einen Extrakt aus Walnussbl\u00e4ttern, der die Farbe Ihres braunen Haares vertieft und ihm einen blitzenden Glanz verleiht!\ud83e\udd0e DEEP BROWN &#8211; Das Shampoo enth\u00e4lt zarte Farbstoffe, die das Haar allm\u00e4hlich f\u00e4rben. Die braune Haarfarbe wird dank des Extrakts aus Walnussbl\u00e4ttern noch intensiver!\ud83e\udd0e NAT\u00dcRLICHE N\u00c4HRSTOFFZUFUHR &#8211; Macht das Haar stark, glatt, weich &#8230; <a title=\"Cameleo &#8211; Brown Effect Shampoo &#8211; Pflegende, st\u00e4rkende Behandlung mit Walnuss-Extrakt f\u00fcr nat\u00fcrliches &#038; gef\u00e4rbtes, Haar &#8211; Br\u00fcnette Tiefe Farbe &#038; Glanz- 250ml\" class=\"read-more\" href=\"https:\/\/selleetools.com\/pl\/product\/cameleo-brown-effect-shampoo-pflegende-starkende-behandlung-mit-walnuss-extrakt-fur-naturliches-gefarbtes-haar-brunette-tiefe-farbe-glanz-250ml\/\">Read more<span class=\"screen-reader-text\">Cameleo &#8211; Brown Effect Shampoo &#8211; Pflegende, st\u00e4rkende Behandlung mit Walnuss-Extrakt f\u00fcr nat\u00fcrliches &#038; gef\u00e4rbtes, Haar &#8211; Br\u00fcnette Tiefe Farbe &#038; Glanz- 250ml<\/span><\/a><\/p>\n","protected":false},"featured_media":292787,"comment_status":"open","ping_status":"closed","template":"","meta":{"_links_to":"","_links_to_target":""},"yoast_head":"<!-- This site is optimized with the Yoast SEO plugin v19.4 - https:\/\/yoast.com\/wordpress\/plugins\/seo\/ -->\n<title>Cameleo - Brown Effect Shampoo - Pflegende, st\u00e4rkende Behandlung mit Walnuss-Extrakt f\u00fcr nat\u00fcrliches &amp; gef\u00e4rbtes, Haar - Br\u00fcnette Tiefe Farbe &amp; Glanz- 250ml - Selleetools.com<\/title>\n<meta name=\"robots\" content=\"index, follow, max-snippet:-1, max-image-preview:large, max-video-preview:-1\" \/>\n<link rel=\"canonical\" href=\"https:\/\/admincentral.selleetools.com\/product\/cameleo-brown-effect-shampoo-pflegende-starkende-behandlung-mit-walnuss-extrakt-fur-naturliches-gefarbtes-haar-brunette-tiefe-farbe-glanz-250ml\/\" \/>\n<meta property=\"og:locale\" content=\"pl_PL\" \/>\n<meta property=\"og:type\" content=\"article\" \/>\n<meta property=\"og:title\" content=\"Cameleo - Brown Effect Shampoo - Pflegende, st\u00e4rkende Behandlung mit Walnuss-Extrakt f\u00fcr nat\u00fcrliches &amp; gef\u00e4rbtes, Haar - Br\u00fcnette Tiefe Farbe &amp; Glanz- 250ml - Selleetools.com\" \/>\n<meta property=\"og:description\" content=\"Features\ud83e\udd0e WALNUSS POWER &#8211; Enth\u00e4lt einen Extrakt aus Walnussbl\u00e4ttern, der die Farbe Ihres braunen Haares vertieft und ihm einen blitzenden Glanz verleiht!\ud83e\udd0e DEEP BROWN &#8211; Das Shampoo enth\u00e4lt zarte Farbstoffe, die das Haar allm\u00e4hlich f\u00e4rben. Die braune Haarfarbe wird dank des Extrakts aus Walnussbl\u00e4ttern noch intensiver!\ud83e\udd0e NAT\u00dcRLICHE N\u00c4HRSTOFFZUFUHR &#8211; Macht das Haar stark, glatt, weich ... Read moreCameleo &#8211; Brown Effect Shampoo &#8211; Pflegende, st\u00e4rkende Behandlung mit Walnuss-Extrakt f\u00fcr nat\u00fcrliches &#038; gef\u00e4rbtes, Haar &#8211; Br\u00fcnette Tiefe Farbe &#038; Glanz- 250ml\" \/>\n<meta property=\"og:url\" content=\"https:\/\/admincentral.selleetools.com\/product\/cameleo-brown-effect-shampoo-pflegende-starkende-behandlung-mit-walnuss-extrakt-fur-naturliches-gefarbtes-haar-brunette-tiefe-farbe-glanz-250ml\/\" \/>\n<meta property=\"og:site_name\" content=\"Selleetools.com\" \/>\n<meta property=\"article:modified_time\" content=\"2023-11-25T11:24:58+00:00\" \/>\n<meta property=\"og:image\" content=\"https:\/\/selleetools.com\/wp-content\/uploads\/2023\/10\/41-CdR06rbL.jpg\" \/>\n\t<meta property=\"og:image:width\" content=\"232\" \/>\n\t<meta property=\"og:image:height\" content=\"1000\" \/>\n\t<meta property=\"og:image:type\" content=\"image\/jpeg\" \/>\n<meta name=\"twitter:card\" content=\"summary_large_image\" \/>\n<meta name=\"twitter:label1\" content=\"Est. reading time\" \/>\n\t<meta name=\"twitter:data1\" content=\"1 minuta\" \/>\n<!-- \/ Yoast SEO plugin. -->","yoast_head_json":{"title":"Cameleo - Brown Effect Shampoo - Pflegende, st\u00e4rkende Behandlung mit Walnuss-Extrakt f\u00fcr nat\u00fcrliches & gef\u00e4rbtes, Haar - Br\u00fcnette Tiefe Farbe & Glanz- 250ml - Selleetools.com","robots":{"index":"index","follow":"follow","max-snippet":"max-snippet:-1","max-image-preview":"max-image-preview:large","max-video-preview":"max-video-preview:-1"},"canonical":"https:\/\/admincentral.selleetools.com\/product\/cameleo-brown-effect-shampoo-pflegende-starkende-behandlung-mit-walnuss-extrakt-fur-naturliches-gefarbtes-haar-brunette-tiefe-farbe-glanz-250ml\/","og_locale":"pl_PL","og_type":"article","og_title":"Cameleo - Brown Effect Shampoo - Pflegende, st\u00e4rkende Behandlung mit Walnuss-Extrakt f\u00fcr nat\u00fcrliches & gef\u00e4rbtes, Haar - Br\u00fcnette Tiefe Farbe & Glanz- 250ml - Selleetools.com","og_description":"Features\ud83e\udd0e WALNUSS POWER &#8211; Enth\u00e4lt einen Extrakt aus Walnussbl\u00e4ttern, der die Farbe Ihres braunen Haares vertieft und ihm einen blitzenden Glanz verleiht!\ud83e\udd0e DEEP BROWN &#8211; Das Shampoo enth\u00e4lt zarte Farbstoffe, die das Haar allm\u00e4hlich f\u00e4rben. Die braune Haarfarbe wird dank des Extrakts aus Walnussbl\u00e4ttern noch intensiver!\ud83e\udd0e NAT\u00dcRLICHE N\u00c4HRSTOFFZUFUHR &#8211; Macht das Haar stark, glatt, weich ... Read moreCameleo &#8211; Brown Effect Shampoo &#8211; Pflegende, st\u00e4rkende Behandlung mit Walnuss-Extrakt f\u00fcr nat\u00fcrliches &#038; gef\u00e4rbtes, Haar &#8211; Br\u00fcnette Tiefe Farbe &#038; Glanz- 250ml","og_url":"https:\/\/admincentral.selleetools.com\/product\/cameleo-brown-effect-shampoo-pflegende-starkende-behandlung-mit-walnuss-extrakt-fur-naturliches-gefarbtes-haar-brunette-tiefe-farbe-glanz-250ml\/","og_site_name":"Selleetools.com","article_modified_time":"2023-11-25T11:24:58+00:00","og_image":[{"width":232,"height":1000,"url":"https:\/\/selleetools.com\/wp-content\/uploads\/2023\/10\/41-CdR06rbL.jpg","type":"image\/jpeg"}],"twitter_card":"summary_large_image","twitter_misc":{"Est. reading time":"1 minuta"},"schema":{"@context":"https:\/\/schema.org","@graph":[{"@type":"Organization","@id":"https:\/\/selleetools.com\/#organization","name":"Selleetools","url":"https:\/\/selleetools.com\/","sameAs":[],"logo":{"@type":"ImageObject","inLanguage":"pl-PL","@id":"https:\/\/selleetools.com\/#\/schema\/logo\/image\/","url":"https:\/\/selleetools.com\/wp-content\/uploads\/2021\/10\/logo-dark.png","contentUrl":"https:\/\/selleetools.com\/wp-content\/uploads\/2021\/10\/logo-dark.png","width":320,"height":76,"caption":"Selleetools"},"image":{"@id":"https:\/\/selleetools.com\/#\/schema\/logo\/image\/"}},{"@type":"WebSite","@id":"https:\/\/selleetools.com\/#website","url":"https:\/\/selleetools.com\/","name":"Selleetools.com","description":"","publisher":{"@id":"https:\/\/selleetools.com\/#organization"},"potentialAction":[{"@type":"SearchAction","target":{"@type":"EntryPoint","urlTemplate":"https:\/\/selleetools.com\/?s={search_term_string}"},"query-input":"required name=search_term_string"}],"inLanguage":"pl-PL"},{"@type":"WebPage","@id":"https:\/\/admincentral.selleetools.com\/product\/cameleo-brown-effect-shampoo-pflegende-starkende-behandlung-mit-walnuss-extrakt-fur-naturliches-gefarbtes-haar-brunette-tiefe-farbe-glanz-250ml\/","url":"https:\/\/admincentral.selleetools.com\/product\/cameleo-brown-effect-shampoo-pflegende-starkende-behandlung-mit-walnuss-extrakt-fur-naturliches-gefarbtes-haar-brunette-tiefe-farbe-glanz-250ml\/","name":"Cameleo - Brown Effect Shampoo - Pflegende, st\u00e4rkende Behandlung mit Walnuss-Extrakt f\u00fcr nat\u00fcrliches & gef\u00e4rbtes, Haar - Br\u00fcnette Tiefe Farbe & Glanz- 250ml - Selleetools.com","isPartOf":{"@id":"https:\/\/selleetools.com\/#website"},"datePublished":"2023-10-08T08:54:52+00:00","dateModified":"2023-11-25T11:24:58+00:00","breadcrumb":{"@id":"https:\/\/admincentral.selleetools.com\/product\/cameleo-brown-effect-shampoo-pflegende-starkende-behandlung-mit-walnuss-extrakt-fur-naturliches-gefarbtes-haar-brunette-tiefe-farbe-glanz-250ml\/#breadcrumb"},"inLanguage":"pl-PL","potentialAction":[{"@type":"ReadAction","target":["https:\/\/admincentral.selleetools.com\/product\/cameleo-brown-effect-shampoo-pflegende-starkende-behandlung-mit-walnuss-extrakt-fur-naturliches-gefarbtes-haar-brunette-tiefe-farbe-glanz-250ml\/"]}]},{"@type":"BreadcrumbList","@id":"https:\/\/admincentral.selleetools.com\/product\/cameleo-brown-effect-shampoo-pflegende-starkende-behandlung-mit-walnuss-extrakt-fur-naturliches-gefarbtes-haar-brunette-tiefe-farbe-glanz-250ml\/#breadcrumb","itemListElement":[{"@type":"ListItem","position":1,"name":"Home","item":"https:\/\/selleetools.com\/pl\/"},{"@type":"ListItem","position":2,"name":"Katalog","item":"https:\/\/selleetools.com\/pl\/katalog\/"},{"@type":"ListItem","position":3,"name":"Cameleo &#8211; Brown Effect Shampoo &#8211; Pflegende, st\u00e4rkende Behandlung mit Walnuss-Extrakt f\u00fcr nat\u00fcrliches &#038; gef\u00e4rbtes, Haar &#8211; Br\u00fcnette Tiefe Farbe &#038; Glanz- 250ml"}]}]}},"_links":{"self":[{"href":"https:\/\/selleetools.com\/pl\/wp-json\/wp\/v2\/product\/292805"}],"collection":[{"href":"https:\/\/selleetools.com\/pl\/wp-json\/wp\/v2\/product"}],"about":[{"href":"https:\/\/selleetools.com\/pl\/wp-json\/wp\/v2\/types\/product"}],"replies":[{"embeddable":true,"href":"https:\/\/selleetools.com\/pl\/wp-json\/wp\/v2\/comments?post=292805"}],"wp:featuredmedia":[{"embeddable":true,"href":"https:\/\/selleetools.com\/pl\/wp-json\/wp\/v2\/media\/292787"}],"wp:attachment":[{"href":"https:\/\/selleetools.com\/pl\/wp-json\/wp\/v2\/media?parent=292805"}],"curies":[{"name":"wp","href":"https:\/\/api.w.org\/{rel}","templated":true}]}}