{"id":292773,"date":"2023-10-08T10:54:37","date_gmt":"2023-10-08T08:54:37","guid":{"rendered":"https:\/\/selleetools.com\/?post_type=product&#038;p=292773"},"modified":"2023-11-25T12:24:58","modified_gmt":"2023-11-25T11:24:58","slug":"apis-glattendes-gesichtswasser-mit-milchsaure-hyaluronsaure-und-meeresalgen-reinigung-glattheit-und-feuchtigkeit-500-ml","status":"publish","type":"product","link":"https:\/\/selleetools.com\/pl\/product\/apis-glattendes-gesichtswasser-mit-milchsaure-hyaluronsaure-und-meeresalgen-reinigung-glattheit-und-feuchtigkeit-500-ml\/","title":{"rendered":"APIS Gl\u00e4ttendes Gesichtswasser mit Milchs\u00e4ure, Hyalurons\u00e4ure und Meeresalgen | Reinigung, Glattheit und Feuchtigkeit | 500 ml"},"content":{"rendered":"<p><span style=\"vertical-align: inherit\"><span style=\"vertical-align: inherit\">W\u0142a\u015bciwo\u015bci SK\u0141ADNIKI AKTYWNE: tonik do twarzy z kwasem mlekowym, kwasem hialuronowym i algami morskimi NAWIL\u017bENIE: intensywnie nawil\u017ca, delikatnie oczyszcza z martwych kom\u00f3rek kapita\u0142owych WYG\u0141ADZENIE: wyg\u0142adza i roz\u015bwietla sk\u00f3r\u0119 ZASTOSOWANIE: stosowany podczas peelingu kawitacyjnego lub do przygotowania sk\u00f3ry przed peelingiem WSKAZ\u00d3WKA: przeznaczony do ka\u017cdego rodzaju sk\u00f3ry<\/span><\/span><\/p>\n","protected":false},"excerpt":{"rendered":"<p>W\u0142a\u015bciwo\u015bci SK\u0141ADNIKI AKTYWNE: tonik do twarzy z kwasem mlekowym, kwasem hialuronowym i algami morskimi NAWIL\u017bENIE: intensywnie nawil\u017ca, delikatnie oczyszcza z martwych kom\u00f3rek kapita\u0142owych WYG\u0141ADZENIE: wyg\u0142adza i roz\u015bwietla sk\u00f3r\u0119 ZASTOSOWANIE: stosowany podczas peelingu kawitacyjnego lub do przygotowania sk\u00f3ry przed peelingiem WSKAZ\u00d3WKA: przeznaczony do ka\u017cdego rodzaju sk\u00f3ry<\/p>\n","protected":false},"featured_media":292765,"comment_status":"closed","ping_status":"closed","template":"","meta":{"_links_to":"","_links_to_target":""},"yoast_head":"<!-- This site is optimized with the Yoast SEO plugin v19.4 - https:\/\/yoast.com\/wordpress\/plugins\/seo\/ -->\n<title>APIS Gl\u00e4ttendes Gesichtswasser mit Milchs\u00e4ure, Hyalurons\u00e4ure und Meeresalgen | Reinigung, Glattheit und Feuchtigkeit | 500 ml - Selleetools.com<\/title>\n<meta name=\"robots\" content=\"index, follow, max-snippet:-1, max-image-preview:large, max-video-preview:-1\" \/>\n<link rel=\"canonical\" href=\"https:\/\/admincentral.selleetools.com\/product\/apis-glattendes-gesichtswasser-mit-milchsaure-hyaluronsaure-und-meeresalgen-reinigung-glattheit-und-feuchtigkeit-500-ml\/\" \/>\n<meta property=\"og:locale\" content=\"pl_PL\" \/>\n<meta property=\"og:type\" content=\"article\" \/>\n<meta property=\"og:title\" content=\"APIS Gl\u00e4ttendes Gesichtswasser mit Milchs\u00e4ure, Hyalurons\u00e4ure und Meeresalgen | Reinigung, Glattheit und Feuchtigkeit | 500 ml - Selleetools.com\" \/>\n<meta property=\"og:description\" content=\"W\u0142a\u015bciwo\u015bci SK\u0141ADNIKI AKTYWNE: tonik do twarzy z kwasem mlekowym, kwasem hialuronowym i algami morskimi NAWIL\u017bENIE: intensywnie nawil\u017ca, delikatnie oczyszcza z martwych kom\u00f3rek kapita\u0142owych WYG\u0141ADZENIE: wyg\u0142adza i roz\u015bwietla sk\u00f3r\u0119 ZASTOSOWANIE: stosowany podczas peelingu kawitacyjnego lub do przygotowania sk\u00f3ry przed peelingiem WSKAZ\u00d3WKA: przeznaczony do ka\u017cdego rodzaju sk\u00f3ry\" \/>\n<meta property=\"og:url\" content=\"https:\/\/admincentral.selleetools.com\/product\/apis-glattendes-gesichtswasser-mit-milchsaure-hyaluronsaure-und-meeresalgen-reinigung-glattheit-und-feuchtigkeit-500-ml\/\" \/>\n<meta property=\"og:site_name\" content=\"Selleetools.com\" \/>\n<meta property=\"article:modified_time\" content=\"2023-11-25T11:24:58+00:00\" \/>\n<meta property=\"og:image\" content=\"https:\/\/selleetools.com\/wp-content\/uploads\/2023\/10\/31wX3YD0hyL.jpg\" \/>\n\t<meta property=\"og:image:width\" content=\"389\" \/>\n\t<meta property=\"og:image:height\" content=\"500\" \/>\n\t<meta property=\"og:image:type\" content=\"image\/jpeg\" \/>\n<meta name=\"twitter:card\" content=\"summary_large_image\" \/>\n<!-- \/ Yoast SEO plugin. -->","yoast_head_json":{"title":"APIS Gl\u00e4ttendes Gesichtswasser mit Milchs\u00e4ure, Hyalurons\u00e4ure und Meeresalgen | Reinigung, Glattheit und Feuchtigkeit | 500 ml - Selleetools.com","robots":{"index":"index","follow":"follow","max-snippet":"max-snippet:-1","max-image-preview":"max-image-preview:large","max-video-preview":"max-video-preview:-1"},"canonical":"https:\/\/admincentral.selleetools.com\/product\/apis-glattendes-gesichtswasser-mit-milchsaure-hyaluronsaure-und-meeresalgen-reinigung-glattheit-und-feuchtigkeit-500-ml\/","og_locale":"pl_PL","og_type":"article","og_title":"APIS Gl\u00e4ttendes Gesichtswasser mit Milchs\u00e4ure, Hyalurons\u00e4ure und Meeresalgen | Reinigung, Glattheit und Feuchtigkeit | 500 ml - Selleetools.com","og_description":"W\u0142a\u015bciwo\u015bci SK\u0141ADNIKI AKTYWNE: tonik do twarzy z kwasem mlekowym, kwasem hialuronowym i algami morskimi NAWIL\u017bENIE: intensywnie nawil\u017ca, delikatnie oczyszcza z martwych kom\u00f3rek kapita\u0142owych WYG\u0141ADZENIE: wyg\u0142adza i roz\u015bwietla sk\u00f3r\u0119 ZASTOSOWANIE: stosowany podczas peelingu kawitacyjnego lub do przygotowania sk\u00f3ry przed peelingiem WSKAZ\u00d3WKA: przeznaczony do ka\u017cdego rodzaju sk\u00f3ry","og_url":"https:\/\/admincentral.selleetools.com\/product\/apis-glattendes-gesichtswasser-mit-milchsaure-hyaluronsaure-und-meeresalgen-reinigung-glattheit-und-feuchtigkeit-500-ml\/","og_site_name":"Selleetools.com","article_modified_time":"2023-11-25T11:24:58+00:00","og_image":[{"width":389,"height":500,"url":"https:\/\/selleetools.com\/wp-content\/uploads\/2023\/10\/31wX3YD0hyL.jpg","type":"image\/jpeg"}],"twitter_card":"summary_large_image","schema":{"@context":"https:\/\/schema.org","@graph":[{"@type":"Organization","@id":"https:\/\/selleetools.com\/#organization","name":"Selleetools","url":"https:\/\/selleetools.com\/","sameAs":[],"logo":{"@type":"ImageObject","inLanguage":"pl-PL","@id":"https:\/\/selleetools.com\/#\/schema\/logo\/image\/","url":"https:\/\/selleetools.com\/wp-content\/uploads\/2021\/10\/logo-dark.png","contentUrl":"https:\/\/selleetools.com\/wp-content\/uploads\/2021\/10\/logo-dark.png","width":320,"height":76,"caption":"Selleetools"},"image":{"@id":"https:\/\/selleetools.com\/#\/schema\/logo\/image\/"}},{"@type":"WebSite","@id":"https:\/\/selleetools.com\/#website","url":"https:\/\/selleetools.com\/","name":"Selleetools.com","description":"","publisher":{"@id":"https:\/\/selleetools.com\/#organization"},"potentialAction":[{"@type":"SearchAction","target":{"@type":"EntryPoint","urlTemplate":"https:\/\/selleetools.com\/?s={search_term_string}"},"query-input":"required name=search_term_string"}],"inLanguage":"pl-PL"},{"@type":"WebPage","@id":"https:\/\/admincentral.selleetools.com\/product\/apis-glattendes-gesichtswasser-mit-milchsaure-hyaluronsaure-und-meeresalgen-reinigung-glattheit-und-feuchtigkeit-500-ml\/","url":"https:\/\/admincentral.selleetools.com\/product\/apis-glattendes-gesichtswasser-mit-milchsaure-hyaluronsaure-und-meeresalgen-reinigung-glattheit-und-feuchtigkeit-500-ml\/","name":"APIS Gl\u00e4ttendes Gesichtswasser mit Milchs\u00e4ure, Hyalurons\u00e4ure und Meeresalgen | Reinigung, Glattheit und Feuchtigkeit | 500 ml - Selleetools.com","isPartOf":{"@id":"https:\/\/selleetools.com\/#website"},"datePublished":"2023-10-08T08:54:37+00:00","dateModified":"2023-11-25T11:24:58+00:00","breadcrumb":{"@id":"https:\/\/admincentral.selleetools.com\/product\/apis-glattendes-gesichtswasser-mit-milchsaure-hyaluronsaure-und-meeresalgen-reinigung-glattheit-und-feuchtigkeit-500-ml\/#breadcrumb"},"inLanguage":"pl-PL","potentialAction":[{"@type":"ReadAction","target":["https:\/\/admincentral.selleetools.com\/product\/apis-glattendes-gesichtswasser-mit-milchsaure-hyaluronsaure-und-meeresalgen-reinigung-glattheit-und-feuchtigkeit-500-ml\/"]}]},{"@type":"BreadcrumbList","@id":"https:\/\/admincentral.selleetools.com\/product\/apis-glattendes-gesichtswasser-mit-milchsaure-hyaluronsaure-und-meeresalgen-reinigung-glattheit-und-feuchtigkeit-500-ml\/#breadcrumb","itemListElement":[{"@type":"ListItem","position":1,"name":"Home","item":"https:\/\/selleetools.com\/pl\/"},{"@type":"ListItem","position":2,"name":"Katalog","item":"https:\/\/selleetools.com\/pl\/katalog\/"},{"@type":"ListItem","position":3,"name":"APIS Gl\u00e4ttendes Gesichtswasser mit Milchs\u00e4ure, Hyalurons\u00e4ure und Meeresalgen | Reinigung, Glattheit und Feuchtigkeit | 500 ml"}]}]}},"_links":{"self":[{"href":"https:\/\/selleetools.com\/pl\/wp-json\/wp\/v2\/product\/292773"}],"collection":[{"href":"https:\/\/selleetools.com\/pl\/wp-json\/wp\/v2\/product"}],"about":[{"href":"https:\/\/selleetools.com\/pl\/wp-json\/wp\/v2\/types\/product"}],"replies":[{"embeddable":true,"href":"https:\/\/selleetools.com\/pl\/wp-json\/wp\/v2\/comments?post=292773"}],"wp:featuredmedia":[{"embeddable":true,"href":"https:\/\/selleetools.com\/pl\/wp-json\/wp\/v2\/media\/292765"}],"wp:attachment":[{"href":"https:\/\/selleetools.com\/pl\/wp-json\/wp\/v2\/media?parent=292773"}],"curies":[{"name":"wp","href":"https:\/\/api.w.org\/{rel}","templated":true}]}}