{"id":285197,"date":"2023-08-17T11:06:20","date_gmt":"2023-08-17T09:06:20","guid":{"rendered":"https:\/\/selleetools.com\/?post_type=product&#038;p=285197"},"modified":"2025-05-20T12:55:46","modified_gmt":"2025-05-20T10:55:46","slug":"tektorado-0008-raumfahrt-kartenbrett-spielzeug-2-jahre-bis-10-jahre-mehrfarbig-einheitsgrose","status":"publish","type":"product","link":"https:\/\/selleetools.com\/pl\/product\/tektorado-0008-raumfahrt-kartenbrett-spielzeug-2-jahre-bis-10-jahre-mehrfarbig-einheitsgrose\/","title":{"rendered":"Tektorado 0008 Raumfahrt-Kartenbrett, Spielzeug, 2 Jahre bis 10 Jahre, Mehrfarbig, Einheitsgr\u00f6\u00dfe"},"content":{"rendered":"<p>FeaturesAus 5-lagiger, wei\u00dfer Wellpappe, zum Falten und F\u00e4rben.Erh\u00e4ltlich mit 1 Farb- und Spielraumfahrzeug, Aquarellfarben, Pinsel, Buntstifte sind nicht im Lieferumfang enthalten.Ihr Kinderzimmer kann sich in den Raum verwandeln, und Sie sind in einem gut ausgebildeten Astronauten die das Universum erobern.\u00dcbernehmen Sie die Rolle der Architekten, entwerfen Sie Ihre eigene Wohnung mit jeder Farbe auf Dach, Fensterl\u00e4den und W\u00e4nden, kreatives Spielen.Sie k\u00f6nnen malen, zeichnen, schneiden oder kleben. Lassen Sie Ihrer Fantasie keine Grenzen gesetzt. Beginnen Sie den Countdown und bewegen Sie sich mit viel Spa\u00df zu den Sternen.<\/p>\n","protected":false},"excerpt":{"rendered":"<p>FeaturesAus 5-lagiger, wei\u00dfer Wellpappe, zum Falten und F\u00e4rben.Erh\u00e4ltlich mit 1 Farb- und Spielraumfahrzeug, Aquarellfarben, Pinsel, Buntstifte sind nicht im Lieferumfang enthalten.Ihr Kinderzimmer kann sich in den Raum verwandeln, und Sie sind in einem gut ausgebildeten Astronauten die das Universum erobern.\u00dcbernehmen Sie die Rolle der Architekten, entwerfen Sie Ihre eigene Wohnung mit jeder Farbe auf Dach, &#8230; <a title=\"Tektorado 0008 Raumfahrt-Kartenbrett, Spielzeug, 2 Jahre bis 10 Jahre, Mehrfarbig, Einheitsgr\u00f6\u00dfe\" class=\"read-more\" href=\"https:\/\/selleetools.com\/pl\/product\/tektorado-0008-raumfahrt-kartenbrett-spielzeug-2-jahre-bis-10-jahre-mehrfarbig-einheitsgrose\/\">Read more<span class=\"screen-reader-text\">Tektorado 0008 Raumfahrt-Kartenbrett, Spielzeug, 2 Jahre bis 10 Jahre, Mehrfarbig, Einheitsgr\u00f6\u00dfe<\/span><\/a><\/p>\n","protected":false},"featured_media":287387,"comment_status":"open","ping_status":"closed","template":"","meta":{"_links_to":"","_links_to_target":""},"yoast_head":"<!-- This site is optimized with the Yoast SEO plugin v19.4 - https:\/\/yoast.com\/wordpress\/plugins\/seo\/ -->\n<title>Tektorado 0008 Raumfahrt-Kartenbrett, Spielzeug, 2 Jahre bis 10 Jahre, Mehrfarbig, Einheitsgr\u00f6\u00dfe - Selleetools.com<\/title>\n<meta name=\"robots\" content=\"index, follow, max-snippet:-1, max-image-preview:large, max-video-preview:-1\" \/>\n<link rel=\"canonical\" href=\"https:\/\/selleetools.com\/product\/tektorado-0008-raumfahrt-kartenbrett-spielzeug-2-jahre-bis-10-jahre-mehrfarbig-einheitsgrose\/\" \/>\n<meta property=\"og:locale\" content=\"pl_PL\" \/>\n<meta property=\"og:type\" content=\"article\" \/>\n<meta property=\"og:title\" content=\"Tektorado 0008 Raumfahrt-Kartenbrett, Spielzeug, 2 Jahre bis 10 Jahre, Mehrfarbig, Einheitsgr\u00f6\u00dfe - Selleetools.com\" \/>\n<meta property=\"og:description\" content=\"FeaturesAus 5-lagiger, wei\u00dfer Wellpappe, zum Falten und F\u00e4rben.Erh\u00e4ltlich mit 1 Farb- und Spielraumfahrzeug, Aquarellfarben, Pinsel, Buntstifte sind nicht im Lieferumfang enthalten.Ihr Kinderzimmer kann sich in den Raum verwandeln, und Sie sind in einem gut ausgebildeten Astronauten die das Universum erobern.\u00dcbernehmen Sie die Rolle der Architekten, entwerfen Sie Ihre eigene Wohnung mit jeder Farbe auf Dach, ... Read moreTektorado 0008 Raumfahrt-Kartenbrett, Spielzeug, 2 Jahre bis 10 Jahre, Mehrfarbig, Einheitsgr\u00f6\u00dfe\" \/>\n<meta property=\"og:url\" content=\"https:\/\/selleetools.com\/product\/tektorado-0008-raumfahrt-kartenbrett-spielzeug-2-jahre-bis-10-jahre-mehrfarbig-einheitsgrose\/\" \/>\n<meta property=\"og:site_name\" content=\"Selleetools.com\" \/>\n<meta property=\"article:modified_time\" content=\"2025-05-20T10:55:46+00:00\" \/>\n<meta property=\"og:image\" content=\"https:\/\/selleetools.com\/wp-content\/uploads\/2023\/08\/51+cC-2d0GL.jpg\" \/>\n\t<meta property=\"og:image:width\" content=\"1024\" \/>\n\t<meta property=\"og:image:height\" content=\"768\" \/>\n\t<meta property=\"og:image:type\" content=\"image\/jpeg\" \/>\n<meta name=\"twitter:card\" content=\"summary_large_image\" \/>\n<!-- \/ Yoast SEO plugin. -->","yoast_head_json":{"title":"Tektorado 0008 Raumfahrt-Kartenbrett, Spielzeug, 2 Jahre bis 10 Jahre, Mehrfarbig, Einheitsgr\u00f6\u00dfe - Selleetools.com","robots":{"index":"index","follow":"follow","max-snippet":"max-snippet:-1","max-image-preview":"max-image-preview:large","max-video-preview":"max-video-preview:-1"},"canonical":"https:\/\/selleetools.com\/product\/tektorado-0008-raumfahrt-kartenbrett-spielzeug-2-jahre-bis-10-jahre-mehrfarbig-einheitsgrose\/","og_locale":"pl_PL","og_type":"article","og_title":"Tektorado 0008 Raumfahrt-Kartenbrett, Spielzeug, 2 Jahre bis 10 Jahre, Mehrfarbig, Einheitsgr\u00f6\u00dfe - Selleetools.com","og_description":"FeaturesAus 5-lagiger, wei\u00dfer Wellpappe, zum Falten und F\u00e4rben.Erh\u00e4ltlich mit 1 Farb- und Spielraumfahrzeug, Aquarellfarben, Pinsel, Buntstifte sind nicht im Lieferumfang enthalten.Ihr Kinderzimmer kann sich in den Raum verwandeln, und Sie sind in einem gut ausgebildeten Astronauten die das Universum erobern.\u00dcbernehmen Sie die Rolle der Architekten, entwerfen Sie Ihre eigene Wohnung mit jeder Farbe auf Dach, ... Read moreTektorado 0008 Raumfahrt-Kartenbrett, Spielzeug, 2 Jahre bis 10 Jahre, Mehrfarbig, Einheitsgr\u00f6\u00dfe","og_url":"https:\/\/selleetools.com\/product\/tektorado-0008-raumfahrt-kartenbrett-spielzeug-2-jahre-bis-10-jahre-mehrfarbig-einheitsgrose\/","og_site_name":"Selleetools.com","article_modified_time":"2025-05-20T10:55:46+00:00","og_image":[{"width":1024,"height":768,"url":"https:\/\/selleetools.com\/wp-content\/uploads\/2023\/08\/51+cC-2d0GL.jpg","type":"image\/jpeg"}],"twitter_card":"summary_large_image","schema":{"@context":"https:\/\/schema.org","@graph":[{"@type":"Organization","@id":"https:\/\/selleetools.com\/#organization","name":"Selleetools","url":"https:\/\/selleetools.com\/","sameAs":[],"logo":{"@type":"ImageObject","inLanguage":"pl-PL","@id":"https:\/\/selleetools.com\/#\/schema\/logo\/image\/","url":"https:\/\/selleetools.com\/wp-content\/uploads\/2021\/10\/logo-dark.png","contentUrl":"https:\/\/selleetools.com\/wp-content\/uploads\/2021\/10\/logo-dark.png","width":320,"height":76,"caption":"Selleetools"},"image":{"@id":"https:\/\/selleetools.com\/#\/schema\/logo\/image\/"}},{"@type":"WebSite","@id":"https:\/\/selleetools.com\/#website","url":"https:\/\/selleetools.com\/","name":"Selleetools.com","description":"","publisher":{"@id":"https:\/\/selleetools.com\/#organization"},"potentialAction":[{"@type":"SearchAction","target":{"@type":"EntryPoint","urlTemplate":"https:\/\/selleetools.com\/?s={search_term_string}"},"query-input":"required name=search_term_string"}],"inLanguage":"pl-PL"},{"@type":"WebPage","@id":"https:\/\/selleetools.com\/product\/tektorado-0008-raumfahrt-kartenbrett-spielzeug-2-jahre-bis-10-jahre-mehrfarbig-einheitsgrose\/","url":"https:\/\/selleetools.com\/product\/tektorado-0008-raumfahrt-kartenbrett-spielzeug-2-jahre-bis-10-jahre-mehrfarbig-einheitsgrose\/","name":"Tektorado 0008 Raumfahrt-Kartenbrett, Spielzeug, 2 Jahre bis 10 Jahre, Mehrfarbig, Einheitsgr\u00f6\u00dfe - Selleetools.com","isPartOf":{"@id":"https:\/\/selleetools.com\/#website"},"datePublished":"2023-08-17T09:06:20+00:00","dateModified":"2025-05-20T10:55:46+00:00","breadcrumb":{"@id":"https:\/\/selleetools.com\/product\/tektorado-0008-raumfahrt-kartenbrett-spielzeug-2-jahre-bis-10-jahre-mehrfarbig-einheitsgrose\/#breadcrumb"},"inLanguage":"pl-PL","potentialAction":[{"@type":"ReadAction","target":["https:\/\/selleetools.com\/product\/tektorado-0008-raumfahrt-kartenbrett-spielzeug-2-jahre-bis-10-jahre-mehrfarbig-einheitsgrose\/"]}]},{"@type":"BreadcrumbList","@id":"https:\/\/selleetools.com\/product\/tektorado-0008-raumfahrt-kartenbrett-spielzeug-2-jahre-bis-10-jahre-mehrfarbig-einheitsgrose\/#breadcrumb","itemListElement":[{"@type":"ListItem","position":1,"name":"Home","item":"https:\/\/selleetools.com\/pl\/"},{"@type":"ListItem","position":2,"name":"Katalog","item":"https:\/\/selleetools.com\/pl\/katalog\/"},{"@type":"ListItem","position":3,"name":"Tektorado 0008 Raumfahrt-Kartenbrett, Spielzeug, 2 Jahre bis 10 Jahre, Mehrfarbig, Einheitsgr\u00f6\u00dfe"}]}]}},"_links":{"self":[{"href":"https:\/\/selleetools.com\/pl\/wp-json\/wp\/v2\/product\/285197"}],"collection":[{"href":"https:\/\/selleetools.com\/pl\/wp-json\/wp\/v2\/product"}],"about":[{"href":"https:\/\/selleetools.com\/pl\/wp-json\/wp\/v2\/types\/product"}],"replies":[{"embeddable":true,"href":"https:\/\/selleetools.com\/pl\/wp-json\/wp\/v2\/comments?post=285197"}],"wp:featuredmedia":[{"embeddable":true,"href":"https:\/\/selleetools.com\/pl\/wp-json\/wp\/v2\/media\/287387"}],"wp:attachment":[{"href":"https:\/\/selleetools.com\/pl\/wp-json\/wp\/v2\/media?parent=285197"}],"curies":[{"name":"wp","href":"https:\/\/api.w.org\/{rel}","templated":true}]}}