{"id":284958,"date":"2023-08-17T11:04:32","date_gmt":"2023-08-17T09:04:32","guid":{"rendered":"https:\/\/selleetools.com\/?post_type=product&#038;p=284958"},"modified":"2023-08-29T17:13:04","modified_gmt":"2023-08-29T15:13:04","slug":"woodyland-90129-strickleiter","status":"publish","type":"product","link":"https:\/\/selleetools.com\/pl\/product\/woodyland-90129-strickleiter\/","title":{"rendered":"Woodyland 90129 Strickleiter"},"content":{"rendered":"<p>FeaturesKletterleiter mit 4 Seiten und 5 Stufengeeignet f\u00fcr au\u00dfen und innenf\u00f6rdert Koordination, Gleichgewicht und KraftGr\u00f6\u00dfe: 40 x 40 x 195 cm. Belastung max. 60 kg<\/p>\n","protected":false},"excerpt":{"rendered":"<p>FeaturesKletterleiter mit 4 Seiten und 5 Stufengeeignet f\u00fcr au\u00dfen und innenf\u00f6rdert Koordination, Gleichgewicht und KraftGr\u00f6\u00dfe: 40 x 40 x 195 cm. Belastung max. 60 kg<\/p>\n","protected":false},"featured_media":287173,"comment_status":"open","ping_status":"closed","template":"","meta":{"_links_to":"","_links_to_target":""},"yoast_head":"<!-- This site is optimized with the Yoast SEO plugin v19.4 - https:\/\/yoast.com\/wordpress\/plugins\/seo\/ -->\n<title>Woodyland 90129 Strickleiter - Selleetools.com<\/title>\n<meta name=\"robots\" content=\"index, follow, max-snippet:-1, max-image-preview:large, max-video-preview:-1\" \/>\n<link rel=\"canonical\" href=\"https:\/\/selleetools.com\/product\/woodyland-90129-strickleiter\/\" \/>\n<meta property=\"og:locale\" content=\"pl_PL\" \/>\n<meta property=\"og:type\" content=\"article\" \/>\n<meta property=\"og:title\" content=\"Woodyland 90129 Strickleiter - Selleetools.com\" \/>\n<meta property=\"og:description\" content=\"FeaturesKletterleiter mit 4 Seiten und 5 Stufengeeignet f\u00fcr au\u00dfen und innenf\u00f6rdert Koordination, Gleichgewicht und KraftGr\u00f6\u00dfe: 40 x 40 x 195 cm. Belastung max. 60 kg\" \/>\n<meta property=\"og:url\" content=\"https:\/\/selleetools.com\/product\/woodyland-90129-strickleiter\/\" \/>\n<meta property=\"og:site_name\" content=\"Selleetools.com\" \/>\n<meta property=\"article:modified_time\" content=\"2023-08-29T15:13:04+00:00\" \/>\n<meta property=\"og:image\" content=\"https:\/\/selleetools.com\/wp-content\/uploads\/2023\/08\/71QToR4XKuL.jpg\" \/>\n\t<meta property=\"og:image:width\" content=\"981\" \/>\n\t<meta property=\"og:image:height\" content=\"2560\" \/>\n\t<meta property=\"og:image:type\" content=\"image\/jpeg\" \/>\n<meta name=\"twitter:card\" content=\"summary_large_image\" \/>\n<!-- \/ Yoast SEO plugin. -->","yoast_head_json":{"title":"Woodyland 90129 Strickleiter - Selleetools.com","robots":{"index":"index","follow":"follow","max-snippet":"max-snippet:-1","max-image-preview":"max-image-preview:large","max-video-preview":"max-video-preview:-1"},"canonical":"https:\/\/selleetools.com\/product\/woodyland-90129-strickleiter\/","og_locale":"pl_PL","og_type":"article","og_title":"Woodyland 90129 Strickleiter - Selleetools.com","og_description":"FeaturesKletterleiter mit 4 Seiten und 5 Stufengeeignet f\u00fcr au\u00dfen und innenf\u00f6rdert Koordination, Gleichgewicht und KraftGr\u00f6\u00dfe: 40 x 40 x 195 cm. Belastung max. 60 kg","og_url":"https:\/\/selleetools.com\/product\/woodyland-90129-strickleiter\/","og_site_name":"Selleetools.com","article_modified_time":"2023-08-29T15:13:04+00:00","og_image":[{"width":981,"height":2560,"url":"https:\/\/selleetools.com\/wp-content\/uploads\/2023\/08\/71QToR4XKuL.jpg","type":"image\/jpeg"}],"twitter_card":"summary_large_image","schema":{"@context":"https:\/\/schema.org","@graph":[{"@type":"Organization","@id":"https:\/\/selleetools.com\/#organization","name":"Selleetools","url":"https:\/\/selleetools.com\/","sameAs":[],"logo":{"@type":"ImageObject","inLanguage":"pl-PL","@id":"https:\/\/selleetools.com\/#\/schema\/logo\/image\/","url":"https:\/\/selleetools.com\/wp-content\/uploads\/2021\/10\/logo-dark.png","contentUrl":"https:\/\/selleetools.com\/wp-content\/uploads\/2021\/10\/logo-dark.png","width":320,"height":76,"caption":"Selleetools"},"image":{"@id":"https:\/\/selleetools.com\/#\/schema\/logo\/image\/"}},{"@type":"WebSite","@id":"https:\/\/selleetools.com\/#website","url":"https:\/\/selleetools.com\/","name":"Selleetools.com","description":"","publisher":{"@id":"https:\/\/selleetools.com\/#organization"},"potentialAction":[{"@type":"SearchAction","target":{"@type":"EntryPoint","urlTemplate":"https:\/\/selleetools.com\/?s={search_term_string}"},"query-input":"required name=search_term_string"}],"inLanguage":"pl-PL"},{"@type":"WebPage","@id":"https:\/\/selleetools.com\/product\/woodyland-90129-strickleiter\/","url":"https:\/\/selleetools.com\/product\/woodyland-90129-strickleiter\/","name":"Woodyland 90129 Strickleiter - Selleetools.com","isPartOf":{"@id":"https:\/\/selleetools.com\/#website"},"datePublished":"2023-08-17T09:04:32+00:00","dateModified":"2023-08-29T15:13:04+00:00","breadcrumb":{"@id":"https:\/\/selleetools.com\/product\/woodyland-90129-strickleiter\/#breadcrumb"},"inLanguage":"pl-PL","potentialAction":[{"@type":"ReadAction","target":["https:\/\/selleetools.com\/product\/woodyland-90129-strickleiter\/"]}]},{"@type":"BreadcrumbList","@id":"https:\/\/selleetools.com\/product\/woodyland-90129-strickleiter\/#breadcrumb","itemListElement":[{"@type":"ListItem","position":1,"name":"Home","item":"https:\/\/selleetools.com\/pl\/"},{"@type":"ListItem","position":2,"name":"Katalog","item":"https:\/\/selleetools.com\/pl\/katalog\/"},{"@type":"ListItem","position":3,"name":"Woodyland 90129 Strickleiter"}]}]}},"_links":{"self":[{"href":"https:\/\/selleetools.com\/pl\/wp-json\/wp\/v2\/product\/284958"}],"collection":[{"href":"https:\/\/selleetools.com\/pl\/wp-json\/wp\/v2\/product"}],"about":[{"href":"https:\/\/selleetools.com\/pl\/wp-json\/wp\/v2\/types\/product"}],"replies":[{"embeddable":true,"href":"https:\/\/selleetools.com\/pl\/wp-json\/wp\/v2\/comments?post=284958"}],"wp:featuredmedia":[{"embeddable":true,"href":"https:\/\/selleetools.com\/pl\/wp-json\/wp\/v2\/media\/287173"}],"wp:attachment":[{"href":"https:\/\/selleetools.com\/pl\/wp-json\/wp\/v2\/media?parent=284958"}],"curies":[{"name":"wp","href":"https:\/\/api.w.org\/{rel}","templated":true}]}}