{"id":284594,"date":"2023-08-17T11:02:09","date_gmt":"2023-08-17T09:02:09","guid":{"rendered":"https:\/\/selleetools.com\/?post_type=product&#038;p=284594"},"modified":"2023-12-05T12:58:40","modified_gmt":"2023-12-05T11:58:40","slug":"holzbausteine-ab-3-jahren-stapelwurfel-bauklotze-furs-baby-aus-holz-stapelspielzeug-balancierender-delfin-185-x-11-x-25cm-18-farbige-bauklotze-wurfel-lernspielzeug-geschenk","status":"publish","type":"product","link":"https:\/\/selleetools.com\/pl\/product\/holzbausteine-ab-3-jahren-stapelwurfel-bauklotze-furs-baby-aus-holz-stapelspielzeug-balancierender-delfin-185-x-11-x-25cm-18-farbige-bauklotze-wurfel-lernspielzeug-geschenk\/","title":{"rendered":"Holzbausteine ab 3 Jahren, Stapelw\u00fcrfel, Baukl\u00f6tze f\u00fcrs Baby aus Holz, Stapelspielzeug &#8211; Balancierender Delfin 18,5 x 11 x 2,5cm &#8211; 18 farbige Baukl\u00f6tze + W\u00fcrfel &#8211; Lernspielzeug &#8211; Geschenk"},"content":{"rendered":"<p>Bausteine Lernspiel f\u00fcr Kinder ab 3 Jahren, aus Holz. Dieses Balancierspielzeug kann sowohl von einer Person als auch von mehreren Personen gespielt werden. Das Stapelw\u00fcrfel-Spiel hat die Meereswelt zum Thema und bildet einen Delfin und ein Meereseinhorn. Das Stapelspielzeug ist eine gute Geschicklichkeits\u00fcbung f\u00fcr kleine Finger. Die Basis unterscheidet sich von \u00e4hnlichen Produkten durch ihre unebene Form. Dadurch liegt der Schwerpunkt etwas anders und die Anordnung der Kl\u00f6tze muss gut durchdacht sein, um die Basis im Gleichgewicht zu halten. Das Stapelw\u00fcrfel-Spiel ist sch\u00f6n bearbeitet: Die Basis zeigt einen niedlichen mintfarbenen Delfin mit einem bunten Horn Die Bausteine hingegen sind in wundersch\u00f6nen Pastellt\u00f6nen und Drucken gehalten Jede Farbe kommt auf drei Kl\u00f6tzen vor. Die beiden gr\u00f6\u00dferen Bausteine jeder Farbe sind zus\u00e4tzlich mit einem maritimen Aufdruck versehen Spielregeln: Teilen Sie alle Teile unter den Spielern auf. Die Spieler w\u00fcrfeln abwechselnd. Die gezogene Farbe muss mit der Farbe des Elements \u00fcbereinstimmen, das auf die Basis gelegt werden soll. Wenn eine Farbe gew\u00fcrfelt wird, die ein Spieler nicht mehr hat, ist der n\u00e4chste Spieler an der Reihe. Sie m\u00fcssen die Elemente auf der Basis so anordnen, dass sie nicht herunterfallen. Die Person, der etwas herunter f\u00e4llt, verliert. In einer milderen Version sammelt er einfach alle Steine ein. Wer als erste Person alle Kl\u00f6tze verr\u00e4umt hat, gewinnt. Das Holzbausteine-Balance-Spiel Delfin von Adam Toys beinhaltet: den Balance-Sockel 18 bunte Bausteine &#8211; jede Farbe hat drei Kl\u00f6tze in drei Gr\u00f6\u00dfen W\u00fcrfel &#8211; die W\u00fcrfelfarben entsprechen den Farben der Kl\u00f6tze Technische Daten: Basisma\u00dfe: 18,5 x 11 x 2,5 cm Alter: 3+ CE-Konformit\u00e4tserkl\u00e4rungFeaturesHolzbausteine f\u00fcr Kinder ab 3 Jahren. Das Set enth\u00e4lt einen Sockel in Form eines Delfins der ausbalanciert werden muss und 18 bemalte Bausteine und W\u00fcrfelEin Spiel, das allein oder mit mehreren Personen gespielt werden kann; man w\u00fcrfelt und legt den Stein in der Farbe an, die auf dem W\u00fcrfel abgebildet istP\u00e4dagogisches Spielzeug zur Geschicklichkeitsentwicklung. Die Basis des Delfins hat eine unebene Form, so dass die Kl\u00f6tze mit Bedacht darauf gelegt werden m\u00fcssenDie Bausteine sind in 3 verschiedenen Farben bemalt. Die beiden gr\u00f6\u00dferen Baukl\u00f6tze jeder Farbe bilden Meerestiere abDas Stapelspielzeug ist in einer praktischen und \u00e4sthetisch ansprechenden Schachtel verpackt, die es zu einem idealen Geschenk f\u00fcr Ihr Kind macht<\/p>\n","protected":false},"excerpt":{"rendered":"<p>Bausteine Lernspiel f\u00fcr Kinder ab 3 Jahren, aus Holz. Dieses Balancierspielzeug kann sowohl von einer Person als auch von mehreren Personen gespielt werden. Das Stapelw\u00fcrfel-Spiel hat die Meereswelt zum Thema und bildet einen Delfin und ein Meereseinhorn. Das Stapelspielzeug ist eine gute Geschicklichkeits\u00fcbung f\u00fcr kleine Finger. Die Basis unterscheidet sich von \u00e4hnlichen Produkten durch ihre &#8230; <a title=\"Holzbausteine ab 3 Jahren, Stapelw\u00fcrfel, Baukl\u00f6tze f\u00fcrs Baby aus Holz, Stapelspielzeug &#8211; Balancierender Delfin 18,5 x 11 x 2,5cm &#8211; 18 farbige Baukl\u00f6tze + W\u00fcrfel &#8211; Lernspielzeug &#8211; Geschenk\" class=\"read-more\" href=\"https:\/\/selleetools.com\/pl\/product\/holzbausteine-ab-3-jahren-stapelwurfel-bauklotze-furs-baby-aus-holz-stapelspielzeug-balancierender-delfin-185-x-11-x-25cm-18-farbige-bauklotze-wurfel-lernspielzeug-geschenk\/\">Read more<span class=\"screen-reader-text\">Holzbausteine ab 3 Jahren, Stapelw\u00fcrfel, Baukl\u00f6tze f\u00fcrs Baby aus Holz, Stapelspielzeug &#8211; Balancierender Delfin 18,5 x 11 x 2,5cm &#8211; 18 farbige Baukl\u00f6tze + W\u00fcrfel &#8211; Lernspielzeug &#8211; Geschenk<\/span><\/a><\/p>\n","protected":false},"featured_media":286787,"comment_status":"open","ping_status":"closed","template":"","meta":{"_links_to":"","_links_to_target":""},"yoast_head":"<!-- This site is optimized with the Yoast SEO plugin v19.4 - https:\/\/yoast.com\/wordpress\/plugins\/seo\/ -->\n<title>Holzbausteine ab 3 Jahren, Stapelw\u00fcrfel, Baukl\u00f6tze f\u00fcrs Baby aus Holz, Stapelspielzeug - Balancierender Delfin 18,5 x 11 x 2,5cm - 18 farbige Baukl\u00f6tze + W\u00fcrfel - Lernspielzeug - Geschenk - Selleetools.com<\/title>\n<meta name=\"robots\" content=\"index, follow, max-snippet:-1, max-image-preview:large, max-video-preview:-1\" \/>\n<link rel=\"canonical\" href=\"https:\/\/selleetools.com\/product\/holzbausteine-ab-3-jahren-stapelwurfel-bauklotze-furs-baby-aus-holz-stapelspielzeug-balancierender-delfin-185-x-11-x-25cm-18-farbige-bauklotze-wurfel-lernspielzeug-geschenk\/\" \/>\n<meta property=\"og:locale\" content=\"pl_PL\" \/>\n<meta property=\"og:type\" content=\"article\" \/>\n<meta property=\"og:title\" content=\"Holzbausteine ab 3 Jahren, Stapelw\u00fcrfel, Baukl\u00f6tze f\u00fcrs Baby aus Holz, Stapelspielzeug - Balancierender Delfin 18,5 x 11 x 2,5cm - 18 farbige Baukl\u00f6tze + W\u00fcrfel - Lernspielzeug - Geschenk - Selleetools.com\" \/>\n<meta property=\"og:description\" content=\"Bausteine Lernspiel f\u00fcr Kinder ab 3 Jahren, aus Holz. Dieses Balancierspielzeug kann sowohl von einer Person als auch von mehreren Personen gespielt werden. Das Stapelw\u00fcrfel-Spiel hat die Meereswelt zum Thema und bildet einen Delfin und ein Meereseinhorn. Das Stapelspielzeug ist eine gute Geschicklichkeits\u00fcbung f\u00fcr kleine Finger. Die Basis unterscheidet sich von \u00e4hnlichen Produkten durch ihre ... Read moreHolzbausteine ab 3 Jahren, Stapelw\u00fcrfel, Baukl\u00f6tze f\u00fcrs Baby aus Holz, Stapelspielzeug &#8211; Balancierender Delfin 18,5 x 11 x 2,5cm &#8211; 18 farbige Baukl\u00f6tze + W\u00fcrfel &#8211; Lernspielzeug &#8211; Geschenk\" \/>\n<meta property=\"og:url\" content=\"https:\/\/selleetools.com\/product\/holzbausteine-ab-3-jahren-stapelwurfel-bauklotze-furs-baby-aus-holz-stapelspielzeug-balancierender-delfin-185-x-11-x-25cm-18-farbige-bauklotze-wurfel-lernspielzeug-geschenk\/\" \/>\n<meta property=\"og:site_name\" content=\"Selleetools.com\" \/>\n<meta property=\"article:modified_time\" content=\"2023-12-05T11:58:40+00:00\" \/>\n<meta property=\"og:image\" content=\"https:\/\/selleetools.com\/wp-content\/uploads\/2023\/08\/51QEVSQac9L.jpg\" \/>\n\t<meta property=\"og:image:width\" content=\"1000\" \/>\n\t<meta property=\"og:image:height\" content=\"1000\" \/>\n\t<meta property=\"og:image:type\" content=\"image\/jpeg\" \/>\n<meta name=\"twitter:card\" content=\"summary_large_image\" \/>\n<meta name=\"twitter:label1\" content=\"Est. reading time\" \/>\n\t<meta name=\"twitter:data1\" content=\"2 minuty\" \/>\n<!-- \/ Yoast SEO plugin. -->","yoast_head_json":{"title":"Holzbausteine ab 3 Jahren, Stapelw\u00fcrfel, Baukl\u00f6tze f\u00fcrs Baby aus Holz, Stapelspielzeug - Balancierender Delfin 18,5 x 11 x 2,5cm - 18 farbige Baukl\u00f6tze + W\u00fcrfel - Lernspielzeug - Geschenk - Selleetools.com","robots":{"index":"index","follow":"follow","max-snippet":"max-snippet:-1","max-image-preview":"max-image-preview:large","max-video-preview":"max-video-preview:-1"},"canonical":"https:\/\/selleetools.com\/product\/holzbausteine-ab-3-jahren-stapelwurfel-bauklotze-furs-baby-aus-holz-stapelspielzeug-balancierender-delfin-185-x-11-x-25cm-18-farbige-bauklotze-wurfel-lernspielzeug-geschenk\/","og_locale":"pl_PL","og_type":"article","og_title":"Holzbausteine ab 3 Jahren, Stapelw\u00fcrfel, Baukl\u00f6tze f\u00fcrs Baby aus Holz, Stapelspielzeug - Balancierender Delfin 18,5 x 11 x 2,5cm - 18 farbige Baukl\u00f6tze + W\u00fcrfel - Lernspielzeug - Geschenk - Selleetools.com","og_description":"Bausteine Lernspiel f\u00fcr Kinder ab 3 Jahren, aus Holz. Dieses Balancierspielzeug kann sowohl von einer Person als auch von mehreren Personen gespielt werden. Das Stapelw\u00fcrfel-Spiel hat die Meereswelt zum Thema und bildet einen Delfin und ein Meereseinhorn. Das Stapelspielzeug ist eine gute Geschicklichkeits\u00fcbung f\u00fcr kleine Finger. Die Basis unterscheidet sich von \u00e4hnlichen Produkten durch ihre ... Read moreHolzbausteine ab 3 Jahren, Stapelw\u00fcrfel, Baukl\u00f6tze f\u00fcrs Baby aus Holz, Stapelspielzeug &#8211; Balancierender Delfin 18,5 x 11 x 2,5cm &#8211; 18 farbige Baukl\u00f6tze + W\u00fcrfel &#8211; Lernspielzeug &#8211; Geschenk","og_url":"https:\/\/selleetools.com\/product\/holzbausteine-ab-3-jahren-stapelwurfel-bauklotze-furs-baby-aus-holz-stapelspielzeug-balancierender-delfin-185-x-11-x-25cm-18-farbige-bauklotze-wurfel-lernspielzeug-geschenk\/","og_site_name":"Selleetools.com","article_modified_time":"2023-12-05T11:58:40+00:00","og_image":[{"width":1000,"height":1000,"url":"https:\/\/selleetools.com\/wp-content\/uploads\/2023\/08\/51QEVSQac9L.jpg","type":"image\/jpeg"}],"twitter_card":"summary_large_image","twitter_misc":{"Est. reading time":"2 minuty"},"schema":{"@context":"https:\/\/schema.org","@graph":[{"@type":"Organization","@id":"https:\/\/selleetools.com\/#organization","name":"Selleetools","url":"https:\/\/selleetools.com\/","sameAs":[],"logo":{"@type":"ImageObject","inLanguage":"pl-PL","@id":"https:\/\/selleetools.com\/#\/schema\/logo\/image\/","url":"https:\/\/selleetools.com\/wp-content\/uploads\/2021\/10\/logo-dark.png","contentUrl":"https:\/\/selleetools.com\/wp-content\/uploads\/2021\/10\/logo-dark.png","width":320,"height":76,"caption":"Selleetools"},"image":{"@id":"https:\/\/selleetools.com\/#\/schema\/logo\/image\/"}},{"@type":"WebSite","@id":"https:\/\/selleetools.com\/#website","url":"https:\/\/selleetools.com\/","name":"Selleetools.com","description":"","publisher":{"@id":"https:\/\/selleetools.com\/#organization"},"potentialAction":[{"@type":"SearchAction","target":{"@type":"EntryPoint","urlTemplate":"https:\/\/selleetools.com\/?s={search_term_string}"},"query-input":"required name=search_term_string"}],"inLanguage":"pl-PL"},{"@type":"WebPage","@id":"https:\/\/selleetools.com\/product\/holzbausteine-ab-3-jahren-stapelwurfel-bauklotze-furs-baby-aus-holz-stapelspielzeug-balancierender-delfin-185-x-11-x-25cm-18-farbige-bauklotze-wurfel-lernspielzeug-geschenk\/","url":"https:\/\/selleetools.com\/product\/holzbausteine-ab-3-jahren-stapelwurfel-bauklotze-furs-baby-aus-holz-stapelspielzeug-balancierender-delfin-185-x-11-x-25cm-18-farbige-bauklotze-wurfel-lernspielzeug-geschenk\/","name":"Holzbausteine ab 3 Jahren, Stapelw\u00fcrfel, Baukl\u00f6tze f\u00fcrs Baby aus Holz, Stapelspielzeug - Balancierender Delfin 18,5 x 11 x 2,5cm - 18 farbige Baukl\u00f6tze + W\u00fcrfel - Lernspielzeug - Geschenk - Selleetools.com","isPartOf":{"@id":"https:\/\/selleetools.com\/#website"},"datePublished":"2023-08-17T09:02:09+00:00","dateModified":"2023-12-05T11:58:40+00:00","breadcrumb":{"@id":"https:\/\/selleetools.com\/product\/holzbausteine-ab-3-jahren-stapelwurfel-bauklotze-furs-baby-aus-holz-stapelspielzeug-balancierender-delfin-185-x-11-x-25cm-18-farbige-bauklotze-wurfel-lernspielzeug-geschenk\/#breadcrumb"},"inLanguage":"pl-PL","potentialAction":[{"@type":"ReadAction","target":["https:\/\/selleetools.com\/product\/holzbausteine-ab-3-jahren-stapelwurfel-bauklotze-furs-baby-aus-holz-stapelspielzeug-balancierender-delfin-185-x-11-x-25cm-18-farbige-bauklotze-wurfel-lernspielzeug-geschenk\/"]}]},{"@type":"BreadcrumbList","@id":"https:\/\/selleetools.com\/product\/holzbausteine-ab-3-jahren-stapelwurfel-bauklotze-furs-baby-aus-holz-stapelspielzeug-balancierender-delfin-185-x-11-x-25cm-18-farbige-bauklotze-wurfel-lernspielzeug-geschenk\/#breadcrumb","itemListElement":[{"@type":"ListItem","position":1,"name":"Home","item":"https:\/\/selleetools.com\/pl\/"},{"@type":"ListItem","position":2,"name":"Katalog","item":"https:\/\/selleetools.com\/pl\/katalog\/"},{"@type":"ListItem","position":3,"name":"Holzbausteine ab 3 Jahren, Stapelw\u00fcrfel, Baukl\u00f6tze f\u00fcrs Baby aus Holz, Stapelspielzeug &#8211; Balancierender Delfin 18,5 x 11 x 2,5cm &#8211; 18 farbige Baukl\u00f6tze + W\u00fcrfel &#8211; Lernspielzeug &#8211; Geschenk"}]}]}},"_links":{"self":[{"href":"https:\/\/selleetools.com\/pl\/wp-json\/wp\/v2\/product\/284594"}],"collection":[{"href":"https:\/\/selleetools.com\/pl\/wp-json\/wp\/v2\/product"}],"about":[{"href":"https:\/\/selleetools.com\/pl\/wp-json\/wp\/v2\/types\/product"}],"replies":[{"embeddable":true,"href":"https:\/\/selleetools.com\/pl\/wp-json\/wp\/v2\/comments?post=284594"}],"wp:featuredmedia":[{"embeddable":true,"href":"https:\/\/selleetools.com\/pl\/wp-json\/wp\/v2\/media\/286787"}],"wp:attachment":[{"href":"https:\/\/selleetools.com\/pl\/wp-json\/wp\/v2\/media?parent=284594"}],"curies":[{"name":"wp","href":"https:\/\/api.w.org\/{rel}","templated":true}]}}