{"id":284477,"date":"2023-08-17T11:01:33","date_gmt":"2023-08-17T09:01:33","guid":{"rendered":"https:\/\/selleetools.com\/?post_type=product&#038;p=284477"},"modified":"2023-08-29T17:20:33","modified_gmt":"2023-08-29T15:20:33","slug":"adamtoys-musik-set-eichhornchen-musikinstrumente-kinder-blockflote-triangel-maraca-holz","status":"publish","type":"product","link":"https:\/\/selleetools.com\/pl\/product\/adamtoys-musik-set-eichhornchen-musikinstrumente-kinder-blockflote-triangel-maraca-holz\/","title":{"rendered":"AdamToys Musik-Set EICHH\u00d6RNCHEN Musikinstrumente Kinder Blockfl\u00f6te Triangel Maraca Holz"},"content":{"rendered":"<p>Musikspielzeug f\u00fcr Kinder ab 3 Jahren: Bei diesem Spielzeug handelt es sich um ein Set mit bis zu sechs Instrumenten, in einer praktischen Holzkiste verpackt. Das Besondere daran sind die sch\u00f6nen Farben und die Illustration eines Eichh\u00f6rnchens. Das Musik-Set f\u00fcr Kinder wurde dazu entwickelt, um das Interesse an Musik von klein auf zu f\u00f6rdern. Dank des Inhalts kann Ihr Kind verschiedene Kl\u00e4nge kennenlernen. Die einzelnen Instrumente sind mit den Kinderh\u00e4nden leicht bedienbar. Das Musik-Set enth\u00e4lt: ein Tamburin mit einer Membran, die mit einem niedlichen Eichh\u00f6rnchen verziert ist. Das Tamburin hat vier Schellen eine bunte Fl\u00f6te eine Maracas mit einer Blume Kastagnetten mit je einem Pilz Schellen jeweils am Stiel mit einem Blatt verziert Metalldreieck mit Taktstock eine Holzkiste, um alles am richtigen Platz zu verstauen, wenn die Spielzeit vorbei ist Musikalische Spielzeuge sind hervorragend geeignet, um die Sensibilit\u00e4t, das Rhythmusgef\u00fchl und nat\u00fcrlich die Freude an der Musik zu f\u00f6rdern. Mit diesem Set erhalten Sie einige wichtige Instrumente f\u00fcr Spielanf\u00e4nger. Mit dem vorliegenden Inhalt k\u00f6nnen Kinder verschiedene Lieder und Musikst\u00fccke kennenlernen und ein ganzes Musik-Ensemble bilden. Dieses Musik-Set f\u00fcr Kinder ist in einer sch\u00f6nen Schachtel verpackt und eignet sich hervorragend als Geschenk. Wir empfehlen ebenfalls andere Spielzeuge der gleichen Serie: Gitarre oder Xylophon. Technische Daten: Alter: 3+ Abmessungen: 33 x 27,5 x5,5 cm CE-Konformit\u00e4tserkl\u00e4rungFeatures6 Musikinstrumente f\u00fcr Kinder in einem: Tamburin, Fl\u00f6te, Maracas, Kastagnetten, Schellen, Triangel + TaktstockMusikspielzeug f\u00fcr Kinder ab 3 Jahren aus lackiertem Holz, Gr\u00f6\u00dfe: 33 x 27,5 x 5,5cmDas Musik-Set ist mit einem Waldtier &#8211; ein Eichh\u00f6rnchen &#8211; illustriert. Alle Elemente sind in einer Holzkiste untergebrachtDieses p\u00e4dagogische Musikspielzeug wurde entwickelt, um das Interesse an Musik von fr\u00fchester Kindheit an zu f\u00f6rdernDas Holz-Musikinstrument f\u00fcr Kinder ist in einer praktischen und \u00e4sthetisch ansprechenden Schachtel verpackt und somit ein ideales Geschenk f\u00fcr Ihr Kind<\/p>\n","protected":false},"excerpt":{"rendered":"<p>Musikspielzeug f\u00fcr Kinder ab 3 Jahren: Bei diesem Spielzeug handelt es sich um ein Set mit bis zu sechs Instrumenten, in einer praktischen Holzkiste verpackt. Das Besondere daran sind die sch\u00f6nen Farben und die Illustration eines Eichh\u00f6rnchens. Das Musik-Set f\u00fcr Kinder wurde dazu entwickelt, um das Interesse an Musik von klein auf zu f\u00f6rdern. Dank &#8230; <a title=\"AdamToys Musik-Set EICHH\u00d6RNCHEN Musikinstrumente Kinder Blockfl\u00f6te Triangel Maraca Holz\" class=\"read-more\" href=\"https:\/\/selleetools.com\/pl\/product\/adamtoys-musik-set-eichhornchen-musikinstrumente-kinder-blockflote-triangel-maraca-holz\/\">Read more<span class=\"screen-reader-text\">AdamToys Musik-Set EICHH\u00d6RNCHEN Musikinstrumente Kinder Blockfl\u00f6te Triangel Maraca Holz<\/span><\/a><\/p>\n","protected":false},"featured_media":286715,"comment_status":"open","ping_status":"closed","template":"","meta":{"_links_to":"","_links_to_target":""},"yoast_head":"<!-- This site is optimized with the Yoast SEO plugin v19.4 - https:\/\/yoast.com\/wordpress\/plugins\/seo\/ -->\n<title>AdamToys Musik-Set EICHH\u00d6RNCHEN Musikinstrumente Kinder Blockfl\u00f6te Triangel Maraca Holz - Selleetools.com<\/title>\n<meta name=\"robots\" content=\"index, follow, max-snippet:-1, max-image-preview:large, max-video-preview:-1\" \/>\n<link rel=\"canonical\" href=\"https:\/\/selleetools.com\/product\/adamtoys-musik-set-eichhornchen-musikinstrumente-kinder-blockflote-triangel-maraca-holz\/\" \/>\n<meta property=\"og:locale\" content=\"pl_PL\" \/>\n<meta property=\"og:type\" content=\"article\" \/>\n<meta property=\"og:title\" content=\"AdamToys Musik-Set EICHH\u00d6RNCHEN Musikinstrumente Kinder Blockfl\u00f6te Triangel Maraca Holz - Selleetools.com\" \/>\n<meta property=\"og:description\" content=\"Musikspielzeug f\u00fcr Kinder ab 3 Jahren: Bei diesem Spielzeug handelt es sich um ein Set mit bis zu sechs Instrumenten, in einer praktischen Holzkiste verpackt. Das Besondere daran sind die sch\u00f6nen Farben und die Illustration eines Eichh\u00f6rnchens. Das Musik-Set f\u00fcr Kinder wurde dazu entwickelt, um das Interesse an Musik von klein auf zu f\u00f6rdern. Dank ... Read moreAdamToys Musik-Set EICHH\u00d6RNCHEN Musikinstrumente Kinder Blockfl\u00f6te Triangel Maraca Holz\" \/>\n<meta property=\"og:url\" content=\"https:\/\/selleetools.com\/product\/adamtoys-musik-set-eichhornchen-musikinstrumente-kinder-blockflote-triangel-maraca-holz\/\" \/>\n<meta property=\"og:site_name\" content=\"Selleetools.com\" \/>\n<meta property=\"article:modified_time\" content=\"2023-08-29T15:20:33+00:00\" \/>\n<meta property=\"og:image\" content=\"https:\/\/selleetools.com\/wp-content\/uploads\/2023\/08\/51ngYmCAvmL.jpg\" \/>\n\t<meta property=\"og:image:width\" content=\"1000\" \/>\n\t<meta property=\"og:image:height\" content=\"736\" \/>\n\t<meta property=\"og:image:type\" content=\"image\/jpeg\" \/>\n<meta name=\"twitter:card\" content=\"summary_large_image\" \/>\n<meta name=\"twitter:label1\" content=\"Est. reading time\" \/>\n\t<meta name=\"twitter:data1\" content=\"2 minuty\" \/>\n<!-- \/ Yoast SEO plugin. -->","yoast_head_json":{"title":"AdamToys Musik-Set EICHH\u00d6RNCHEN Musikinstrumente Kinder Blockfl\u00f6te Triangel Maraca Holz - Selleetools.com","robots":{"index":"index","follow":"follow","max-snippet":"max-snippet:-1","max-image-preview":"max-image-preview:large","max-video-preview":"max-video-preview:-1"},"canonical":"https:\/\/selleetools.com\/product\/adamtoys-musik-set-eichhornchen-musikinstrumente-kinder-blockflote-triangel-maraca-holz\/","og_locale":"pl_PL","og_type":"article","og_title":"AdamToys Musik-Set EICHH\u00d6RNCHEN Musikinstrumente Kinder Blockfl\u00f6te Triangel Maraca Holz - Selleetools.com","og_description":"Musikspielzeug f\u00fcr Kinder ab 3 Jahren: Bei diesem Spielzeug handelt es sich um ein Set mit bis zu sechs Instrumenten, in einer praktischen Holzkiste verpackt. Das Besondere daran sind die sch\u00f6nen Farben und die Illustration eines Eichh\u00f6rnchens. Das Musik-Set f\u00fcr Kinder wurde dazu entwickelt, um das Interesse an Musik von klein auf zu f\u00f6rdern. Dank ... Read moreAdamToys Musik-Set EICHH\u00d6RNCHEN Musikinstrumente Kinder Blockfl\u00f6te Triangel Maraca Holz","og_url":"https:\/\/selleetools.com\/product\/adamtoys-musik-set-eichhornchen-musikinstrumente-kinder-blockflote-triangel-maraca-holz\/","og_site_name":"Selleetools.com","article_modified_time":"2023-08-29T15:20:33+00:00","og_image":[{"width":1000,"height":736,"url":"https:\/\/selleetools.com\/wp-content\/uploads\/2023\/08\/51ngYmCAvmL.jpg","type":"image\/jpeg"}],"twitter_card":"summary_large_image","twitter_misc":{"Est. reading time":"2 minuty"},"schema":{"@context":"https:\/\/schema.org","@graph":[{"@type":"Organization","@id":"https:\/\/selleetools.com\/#organization","name":"Selleetools","url":"https:\/\/selleetools.com\/","sameAs":[],"logo":{"@type":"ImageObject","inLanguage":"pl-PL","@id":"https:\/\/selleetools.com\/#\/schema\/logo\/image\/","url":"https:\/\/selleetools.com\/wp-content\/uploads\/2021\/10\/logo-dark.png","contentUrl":"https:\/\/selleetools.com\/wp-content\/uploads\/2021\/10\/logo-dark.png","width":320,"height":76,"caption":"Selleetools"},"image":{"@id":"https:\/\/selleetools.com\/#\/schema\/logo\/image\/"}},{"@type":"WebSite","@id":"https:\/\/selleetools.com\/#website","url":"https:\/\/selleetools.com\/","name":"Selleetools.com","description":"","publisher":{"@id":"https:\/\/selleetools.com\/#organization"},"potentialAction":[{"@type":"SearchAction","target":{"@type":"EntryPoint","urlTemplate":"https:\/\/selleetools.com\/?s={search_term_string}"},"query-input":"required name=search_term_string"}],"inLanguage":"pl-PL"},{"@type":"WebPage","@id":"https:\/\/selleetools.com\/product\/adamtoys-musik-set-eichhornchen-musikinstrumente-kinder-blockflote-triangel-maraca-holz\/","url":"https:\/\/selleetools.com\/product\/adamtoys-musik-set-eichhornchen-musikinstrumente-kinder-blockflote-triangel-maraca-holz\/","name":"AdamToys Musik-Set EICHH\u00d6RNCHEN Musikinstrumente Kinder Blockfl\u00f6te Triangel Maraca Holz - Selleetools.com","isPartOf":{"@id":"https:\/\/selleetools.com\/#website"},"datePublished":"2023-08-17T09:01:33+00:00","dateModified":"2023-08-29T15:20:33+00:00","breadcrumb":{"@id":"https:\/\/selleetools.com\/product\/adamtoys-musik-set-eichhornchen-musikinstrumente-kinder-blockflote-triangel-maraca-holz\/#breadcrumb"},"inLanguage":"pl-PL","potentialAction":[{"@type":"ReadAction","target":["https:\/\/selleetools.com\/product\/adamtoys-musik-set-eichhornchen-musikinstrumente-kinder-blockflote-triangel-maraca-holz\/"]}]},{"@type":"BreadcrumbList","@id":"https:\/\/selleetools.com\/product\/adamtoys-musik-set-eichhornchen-musikinstrumente-kinder-blockflote-triangel-maraca-holz\/#breadcrumb","itemListElement":[{"@type":"ListItem","position":1,"name":"Home","item":"https:\/\/selleetools.com\/pl\/"},{"@type":"ListItem","position":2,"name":"Katalog","item":"https:\/\/selleetools.com\/pl\/katalog\/"},{"@type":"ListItem","position":3,"name":"AdamToys Musik-Set EICHH\u00d6RNCHEN Musikinstrumente Kinder Blockfl\u00f6te Triangel Maraca Holz"}]}]}},"_links":{"self":[{"href":"https:\/\/selleetools.com\/pl\/wp-json\/wp\/v2\/product\/284477"}],"collection":[{"href":"https:\/\/selleetools.com\/pl\/wp-json\/wp\/v2\/product"}],"about":[{"href":"https:\/\/selleetools.com\/pl\/wp-json\/wp\/v2\/types\/product"}],"replies":[{"embeddable":true,"href":"https:\/\/selleetools.com\/pl\/wp-json\/wp\/v2\/comments?post=284477"}],"wp:featuredmedia":[{"embeddable":true,"href":"https:\/\/selleetools.com\/pl\/wp-json\/wp\/v2\/media\/286715"}],"wp:attachment":[{"href":"https:\/\/selleetools.com\/pl\/wp-json\/wp\/v2\/media?parent=284477"}],"curies":[{"name":"wp","href":"https:\/\/api.w.org\/{rel}","templated":true}]}}