{"id":284444,"date":"2023-08-17T11:01:15","date_gmt":"2023-08-17T09:01:15","guid":{"rendered":"https:\/\/selleetools.com\/?post_type=product&#038;p=284444"},"modified":"2023-12-05T12:58:39","modified_gmt":"2023-12-05T11:58:39","slug":"adamtoys-tamburin-kaninchen-musikintrument-spielzeug-holzspielzeug-schellentrommel-rosa","status":"publish","type":"product","link":"https:\/\/selleetools.com\/pl\/product\/adamtoys-tamburin-kaninchen-musikintrument-spielzeug-holzspielzeug-schellentrommel-rosa\/","title":{"rendered":"AdamToys Tamburin Kaninchen Musikintrument Spielzeug Holzspielzeug Schellentrommel rosa"},"content":{"rendered":"<p>Benek kennst du bereits. Dieser allgegenw\u00e4rtige Hase quetscht sich \u00fcberall hinein. Diesmal ziert er unser Tamburin, denn auch er h\u00f6rt gerne Musik und die Rhythmen, die er spielt, lassen seine flei\u00dfigen Pfoten auf und ab springen. Tamburin f\u00fcr Kinder ab 3 Jahren &#8211; perfekt zum Lernen von Rhythmen und Musik: Das Tamburin Baby ist eine tolle Begleitung zu vielen Musikst\u00fccken, hilft aber auch beim Erlernen von Rhythmen und rhythmischem \u00dcbungen Durch das Abspielen von Tonfolgen auf diesen Instrumenten trainieren Kinder ihr Geh\u00f6r und \u00fcben das Rhythmusgef\u00fchl Das Holz-Musikinstrument f\u00fcr Kinder eignet sich besonders f\u00fcr den Einsatz in Kinderg\u00e4rten oder in Kursen f\u00fcr die musikalische Fr\u00fcherziehung Das Kindertamburin ist eine hervorragende Geschenkidee zum Geburtstag Das Tamburin von Adam Toys besteht aus: 3 Schellen, die in gleichem Abstand am Rand des Instruments angebracht sind Einem Holzrahmen Einer flexiblen Membran mit dem Bild eines Kaninchens In der gleichen Serie bieten wir auch Maracas f\u00fcr Kinder an. Technische Daten: Abmessungen: 13 x 4,5 cm Alter 3+ CE-Konformit\u00e4tserkl\u00e4rungFeaturesMusikspielzeug f\u00fcr Kinder ab 3 Jahren &#8211; Tamburin, Gr\u00f6\u00dfe 13 x 4,5 cmDas Kndertamburin unterst\u00fctzt das Erlernen des Rhythmusgef\u00fchls und ist ein hervorragendes Spielzeug f\u00fcr viele RhythmusspieleEin ideales Spielzeug f\u00fcr den Einsatz in Kinderg\u00e4rten oder zu rhythmischen Aktivit\u00e4ten bei KleinkindernDas Tamburin hat 3 Schellen, die auf einem Holzrahmen angebracht sind, die Membran tr\u00e4gt das Bild eines KaninchensDie Handtrommel ist in einer praktischen und \u00e4sthetisch ansprechenden Schachtel verpackt und somit ein ideales Geschenk f\u00fcr Ihr Kind<\/p>\n","protected":false},"excerpt":{"rendered":"<p>Benek kennst du bereits. Dieser allgegenw\u00e4rtige Hase quetscht sich \u00fcberall hinein. Diesmal ziert er unser Tamburin, denn auch er h\u00f6rt gerne Musik und die Rhythmen, die er spielt, lassen seine flei\u00dfigen Pfoten auf und ab springen. Tamburin f\u00fcr Kinder ab 3 Jahren &#8211; perfekt zum Lernen von Rhythmen und Musik: Das Tamburin Baby ist eine &#8230; <a title=\"AdamToys Tamburin Kaninchen Musikintrument Spielzeug Holzspielzeug Schellentrommel rosa\" class=\"read-more\" href=\"https:\/\/selleetools.com\/pl\/product\/adamtoys-tamburin-kaninchen-musikintrument-spielzeug-holzspielzeug-schellentrommel-rosa\/\">Read more<span class=\"screen-reader-text\">AdamToys Tamburin Kaninchen Musikintrument Spielzeug Holzspielzeug Schellentrommel rosa<\/span><\/a><\/p>\n","protected":false},"featured_media":286673,"comment_status":"open","ping_status":"closed","template":"","meta":{"_links_to":"","_links_to_target":""},"yoast_head":"<!-- This site is optimized with the Yoast SEO plugin v19.4 - https:\/\/yoast.com\/wordpress\/plugins\/seo\/ -->\n<title>AdamToys Tamburin Kaninchen Musikintrument Spielzeug Holzspielzeug Schellentrommel rosa - Selleetools.com<\/title>\n<meta name=\"robots\" content=\"index, follow, max-snippet:-1, max-image-preview:large, max-video-preview:-1\" \/>\n<link rel=\"canonical\" href=\"https:\/\/selleetools.com\/product\/adamtoys-tamburin-kaninchen-musikintrument-spielzeug-holzspielzeug-schellentrommel-rosa\/\" \/>\n<meta property=\"og:locale\" content=\"pl_PL\" \/>\n<meta property=\"og:type\" content=\"article\" \/>\n<meta property=\"og:title\" content=\"AdamToys Tamburin Kaninchen Musikintrument Spielzeug Holzspielzeug Schellentrommel rosa - Selleetools.com\" \/>\n<meta property=\"og:description\" content=\"Benek kennst du bereits. Dieser allgegenw\u00e4rtige Hase quetscht sich \u00fcberall hinein. Diesmal ziert er unser Tamburin, denn auch er h\u00f6rt gerne Musik und die Rhythmen, die er spielt, lassen seine flei\u00dfigen Pfoten auf und ab springen. Tamburin f\u00fcr Kinder ab 3 Jahren &#8211; perfekt zum Lernen von Rhythmen und Musik: Das Tamburin Baby ist eine ... Read moreAdamToys Tamburin Kaninchen Musikintrument Spielzeug Holzspielzeug Schellentrommel rosa\" \/>\n<meta property=\"og:url\" content=\"https:\/\/selleetools.com\/product\/adamtoys-tamburin-kaninchen-musikintrument-spielzeug-holzspielzeug-schellentrommel-rosa\/\" \/>\n<meta property=\"og:site_name\" content=\"Selleetools.com\" \/>\n<meta property=\"article:modified_time\" content=\"2023-12-05T11:58:39+00:00\" \/>\n<meta property=\"og:image\" content=\"https:\/\/selleetools.com\/wp-content\/uploads\/2023\/08\/51ZZqvKMDgL.jpg\" \/>\n\t<meta property=\"og:image:width\" content=\"970\" \/>\n\t<meta property=\"og:image:height\" content=\"1000\" \/>\n\t<meta property=\"og:image:type\" content=\"image\/jpeg\" \/>\n<meta name=\"twitter:card\" content=\"summary_large_image\" \/>\n<meta name=\"twitter:label1\" content=\"Est. reading time\" \/>\n\t<meta name=\"twitter:data1\" content=\"1 minuta\" \/>\n<!-- \/ Yoast SEO plugin. -->","yoast_head_json":{"title":"AdamToys Tamburin Kaninchen Musikintrument Spielzeug Holzspielzeug Schellentrommel rosa - Selleetools.com","robots":{"index":"index","follow":"follow","max-snippet":"max-snippet:-1","max-image-preview":"max-image-preview:large","max-video-preview":"max-video-preview:-1"},"canonical":"https:\/\/selleetools.com\/product\/adamtoys-tamburin-kaninchen-musikintrument-spielzeug-holzspielzeug-schellentrommel-rosa\/","og_locale":"pl_PL","og_type":"article","og_title":"AdamToys Tamburin Kaninchen Musikintrument Spielzeug Holzspielzeug Schellentrommel rosa - Selleetools.com","og_description":"Benek kennst du bereits. Dieser allgegenw\u00e4rtige Hase quetscht sich \u00fcberall hinein. Diesmal ziert er unser Tamburin, denn auch er h\u00f6rt gerne Musik und die Rhythmen, die er spielt, lassen seine flei\u00dfigen Pfoten auf und ab springen. Tamburin f\u00fcr Kinder ab 3 Jahren &#8211; perfekt zum Lernen von Rhythmen und Musik: Das Tamburin Baby ist eine ... Read moreAdamToys Tamburin Kaninchen Musikintrument Spielzeug Holzspielzeug Schellentrommel rosa","og_url":"https:\/\/selleetools.com\/product\/adamtoys-tamburin-kaninchen-musikintrument-spielzeug-holzspielzeug-schellentrommel-rosa\/","og_site_name":"Selleetools.com","article_modified_time":"2023-12-05T11:58:39+00:00","og_image":[{"width":970,"height":1000,"url":"https:\/\/selleetools.com\/wp-content\/uploads\/2023\/08\/51ZZqvKMDgL.jpg","type":"image\/jpeg"}],"twitter_card":"summary_large_image","twitter_misc":{"Est. reading time":"1 minuta"},"schema":{"@context":"https:\/\/schema.org","@graph":[{"@type":"Organization","@id":"https:\/\/selleetools.com\/#organization","name":"Selleetools","url":"https:\/\/selleetools.com\/","sameAs":[],"logo":{"@type":"ImageObject","inLanguage":"pl-PL","@id":"https:\/\/selleetools.com\/#\/schema\/logo\/image\/","url":"https:\/\/selleetools.com\/wp-content\/uploads\/2021\/10\/logo-dark.png","contentUrl":"https:\/\/selleetools.com\/wp-content\/uploads\/2021\/10\/logo-dark.png","width":320,"height":76,"caption":"Selleetools"},"image":{"@id":"https:\/\/selleetools.com\/#\/schema\/logo\/image\/"}},{"@type":"WebSite","@id":"https:\/\/selleetools.com\/#website","url":"https:\/\/selleetools.com\/","name":"Selleetools.com","description":"","publisher":{"@id":"https:\/\/selleetools.com\/#organization"},"potentialAction":[{"@type":"SearchAction","target":{"@type":"EntryPoint","urlTemplate":"https:\/\/selleetools.com\/?s={search_term_string}"},"query-input":"required name=search_term_string"}],"inLanguage":"pl-PL"},{"@type":"WebPage","@id":"https:\/\/selleetools.com\/product\/adamtoys-tamburin-kaninchen-musikintrument-spielzeug-holzspielzeug-schellentrommel-rosa\/","url":"https:\/\/selleetools.com\/product\/adamtoys-tamburin-kaninchen-musikintrument-spielzeug-holzspielzeug-schellentrommel-rosa\/","name":"AdamToys Tamburin Kaninchen Musikintrument Spielzeug Holzspielzeug Schellentrommel rosa - Selleetools.com","isPartOf":{"@id":"https:\/\/selleetools.com\/#website"},"datePublished":"2023-08-17T09:01:15+00:00","dateModified":"2023-12-05T11:58:39+00:00","breadcrumb":{"@id":"https:\/\/selleetools.com\/product\/adamtoys-tamburin-kaninchen-musikintrument-spielzeug-holzspielzeug-schellentrommel-rosa\/#breadcrumb"},"inLanguage":"pl-PL","potentialAction":[{"@type":"ReadAction","target":["https:\/\/selleetools.com\/product\/adamtoys-tamburin-kaninchen-musikintrument-spielzeug-holzspielzeug-schellentrommel-rosa\/"]}]},{"@type":"BreadcrumbList","@id":"https:\/\/selleetools.com\/product\/adamtoys-tamburin-kaninchen-musikintrument-spielzeug-holzspielzeug-schellentrommel-rosa\/#breadcrumb","itemListElement":[{"@type":"ListItem","position":1,"name":"Home","item":"https:\/\/selleetools.com\/pl\/"},{"@type":"ListItem","position":2,"name":"Katalog","item":"https:\/\/selleetools.com\/pl\/katalog\/"},{"@type":"ListItem","position":3,"name":"AdamToys Tamburin Kaninchen Musikintrument Spielzeug Holzspielzeug Schellentrommel rosa"}]}]}},"_links":{"self":[{"href":"https:\/\/selleetools.com\/pl\/wp-json\/wp\/v2\/product\/284444"}],"collection":[{"href":"https:\/\/selleetools.com\/pl\/wp-json\/wp\/v2\/product"}],"about":[{"href":"https:\/\/selleetools.com\/pl\/wp-json\/wp\/v2\/types\/product"}],"replies":[{"embeddable":true,"href":"https:\/\/selleetools.com\/pl\/wp-json\/wp\/v2\/comments?post=284444"}],"wp:featuredmedia":[{"embeddable":true,"href":"https:\/\/selleetools.com\/pl\/wp-json\/wp\/v2\/media\/286673"}],"wp:attachment":[{"href":"https:\/\/selleetools.com\/pl\/wp-json\/wp\/v2\/media?parent=284444"}],"curies":[{"name":"wp","href":"https:\/\/api.w.org\/{rel}","templated":true}]}}