{"id":284035,"date":"2023-08-17T10:58:58","date_gmt":"2023-08-17T08:58:58","guid":{"rendered":"https:\/\/selleetools.com\/?post_type=product&#038;p=284035"},"modified":"2023-12-04T13:36:43","modified_gmt":"2023-12-04T12:36:43","slug":"adamtoys-aldo-montessori-set-mit-perlen-aus-holz-kollektion-polartiere","status":"publish","type":"product","link":"https:\/\/selleetools.com\/pl\/product\/adamtoys-aldo-montessori-set-mit-perlen-aus-holz-kollektion-polartiere\/","title":{"rendered":"AdamToys Aldo Montessori Set mit Perlen aus Holz, Kollektion Polartiere"},"content":{"rendered":"<p>ALDO Montessori Holzperlen Brettspiel Geeignet f\u00fcr Kinder ab 3 Jahren. Eigenschaften: Entdecken Sie dieses tolle Montessori-Kugel-Brettspiel. Die Bretter zeigen die Helden der Polartiere-Kollektion: Ujo der Wal, Nuka der Eisb\u00e4r, Mase der Polarfuchs, Ama die Robbe, Jansi der Pinguin und Orto das Rentier. Dieses Spiel erm\u00f6glicht es Ihrem Kind, Geschicklichkeit, Vorstellungskraft und Koordination zu verbessern und gleichzeitig Aufmerksamkeit, Konzentration und Pr\u00e4zision zu zeigen. Ihr Kind kann die Perlen von Hand oder mit der Zange auf dem Holztablett legen. Die Bretter mit den Tieren sind abnehmbar, so dass es m\u00f6glich ist, die farbigen Kugeln direkt auf dem Tablett zu platzieren. Entspricht den geltenden europ\u00e4ischen Normen. Inhalt des Spiels: &#8211; 1 x Tablett mit L\u00f6chern aus Holz. &#8211; 6 bunte Fleece-Bretter &#8211; 71 bunte Perlen &#8211; 1 x Holzklammer. GR\u00d6SSE UND GEWICHT: Gr\u00f6\u00dfe: 20 x 20 cm. Gewicht: 400 g. Hinweis: Keine Lieferung auf den Inseln: Sizilien, Sardinien, Elbe, Kanarische Inseln, Ceuta und MelillaFeaturesMontessori Kugelbrettspiel mit arktischen TierenHilft Kindern dabei, ihre Feinmotorik und Fantasie zu entwickeln.Enth\u00e4lt 1 Holztablett mit L\u00f6chern, 6 bunte Bretter, 71 bunte Perlen und 1 Holzklammer.Sie k\u00f6nnen ihre Aufmerksamkeit, Konzentration und Genauigkeit verbessern und gleichzeitig Spa\u00df haben.Gr\u00f6\u00dfe: 20 x 20 cm.<\/p>\n","protected":false},"excerpt":{"rendered":"<p>ALDO Montessori Holzperlen Brettspiel Geeignet f\u00fcr Kinder ab 3 Jahren. Eigenschaften: Entdecken Sie dieses tolle Montessori-Kugel-Brettspiel. Die Bretter zeigen die Helden der Polartiere-Kollektion: Ujo der Wal, Nuka der Eisb\u00e4r, Mase der Polarfuchs, Ama die Robbe, Jansi der Pinguin und Orto das Rentier. Dieses Spiel erm\u00f6glicht es Ihrem Kind, Geschicklichkeit, Vorstellungskraft und Koordination zu verbessern und &#8230; <a title=\"AdamToys Aldo Montessori Set mit Perlen aus Holz, Kollektion Polartiere\" class=\"read-more\" href=\"https:\/\/selleetools.com\/pl\/product\/adamtoys-aldo-montessori-set-mit-perlen-aus-holz-kollektion-polartiere\/\">Read more<span class=\"screen-reader-text\">AdamToys Aldo Montessori Set mit Perlen aus Holz, Kollektion Polartiere<\/span><\/a><\/p>\n","protected":false},"featured_media":286261,"comment_status":"open","ping_status":"closed","template":"","meta":{"_links_to":"","_links_to_target":""},"yoast_head":"<!-- This site is optimized with the Yoast SEO plugin v19.4 - https:\/\/yoast.com\/wordpress\/plugins\/seo\/ -->\n<title>AdamToys Aldo Montessori Set mit Perlen aus Holz, Kollektion Polartiere - Selleetools.com<\/title>\n<meta name=\"robots\" content=\"index, follow, max-snippet:-1, max-image-preview:large, max-video-preview:-1\" \/>\n<link rel=\"canonical\" href=\"https:\/\/admincentral.selleetools.com\/product\/adamtoys-aldo-montessori-set-mit-perlen-aus-holz-kollektion-polartiere\/\" \/>\n<meta property=\"og:locale\" content=\"pl_PL\" \/>\n<meta property=\"og:type\" content=\"article\" \/>\n<meta property=\"og:title\" content=\"AdamToys Aldo Montessori Set mit Perlen aus Holz, Kollektion Polartiere - Selleetools.com\" \/>\n<meta property=\"og:description\" content=\"ALDO Montessori Holzperlen Brettspiel Geeignet f\u00fcr Kinder ab 3 Jahren. Eigenschaften: Entdecken Sie dieses tolle Montessori-Kugel-Brettspiel. Die Bretter zeigen die Helden der Polartiere-Kollektion: Ujo der Wal, Nuka der Eisb\u00e4r, Mase der Polarfuchs, Ama die Robbe, Jansi der Pinguin und Orto das Rentier. Dieses Spiel erm\u00f6glicht es Ihrem Kind, Geschicklichkeit, Vorstellungskraft und Koordination zu verbessern und ... Read moreAdamToys Aldo Montessori Set mit Perlen aus Holz, Kollektion Polartiere\" \/>\n<meta property=\"og:url\" content=\"https:\/\/admincentral.selleetools.com\/product\/adamtoys-aldo-montessori-set-mit-perlen-aus-holz-kollektion-polartiere\/\" \/>\n<meta property=\"og:site_name\" content=\"Selleetools.com\" \/>\n<meta property=\"article:modified_time\" content=\"2023-12-04T12:36:43+00:00\" \/>\n<meta property=\"og:image\" content=\"https:\/\/selleetools.com\/wp-content\/uploads\/2023\/08\/716g34+VSqL.jpg\" \/>\n\t<meta property=\"og:image:width\" content=\"1600\" \/>\n\t<meta property=\"og:image:height\" content=\"1600\" \/>\n\t<meta property=\"og:image:type\" content=\"image\/jpeg\" \/>\n<meta name=\"twitter:card\" content=\"summary_large_image\" \/>\n<meta name=\"twitter:label1\" content=\"Est. reading time\" \/>\n\t<meta name=\"twitter:data1\" content=\"1 minuta\" \/>\n<!-- \/ Yoast SEO plugin. -->","yoast_head_json":{"title":"AdamToys Aldo Montessori Set mit Perlen aus Holz, Kollektion Polartiere - Selleetools.com","robots":{"index":"index","follow":"follow","max-snippet":"max-snippet:-1","max-image-preview":"max-image-preview:large","max-video-preview":"max-video-preview:-1"},"canonical":"https:\/\/admincentral.selleetools.com\/product\/adamtoys-aldo-montessori-set-mit-perlen-aus-holz-kollektion-polartiere\/","og_locale":"pl_PL","og_type":"article","og_title":"AdamToys Aldo Montessori Set mit Perlen aus Holz, Kollektion Polartiere - Selleetools.com","og_description":"ALDO Montessori Holzperlen Brettspiel Geeignet f\u00fcr Kinder ab 3 Jahren. Eigenschaften: Entdecken Sie dieses tolle Montessori-Kugel-Brettspiel. Die Bretter zeigen die Helden der Polartiere-Kollektion: Ujo der Wal, Nuka der Eisb\u00e4r, Mase der Polarfuchs, Ama die Robbe, Jansi der Pinguin und Orto das Rentier. Dieses Spiel erm\u00f6glicht es Ihrem Kind, Geschicklichkeit, Vorstellungskraft und Koordination zu verbessern und ... Read moreAdamToys Aldo Montessori Set mit Perlen aus Holz, Kollektion Polartiere","og_url":"https:\/\/admincentral.selleetools.com\/product\/adamtoys-aldo-montessori-set-mit-perlen-aus-holz-kollektion-polartiere\/","og_site_name":"Selleetools.com","article_modified_time":"2023-12-04T12:36:43+00:00","og_image":[{"width":1600,"height":1600,"url":"https:\/\/selleetools.com\/wp-content\/uploads\/2023\/08\/716g34+VSqL.jpg","type":"image\/jpeg"}],"twitter_card":"summary_large_image","twitter_misc":{"Est. reading time":"1 minuta"},"schema":{"@context":"https:\/\/schema.org","@graph":[{"@type":"Organization","@id":"https:\/\/selleetools.com\/#organization","name":"Selleetools","url":"https:\/\/selleetools.com\/","sameAs":[],"logo":{"@type":"ImageObject","inLanguage":"pl-PL","@id":"https:\/\/selleetools.com\/#\/schema\/logo\/image\/","url":"https:\/\/selleetools.com\/wp-content\/uploads\/2021\/10\/logo-dark.png","contentUrl":"https:\/\/selleetools.com\/wp-content\/uploads\/2021\/10\/logo-dark.png","width":320,"height":76,"caption":"Selleetools"},"image":{"@id":"https:\/\/selleetools.com\/#\/schema\/logo\/image\/"}},{"@type":"WebSite","@id":"https:\/\/selleetools.com\/#website","url":"https:\/\/selleetools.com\/","name":"Selleetools.com","description":"","publisher":{"@id":"https:\/\/selleetools.com\/#organization"},"potentialAction":[{"@type":"SearchAction","target":{"@type":"EntryPoint","urlTemplate":"https:\/\/selleetools.com\/?s={search_term_string}"},"query-input":"required name=search_term_string"}],"inLanguage":"pl-PL"},{"@type":"WebPage","@id":"https:\/\/admincentral.selleetools.com\/product\/adamtoys-aldo-montessori-set-mit-perlen-aus-holz-kollektion-polartiere\/","url":"https:\/\/admincentral.selleetools.com\/product\/adamtoys-aldo-montessori-set-mit-perlen-aus-holz-kollektion-polartiere\/","name":"AdamToys Aldo Montessori Set mit Perlen aus Holz, Kollektion Polartiere - Selleetools.com","isPartOf":{"@id":"https:\/\/selleetools.com\/#website"},"datePublished":"2023-08-17T08:58:58+00:00","dateModified":"2023-12-04T12:36:43+00:00","breadcrumb":{"@id":"https:\/\/admincentral.selleetools.com\/product\/adamtoys-aldo-montessori-set-mit-perlen-aus-holz-kollektion-polartiere\/#breadcrumb"},"inLanguage":"pl-PL","potentialAction":[{"@type":"ReadAction","target":["https:\/\/admincentral.selleetools.com\/product\/adamtoys-aldo-montessori-set-mit-perlen-aus-holz-kollektion-polartiere\/"]}]},{"@type":"BreadcrumbList","@id":"https:\/\/admincentral.selleetools.com\/product\/adamtoys-aldo-montessori-set-mit-perlen-aus-holz-kollektion-polartiere\/#breadcrumb","itemListElement":[{"@type":"ListItem","position":1,"name":"Home","item":"https:\/\/selleetools.com\/pl\/"},{"@type":"ListItem","position":2,"name":"Katalog","item":"https:\/\/selleetools.com\/pl\/katalog\/"},{"@type":"ListItem","position":3,"name":"AdamToys Aldo Montessori Set mit Perlen aus Holz, Kollektion Polartiere"}]}]}},"_links":{"self":[{"href":"https:\/\/selleetools.com\/pl\/wp-json\/wp\/v2\/product\/284035"}],"collection":[{"href":"https:\/\/selleetools.com\/pl\/wp-json\/wp\/v2\/product"}],"about":[{"href":"https:\/\/selleetools.com\/pl\/wp-json\/wp\/v2\/types\/product"}],"replies":[{"embeddable":true,"href":"https:\/\/selleetools.com\/pl\/wp-json\/wp\/v2\/comments?post=284035"}],"wp:featuredmedia":[{"embeddable":true,"href":"https:\/\/selleetools.com\/pl\/wp-json\/wp\/v2\/media\/286261"}],"wp:attachment":[{"href":"https:\/\/selleetools.com\/pl\/wp-json\/wp\/v2\/media?parent=284035"}],"curies":[{"name":"wp","href":"https:\/\/api.w.org\/{rel}","templated":true}]}}