{"id":283992,"date":"2023-08-17T10:58:43","date_gmt":"2023-08-17T08:58:43","guid":{"rendered":"https:\/\/selleetools.com\/?post_type=product&#038;p=283992"},"modified":"2025-05-28T12:36:59","modified_gmt":"2025-05-28T10:36:59","slug":"adam-toys-holz-steckpuzzle-ab-1-jahr-4er-set-kinder-holzpuzzle-thema-jahreszeiten-tiere-am-griff-herausziehbar-sensorisches-spielzeug-3-4-elemente-pro-stuck","status":"publish","type":"product","link":"https:\/\/selleetools.com\/pl\/product\/adam-toys-holz-steckpuzzle-ab-1-jahr-4er-set-kinder-holzpuzzle-thema-jahreszeiten-tiere-am-griff-herausziehbar-sensorisches-spielzeug-3-4-elemente-pro-stuck\/","title":{"rendered":"adam toys Holz-Steckpuzzle ab 1 Jahr, 4er Set, Kinder &#8211; Holzpuzzle, Thema Jahreszeiten, Tiere &#8211; Am Griff herausziehbar &#8211; Sensorisches Spielzeug &#8211; 3-4 Elemente pro St\u00fcck"},"content":{"rendered":"<p>4er-Set Holzpuzzles f\u00fcr Kinder ab 1 Jahr &#8211; mit diesem Lernspielzeug k\u00f6nnen schon in den ersten Lebensjahren n\u00fctzliche F\u00e4higkeiten ge\u00fcbt werden: Dank der Griffe trainiert das Kind seine Feinmotorik, entwickelt die Hand-Auge-Koordination, indem es das Teil an der richtigen Stelle treffen muss Schult die Wahrnehmungsf\u00e4higkeit und das logische Denken beim Zusammensetzen der Teile Bietet die M\u00f6glichkeit, Formen und Farben zu lernen, da jede Form den Farben auf der Tafel zugeordnet ist Das Erlernen der Jahreszeiten ist ein wesentlicher Bestandteil des Aufwachsens eines jeden Kindes. Mit diesem Set von Adam Toys macht das Lernen Spa\u00df und gleichzeitig werden die motorischen F\u00e4higkeiten der kleinen H\u00e4nde gef\u00f6rdert und die Feinmotorik Ihres Kindes verbessert. Dank der bequemen Griffe an den Puzzles wird es jedem Kleinkind gelingen, sie zusammenzusetzen. Die Aufgabe besteht darin, die Form der richtigen Fl\u00e4che auf dem Brett zuzuordnen, was anfangs nicht einfach ist. Unter den Puzzles befindet sich ein leerer Platz, so dass man selbst entscheiden muss, welche Form zu welcher Fl\u00e4che passt. Die Puzzles k\u00f6nnen auch au\u00dferhalb des Spielbretts platziert werden, z. B. auf dem Boden. Das Set enth\u00e4lt 4 Steckpuzzle Holz, die den Jahreszeiten entsprechen: Ein niedliches Kaninchenm\u00e4dchen, das die wachsenden Pflanzen gie\u00dft &#8211; Fr\u00fchling Ein Fuchs, der sich an einem hei\u00dfen Tag unter einem Baum ausruht \u2013 Sommer Ein Igel, der Futtervorr\u00e4te f\u00fcr den Winter sammelt \u2013 Herbst Ein niedlicher Teddyb\u00e4r, der in der K\u00e4lte spazieren geht \u2013 Winter Technische Daten: Alter: 12m+ Verpackungsma\u00dfe: 23 x 23 x 13 cm Ma\u00dfe eines einzelnen Puzzles: 22 x 22 cm CE-Konformit\u00e4tserkl\u00e4rung FeaturesDas 4-teilige Holzpuzzle-Set besteht vollst\u00e4ndig aus nat\u00fcrlichem, lackiertem Naturholz und ist f\u00fcr Kleinkinder unbedenklichDrei Puzzles haben 4 bewegliche Teile, eines hat 3 Teile, jedes Teil hat einen Griff zum AnhebenPuzzle ab 1 Jahr hat die p\u00e4dagogisch wertvolle Funktion &#8211; wird ein Block angehoben, bleibt ein leerer Raum, so dass das Kind die Formen selbst zusammensetzen mussSinnesspielzeug f\u00fcr Kinder &#8211; f\u00f6rdert die Feinmotorik, die Auge-Hand-Koordination, die Wahrnehmungsf\u00e4higkeit, das logische Denken und die NeugierdeHolz-Steckpuzzles geeignet f\u00fcr Kinder ab 1 Jahr, ist in einer praktischen und \u00e4sthetisch ansprechenden Schachtel verpackt, ideal als Geschenk f\u00fcr Ihr Kind<\/p>\n","protected":false},"excerpt":{"rendered":"<p>4er-Set Holzpuzzles f\u00fcr Kinder ab 1 Jahr &#8211; mit diesem Lernspielzeug k\u00f6nnen schon in den ersten Lebensjahren n\u00fctzliche F\u00e4higkeiten ge\u00fcbt werden: Dank der Griffe trainiert das Kind seine Feinmotorik, entwickelt die Hand-Auge-Koordination, indem es das Teil an der richtigen Stelle treffen muss Schult die Wahrnehmungsf\u00e4higkeit und das logische Denken beim Zusammensetzen der Teile Bietet die &#8230; <a title=\"adam toys Holz-Steckpuzzle ab 1 Jahr, 4er Set, Kinder &#8211; Holzpuzzle, Thema Jahreszeiten, Tiere &#8211; Am Griff herausziehbar &#8211; Sensorisches Spielzeug &#8211; 3-4 Elemente pro St\u00fcck\" class=\"read-more\" href=\"https:\/\/selleetools.com\/pl\/product\/adam-toys-holz-steckpuzzle-ab-1-jahr-4er-set-kinder-holzpuzzle-thema-jahreszeiten-tiere-am-griff-herausziehbar-sensorisches-spielzeug-3-4-elemente-pro-stuck\/\">Read more<span class=\"screen-reader-text\">adam toys Holz-Steckpuzzle ab 1 Jahr, 4er Set, Kinder &#8211; Holzpuzzle, Thema Jahreszeiten, Tiere &#8211; Am Griff herausziehbar &#8211; Sensorisches Spielzeug &#8211; 3-4 Elemente pro St\u00fcck<\/span><\/a><\/p>\n","protected":false},"featured_media":286207,"comment_status":"open","ping_status":"closed","template":"","meta":{"_links_to":"","_links_to_target":""},"yoast_head":"<!-- This site is optimized with the Yoast SEO plugin v19.4 - https:\/\/yoast.com\/wordpress\/plugins\/seo\/ -->\n<title>adam toys Holz-Steckpuzzle ab 1 Jahr, 4er Set, Kinder - Holzpuzzle, Thema Jahreszeiten, Tiere - Am Griff herausziehbar - Sensorisches Spielzeug - 3-4 Elemente pro St\u00fcck - Selleetools.com<\/title>\n<meta name=\"robots\" content=\"index, follow, max-snippet:-1, max-image-preview:large, max-video-preview:-1\" \/>\n<link rel=\"canonical\" href=\"https:\/\/selleetools.com\/product\/adam-toys-holz-steckpuzzle-ab-1-jahr-4er-set-kinder-holzpuzzle-thema-jahreszeiten-tiere-am-griff-herausziehbar-sensorisches-spielzeug-3-4-elemente-pro-stuck\/\" \/>\n<meta property=\"og:locale\" content=\"pl_PL\" \/>\n<meta property=\"og:type\" content=\"article\" \/>\n<meta property=\"og:title\" content=\"adam toys Holz-Steckpuzzle ab 1 Jahr, 4er Set, Kinder - Holzpuzzle, Thema Jahreszeiten, Tiere - Am Griff herausziehbar - Sensorisches Spielzeug - 3-4 Elemente pro St\u00fcck - Selleetools.com\" \/>\n<meta property=\"og:description\" content=\"4er-Set Holzpuzzles f\u00fcr Kinder ab 1 Jahr &#8211; mit diesem Lernspielzeug k\u00f6nnen schon in den ersten Lebensjahren n\u00fctzliche F\u00e4higkeiten ge\u00fcbt werden: Dank der Griffe trainiert das Kind seine Feinmotorik, entwickelt die Hand-Auge-Koordination, indem es das Teil an der richtigen Stelle treffen muss Schult die Wahrnehmungsf\u00e4higkeit und das logische Denken beim Zusammensetzen der Teile Bietet die ... Read moreadam toys Holz-Steckpuzzle ab 1 Jahr, 4er Set, Kinder &#8211; Holzpuzzle, Thema Jahreszeiten, Tiere &#8211; Am Griff herausziehbar &#8211; Sensorisches Spielzeug &#8211; 3-4 Elemente pro St\u00fcck\" \/>\n<meta property=\"og:url\" content=\"https:\/\/selleetools.com\/product\/adam-toys-holz-steckpuzzle-ab-1-jahr-4er-set-kinder-holzpuzzle-thema-jahreszeiten-tiere-am-griff-herausziehbar-sensorisches-spielzeug-3-4-elemente-pro-stuck\/\" \/>\n<meta property=\"og:site_name\" content=\"Selleetools.com\" \/>\n<meta property=\"article:modified_time\" content=\"2025-05-28T10:36:59+00:00\" \/>\n<meta property=\"og:image\" content=\"https:\/\/selleetools.com\/wp-content\/uploads\/2023\/08\/618GEwaXORL.jpg\" \/>\n\t<meta property=\"og:image:width\" content=\"1000\" \/>\n\t<meta property=\"og:image:height\" content=\"695\" \/>\n\t<meta property=\"og:image:type\" content=\"image\/jpeg\" \/>\n<meta name=\"twitter:card\" content=\"summary_large_image\" \/>\n<meta name=\"twitter:label1\" content=\"Est. reading time\" \/>\n\t<meta name=\"twitter:data1\" content=\"2 minuty\" \/>\n<!-- \/ Yoast SEO plugin. -->","yoast_head_json":{"title":"adam toys Holz-Steckpuzzle ab 1 Jahr, 4er Set, Kinder - Holzpuzzle, Thema Jahreszeiten, Tiere - Am Griff herausziehbar - Sensorisches Spielzeug - 3-4 Elemente pro St\u00fcck - Selleetools.com","robots":{"index":"index","follow":"follow","max-snippet":"max-snippet:-1","max-image-preview":"max-image-preview:large","max-video-preview":"max-video-preview:-1"},"canonical":"https:\/\/selleetools.com\/product\/adam-toys-holz-steckpuzzle-ab-1-jahr-4er-set-kinder-holzpuzzle-thema-jahreszeiten-tiere-am-griff-herausziehbar-sensorisches-spielzeug-3-4-elemente-pro-stuck\/","og_locale":"pl_PL","og_type":"article","og_title":"adam toys Holz-Steckpuzzle ab 1 Jahr, 4er Set, Kinder - Holzpuzzle, Thema Jahreszeiten, Tiere - Am Griff herausziehbar - Sensorisches Spielzeug - 3-4 Elemente pro St\u00fcck - Selleetools.com","og_description":"4er-Set Holzpuzzles f\u00fcr Kinder ab 1 Jahr &#8211; mit diesem Lernspielzeug k\u00f6nnen schon in den ersten Lebensjahren n\u00fctzliche F\u00e4higkeiten ge\u00fcbt werden: Dank der Griffe trainiert das Kind seine Feinmotorik, entwickelt die Hand-Auge-Koordination, indem es das Teil an der richtigen Stelle treffen muss Schult die Wahrnehmungsf\u00e4higkeit und das logische Denken beim Zusammensetzen der Teile Bietet die ... Read moreadam toys Holz-Steckpuzzle ab 1 Jahr, 4er Set, Kinder &#8211; Holzpuzzle, Thema Jahreszeiten, Tiere &#8211; Am Griff herausziehbar &#8211; Sensorisches Spielzeug &#8211; 3-4 Elemente pro St\u00fcck","og_url":"https:\/\/selleetools.com\/product\/adam-toys-holz-steckpuzzle-ab-1-jahr-4er-set-kinder-holzpuzzle-thema-jahreszeiten-tiere-am-griff-herausziehbar-sensorisches-spielzeug-3-4-elemente-pro-stuck\/","og_site_name":"Selleetools.com","article_modified_time":"2025-05-28T10:36:59+00:00","og_image":[{"width":1000,"height":695,"url":"https:\/\/selleetools.com\/wp-content\/uploads\/2023\/08\/618GEwaXORL.jpg","type":"image\/jpeg"}],"twitter_card":"summary_large_image","twitter_misc":{"Est. reading time":"2 minuty"},"schema":{"@context":"https:\/\/schema.org","@graph":[{"@type":"Organization","@id":"https:\/\/selleetools.com\/#organization","name":"Selleetools","url":"https:\/\/selleetools.com\/","sameAs":[],"logo":{"@type":"ImageObject","inLanguage":"pl-PL","@id":"https:\/\/selleetools.com\/#\/schema\/logo\/image\/","url":"https:\/\/selleetools.com\/wp-content\/uploads\/2021\/10\/logo-dark.png","contentUrl":"https:\/\/selleetools.com\/wp-content\/uploads\/2021\/10\/logo-dark.png","width":320,"height":76,"caption":"Selleetools"},"image":{"@id":"https:\/\/selleetools.com\/#\/schema\/logo\/image\/"}},{"@type":"WebSite","@id":"https:\/\/selleetools.com\/#website","url":"https:\/\/selleetools.com\/","name":"Selleetools.com","description":"","publisher":{"@id":"https:\/\/selleetools.com\/#organization"},"potentialAction":[{"@type":"SearchAction","target":{"@type":"EntryPoint","urlTemplate":"https:\/\/selleetools.com\/?s={search_term_string}"},"query-input":"required name=search_term_string"}],"inLanguage":"pl-PL"},{"@type":"WebPage","@id":"https:\/\/selleetools.com\/product\/adam-toys-holz-steckpuzzle-ab-1-jahr-4er-set-kinder-holzpuzzle-thema-jahreszeiten-tiere-am-griff-herausziehbar-sensorisches-spielzeug-3-4-elemente-pro-stuck\/","url":"https:\/\/selleetools.com\/product\/adam-toys-holz-steckpuzzle-ab-1-jahr-4er-set-kinder-holzpuzzle-thema-jahreszeiten-tiere-am-griff-herausziehbar-sensorisches-spielzeug-3-4-elemente-pro-stuck\/","name":"adam toys Holz-Steckpuzzle ab 1 Jahr, 4er Set, Kinder - Holzpuzzle, Thema Jahreszeiten, Tiere - Am Griff herausziehbar - Sensorisches Spielzeug - 3-4 Elemente pro St\u00fcck - Selleetools.com","isPartOf":{"@id":"https:\/\/selleetools.com\/#website"},"datePublished":"2023-08-17T08:58:43+00:00","dateModified":"2025-05-28T10:36:59+00:00","breadcrumb":{"@id":"https:\/\/selleetools.com\/product\/adam-toys-holz-steckpuzzle-ab-1-jahr-4er-set-kinder-holzpuzzle-thema-jahreszeiten-tiere-am-griff-herausziehbar-sensorisches-spielzeug-3-4-elemente-pro-stuck\/#breadcrumb"},"inLanguage":"pl-PL","potentialAction":[{"@type":"ReadAction","target":["https:\/\/selleetools.com\/product\/adam-toys-holz-steckpuzzle-ab-1-jahr-4er-set-kinder-holzpuzzle-thema-jahreszeiten-tiere-am-griff-herausziehbar-sensorisches-spielzeug-3-4-elemente-pro-stuck\/"]}]},{"@type":"BreadcrumbList","@id":"https:\/\/selleetools.com\/product\/adam-toys-holz-steckpuzzle-ab-1-jahr-4er-set-kinder-holzpuzzle-thema-jahreszeiten-tiere-am-griff-herausziehbar-sensorisches-spielzeug-3-4-elemente-pro-stuck\/#breadcrumb","itemListElement":[{"@type":"ListItem","position":1,"name":"Home","item":"https:\/\/selleetools.com\/pl\/"},{"@type":"ListItem","position":2,"name":"Katalog","item":"https:\/\/selleetools.com\/pl\/katalog\/"},{"@type":"ListItem","position":3,"name":"adam toys Holz-Steckpuzzle ab 1 Jahr, 4er Set, Kinder &#8211; Holzpuzzle, Thema Jahreszeiten, Tiere &#8211; Am Griff herausziehbar &#8211; Sensorisches Spielzeug &#8211; 3-4 Elemente pro St\u00fcck"}]}]}},"_links":{"self":[{"href":"https:\/\/selleetools.com\/pl\/wp-json\/wp\/v2\/product\/283992"}],"collection":[{"href":"https:\/\/selleetools.com\/pl\/wp-json\/wp\/v2\/product"}],"about":[{"href":"https:\/\/selleetools.com\/pl\/wp-json\/wp\/v2\/types\/product"}],"replies":[{"embeddable":true,"href":"https:\/\/selleetools.com\/pl\/wp-json\/wp\/v2\/comments?post=283992"}],"wp:featuredmedia":[{"embeddable":true,"href":"https:\/\/selleetools.com\/pl\/wp-json\/wp\/v2\/media\/286207"}],"wp:attachment":[{"href":"https:\/\/selleetools.com\/pl\/wp-json\/wp\/v2\/media?parent=283992"}],"curies":[{"name":"wp","href":"https:\/\/api.w.org\/{rel}","templated":true}]}}