{"id":283937,"date":"2023-08-17T10:58:28","date_gmt":"2023-08-17T08:58:28","guid":{"rendered":"https:\/\/selleetools.com\/?post_type=product&#038;p=283937"},"modified":"2025-01-03T15:25:42","modified_gmt":"2025-01-03T14:25:42","slug":"holz-steckpuzzle-ab-1-jahr-tiere-auf-safari-kinder-holzpuzzle-8-elemente-am-griff-herausziehbar-sensorisches-spielzeug-exotische-tiere-und-pflanzen","status":"publish","type":"product","link":"https:\/\/selleetools.com\/pl\/product\/holz-steckpuzzle-ab-1-jahr-tiere-auf-safari-kinder-holzpuzzle-8-elemente-am-griff-herausziehbar-sensorisches-spielzeug-exotische-tiere-und-pflanzen\/","title":{"rendered":"Holz-Steckpuzzle ab 1 Jahr, Tiere auf Safari, Kinder &#8211; Holzpuzzle 8 Elemente &#8211; Am Griff herausziehbar &#8211; Sensorisches Spielzeug &#8211; Exotische Tiere und Pflanzen"},"content":{"rendered":"<p>Holzpuzzle f\u00fcr Kinder ab 1 Jahr &#8211; Das Lernspielzeug erm\u00f6glicht das \u00dcben p\u00e4dagogisch n\u00fctzlicher F\u00e4higkeiten bereits in den ersten Lebensjahren: Dank der Griffe trainiert das Kind seine Greiff\u00e4higkeiten, entwickelt die Hand-Auge-Koordination, indem es das Teil an der richtigen Stelle treffen muss Schult die Wahrnehmungsf\u00e4higkeit und das logische Denken beim Zusammensetzen der Teile Bietet die M\u00f6glichkeit, Formen und Farben zu lernen, da jede Form mit einer Farbe verbunden ist, die unter dem Block versteckt ist Das Holzpuzzle regt die Neugier an, denn unter jedem Block sind Umrisse verschiedener Tieren oder Pflanzen versteckt Jedes Kind liebt Tiere, nicht nur Haustiere, sondern auch wilde Tiere aus aller Welt! Aber nicht jeder hat die M\u00f6glichkeit, die Tiere zu sehen, die in den Safarigebieten leben, wie z. B. L\u00f6we, Giraffe oder Elefant. Mit diesem Steckpuzzle kann Ihr Kind lernen, wie die einzelnen Tiere aussehen und gleichzeitig Finger und Geschicklichkeit trainieren, indem es die Puzzleteile an den richtigen Stellen zusammensetzt. Das Set besteht aus einem Sockel und 8 Puzzleteilen, auf denen exotische Tiere und Pflanzen abgebildet sind. Unter jedem Puzzle befindet sich der wei\u00dfe Umriss eines Tieres oder Baumes, das gefunden werden muss. Dieses Puzzlespielzeug ist das perfekte Geschenk f\u00fcr ein heranwachsendes Kleinkind, denn es regt dazu an, die Welt zu erkunden &#8211; nicht nur die unmittelbare Umgebung, sondern auch die weiter entfernte. Das Produkt ist vollst\u00e4ndig aus Holz gefertigt. Technische Daten: Alter: 12m+ Abmessungen: 30 x 22,5 cm CE-Konformit\u00e4tserkl\u00e4rung FeaturesDas Holzpuzzle besteht vollst\u00e4ndig aus nat\u00fcrlichem, lackiertem Naturholz und ist f\u00fcr Kleinkinder unbedenklichDas Spielzeug besteht aus einem Brett mit 8 beweglichen Teilen, jedes Teil hat einen Griff zum AnhebenPuzzle ab 1 Jahr mit p\u00e4dagogischer Funktion &#8211; nach dem Anheben eines Blocks, verbirgt sich darunter der wei\u00dfer Umriss eines Tieres oder Baumes, der an einer bestimmten Stelle platziert werden mussSinnesspielzeug f\u00fcr Kinder &#8211; f\u00f6rdert das Greifenlernen, die Auge-Hand-Koordination, die Wahrnehmungsf\u00e4higkeit, das logische Denken und die NeugierdeHolz-Steckpuzzle geeignet f\u00fcr Kinder ab 1 Jahr, ist in einer praktischen und \u00e4sthetisch ansprechenden Schachtel verpackt, ideal als Geschenk f\u00fcr Ihr Kind<\/p>\n","protected":false},"excerpt":{"rendered":"<p>Holzpuzzle f\u00fcr Kinder ab 1 Jahr &#8211; Das Lernspielzeug erm\u00f6glicht das \u00dcben p\u00e4dagogisch n\u00fctzlicher F\u00e4higkeiten bereits in den ersten Lebensjahren: Dank der Griffe trainiert das Kind seine Greiff\u00e4higkeiten, entwickelt die Hand-Auge-Koordination, indem es das Teil an der richtigen Stelle treffen muss Schult die Wahrnehmungsf\u00e4higkeit und das logische Denken beim Zusammensetzen der Teile Bietet die M\u00f6glichkeit, &#8230; <a title=\"Holz-Steckpuzzle ab 1 Jahr, Tiere auf Safari, Kinder &#8211; Holzpuzzle 8 Elemente &#8211; Am Griff herausziehbar &#8211; Sensorisches Spielzeug &#8211; Exotische Tiere und Pflanzen\" class=\"read-more\" href=\"https:\/\/selleetools.com\/pl\/product\/holz-steckpuzzle-ab-1-jahr-tiere-auf-safari-kinder-holzpuzzle-8-elemente-am-griff-herausziehbar-sensorisches-spielzeug-exotische-tiere-und-pflanzen\/\">Read more<span class=\"screen-reader-text\">Holz-Steckpuzzle ab 1 Jahr, Tiere auf Safari, Kinder &#8211; Holzpuzzle 8 Elemente &#8211; Am Griff herausziehbar &#8211; Sensorisches Spielzeug &#8211; Exotische Tiere und Pflanzen<\/span><\/a><\/p>\n","protected":false},"featured_media":286177,"comment_status":"open","ping_status":"closed","template":"","meta":{"_links_to":"","_links_to_target":""},"yoast_head":"<!-- This site is optimized with the Yoast SEO plugin v19.4 - https:\/\/yoast.com\/wordpress\/plugins\/seo\/ -->\n<title>Holz-Steckpuzzle ab 1 Jahr, Tiere auf Safari, Kinder - Holzpuzzle 8 Elemente - Am Griff herausziehbar - Sensorisches Spielzeug - Exotische Tiere und Pflanzen - Selleetools.com<\/title>\n<meta name=\"robots\" content=\"index, follow, max-snippet:-1, max-image-preview:large, max-video-preview:-1\" \/>\n<link rel=\"canonical\" href=\"https:\/\/selleetools.com\/product\/holz-steckpuzzle-ab-1-jahr-tiere-auf-safari-kinder-holzpuzzle-8-elemente-am-griff-herausziehbar-sensorisches-spielzeug-exotische-tiere-und-pflanzen\/\" \/>\n<meta property=\"og:locale\" content=\"pl_PL\" \/>\n<meta property=\"og:type\" content=\"article\" \/>\n<meta property=\"og:title\" content=\"Holz-Steckpuzzle ab 1 Jahr, Tiere auf Safari, Kinder - Holzpuzzle 8 Elemente - Am Griff herausziehbar - Sensorisches Spielzeug - Exotische Tiere und Pflanzen - Selleetools.com\" \/>\n<meta property=\"og:description\" content=\"Holzpuzzle f\u00fcr Kinder ab 1 Jahr &#8211; Das Lernspielzeug erm\u00f6glicht das \u00dcben p\u00e4dagogisch n\u00fctzlicher F\u00e4higkeiten bereits in den ersten Lebensjahren: Dank der Griffe trainiert das Kind seine Greiff\u00e4higkeiten, entwickelt die Hand-Auge-Koordination, indem es das Teil an der richtigen Stelle treffen muss Schult die Wahrnehmungsf\u00e4higkeit und das logische Denken beim Zusammensetzen der Teile Bietet die M\u00f6glichkeit, ... Read moreHolz-Steckpuzzle ab 1 Jahr, Tiere auf Safari, Kinder &#8211; Holzpuzzle 8 Elemente &#8211; Am Griff herausziehbar &#8211; Sensorisches Spielzeug &#8211; Exotische Tiere und Pflanzen\" \/>\n<meta property=\"og:url\" content=\"https:\/\/selleetools.com\/product\/holz-steckpuzzle-ab-1-jahr-tiere-auf-safari-kinder-holzpuzzle-8-elemente-am-griff-herausziehbar-sensorisches-spielzeug-exotische-tiere-und-pflanzen\/\" \/>\n<meta property=\"og:site_name\" content=\"Selleetools.com\" \/>\n<meta property=\"article:modified_time\" content=\"2025-01-03T14:25:42+00:00\" \/>\n<meta property=\"og:image\" content=\"https:\/\/selleetools.com\/wp-content\/uploads\/2023\/08\/51gH8nuuzRL.jpg\" \/>\n\t<meta property=\"og:image:width\" content=\"1000\" \/>\n\t<meta property=\"og:image:height\" content=\"761\" \/>\n\t<meta property=\"og:image:type\" content=\"image\/jpeg\" \/>\n<meta name=\"twitter:card\" content=\"summary_large_image\" \/>\n<meta name=\"twitter:label1\" content=\"Est. reading time\" \/>\n\t<meta name=\"twitter:data1\" content=\"2 minuty\" \/>\n<!-- \/ Yoast SEO plugin. -->","yoast_head_json":{"title":"Holz-Steckpuzzle ab 1 Jahr, Tiere auf Safari, Kinder - Holzpuzzle 8 Elemente - Am Griff herausziehbar - Sensorisches Spielzeug - Exotische Tiere und Pflanzen - Selleetools.com","robots":{"index":"index","follow":"follow","max-snippet":"max-snippet:-1","max-image-preview":"max-image-preview:large","max-video-preview":"max-video-preview:-1"},"canonical":"https:\/\/selleetools.com\/product\/holz-steckpuzzle-ab-1-jahr-tiere-auf-safari-kinder-holzpuzzle-8-elemente-am-griff-herausziehbar-sensorisches-spielzeug-exotische-tiere-und-pflanzen\/","og_locale":"pl_PL","og_type":"article","og_title":"Holz-Steckpuzzle ab 1 Jahr, Tiere auf Safari, Kinder - Holzpuzzle 8 Elemente - Am Griff herausziehbar - Sensorisches Spielzeug - Exotische Tiere und Pflanzen - Selleetools.com","og_description":"Holzpuzzle f\u00fcr Kinder ab 1 Jahr &#8211; Das Lernspielzeug erm\u00f6glicht das \u00dcben p\u00e4dagogisch n\u00fctzlicher F\u00e4higkeiten bereits in den ersten Lebensjahren: Dank der Griffe trainiert das Kind seine Greiff\u00e4higkeiten, entwickelt die Hand-Auge-Koordination, indem es das Teil an der richtigen Stelle treffen muss Schult die Wahrnehmungsf\u00e4higkeit und das logische Denken beim Zusammensetzen der Teile Bietet die M\u00f6glichkeit, ... Read moreHolz-Steckpuzzle ab 1 Jahr, Tiere auf Safari, Kinder &#8211; Holzpuzzle 8 Elemente &#8211; Am Griff herausziehbar &#8211; Sensorisches Spielzeug &#8211; Exotische Tiere und Pflanzen","og_url":"https:\/\/selleetools.com\/product\/holz-steckpuzzle-ab-1-jahr-tiere-auf-safari-kinder-holzpuzzle-8-elemente-am-griff-herausziehbar-sensorisches-spielzeug-exotische-tiere-und-pflanzen\/","og_site_name":"Selleetools.com","article_modified_time":"2025-01-03T14:25:42+00:00","og_image":[{"width":1000,"height":761,"url":"https:\/\/selleetools.com\/wp-content\/uploads\/2023\/08\/51gH8nuuzRL.jpg","type":"image\/jpeg"}],"twitter_card":"summary_large_image","twitter_misc":{"Est. reading time":"2 minuty"},"schema":{"@context":"https:\/\/schema.org","@graph":[{"@type":"Organization","@id":"https:\/\/selleetools.com\/#organization","name":"Selleetools","url":"https:\/\/selleetools.com\/","sameAs":[],"logo":{"@type":"ImageObject","inLanguage":"pl-PL","@id":"https:\/\/selleetools.com\/#\/schema\/logo\/image\/","url":"https:\/\/selleetools.com\/wp-content\/uploads\/2021\/10\/logo-dark.png","contentUrl":"https:\/\/selleetools.com\/wp-content\/uploads\/2021\/10\/logo-dark.png","width":320,"height":76,"caption":"Selleetools"},"image":{"@id":"https:\/\/selleetools.com\/#\/schema\/logo\/image\/"}},{"@type":"WebSite","@id":"https:\/\/selleetools.com\/#website","url":"https:\/\/selleetools.com\/","name":"Selleetools.com","description":"","publisher":{"@id":"https:\/\/selleetools.com\/#organization"},"potentialAction":[{"@type":"SearchAction","target":{"@type":"EntryPoint","urlTemplate":"https:\/\/selleetools.com\/?s={search_term_string}"},"query-input":"required name=search_term_string"}],"inLanguage":"pl-PL"},{"@type":"WebPage","@id":"https:\/\/selleetools.com\/product\/holz-steckpuzzle-ab-1-jahr-tiere-auf-safari-kinder-holzpuzzle-8-elemente-am-griff-herausziehbar-sensorisches-spielzeug-exotische-tiere-und-pflanzen\/","url":"https:\/\/selleetools.com\/product\/holz-steckpuzzle-ab-1-jahr-tiere-auf-safari-kinder-holzpuzzle-8-elemente-am-griff-herausziehbar-sensorisches-spielzeug-exotische-tiere-und-pflanzen\/","name":"Holz-Steckpuzzle ab 1 Jahr, Tiere auf Safari, Kinder - Holzpuzzle 8 Elemente - Am Griff herausziehbar - Sensorisches Spielzeug - Exotische Tiere und Pflanzen - Selleetools.com","isPartOf":{"@id":"https:\/\/selleetools.com\/#website"},"datePublished":"2023-08-17T08:58:28+00:00","dateModified":"2025-01-03T14:25:42+00:00","breadcrumb":{"@id":"https:\/\/selleetools.com\/product\/holz-steckpuzzle-ab-1-jahr-tiere-auf-safari-kinder-holzpuzzle-8-elemente-am-griff-herausziehbar-sensorisches-spielzeug-exotische-tiere-und-pflanzen\/#breadcrumb"},"inLanguage":"pl-PL","potentialAction":[{"@type":"ReadAction","target":["https:\/\/selleetools.com\/product\/holz-steckpuzzle-ab-1-jahr-tiere-auf-safari-kinder-holzpuzzle-8-elemente-am-griff-herausziehbar-sensorisches-spielzeug-exotische-tiere-und-pflanzen\/"]}]},{"@type":"BreadcrumbList","@id":"https:\/\/selleetools.com\/product\/holz-steckpuzzle-ab-1-jahr-tiere-auf-safari-kinder-holzpuzzle-8-elemente-am-griff-herausziehbar-sensorisches-spielzeug-exotische-tiere-und-pflanzen\/#breadcrumb","itemListElement":[{"@type":"ListItem","position":1,"name":"Home","item":"https:\/\/selleetools.com\/pl\/"},{"@type":"ListItem","position":2,"name":"Katalog","item":"https:\/\/selleetools.com\/pl\/katalog\/"},{"@type":"ListItem","position":3,"name":"Holz-Steckpuzzle ab 1 Jahr, Tiere auf Safari, Kinder &#8211; Holzpuzzle 8 Elemente &#8211; Am Griff herausziehbar &#8211; Sensorisches Spielzeug &#8211; Exotische Tiere und Pflanzen"}]}]}},"_links":{"self":[{"href":"https:\/\/selleetools.com\/pl\/wp-json\/wp\/v2\/product\/283937"}],"collection":[{"href":"https:\/\/selleetools.com\/pl\/wp-json\/wp\/v2\/product"}],"about":[{"href":"https:\/\/selleetools.com\/pl\/wp-json\/wp\/v2\/types\/product"}],"replies":[{"embeddable":true,"href":"https:\/\/selleetools.com\/pl\/wp-json\/wp\/v2\/comments?post=283937"}],"wp:featuredmedia":[{"embeddable":true,"href":"https:\/\/selleetools.com\/pl\/wp-json\/wp\/v2\/media\/286177"}],"wp:attachment":[{"href":"https:\/\/selleetools.com\/pl\/wp-json\/wp\/v2\/media?parent=283937"}],"curies":[{"name":"wp","href":"https:\/\/api.w.org\/{rel}","templated":true}]}}